{"id":2292,"date":"2025-02-18T14:25:36","date_gmt":"2025-02-18T11:25:36","guid":{"rendered":"https:\/\/omerkutay.com\/?page_id=2292"},"modified":"2025-08-14T16:41:10","modified_gmt":"2025-08-14T13:41:10","slug":"laserbehandlung","status":"publish","type":"page","link":"https:\/\/omerkutay.com\/de\/laserbehandlung\/","title":{"rendered":"Laserbehandlung"},"content":{"rendered":"<div data-elementor-type=\"wp-page\" data-elementor-id=\"2292\" class=\"elementor elementor-2292\">\n\t\t\t\t<div class=\"elementor-element elementor-element-d6797aa e-con-full tedavikapsa e-flex e-con e-parent\" data-id=\"d6797aa\" data-element_type=\"container\">\n\t\t<div class=\"elementor-element elementor-element-2bb6504 e-con-full tedavisidebarkapsa e-flex e-con e-child\" data-id=\"2bb6504\" data-element_type=\"container\">\n\t\t\t\t<div class=\"elementor-element elementor-element-b92ff26 elementor-widget elementor-widget-sidebar\" data-id=\"b92ff26\" data-element_type=\"widget\" data-widget_type=\"sidebar.default\">\n\t\t\t\t<div class=\"elementor-widget-container\">\n\t\t\t<div id=\"nav_menu-3\" class=\"service-sidebar-widget sidebar-widget mb_30 widget_nav_menu\"><div class=\"widget-title mb_17\"><h3>Behandlungen<\/h3><\/div><\/div><div id=\"text-2\" class=\"service-sidebar-widget sidebar-widget mb_30 widget_text\"><div class=\"widget-title mb_17\"><h3>Detaillierte Informationen erhalten<\/h3><\/div>\t\t\t<div class=\"textwidget\"><p class=\"wpcf7-contact-form-not-found\"><strong>Fehler:<\/strong> Kontaktformular wurde nicht gefunden.<\/p>\n<\/div>\n\t\t<\/div>\t\t<\/div>\n\t\t\t\t<\/div>\n\t\t\t\t<\/div>\n\t\t<div class=\"elementor-element elementor-element-98a712c e-con-full e-flex e-con e-child\" data-id=\"98a712c\" data-element_type=\"container\">\n\t\t\t\t<div class=\"elementor-element elementor-element-cf776e6 elementor-widget elementor-widget-text-editor\" data-id=\"cf776e6\" data-element_type=\"widget\" data-widget_type=\"text-editor.default\">\n\t\t\t\t<div class=\"elementor-widget-container\">\n\t\t\t<style>\/*! elementor - v3.21.0 - 26-05-2024 *\/\n.elementor-widget-text-editor.elementor-drop-cap-view-stacked .elementor-drop-cap{background-color:#69727d;color:#fff}.elementor-widget-text-editor.elementor-drop-cap-view-framed .elementor-drop-cap{color:#69727d;border:3px solid;background-color:transparent}.elementor-widget-text-editor:not(.elementor-drop-cap-view-default) .elementor-drop-cap{margin-top:8px}.elementor-widget-text-editor:not(.elementor-drop-cap-view-default) .elementor-drop-cap-letter{width:1em;height:1em}.elementor-widget-text-editor .elementor-drop-cap{float:left;text-align:center;line-height:1;font-size:50px}.elementor-widget-text-editor .elementor-drop-cap-letter{display:inline-block}<\/style>\t\t\t\t<div class=\"content-one mb_65\"><div class=\"text-box mb_35\"><p>Der Laser hat in der Behandlung oraler Probleme breite Anwendung gefunden und unterst\u00fctzt mit seiner blutungshemmenden, wundheilungsbeschleunigenden und schmerzlindernden Wirkung konventionelle Methoden.<\/p><p>Durch den Einsatz eines Lasers bei der Zahnextraktion werden Blutungen nach der Extraktion reduziert, die Wundheilung beschleunigt und die Schmerzen nach der Extraktion rasch gelindert. Der gleiche Effekt tritt auch bei der Extraktion verlagerter Z\u00e4hne auf. Die Laseranwendung ist besonders f\u00fcr Patienten mit Herzerkrankungen, Diabetes, Kropf, Bluthochdruck und Epilepsie sehr n\u00fctzlich. In diesen F\u00e4llen sollten Regionalan\u00e4sthetika ohne blutungshemmende Wirkstoffe verwendet werden, da die Blutung etwas l\u00e4nger anh\u00e4lt.<\/p><p><img fetchpriority=\"high\" decoding=\"async\" class=\"alignnone wp-image-2503 size-full\" src=\"https:\/\/omerkutay.com\/wp-content\/uploads\/2025\/02\/dis-lazer-tedavi-2.jpg\" alt=\"\" width=\"1200\" height=\"675\" srcset=\"https:\/\/omerkutay.com\/wp-content\/uploads\/2025\/02\/dis-lazer-tedavi-2.jpg 1200w, https:\/\/omerkutay.com\/wp-content\/uploads\/2025\/02\/dis-lazer-tedavi-2-300x169.jpg 300w, https:\/\/omerkutay.com\/wp-content\/uploads\/2025\/02\/dis-lazer-tedavi-2-1024x576.jpg 1024w, https:\/\/omerkutay.com\/wp-content\/uploads\/2025\/02\/dis-lazer-tedavi-2-768x432.jpg 768w\" sizes=\"(max-width: 1200px) 100vw, 1200px\" \/><\/p><p>Bei Zahnfleischbluten, Zahnfleischr\u00fcckgang oder Zahnfleischerkrankungen kommt es durch die Unterst\u00fctzung der konventionellen Methode mit einem Laser zu einer schnelleren Heilung und einem schnelleren Abklingen der Blutung. Laser sind \u00e4u\u00dferst hilfreich bei der Schmerzlinderung in Z\u00e4hnen, die aufgrund von Zahnfleischr\u00fcckgang empfindlich geworden sind. Die Anwendung eines Lasers auf den betroffenen Bereich nach einer Operation im Mundbereich beschleunigt die Heilung des Gewebes und lindert Schmerzen. Es verhindert das Eindringen von Bakterien, indem es eine schnelle Heilung des gen\u00e4hten Bereichs gew\u00e4hrleistet. Wenn wir schon dabei sind, m\u00fcssen wir ein weit verbreitetes Missverst\u00e4ndnis richtigstellen: Der beim Lichtf\u00fcllen verwendete Strahl ist kein Laserstrahl.<\/p><\/div><\/div>\t\t\t\t\t\t<\/div>\n\t\t\t\t<\/div>\n\t\t\t\t<div class=\"elementor-element elementor-element-6a5ecf2 elementor-widget elementor-widget-heading\" data-id=\"6a5ecf2\" data-element_type=\"widget\" data-widget_type=\"heading.default\">\n\t\t\t\t<div class=\"elementor-widget-container\">\n\t\t\t<style>\/*! elementor - v3.21.0 - 26-05-2024 *\/\n.elementor-heading-title{padding:0;margin:0;line-height:1}.elementor-widget-heading .elementor-heading-title[class*=elementor-size-]>a{color:inherit;font-size:inherit;line-height:inherit}.elementor-widget-heading .elementor-heading-title.elementor-size-small{font-size:15px}.elementor-widget-heading .elementor-heading-title.elementor-size-medium{font-size:19px}.elementor-widget-heading .elementor-heading-title.elementor-size-large{font-size:29px}.elementor-widget-heading .elementor-heading-title.elementor-size-xl{font-size:39px}.elementor-widget-heading .elementor-heading-title.elementor-size-xxl{font-size:59px}<\/style><div class=\"elementor-heading-title elementor-size-default\">H\u00e4ufig gestellte Fragen<\/div>\t\t<\/div>\n\t\t\t\t<\/div>\n\t\t\t\t<div class=\"elementor-element elementor-element-aeaad9d elementor-widget elementor-widget-labout_faqs\" data-id=\"aeaad9d\" data-element_type=\"widget\" data-widget_type=\"labout_faqs.default\">\n\t\t\t\t<div class=\"elementor-widget-container\">\n\t\t\t    \n    <!-- faq-section -->\n    <section class=\"faq-section pt_120 pb_120\">\n                <div class=\"auto-container\">\n                        <div class=\"inner-container\">\n                <ul class=\"accordion-box\">\n                                        <li class=\"accordion block\">\n                        <div class=\"acc-btn\"><h4><span> 1<\/span>Ist die Lasertherapie sicher?<\/h4><\/div>\n                        <div class=\"acc-content\">\n                            <div class=\"content\">\n                                <p>Ja, es ist bei richtiger Anwendung sehr sicher.<\/p>\n                            <\/div>\n                        <\/div>\n                    <\/li>\n                                        <li class=\"accordion block\">\n                        <div class=\"acc-btn\"><h4><span> 2<\/span>Wie lange dauert die Laserbehandlung?<\/h4><\/div>\n                        <div class=\"acc-content\">\n                            <div class=\"content\">\n                                <p>Der Vorgang ist normalerweise innerhalb von 5\u201315 Minuten abgeschlossen.<\/p>\n                            <\/div>\n                        <\/div>\n                    <\/li>\n                                        <li class=\"accordion block active-block\">\n                        <div class=\"acc-btn active\"><h4><span> 3<\/span>In welchen F\u00e4llen wird eine Laserbehandlung angewendet?<\/h4><\/div>\n                        <div class=\"acc-content current\">\n                            <div class=\"content\">\n                                <p>Es kann zur Zahnfleischformung, zur Verbesserung des Zahnextraktionsbereichs, zur Beschleunigung der Zahnspangenbehandlung und zur Behandlung von Aphten\/Wunden verwendet werden.<\/p>\n                            <\/div>\n                        <\/div>\n                    <\/li>\n                                        <li class=\"accordion block\">\n                        <div class=\"acc-btn\"><h4><span> 4<\/span>Was ist eine Laserbehandlung in der Kieferorthop\u00e4die?<\/h4><\/div>\n                        <div class=\"acc-content\">\n                            <div class=\"content\">\n                                <p>Di\u015f etlerini \u015fekillendirmek, di\u015f eti b\u00fcy\u00fcmelerini tedavi etmek ve di\u015f hareketlerini h\u0131zland\u0131rmak i\u00e7in kullan\u0131lan bir&hellip;<\/p>\n                            <\/div>\n                        <\/div>\n                    <\/li>\n                                    <\/ul>\n            <\/div>\n        <\/div>\n    <\/section>\n    <!-- faq-section end -->\n      \n\t\t\t<\/div>\n\t\t\t\t<\/div>\n\t\t\t\t<\/div>\n\t\t\t\t<\/div>\n\t\t\t\t<\/div>","protected":false},"excerpt":{"rendered":"<p>Lazer, a\u011f\u0131z sorunlar\u0131n\u0131n tedavisinde, kanamay\u0131 azalt\u0131c\u0131, yara iyile\u015fmesini h\u0131zland\u0131r\u0131c\u0131 ve a\u011fr\u0131lar\u0131 yok edici etkisiyle konvansiyonel y\u00f6ntemleri destekleyerek geni\u015f bir kullan\u0131m alan\u0131 bulmu\u015ftur. Di\u015f \u00e7ekimlerinde lazer kullan\u0131ld\u0131\u011f\u0131nda, \u00e7ekim sonras\u0131 kanama azalmakta, yara iyile\u015fmesi h\u0131zlanmakta, \u00e7ekim sonras\u0131 ya\u015fanan a\u011fr\u0131lar h\u0131zla azalmaktad\u0131r. Ayn\u0131 etki g\u00f6m\u00fcl\u00fc di\u015f \u00e7ekimlerinde de s\u00f6z konusudur. \u00d6zellikle kanamay\u0131 azalt\u0131c\u0131 madde i\u00e7ermeyen b\u00f6lgesel uyu\u015fturucular\u0131n kullan\u0131lmas\u0131n\u0131n [&hellip;]<\/p>","protected":false},"author":1,"featured_media":0,"parent":0,"menu_order":0,"comment_status":"closed","ping_status":"closed","template":"","meta":{"footnotes":""},"class_list":["post-2292","page","type-page","status-publish","hentry"],"_links":{"self":[{"href":"https:\/\/omerkutay.com\/de\/wp-json\/wp\/v2\/pages\/2292","targetHints":{"allow":["GET"]}}],"collection":[{"href":"https:\/\/omerkutay.com\/de\/wp-json\/wp\/v2\/pages"}],"about":[{"href":"https:\/\/omerkutay.com\/de\/wp-json\/wp\/v2\/types\/page"}],"author":[{"embeddable":true,"href":"https:\/\/omerkutay.com\/de\/wp-json\/wp\/v2\/users\/1"}],"replies":[{"embeddable":true,"href":"https:\/\/omerkutay.com\/de\/wp-json\/wp\/v2\/comments?post=2292"}],"version-history":[{"count":0,"href":"https:\/\/omerkutay.com\/de\/wp-json\/wp\/v2\/pages\/2292\/revisions"}],"wp:attachment":[{"href":"https:\/\/omerkutay.com\/de\/wp-json\/wp\/v2\/media?parent=2292"}],"curies":[{"name":"wp","href":"https:\/\/api.w.org\/{rel}","templated":true}]}}