{"id":2765,"date":"2025-02-18T17:45:01","date_gmt":"2025-02-18T14:45:01","guid":{"rendered":"https:\/\/omerkutay.com\/?page_id=2765"},"modified":"2026-01-14T15:26:24","modified_gmt":"2026-01-14T12:26:24","slug":"unser-team","status":"publish","type":"page","link":"https:\/\/omerkutay.com\/de\/unser-team\/","title":{"rendered":"Unser Team"},"content":{"rendered":"<div data-elementor-type=\"wp-page\" data-elementor-id=\"2765\" class=\"elementor elementor-2765\">\n\t\t\t\t<div class=\"elementor-element elementor-element-cbd577d ekipkapsa e-flex e-con-boxed e-con e-parent\" data-id=\"cbd577d\" data-element_type=\"container\">\n\t\t\t\t\t<div class=\"e-con-inner\">\n\t\t<div class=\"elementor-element elementor-element-22de330 e-con-full ekipomrkty e-flex e-con e-child\" data-id=\"22de330\" data-element_type=\"container\">\n\t\t\t\t<div class=\"elementor-element elementor-element-9ef8e45 omerkutaygrsl elementor-widget elementor-widget-image\" data-id=\"9ef8e45\" data-element_type=\"widget\" data-widget_type=\"image.default\">\n\t\t\t\t<div class=\"elementor-widget-container\">\n\t\t\t<style>\/*! elementor - v3.21.0 - 26-05-2024 *\/\n.elementor-widget-image{text-align:center}.elementor-widget-image a{display:inline-block}.elementor-widget-image a img[src$=\".svg\"]{width:48px}.elementor-widget-image img{vertical-align:middle;display:inline-block}<\/style>\t\t\t\t\t\t\t\t\t\t\t<a href=\"https:\/\/omerkutay.com\/de\/prof-dr-omer-kutay\/\">\n\t\t\t\t\t\t\t<img fetchpriority=\"high\" decoding=\"async\" width=\"520\" height=\"520\" src=\"https:\/\/omerkutay.com\/wp-content\/uploads\/2024\/05\/prof-dr-omer-kutay-10.png\" class=\"attachment-large size-large wp-image-2760\" alt=\"\" srcset=\"https:\/\/omerkutay.com\/wp-content\/uploads\/2024\/05\/prof-dr-omer-kutay-10.png 520w, https:\/\/omerkutay.com\/wp-content\/uploads\/2024\/05\/prof-dr-omer-kutay-10-300x300.png 300w, https:\/\/omerkutay.com\/wp-content\/uploads\/2024\/05\/prof-dr-omer-kutay-10-150x150.png 150w, https:\/\/omerkutay.com\/wp-content\/uploads\/2024\/05\/prof-dr-omer-kutay-10-90x90.png 90w, https:\/\/omerkutay.com\/wp-content\/uploads\/2024\/05\/prof-dr-omer-kutay-10-97x97.png 97w, https:\/\/omerkutay.com\/wp-content\/uploads\/2024\/05\/prof-dr-omer-kutay-10-70x70.png 70w\" sizes=\"(max-width: 520px) 100vw, 520px\" \/>\t\t\t\t\t\t\t\t<\/a>\n\t\t\t\t\t\t\t\t\t\t\t\t\t<\/div>\n\t\t\t\t<\/div>\n\t\t\t\t<div class=\"elementor-element elementor-element-053db90 elementor-widget elementor-widget-heading\" data-id=\"053db90\" data-element_type=\"widget\" data-widget_type=\"heading.default\">\n\t\t\t\t<div class=\"elementor-widget-container\">\n\t\t\t<style>\/*! elementor - v3.21.0 - 26-05-2024 *\/\n.elementor-heading-title{padding:0;margin:0;line-height:1}.elementor-widget-heading .elementor-heading-title[class*=elementor-size-]>a{color:inherit;font-size:inherit;line-height:inherit}.elementor-widget-heading .elementor-heading-title.elementor-size-small{font-size:15px}.elementor-widget-heading .elementor-heading-title.elementor-size-medium{font-size:19px}.elementor-widget-heading .elementor-heading-title.elementor-size-large{font-size:29px}.elementor-widget-heading .elementor-heading-title.elementor-size-xl{font-size:39px}.elementor-widget-heading .elementor-heading-title.elementor-size-xxl{font-size:59px}<\/style><h2 class=\"elementor-heading-title elementor-size-default\"><a href=\"https:\/\/omerkutay.com\/de\/prof-dr-omer-kutay\/\">Prof. Dr. Omer Kutay<\/a><\/h2>\t\t<\/div>\n\t\t\t\t<\/div>\n\t\t\t\t<div class=\"elementor-element elementor-element-cb4037a omerktytxt elementor-widget elementor-widget-text-editor\" data-id=\"cb4037a\" data-element_type=\"widget\" data-widget_type=\"text-editor.default\">\n\t\t\t\t<div class=\"elementor-widget-container\">\n\t\t\t<style>\/*! elementor - v3.21.0 - 26-05-2024 *\/\n.elementor-widget-text-editor.elementor-drop-cap-view-stacked .elementor-drop-cap{background-color:#69727d;color:#fff}.elementor-widget-text-editor.elementor-drop-cap-view-framed .elementor-drop-cap{color:#69727d;border:3px solid;background-color:transparent}.elementor-widget-text-editor:not(.elementor-drop-cap-view-default) .elementor-drop-cap{margin-top:8px}.elementor-widget-text-editor:not(.elementor-drop-cap-view-default) .elementor-drop-cap-letter{width:1em;height:1em}.elementor-widget-text-editor .elementor-drop-cap{float:left;text-align:center;line-height:1;font-size:50px}.elementor-widget-text-editor .elementor-drop-cap-letter{display:inline-block}<\/style>\t\t\t\t<p>Zahnarzt Implantat und Prothese<\/p>\t\t\t\t\t\t<\/div>\n\t\t\t\t<\/div>\n\t\t\t\t<\/div>\n\t\t<div class=\"elementor-element elementor-element-470cf42 e-con-full ekipglcndzgn e-flex e-con e-child\" data-id=\"470cf42\" data-element_type=\"container\">\n\t\t\t\t<div class=\"elementor-element elementor-element-0ed100e elementor-widget elementor-widget-image\" data-id=\"0ed100e\" data-element_type=\"widget\" data-widget_type=\"image.default\">\n\t\t\t\t<div class=\"elementor-widget-container\">\n\t\t\t\t\t\t\t\t\t\t\t\t\t<img decoding=\"async\" width=\"520\" height=\"520\" src=\"https:\/\/omerkutay.com\/wp-content\/uploads\/2025\/02\/gulcin-torgan.jpg\" class=\"attachment-large size-large wp-image-2796\" alt=\"\" srcset=\"https:\/\/omerkutay.com\/wp-content\/uploads\/2025\/02\/gulcin-torgan.jpg 520w, https:\/\/omerkutay.com\/wp-content\/uploads\/2025\/02\/gulcin-torgan-300x300.jpg 300w, https:\/\/omerkutay.com\/wp-content\/uploads\/2025\/02\/gulcin-torgan-150x150.jpg 150w, https:\/\/omerkutay.com\/wp-content\/uploads\/2025\/02\/gulcin-torgan-90x90.jpg 90w, https:\/\/omerkutay.com\/wp-content\/uploads\/2025\/02\/gulcin-torgan-97x97.jpg 97w, https:\/\/omerkutay.com\/wp-content\/uploads\/2025\/02\/gulcin-torgan-70x70.jpg 70w\" sizes=\"(max-width: 520px) 100vw, 520px\" \/>\t\t\t\t\t\t\t\t\t\t\t\t\t<\/div>\n\t\t\t\t<\/div>\n\t\t\t\t<div class=\"elementor-element elementor-element-97fce5b elementor-widget elementor-widget-heading\" data-id=\"97fce5b\" data-element_type=\"widget\" data-widget_type=\"heading.default\">\n\t\t\t\t<div class=\"elementor-widget-container\">\n\t\t\t<h2 class=\"elementor-heading-title elementor-size-default\">Gulcin D\u00fczg\u00fcn Torgan<\/h2>\t\t<\/div>\n\t\t\t\t<\/div>\n\t\t\t\t<div class=\"elementor-element elementor-element-bb28be4 glcndzgntxt elementor-widget elementor-widget-text-editor\" data-id=\"bb28be4\" data-element_type=\"widget\" data-widget_type=\"text-editor.default\">\n\t\t\t\t<div class=\"elementor-widget-container\">\n\t\t\t\t\t\t\t<p>Zahnarzt<\/p>\t\t\t\t\t\t<\/div>\n\t\t\t\t<\/div>\n\t\t\t\t<\/div>\n\t\t<div class=\"elementor-element elementor-element-3cc890e e-con-full ekipezgiongrn e-flex e-con e-child\" data-id=\"3cc890e\" data-element_type=\"container\">\n\t\t\t\t<div class=\"elementor-element elementor-element-c4707ec elementor-widget elementor-widget-image\" data-id=\"c4707ec\" data-element_type=\"widget\" data-widget_type=\"image.default\">\n\t\t\t\t<div class=\"elementor-widget-container\">\n\t\t\t\t\t\t\t\t\t\t\t\t\t<img decoding=\"async\" width=\"520\" height=\"520\" src=\"https:\/\/omerkutay.com\/wp-content\/uploads\/2025\/10\/ezgi-ongoren.jpg\" class=\"attachment-large size-large wp-image-5222\" alt=\"\" srcset=\"https:\/\/omerkutay.com\/wp-content\/uploads\/2025\/10\/ezgi-ongoren.jpg 520w, https:\/\/omerkutay.com\/wp-content\/uploads\/2025\/10\/ezgi-ongoren-300x300.jpg 300w, https:\/\/omerkutay.com\/wp-content\/uploads\/2025\/10\/ezgi-ongoren-150x150.jpg 150w, https:\/\/omerkutay.com\/wp-content\/uploads\/2025\/10\/ezgi-ongoren-12x12.jpg 12w, https:\/\/omerkutay.com\/wp-content\/uploads\/2025\/10\/ezgi-ongoren-90x90.jpg 90w, https:\/\/omerkutay.com\/wp-content\/uploads\/2025\/10\/ezgi-ongoren-97x97.jpg 97w, https:\/\/omerkutay.com\/wp-content\/uploads\/2025\/10\/ezgi-ongoren-70x70.jpg 70w\" sizes=\"(max-width: 520px) 100vw, 520px\" \/>\t\t\t\t\t\t\t\t\t\t\t\t\t<\/div>\n\t\t\t\t<\/div>\n\t\t\t\t<div class=\"elementor-element elementor-element-2d2e19a elementor-widget elementor-widget-heading\" data-id=\"2d2e19a\" data-element_type=\"widget\" data-widget_type=\"heading.default\">\n\t\t\t\t<div class=\"elementor-widget-container\">\n\t\t\t<h2 class=\"elementor-heading-title elementor-size-default\">Ezgi \u00d6ng\u00f6ren<\/h2>\t\t<\/div>\n\t\t\t\t<\/div>\n\t\t\t\t<div class=\"elementor-element elementor-element-7a0d892 ezgiongrntxt elementor-widget elementor-widget-text-editor\" data-id=\"7a0d892\" data-element_type=\"widget\" data-widget_type=\"text-editor.default\">\n\t\t\t\t<div class=\"elementor-widget-container\">\n\t\t\t\t\t\t\t<p>Zahnarzt<\/p>\t\t\t\t\t\t<\/div>\n\t\t\t\t<\/div>\n\t\t\t\t<\/div>\n\t\t\t\t\t<\/div>\n\t\t\t\t<\/div>\n\t\t<div class=\"elementor-element elementor-element-c1f2f24 ekipkapsa e-flex e-con-boxed e-con e-parent\" data-id=\"c1f2f24\" data-element_type=\"container\">\n\t\t\t\t\t<div class=\"e-con-inner\">\n\t\t<div class=\"elementor-element elementor-element-288df0e e-con-full ekipnagihnyrk e-flex e-con e-child\" data-id=\"288df0e\" data-element_type=\"container\">\n\t\t\t\t<div class=\"elementor-element elementor-element-ea36e80 elementor-widget elementor-widget-image\" data-id=\"ea36e80\" data-element_type=\"widget\" data-widget_type=\"image.default\">\n\t\t\t\t<div class=\"elementor-widget-container\">\n\t\t\t\t\t\t\t\t\t\t\t\t\t<img loading=\"lazy\" decoding=\"async\" width=\"520\" height=\"520\" src=\"https:\/\/omerkutay.com\/wp-content\/uploads\/2025\/02\/nagihan.jpg\" class=\"attachment-large size-large wp-image-2807\" alt=\"\" srcset=\"https:\/\/omerkutay.com\/wp-content\/uploads\/2025\/02\/nagihan.jpg 520w, https:\/\/omerkutay.com\/wp-content\/uploads\/2025\/02\/nagihan-300x300.jpg 300w, https:\/\/omerkutay.com\/wp-content\/uploads\/2025\/02\/nagihan-150x150.jpg 150w, https:\/\/omerkutay.com\/wp-content\/uploads\/2025\/02\/nagihan-90x90.jpg 90w, https:\/\/omerkutay.com\/wp-content\/uploads\/2025\/02\/nagihan-97x97.jpg 97w, https:\/\/omerkutay.com\/wp-content\/uploads\/2025\/02\/nagihan-70x70.jpg 70w\" sizes=\"(max-width: 520px) 100vw, 520px\" \/>\t\t\t\t\t\t\t\t\t\t\t\t\t<\/div>\n\t\t\t\t<\/div>\n\t\t\t\t<div class=\"elementor-element elementor-element-1ad0efb elementor-widget elementor-widget-heading\" data-id=\"1ad0efb\" data-element_type=\"widget\" data-widget_type=\"heading.default\">\n\t\t\t\t<div class=\"elementor-widget-container\">\n\t\t\t<h2 class=\"elementor-heading-title elementor-size-default\">Nagihan Yurekli<\/h2>\t\t<\/div>\n\t\t\t\t<\/div>\n\t\t\t\t<div class=\"elementor-element elementor-element-81c31ae nghnyrklitxt elementor-widget elementor-widget-text-editor\" data-id=\"81c31ae\" data-element_type=\"widget\" data-widget_type=\"text-editor.default\">\n\t\t\t\t<div class=\"elementor-widget-container\">\n\t\t\t\t\t\t\t<p>Pressesprecherin<\/p>\t\t\t\t\t\t<\/div>\n\t\t\t\t<\/div>\n\t\t\t\t<\/div>\n\t\t<div class=\"elementor-element elementor-element-a775967 e-con-full ekipincikesci e-flex e-con e-child\" data-id=\"a775967\" data-element_type=\"container\">\n\t\t\t\t<div class=\"elementor-element elementor-element-668c9c8 elementor-widget elementor-widget-image\" data-id=\"668c9c8\" data-element_type=\"widget\" data-widget_type=\"image.default\">\n\t\t\t\t<div class=\"elementor-widget-container\">\n\t\t\t\t\t\t\t\t\t\t\t\t\t<img loading=\"lazy\" decoding=\"async\" width=\"520\" height=\"520\" src=\"https:\/\/omerkutay.com\/wp-content\/uploads\/2025\/02\/inci.jpg\" class=\"attachment-large size-large wp-image-2809\" alt=\"\" srcset=\"https:\/\/omerkutay.com\/wp-content\/uploads\/2025\/02\/inci.jpg 520w, https:\/\/omerkutay.com\/wp-content\/uploads\/2025\/02\/inci-300x300.jpg 300w, https:\/\/omerkutay.com\/wp-content\/uploads\/2025\/02\/inci-150x150.jpg 150w, https:\/\/omerkutay.com\/wp-content\/uploads\/2025\/02\/inci-90x90.jpg 90w, https:\/\/omerkutay.com\/wp-content\/uploads\/2025\/02\/inci-97x97.jpg 97w, https:\/\/omerkutay.com\/wp-content\/uploads\/2025\/02\/inci-70x70.jpg 70w\" sizes=\"(max-width: 520px) 100vw, 520px\" \/>\t\t\t\t\t\t\t\t\t\t\t\t\t<\/div>\n\t\t\t\t<\/div>\n\t\t\t\t<div class=\"elementor-element elementor-element-4729d30 elementor-widget elementor-widget-heading\" data-id=\"4729d30\" data-element_type=\"widget\" data-widget_type=\"heading.default\">\n\t\t\t\t<div class=\"elementor-widget-container\">\n\t\t\t<h2 class=\"elementor-heading-title elementor-size-default\">Perlenschneider<\/h2>\t\t<\/div>\n\t\t\t\t<\/div>\n\t\t\t\t<div class=\"elementor-element elementor-element-5c044cf inckscitxt elementor-widget elementor-widget-text-editor\" data-id=\"5c044cf\" data-element_type=\"widget\" data-widget_type=\"text-editor.default\">\n\t\t\t\t<div class=\"elementor-widget-container\">\n\t\t\t\t\t\t\t<p>Zahnarzthelferin<\/p>\t\t\t\t\t\t<\/div>\n\t\t\t\t<\/div>\n\t\t\t\t<\/div>\n\t\t<div class=\"elementor-element elementor-element-589d6c8 e-con-full ekipozgeclebi e-flex e-con e-child\" data-id=\"589d6c8\" data-element_type=\"container\">\n\t\t\t\t<div class=\"elementor-element elementor-element-afcbab5 elementor-widget elementor-widget-image\" data-id=\"afcbab5\" data-element_type=\"widget\" data-widget_type=\"image.default\">\n\t\t\t\t<div class=\"elementor-widget-container\">\n\t\t\t\t\t\t\t\t\t\t\t\t\t<img loading=\"lazy\" decoding=\"async\" width=\"520\" height=\"520\" src=\"https:\/\/omerkutay.com\/wp-content\/uploads\/2025\/02\/ozge.jpg\" class=\"attachment-large size-large wp-image-2811\" alt=\"\" srcset=\"https:\/\/omerkutay.com\/wp-content\/uploads\/2025\/02\/ozge.jpg 520w, https:\/\/omerkutay.com\/wp-content\/uploads\/2025\/02\/ozge-300x300.jpg 300w, https:\/\/omerkutay.com\/wp-content\/uploads\/2025\/02\/ozge-150x150.jpg 150w, https:\/\/omerkutay.com\/wp-content\/uploads\/2025\/02\/ozge-90x90.jpg 90w, https:\/\/omerkutay.com\/wp-content\/uploads\/2025\/02\/ozge-97x97.jpg 97w, https:\/\/omerkutay.com\/wp-content\/uploads\/2025\/02\/ozge-70x70.jpg 70w\" sizes=\"(max-width: 520px) 100vw, 520px\" \/>\t\t\t\t\t\t\t\t\t\t\t\t\t<\/div>\n\t\t\t\t<\/div>\n\t\t\t\t<div class=\"elementor-element elementor-element-87b06ae elementor-widget elementor-widget-heading\" data-id=\"87b06ae\" data-element_type=\"widget\" data-widget_type=\"heading.default\">\n\t\t\t\t<div class=\"elementor-widget-container\">\n\t\t\t<h2 class=\"elementor-heading-title elementor-size-default\">\u00d6zge Celebi<\/h2>\t\t<\/div>\n\t\t\t\t<\/div>\n\t\t\t\t<div class=\"elementor-element elementor-element-de54ade zgeclbitxt elementor-widget elementor-widget-text-editor\" data-id=\"de54ade\" data-element_type=\"widget\" data-widget_type=\"text-editor.default\">\n\t\t\t\t<div class=\"elementor-widget-container\">\n\t\t\t\t\t\t\t<p>Zahnarzthelferin<\/p>\t\t\t\t\t\t<\/div>\n\t\t\t\t<\/div>\n\t\t\t\t<\/div>\n\t\t\t\t\t<\/div>\n\t\t\t\t<\/div>\n\t\t\t\t<\/div>","protected":false},"excerpt":{"rendered":"<p>Prof. Dr. \u00d6mer Kutay, Zahnarzt; G\u00fcl\u00e7in D\u00fczg\u00fcn Torgan, Zahn\u00e4rztin; Ezgi \u00d6ng\u00f6ren, Zahnarzt; Nagihan Y\u00fcrekli, PR-Beauftragter; \u0130nci Kesici, Zahnarzthelferin; \u00d6zge \u00c7elebi, Zahnarzthelferin<\/p>","protected":false},"author":1,"featured_media":0,"parent":0,"menu_order":0,"comment_status":"closed","ping_status":"closed","template":"","meta":{"footnotes":""},"class_list":["post-2765","page","type-page","status-publish","hentry"],"_links":{"self":[{"href":"https:\/\/omerkutay.com\/de\/wp-json\/wp\/v2\/pages\/2765","targetHints":{"allow":["GET"]}}],"collection":[{"href":"https:\/\/omerkutay.com\/de\/wp-json\/wp\/v2\/pages"}],"about":[{"href":"https:\/\/omerkutay.com\/de\/wp-json\/wp\/v2\/types\/page"}],"author":[{"embeddable":true,"href":"https:\/\/omerkutay.com\/de\/wp-json\/wp\/v2\/users\/1"}],"replies":[{"embeddable":true,"href":"https:\/\/omerkutay.com\/de\/wp-json\/wp\/v2\/comments?post=2765"}],"version-history":[{"count":0,"href":"https:\/\/omerkutay.com\/de\/wp-json\/wp\/v2\/pages\/2765\/revisions"}],"wp:attachment":[{"href":"https:\/\/omerkutay.com\/de\/wp-json\/wp\/v2\/media?parent=2765"}],"curies":[{"name":"wp","href":"https:\/\/api.w.org\/{rel}","templated":true}]}}