{"id":3313,"date":"2025-02-20T10:05:51","date_gmt":"2025-02-20T07:05:51","guid":{"rendered":"https:\/\/omerkutay.com\/?page_id=3313"},"modified":"2025-08-14T16:35:05","modified_gmt":"2025-08-14T13:35:05","slug":"implantat-und-naturliche-zahne","status":"publish","type":"page","link":"https:\/\/omerkutay.com\/de\/implantat-und-naturliche-zahne\/","title":{"rendered":"Implantate und nat\u00fcrliche Z\u00e4hne"},"content":{"rendered":"<div data-elementor-type=\"wp-page\" data-elementor-id=\"3313\" class=\"elementor elementor-3313\">\n\t\t\t\t<div class=\"elementor-element elementor-element-d6797aa e-con-full tedavikapsa e-flex e-con e-parent\" data-id=\"d6797aa\" data-element_type=\"container\">\n\t\t<div class=\"elementor-element elementor-element-2bb6504 e-con-full tedavisidebarkapsa e-flex e-con e-child\" data-id=\"2bb6504\" data-element_type=\"container\">\n\t\t\t\t<div class=\"elementor-element elementor-element-b92ff26 elementor-widget elementor-widget-sidebar\" data-id=\"b92ff26\" data-element_type=\"widget\" data-widget_type=\"sidebar.default\">\n\t\t\t\t<div class=\"elementor-widget-container\">\n\t\t\t<div id=\"nav_menu-3\" class=\"service-sidebar-widget sidebar-widget mb_30 widget_nav_menu\"><div class=\"widget-title mb_17\"><h3>Behandlungen<\/h3><\/div><\/div><div id=\"text-2\" class=\"service-sidebar-widget sidebar-widget mb_30 widget_text\"><div class=\"widget-title mb_17\"><h3>Detaillierte Informationen erhalten<\/h3><\/div>\t\t\t<div class=\"textwidget\"><p class=\"wpcf7-contact-form-not-found\"><strong>Fehler:<\/strong> Kontaktformular wurde nicht gefunden.<\/p>\n<\/div>\n\t\t<\/div>\t\t<\/div>\n\t\t\t\t<\/div>\n\t\t\t\t<\/div>\n\t\t<div class=\"elementor-element elementor-element-98a712c e-con-full e-flex e-con e-child\" data-id=\"98a712c\" data-element_type=\"container\">\n\t\t\t\t<div class=\"elementor-element elementor-element-cf776e6 elementor-widget elementor-widget-text-editor\" data-id=\"cf776e6\" data-element_type=\"widget\" data-widget_type=\"text-editor.default\">\n\t\t\t\t<div class=\"elementor-widget-container\">\n\t\t\t<style>\/*! elementor - v3.21.0 - 26-05-2024 *\/\n.elementor-widget-text-editor.elementor-drop-cap-view-stacked .elementor-drop-cap{background-color:#69727d;color:#fff}.elementor-widget-text-editor.elementor-drop-cap-view-framed .elementor-drop-cap{color:#69727d;border:3px solid;background-color:transparent}.elementor-widget-text-editor:not(.elementor-drop-cap-view-default) .elementor-drop-cap{margin-top:8px}.elementor-widget-text-editor:not(.elementor-drop-cap-view-default) .elementor-drop-cap-letter{width:1em;height:1em}.elementor-widget-text-editor .elementor-drop-cap{float:left;text-align:center;line-height:1;font-size:50px}.elementor-widget-text-editor .elementor-drop-cap-letter{display:inline-block}<\/style>\t\t\t\t<div class=\"content-one mb_65\"><div class=\"text-box mb_35\"><p><img fetchpriority=\"high\" decoding=\"async\" class=\"size-medium wp-image-4000 alignright\" src=\"https:\/\/omerkutay.com\/wp-content\/uploads\/2025\/02\/implant-ve-dogal-dis-bir-arada-300x244.jpg\" alt=\"\" width=\"300\" height=\"244\" srcset=\"https:\/\/omerkutay.com\/wp-content\/uploads\/2025\/02\/implant-ve-dogal-dis-bir-arada-300x244.jpg 300w, https:\/\/omerkutay.com\/wp-content\/uploads\/2025\/02\/implant-ve-dogal-dis-bir-arada.jpg 768w\" sizes=\"(max-width: 300px) 100vw, 300px\" \/><\/p><p><strong>Implantat und nat\u00fcrlicher Zahn zusammen;<\/strong>\u00a0In einem gesunden Mund werden implantatgetragene Kronenprothesen mit nat\u00fcrlichen Z\u00e4hnen eingesetzt; Sie weisen ein harmonisches Erscheinungsbild hinsichtlich Zahnfleischerscheinung und Symmetrie auf.<\/p><p>Anstelle traditioneller Methoden zur Behandlung fehlender Z\u00e4hne\u00a0<i>implantieren<\/i>\u00a0Bei der Behandlung wird darauf geachtet, dass die benachbarten nat\u00fcrlichen Z\u00e4hne nicht besch\u00e4digt werden. Es schadet dem Kieferknochen in keiner Weise.<\/p><p>Auf Beschluss des TDB-Zentralvorstands sind keine Fotos der Patienten vor und nach der Behandlung enthalten.<\/p><p>Die hier gezeigten Bilder stammen aus wissenschaftlichen Publikationen der Universit\u00e4t.<\/p><h2>Zahnfleischr\u00fcckgang, Osteoporose und Implantatbehandlung<\/h2><p>Prof. Dr. \u00d6mer Kutay erkl\u00e4rt die interessantesten Themen wie Zahnfleischr\u00fcckgang, Osteoporose und Implantatbehandlung.<\/p><p>Zahnfleischr\u00fcckgang deutet darauf hin, dass auch der Knochen unter dem Zahnfleisch geschmolzen ist. Der Knochen unter Ihrem Zahnfleisch ist dort einmal um einige Millimeter geschmolzen, wodurch sich Ihr Zahnfleisch zur\u00fcckgezogen hat. Als dieser Zahn gezogen wurde, zog sich das Zahnfleisch erneut zur\u00fcck. Wenn der Zahn gezogen und das Implantat eingesetzt wird, befindet sich das Zahnfleisch noch immer im R\u00fcckgangsstadium. Aus diesem Grund gehen wir wie folgt vor.<\/p><h3>Implantat- und nat\u00fcrliche Zahnbehandlung<\/h3><p>Die beste M\u00f6glichkeit, fehlende Z\u00e4hne zu ersetzen, ist heute die Implantatbehandlung. Ein Zahnimplantat ist ein Titanpfosten, der die Zahnwurzel in Form einer kleinen Schraube ersetzt, die in Ihren Kieferknochen passt und eine Zahnkrone aus Porzellan oder Zirkonium tr\u00e4gt. Nat\u00fcrliche Z\u00e4hne und implantatgetragene Z\u00e4hne weisen Unterschiede und Gemeinsamkeiten auf.<\/p><p>Der Hauptunterschied zwischen Implantaten und nat\u00fcrlichen Z\u00e4hnen besteht in der Art und Weise, wie sie am Knochen befestigt werden. Implantate verschmelzen tats\u00e4chlich mit dem Knochen und werden ein Teil davon, d. h. sie bewegen sich nicht innerhalb des Knochens (Osteointegration). Dies ist eine einzigartige Eigenschaft von Titan, dem Metall, aus dem Implantate hergestellt werden. Es ist sehr wichtig, dass diese Verbindung bestehen bleibt, und es liegt an Ihnen!<\/p><p>Nat\u00fcrliche Z\u00e4hne hingegen werden nicht Teil des sie umgebenden Knochens, das hei\u00dft, sie verwachsen nicht mit dem Knochen, sondern sind innerhalb des Knochens minimal beweglich. Stattdessen sind sie durch das Desmodont verbunden, das aus kleinen Fasern besteht, die auf der einen Seite in den Zahn und auf der anderen Seite in den Knochen eingesetzt sind.<\/p><p>Ein weiterer Unterschied besteht darin, dass nat\u00fcrliche Z\u00e4hne verfallen, implantatgetragene Z\u00e4hne hingegen nicht. Dies bedeutet jedoch nicht, dass Sie sich keine Gedanken \u00fcber die Mundhygiene machen m\u00fcssen. Eine gute Mundhygiene ist \u00e4u\u00dferst wichtig, um sowohl Z\u00e4hne als auch Implantate zu sch\u00fctzen. Bei beiden kann eine mangelnde Mundhygiene zu bakteriellen Infektionen f\u00fchren, die wiederum zu Zahnfleischerkrankungen und sogar Knochenschwund f\u00fchren k\u00f6nnen.<\/p><p>Der Erzfeind eines mit dem Knochen verwachsenen Implantats ist bakterieller Zahnbelag. Dabei handelt es sich um eine bakterielle Infektion, die als \u201ePeriimplantitis\u201c bezeichnet wird und entsteht, wenn sich bakterieller Plaque auf dem Implantat ansammelt. Bei einer Periimplantitis kann es zu horizontalem, vertikalem oder becherf\u00f6rmigem Knochenverlust rund um das Implantat kommen, wodurch das Implantat seine Verbindung zum Knochen verlieren kann, was wiederum zum Implantatverlust f\u00fchren kann. Aus diesem Grund sind eine gute Zahnputz- und Zahnseidetechnik sowie eine professionelle Zahnreinigung in der zahn\u00e4rztlichen Routine so wichtig. Wenn diese Vorsichtsma\u00dfnahmen getroffen werden, kann dieser Infektion vorgebeugt werden. Die wichtigste Gemeinsamkeit von Implantaten und nat\u00fcrlichen Z\u00e4hnen ist, dass beide ein Leben lang in Ihrem Mund verbleiben k\u00f6nnen \u2013 und das liegt in Ihrer Hand!<\/p><\/div><\/div>\t\t\t\t\t\t<\/div>\n\t\t\t\t<\/div>\n\t\t\t\t<div class=\"elementor-element elementor-element-6a5ecf2 elementor-widget elementor-widget-heading\" data-id=\"6a5ecf2\" data-element_type=\"widget\" data-widget_type=\"heading.default\">\n\t\t\t\t<div class=\"elementor-widget-container\">\n\t\t\t<style>\/*! elementor - v3.21.0 - 26-05-2024 *\/\n.elementor-heading-title{padding:0;margin:0;line-height:1}.elementor-widget-heading .elementor-heading-title[class*=elementor-size-]>a{color:inherit;font-size:inherit;line-height:inherit}.elementor-widget-heading .elementor-heading-title.elementor-size-small{font-size:15px}.elementor-widget-heading .elementor-heading-title.elementor-size-medium{font-size:19px}.elementor-widget-heading .elementor-heading-title.elementor-size-large{font-size:29px}.elementor-widget-heading .elementor-heading-title.elementor-size-xl{font-size:39px}.elementor-widget-heading .elementor-heading-title.elementor-size-xxl{font-size:59px}<\/style><div class=\"elementor-heading-title elementor-size-default\">H\u00e4ufig gestellte Fragen<\/div>\t\t<\/div>\n\t\t\t\t<\/div>\n\t\t\t\t<div class=\"elementor-element elementor-element-aeaad9d elementor-widget elementor-widget-labout_faqs\" data-id=\"aeaad9d\" data-element_type=\"widget\" data-widget_type=\"labout_faqs.default\">\n\t\t\t\t<div class=\"elementor-widget-container\">\n\t\t\t    \n    <!-- faq-section -->\n    <section class=\"faq-section pt_120 pb_120\">\n                <div class=\"auto-container\">\n                        <div class=\"inner-container\">\n                <ul class=\"accordion-box\">\n                                        <li class=\"accordion block\">\n                        <div class=\"acc-btn\"><h4><span> 1<\/span>Kann das Implantat herausfallen?<\/h4><\/div>\n                        <div class=\"acc-content\">\n                            <div class=\"content\">\n                                <p>Ja, ein Implantat kann herausfallen, wenn es nicht ordnungsgem\u00e4\u00df gepflegt wird oder Probleme wie Knochenabbau oder eine Infektion (Periimplantitis) auftreten. Regelm\u00e4\u00dfige Pflege...<\/p>\n                            <\/div>\n                        <\/div>\n                    <\/li>\n                                        <li class=\"accordion block\">\n                        <div class=\"acc-btn\"><h4><span> 2<\/span>Unterscheidet sich die Pflege eines Implantats von der eines nat\u00fcrlichen Zahns?<\/h4><\/div>\n                        <div class=\"acc-content\">\n                            <div class=\"content\">\n                                <p>Nein, regelm\u00e4\u00dfiges Z\u00e4hneputzen, die Verwendung von Zahnseide und zahn\u00e4rztliche Kontrolluntersuchungen sind notwendig.<\/p>\n                            <\/div>\n                        <\/div>\n                    <\/li>\n                                        <li class=\"accordion block active-block\">\n                        <div class=\"acc-btn active\"><h4><span> 3<\/span>Was ist besser, ein Implantat oder eine Br\u00fccke?<\/h4><\/div>\n                        <div class=\"acc-content current\">\n                            <div class=\"content\">\n                                <p>Um Knochenschwund vorzubeugen, werden bevorzugt Implantate eingesetzt, je nach Situation k\u00f6nnen aber auch Br\u00fccken eingesetzt werden.<\/p>\n                            <\/div>\n                        <\/div>\n                    <\/li>\n                                        <li class=\"accordion block\">\n                        <div class=\"acc-btn\"><h4><span> 4<\/span>Wie wird das Implantat am Knochen befestigt?<\/h4><\/div>\n                        <div class=\"acc-content\">\n                            <div class=\"content\">\n                                <p>Das Implantat verbindet sich durch einen Prozess namens Osseointegration mit dem Kieferknochen. Knochenzellen haften an der Titanoberfl\u00e4che und verankern so das Implantat. Dieser Prozess\u2026<\/p>\n                            <\/div>\n                        <\/div>\n                    <\/li>\n                                        <li class=\"accordion block\">\n                        <div class=\"acc-btn\"><h4><span> 5<\/span>Wie lange h\u00e4lt ein Implantat?<\/h4><\/div>\n                        <div class=\"acc-content\">\n                            <div class=\"content\">\n                                <p>Zahnimplantate k\u00f6nnen bei richtiger Pflege ein Leben lang halten. Allerdings sind die Gesundheit des Zahnfleisches und regelm\u00e4\u00dfige Mundhygiene unerl\u00e4sslich.<\/p>\n                            <\/div>\n                        <\/div>\n                    <\/li>\n                                        <li class=\"accordion block\">\n                        <div class=\"acc-btn\"><h4><span> 6<\/span>F\u00fchlt sich ein Implantat wie ein nat\u00fcrlicher Zahn an?<\/h4><\/div>\n                        <div class=\"acc-content\">\n                            <div class=\"content\">\n                                <p>Ja, wenn es gut gemacht ist, f\u00fchlt es sich einem nat\u00fcrlichen Zahn sehr \u00e4hnlich.<\/p>\n                            <\/div>\n                        <\/div>\n                    <\/li>\n                                        <li class=\"accordion block\">\n                        <div class=\"acc-btn\"><h4><span> 7<\/span>Was ist ein Implantat?<\/h4><\/div>\n                        <div class=\"acc-content\">\n                            <div class=\"content\">\n                                <p>Dabei handelt es sich um k\u00fcnstliche Zahnwurzeln, die in den Kieferknochen eingesetzt werden, um fehlende Z\u00e4hne zu ersetzen.<\/p>\n                            <\/div>\n                        <\/div>\n                    <\/li>\n                                    <\/ul>\n            <\/div>\n        <\/div>\n    <\/section>\n    <!-- faq-section end -->\n      \n\t\t\t<\/div>\n\t\t\t\t<\/div>\n\t\t\t\t<\/div>\n\t\t\t\t<\/div>\n\t\t\t\t<\/div>","protected":false},"excerpt":{"rendered":"<p>Implantate und nat\u00fcrliche Z\u00e4hne harmonisch vereint: In einem gesunden Mund f\u00fcgen sich implantatgetragene Kronenprothesen in Bezug auf Zahnfleischverlauf und Symmetrie harmonisch in das Gesamtbild ein. Die Versorgung von Zahnverlust mit Implantaten anstelle herk\u00f6mmlicher Methoden schont die Nachbarz\u00e4hne und den Kieferknochen. Auf Beschluss des Zentralvorstands der T\u00fcrkischen Zahn\u00e4rztekammer werden Vorher-Nachher-Fotos von Patienten ver\u00f6ffentlicht. [\u2026]<\/p>","protected":false},"author":1,"featured_media":0,"parent":0,"menu_order":0,"comment_status":"closed","ping_status":"closed","template":"","meta":{"footnotes":""},"class_list":["post-3313","page","type-page","status-publish","hentry"],"_links":{"self":[{"href":"https:\/\/omerkutay.com\/de\/wp-json\/wp\/v2\/pages\/3313","targetHints":{"allow":["GET"]}}],"collection":[{"href":"https:\/\/omerkutay.com\/de\/wp-json\/wp\/v2\/pages"}],"about":[{"href":"https:\/\/omerkutay.com\/de\/wp-json\/wp\/v2\/types\/page"}],"author":[{"embeddable":true,"href":"https:\/\/omerkutay.com\/de\/wp-json\/wp\/v2\/users\/1"}],"replies":[{"embeddable":true,"href":"https:\/\/omerkutay.com\/de\/wp-json\/wp\/v2\/comments?post=3313"}],"version-history":[{"count":0,"href":"https:\/\/omerkutay.com\/de\/wp-json\/wp\/v2\/pages\/3313\/revisions"}],"wp:attachment":[{"href":"https:\/\/omerkutay.com\/de\/wp-json\/wp\/v2\/media?parent=3313"}],"curies":[{"name":"wp","href":"https:\/\/api.w.org\/{rel}","templated":true}]}}