{"id":3318,"date":"2025-02-20T10:07:03","date_gmt":"2025-02-20T07:07:03","guid":{"rendered":"https:\/\/omerkutay.com\/?page_id=3318"},"modified":"2025-08-14T16:48:57","modified_gmt":"2025-08-14T13:48:57","slug":"vollmundimplantatprothese","status":"publish","type":"page","link":"https:\/\/omerkutay.com\/de\/vollmundimplantatprothese\/","title":{"rendered":"Vollmundimplantatprothese"},"content":{"rendered":"<div data-elementor-type=\"wp-page\" data-elementor-id=\"3318\" class=\"elementor elementor-3318\">\n\t\t\t\t<div class=\"elementor-element elementor-element-d6797aa e-con-full tedavikapsa e-flex e-con e-parent\" data-id=\"d6797aa\" data-element_type=\"container\">\n\t\t<div class=\"elementor-element elementor-element-2bb6504 e-con-full tedavisidebarkapsa e-flex e-con e-child\" data-id=\"2bb6504\" data-element_type=\"container\">\n\t\t\t\t<div class=\"elementor-element elementor-element-b92ff26 elementor-widget elementor-widget-sidebar\" data-id=\"b92ff26\" data-element_type=\"widget\" data-widget_type=\"sidebar.default\">\n\t\t\t\t<div class=\"elementor-widget-container\">\n\t\t\t<div id=\"nav_menu-3\" class=\"service-sidebar-widget sidebar-widget mb_30 widget_nav_menu\"><div class=\"widget-title mb_17\"><h3>Behandlungen<\/h3><\/div><\/div><div id=\"text-2\" class=\"service-sidebar-widget sidebar-widget mb_30 widget_text\"><div class=\"widget-title mb_17\"><h3>Detaillierte Informationen erhalten<\/h3><\/div>\t\t\t<div class=\"textwidget\"><p class=\"wpcf7-contact-form-not-found\"><strong>Fehler:<\/strong> Kontaktformular wurde nicht gefunden.<\/p>\n<\/div>\n\t\t<\/div>\t\t<\/div>\n\t\t\t\t<\/div>\n\t\t\t\t<\/div>\n\t\t<div class=\"elementor-element elementor-element-98a712c e-con-full e-flex e-con e-child\" data-id=\"98a712c\" data-element_type=\"container\">\n\t\t\t\t<div class=\"elementor-element elementor-element-cf776e6 elementor-widget elementor-widget-text-editor\" data-id=\"cf776e6\" data-element_type=\"widget\" data-widget_type=\"text-editor.default\">\n\t\t\t\t<div class=\"elementor-widget-container\">\n\t\t\t<style>\/*! elementor - v3.21.0 - 26-05-2024 *\/\n.elementor-widget-text-editor.elementor-drop-cap-view-stacked .elementor-drop-cap{background-color:#69727d;color:#fff}.elementor-widget-text-editor.elementor-drop-cap-view-framed .elementor-drop-cap{color:#69727d;border:3px solid;background-color:transparent}.elementor-widget-text-editor:not(.elementor-drop-cap-view-default) .elementor-drop-cap{margin-top:8px}.elementor-widget-text-editor:not(.elementor-drop-cap-view-default) .elementor-drop-cap-letter{width:1em;height:1em}.elementor-widget-text-editor .elementor-drop-cap{float:left;text-align:center;line-height:1;font-size:50px}.elementor-widget-text-editor .elementor-drop-cap-letter{display:inline-block}<\/style>\t\t\t\t<div class=\"content-one mb_65\"><div class=\"text-box mb_35\"><p><img fetchpriority=\"high\" decoding=\"async\" class=\"wp-image-4005 alignright\" src=\"https:\/\/omerkutay.com\/wp-content\/uploads\/2025\/02\/tumagiz-implant-202x300.jpg\" alt=\"\" width=\"344\" height=\"511\" srcset=\"https:\/\/omerkutay.com\/wp-content\/uploads\/2025\/02\/tumagiz-implant-202x300.jpg 202w, https:\/\/omerkutay.com\/wp-content\/uploads\/2025\/02\/tumagiz-implant.jpg 280w\" sizes=\"(max-width: 344px) 100vw, 344px\" \/><\/p><p>Bei Patienten, die alle Z\u00e4hne verloren haben, sollten zwei Arten von Vollmundimplantatprothesen eingesetzt werden.<\/p><ol><li>Implantatgetragener herausnehmbarer Zahnersatz.<\/li><li>Festsitzender Zahnersatz auf Implantaten.<\/li><\/ol><p>W\u00e4hrend herausnehmbare Zahnprothesen jederzeit herausgenommen und ersetzt werden k\u00f6nnen, sind festsitzende Zahnprothesen so angebracht, dass sie nie aus dem Mund herausfallen.<br \/><br \/>Beide L\u00f6sungen sind der alten Prothesenart, umgangssprachlich Gaumenprothese genannt, \u00fcberlegen und beseitigen Beschwerden wie Kauschw\u00e4che und Schmerzen und beugen zudem Osteoporose vor.<br \/><br \/>Auf Beschluss des TDB-Zentralvorstands sind keine Fotos der Patienten vor und nach der Behandlung enthalten. Die hier gezeigten Bilder stammen aus wissenschaftlichen Publikationen der Universit\u00e4t.<\/p><p>Wenn Vollprothesen auf Implantaten eingesetzt werden, geschieht dies im Allgemeinen auf zwei Arten. Erste; Im Mund befinden sich sechs bis acht Implantate. Auf diesen Implantaten wird ein Vollmundimplantat befestigt, genauso wie es auf den Z\u00e4hnen befestigt wird, und der Patient kann es verwenden, ohne es herausnehmen zu m\u00fcssen.<\/p><p>Letztere; Es wird wiederum im gesamten Mund verteilt und mit einem beweglichen System, einem sogenannten Klicksystem, auf den Implantaten platziert. Der Patient kann diese Prothesen nach Belieben einsetzen und herausnehmen. Auf diese Weise ist es auch m\u00f6glich, Prothesen einzusetzen, die die weggeschmolzenen Kieferknochenanteile kompensieren.<\/p><h3>Herausnehmbarer Zahnersatz auf Implantaten<\/h3><hr \/><p>Implantatgetragener herausnehmbarer Zahnersatz ist ein herausnehmbarer Zahnersatz, der von mindestens zwei oder mehr Implantaten getragen wird. Auch diese sind zweigeteilt. Bei der ersten Methode werden die Implantate mithilfe eines Stegs miteinander verbunden und die Prothese wird in diesen Steg eingesetzt.<br \/><br \/>Bei der zweiten Methode werden die Implantate einzeln an den Halterungen im Inneren der Prothese befestigt. Diese beiden Prothesentypen bieten mehr Halt als herk\u00f6mmliche, implantatfreie, herausnehmbare Prothesen und sind beim Kauen stabil.<br \/><br \/>Diese Prothesen werden im Allgemeinen bei Patienten mit \u00fcberm\u00e4\u00dfigem Knochenverlust eingesetzt. Der Ersatz des verlorenen Knochens durch Acryl, das leichter als Porzellan ist, ist sowohl \u00e4sthetisch als auch im Hinblick auf die geringere Belastung der Implantate sicherer. Da diese Prothese au\u00dferdem an- und abgesetzt werden kann, ist sie leichter zu reinigen und die Mundhygiene wird verbessert.<\/p><h4>Festsitzender Zahnersatz auf Implantaten<\/h4><hr \/><p>F\u00fcr implantatgetragenen festsitzenden Zahnersatz sind mindestens vier Implantate erforderlich. Diese Prothesen sind im Allgemeinen zweigeteilt.<br \/><br \/>Erstens erm\u00f6glichen festsitzende Prothesen auf vier Implantaten, die wir \u201eAll-on-Four\u201c nennen, im Vergleich zu herausnehmbaren Prothesen ein leichteres Kauen, allerdings ist die Aufrechterhaltung der Mundhygiene schwieriger. Bei diesem Behandlungsprotokoll wird der Patient keiner Knochentransplantation unterzogen. Die Implantate werden in Bereiche eingesetzt, in denen der Knochen gut ist. Nachdem die Implantate mit dem Knochen verwachsen sind, kann der Patient seine Prothesen tragen. Der gr\u00f6\u00dfte Nachteil besteht darin, dass die Anzahl der Implantate gering ist. Wenn in Zukunft ein Implantat verloren geht, kann der Patient die Prothese nicht mehr verwenden und die Prothese muss nach der Neuanfertigung des Implantats erneuert werden.<br \/><br \/>Eine weitere Art des festsitzenden Zahnersatzes ist die implantatgetragene Br\u00fcckenprothese, die auf sechs oder acht Implantaten gefertigt wird. Bei dieser Art von Prothese verl\u00e4sst der Patient die Klinik am Tag der Implantation mit provisorischen Z\u00e4hnen, da die Anzahl der Implantate hoch ist, und setzt sein soziales Leben fort. Nachdem die Implantate mit dem Knochen verwachsen sind, werden feste, \u00e4sthetische Z\u00e4hne hergestellt und der Patient f\u00fchrt sein Leben mit diesen Z\u00e4hnen fort, die sich nicht von seinen nat\u00fcrlichen Z\u00e4hnen unterscheiden. Der einzige Nachteil dieser Art von Prothese besteht darin, dass bei unzureichender Knochenunterst\u00fctzung die Kosten und die Wartezeit lang sein k\u00f6nnen, da ein Knochentransplantat eingesetzt werden muss. Da der Patient w\u00e4hrend der Wartezeit jedoch \u00fcber provisorische Z\u00e4hne verf\u00fcgt, wird er die Zahnlosigkeit nicht sp\u00fcren. Der gr\u00f6\u00dfte Vorteil besteht darin, dass selbst bei einem sp\u00e4teren Verlust des Implantats dieses entfernt werden kann und der Patient sein Leben ohne Wechsel der Prothese fortsetzen kann. Somit entstehen keine Mehrkosten und kein Zeitverlust.<\/p><\/div><\/div>\t\t\t\t\t\t<\/div>\n\t\t\t\t<\/div>\n\t\t\t\t<div class=\"elementor-element elementor-element-6a5ecf2 elementor-widget elementor-widget-heading\" data-id=\"6a5ecf2\" data-element_type=\"widget\" data-widget_type=\"heading.default\">\n\t\t\t\t<div class=\"elementor-widget-container\">\n\t\t\t<style>\/*! elementor - v3.21.0 - 26-05-2024 *\/\n.elementor-heading-title{padding:0;margin:0;line-height:1}.elementor-widget-heading .elementor-heading-title[class*=elementor-size-]>a{color:inherit;font-size:inherit;line-height:inherit}.elementor-widget-heading .elementor-heading-title.elementor-size-small{font-size:15px}.elementor-widget-heading .elementor-heading-title.elementor-size-medium{font-size:19px}.elementor-widget-heading .elementor-heading-title.elementor-size-large{font-size:29px}.elementor-widget-heading .elementor-heading-title.elementor-size-xl{font-size:39px}.elementor-widget-heading .elementor-heading-title.elementor-size-xxl{font-size:59px}<\/style><div class=\"elementor-heading-title elementor-size-default\">H\u00e4ufig gestellte Fragen<\/div>\t\t<\/div>\n\t\t\t\t<\/div>\n\t\t\t\t<div class=\"elementor-element elementor-element-aeaad9d elementor-widget elementor-widget-labout_faqs\" data-id=\"aeaad9d\" data-element_type=\"widget\" data-widget_type=\"labout_faqs.default\">\n\t\t\t\t<div class=\"elementor-widget-container\">\n\t\t\t    \n    <!-- faq-section -->\n    <section class=\"faq-section pt_120 pb_120\">\n                <div class=\"auto-container\">\n                        <div class=\"inner-container\">\n                <ul class=\"accordion-box\">\n                                        <li class=\"accordion block\">\n                        <div class=\"acc-btn\"><h4><span> 1<\/span>Wie viel kostet es?<\/h4><\/div>\n                        <div class=\"acc-content\">\n                            <div class=\"content\">\n                                <p>Kullan\u0131lan malzeme ve implant say\u0131s\u0131na ba\u011fl\u0131d\u0131r. Fiyatlar de\u011fi\u015fkendir, en iyi bilgi i\u00e7in di\u015f hekimi ile&hellip;<\/p>\n                            <\/div>\n                        <\/div>\n                    <\/li>\n                                        <li class=\"accordion block\">\n                        <div class=\"acc-btn\"><h4><span> 2<\/span>Welche Vorteile bietet eine Vollmundimplantatprothese?<\/h4><\/div>\n                        <div class=\"acc-content\">\n                            <div class=\"content\">\n                                <p>Es sorgt f\u00fcr ein stabiles und nat\u00fcrliches Zahngef\u00fchl, Kau- und Sprechkomfort und eine langlebige L\u00f6sung.<\/p>\n                            <\/div>\n                        <\/div>\n                    <\/li>\n                                        <li class=\"accordion block active-block\">\n                        <div class=\"acc-btn active\"><h4><span> 3<\/span>Tut ein Implantat weh?<\/h4><\/div>\n                        <div class=\"acc-content current\">\n                            <div class=\"content\">\n                                <p>Unter \u00f6rtlicher Bet\u00e4ubung sind keine Schmerzen zu sp\u00fcren. Anschlie\u00dfend k\u00f6nnen leichte Schmerzen auftreten.<\/p>\n                            <\/div>\n                        <\/div>\n                    <\/li>\n                                        <li class=\"accordion block\">\n                        <div class=\"acc-btn\"><h4><span> 4<\/span>Ist Implantatprothese dauerhaft?<\/h4><\/div>\n                        <div class=\"acc-content\">\n                            <div class=\"content\">\n                                <p>Ja, bei guter Pflege kann es ein Leben lang halten. Oberkieferprothesen k\u00f6nnen jedoch im Laufe der Zeit ersetzt werden.<\/p>\n                            <\/div>\n                        <\/div>\n                    <\/li>\n                                        <li class=\"accordion block\">\n                        <div class=\"acc-btn\"><h4><span> 5<\/span>Wie lange dauert der Implantationsprozess?<\/h4><\/div>\n                        <div class=\"acc-content\">\n                            <div class=\"content\">\n                                <p>Der chirurgische Eingriff dauert in der Regel 1\u20132 Stunden. Es kann 3\u20136 Monate dauern, bis die Implantate mit dem Knochen verwachsen sind.<\/p>\n                            <\/div>\n                        <\/div>\n                    <\/li>\n                                        <li class=\"accordion block\">\n                        <div class=\"acc-btn\"><h4><span> 6<\/span>Was ist eine Vollmundimplantatprothese?<\/h4><\/div>\n                        <div class=\"acc-content\">\n                            <div class=\"content\">\n                                <p>Es handelt sich um vollst\u00e4ndige Zahnprothesen auf Implantaten im Ober- und\/oder Unterkiefer.<\/p>\n                            <\/div>\n                        <\/div>\n                    <\/li>\n                                    <\/ul>\n            <\/div>\n        <\/div>\n    <\/section>\n    <!-- faq-section end -->\n      \n\t\t\t<\/div>\n\t\t\t\t<\/div>\n\t\t\t\t<\/div>\n\t\t\t\t<\/div>\n\t\t\t\t<\/div>","protected":false},"excerpt":{"rendered":"<p>T\u00fcm di\u015flerini kaybetmi\u015f hastalarda t\u00fcm a\u011f\u0131z implant protezler iki \u00e7e\u015fit olmal\u0131d\u0131r. \u0130mplant destekli tak\u0131p \u00e7\u0131kar\u0131labilen protezler. \u0130mplant \u00fcst\u00fc sabit protezler. Hareketli protezler istenildi\u011fi zaman \u00e7\u0131kar\u0131l\u0131p tak\u0131labilir iken sabit protezler a\u011fz\u0131n\u0131zdan hi\u00e7 \u00e7\u0131kmayacak \u015fekilde yerle\u015ftirilirler. Her iki \u00e7\u00f6z\u00fcm de eski tip, halk aras\u0131nda damak diye an\u0131lan protez tipine g\u00f6re daha \u00fcst\u00fcn olup iyi \u00e7i\u011fneyememe ve a\u011fr\u0131 [&hellip;]<\/p>","protected":false},"author":1,"featured_media":0,"parent":0,"menu_order":0,"comment_status":"closed","ping_status":"closed","template":"","meta":{"footnotes":""},"class_list":["post-3318","page","type-page","status-publish","hentry"],"_links":{"self":[{"href":"https:\/\/omerkutay.com\/de\/wp-json\/wp\/v2\/pages\/3318","targetHints":{"allow":["GET"]}}],"collection":[{"href":"https:\/\/omerkutay.com\/de\/wp-json\/wp\/v2\/pages"}],"about":[{"href":"https:\/\/omerkutay.com\/de\/wp-json\/wp\/v2\/types\/page"}],"author":[{"embeddable":true,"href":"https:\/\/omerkutay.com\/de\/wp-json\/wp\/v2\/users\/1"}],"replies":[{"embeddable":true,"href":"https:\/\/omerkutay.com\/de\/wp-json\/wp\/v2\/comments?post=3318"}],"version-history":[{"count":0,"href":"https:\/\/omerkutay.com\/de\/wp-json\/wp\/v2\/pages\/3318\/revisions"}],"wp:attachment":[{"href":"https:\/\/omerkutay.com\/de\/wp-json\/wp\/v2\/media?parent=3318"}],"curies":[{"name":"wp","href":"https:\/\/api.w.org\/{rel}","templated":true}]}}