{"id":3328,"date":"2025-02-20T10:08:59","date_gmt":"2025-02-20T07:08:59","guid":{"rendered":"https:\/\/omerkutay.com\/?page_id=3328"},"modified":"2025-08-14T15:59:19","modified_gmt":"2025-08-14T12:59:19","slug":"schnellere-wiederherstellung-prf","status":"publish","type":"page","link":"https:\/\/omerkutay.com\/de\/schnellere-wiederherstellung-prf\/","title":{"rendered":"Schnellere Wiederherstellung (PRF)"},"content":{"rendered":"<div data-elementor-type=\"wp-page\" data-elementor-id=\"3328\" class=\"elementor elementor-3328\">\n\t\t\t\t<div class=\"elementor-element elementor-element-d6797aa e-con-full tedavikapsa e-flex e-con e-parent\" data-id=\"d6797aa\" data-element_type=\"container\">\n\t\t<div class=\"elementor-element elementor-element-2bb6504 e-con-full tedavisidebarkapsa e-flex e-con e-child\" data-id=\"2bb6504\" data-element_type=\"container\">\n\t\t\t\t<div class=\"elementor-element elementor-element-b92ff26 elementor-widget elementor-widget-sidebar\" data-id=\"b92ff26\" data-element_type=\"widget\" data-widget_type=\"sidebar.default\">\n\t\t\t\t<div class=\"elementor-widget-container\">\n\t\t\t<div id=\"nav_menu-3\" class=\"service-sidebar-widget sidebar-widget mb_30 widget_nav_menu\"><div class=\"widget-title mb_17\"><h3>Behandlungen<\/h3><\/div><\/div><div id=\"text-2\" class=\"service-sidebar-widget sidebar-widget mb_30 widget_text\"><div class=\"widget-title mb_17\"><h3>Detaillierte Informationen erhalten<\/h3><\/div>\t\t\t<div class=\"textwidget\"><p class=\"wpcf7-contact-form-not-found\"><strong>Fehler:<\/strong> Kontaktformular wurde nicht gefunden.<\/p>\n<\/div>\n\t\t<\/div>\t\t<\/div>\n\t\t\t\t<\/div>\n\t\t\t\t<\/div>\n\t\t<div class=\"elementor-element elementor-element-98a712c e-con-full e-flex e-con e-child\" data-id=\"98a712c\" data-element_type=\"container\">\n\t\t\t\t<div class=\"elementor-element elementor-element-cf776e6 elementor-widget elementor-widget-text-editor\" data-id=\"cf776e6\" data-element_type=\"widget\" data-widget_type=\"text-editor.default\">\n\t\t\t\t<div class=\"elementor-widget-container\">\n\t\t\t<style>\/*! elementor - v3.21.0 - 26-05-2024 *\/\n.elementor-widget-text-editor.elementor-drop-cap-view-stacked .elementor-drop-cap{background-color:#69727d;color:#fff}.elementor-widget-text-editor.elementor-drop-cap-view-framed .elementor-drop-cap{color:#69727d;border:3px solid;background-color:transparent}.elementor-widget-text-editor:not(.elementor-drop-cap-view-default) .elementor-drop-cap{margin-top:8px}.elementor-widget-text-editor:not(.elementor-drop-cap-view-default) .elementor-drop-cap-letter{width:1em;height:1em}.elementor-widget-text-editor .elementor-drop-cap{float:left;text-align:center;line-height:1;font-size:50px}.elementor-widget-text-editor .elementor-drop-cap-letter{display:inline-block}<\/style>\t\t\t\t<div class=\"content-one mb_65\"><div class=\"text-box mb_35\"><p>Stammzellen bilden alle Organe und Gewebe in unserem K\u00f6rper. Stammzellen, die sich unbegrenzt teilen und erneuern und zu Organen und Geweben werden k\u00f6nnen, werden zur Behandlung von Krankheiten wie Krebs, Alzheimer, Diabetes, Rheuma, Herzkrankheiten und Knochenerkrankungen eingesetzt. Unser Blut fungiert auch als Stammzelle und die darin zirkulierenden Zellen unterst\u00fctzen Wachstum und Heilung.<br \/><br \/>Die Grundzellen des Blutes sind rote Blutk\u00f6rperchen, wei\u00dfe Blutk\u00f6rperchen und Gerinnungszellen. Blutpl\u00e4ttchen, die Blutgerinnungszellen, stoppen Blutungen, die infolge einer Verletzung auftreten, und bilden eine Schutzschicht, die weitere Blutungen verhindert. Diese Schutzschicht unterst\u00fctzt auch die Wundheilung. Diese Eigenschaft und Leistungsf\u00e4higkeit der Gerinnungszelle wird in vielen medizinischen Bereichen genutzt.<br \/><br \/>Aus unserem Blut gewonnenes plasmareiches Fibrin (PRF) wird beim Sinuslift und bei der Reparatur von Knochenerkrankungen im Zusammenhang mit Implantatbehandlungen in der Zahnchirurgie verwendet. PRP enth\u00e4lt viele Substanzen, die die Heilung beschleunigen.<br \/><br \/>Fibrin reich an Gewebewachstumshormonen (PRF)<br \/><br \/>\u201eDie Reparatur und das Wachstum von Zahnfleisch und Knochen ist jetzt einfacher mit PRF, das in 10 Minuten aus Blut hergestellt wird.\u201c<\/p><p><img fetchpriority=\"high\" decoding=\"async\" class=\"wp-image-4014 aligncenter\" src=\"https:\/\/omerkutay.com\/wp-content\/uploads\/2025\/02\/daha-cabuk-iyilesme-prf-implant1-300x166.jpg\" alt=\"\" width=\"780\" height=\"432\" srcset=\"https:\/\/omerkutay.com\/wp-content\/uploads\/2025\/02\/daha-cabuk-iyilesme-prf-implant1-300x166.jpg 300w, https:\/\/omerkutay.com\/wp-content\/uploads\/2025\/02\/daha-cabuk-iyilesme-prf-implant1.jpg 767w\" sizes=\"(max-width: 780px) 100vw, 780px\" \/><\/p><p><strong>1-<\/strong>\u00a0Zur Herstellung von PRF-Material wird dem Patienten Blut abgenommen<br \/><br \/><strong>2-<\/strong>\u00a0Blut wird durch eine spezielle medizinische Zentrifuge in Thrombozytenkonzentrat umgewandelt<br \/><br \/><strong>3,4-<\/strong>\u00a0Aus dieser Thrombozytenkonzentration werden wei\u00dfe Blutk\u00f6rperchen und Membranen produziert, die reich an blutgef\u00e4\u00dferweiternden Wirkstoffen sind.<br \/><br \/><strong>5-<\/strong>\u00a0Diese Membranen werden dann auf die zu heilende Stelle des Patienten gelegt.<br \/><br \/><strong>6,7<\/strong>\u00a0\u2013 Diese Teile, die vollst\u00e4ndig aus k\u00f6rpereigenen Materialien des Patienten bestehen, beschleunigen die Wundheilung, das Knochenwachstum und helfen bei der Platzierung von Transplantaten (k\u00fcnstlicher Knochen).<br \/><br \/><b>Die markantesten Merkmale von PRF:<\/b><\/p><ol><li><p>Beschleunigung der Gewebeheilung<\/p><\/li><li><p>Beschleunigt die Blutstillung<\/p><\/li><li><p>Ungiftig<\/p><\/li><li><p>Da es aus dem Eigenblut des Patienten gewonnen wird, kommt es zu keiner Reaktion des Immunsystems.<\/p><\/li><\/ol><p>PRF wird aus dem Eigenblut des Patienten gewonnen und ist daher ein nat\u00fcrliches Heilmittel. PRF wird mit einem speziellen Zentrifugenger\u00e4t in der Klinik gewonnen und sofort angewendet. Dadurch verk\u00fcrzen sich die Erholungszeiten nach allen intraoralen Eingriffen und die Patienten erlangen ihre Gesundheit schneller zur\u00fcck.<\/p><\/div><\/div>\t\t\t\t\t\t<\/div>\n\t\t\t\t<\/div>\n\t\t\t\t<div class=\"elementor-element elementor-element-6a5ecf2 elementor-widget elementor-widget-heading\" data-id=\"6a5ecf2\" data-element_type=\"widget\" data-widget_type=\"heading.default\">\n\t\t\t\t<div class=\"elementor-widget-container\">\n\t\t\t<style>\/*! elementor - v3.21.0 - 26-05-2024 *\/\n.elementor-heading-title{padding:0;margin:0;line-height:1}.elementor-widget-heading .elementor-heading-title[class*=elementor-size-]>a{color:inherit;font-size:inherit;line-height:inherit}.elementor-widget-heading .elementor-heading-title.elementor-size-small{font-size:15px}.elementor-widget-heading .elementor-heading-title.elementor-size-medium{font-size:19px}.elementor-widget-heading .elementor-heading-title.elementor-size-large{font-size:29px}.elementor-widget-heading .elementor-heading-title.elementor-size-xl{font-size:39px}.elementor-widget-heading .elementor-heading-title.elementor-size-xxl{font-size:59px}<\/style><div class=\"elementor-heading-title elementor-size-default\">H\u00e4ufig gestellte Fragen<\/div>\t\t<\/div>\n\t\t\t\t<\/div>\n\t\t\t\t<div class=\"elementor-element elementor-element-aeaad9d elementor-widget elementor-widget-labout_faqs\" data-id=\"aeaad9d\" data-element_type=\"widget\" data-widget_type=\"labout_faqs.default\">\n\t\t\t\t<div class=\"elementor-widget-container\">\n\t\t\t    \n    <!-- faq-section -->\n    <section class=\"faq-section pt_120 pb_120\">\n                <div class=\"auto-container\">\n                        <div class=\"inner-container\">\n                <ul class=\"accordion-box\">\n                                        <li class=\"accordion block\">\n                        <div class=\"acc-btn\"><h4><span> 1<\/span>Ist das PRF-Verfahren schmerzhaft?<\/h4><\/div>\n                        <div class=\"acc-content\">\n                            <div class=\"content\">\n                                <p>Nein, nur der Vorgang der Blutentnahme ist sp\u00fcrbar, der Eingriff selbst jedoch schmerzfrei.<\/p>\n                            <\/div>\n                        <\/div>\n                    <\/li>\n                                        <li class=\"accordion block\">\n                        <div class=\"acc-btn\"><h4><span> 2<\/span>Wie wird der PRF-Prozess durchgef\u00fchrt?<\/h4><\/div>\n                        <div class=\"acc-content\">\n                            <div class=\"content\">\n                                <p>Dem Patienten wird Blut entnommen, zentrifugiert und das entstandene Fibringerinnsel in den Behandlungsbereich gelegt.<\/p>\n                            <\/div>\n                        <\/div>\n                    <\/li>\n                                        <li class=\"accordion block active-block\">\n                        <div class=\"acc-btn active\"><h4><span> 3<\/span>Bei welchen zahn\u00e4rztlichen Behandlungen wird PRF eingesetzt?<\/h4><\/div>\n                        <div class=\"acc-content current\">\n                            <div class=\"content\">\n                                <p>Es wird verwendet, um die Heilung bei Implantaten, Zahnextraktionen, Knochentransplantaten und Zahnfleischbehandlungen zu beschleunigen.<\/p>\n                            <\/div>\n                        <\/div>\n                    <\/li>\n                                        <li class=\"accordion block\">\n                        <div class=\"acc-btn\"><h4><span> 4<\/span>Was ist PRF?<\/h4><\/div>\n                        <div class=\"acc-content\">\n                            <div class=\"content\">\n                                <p>Es handelt sich um eine nat\u00fcrliche Behandlungsmethode, die aus dem eigenen Blut des Patienten gewonnen wird und die Heilung beschleunigt.<\/p>\n                            <\/div>\n                        <\/div>\n                    <\/li>\n                                    <\/ul>\n            <\/div>\n        <\/div>\n    <\/section>\n    <!-- faq-section end -->\n      \n\t\t\t<\/div>\n\t\t\t\t<\/div>\n\t\t\t\t<\/div>\n\t\t\t\t<\/div>\n\t\t\t\t<\/div>","protected":false},"excerpt":{"rendered":"<p>K\u00f6k h\u00fccreler v\u00fccudumuzdaki t\u00fcm organlar\u0131 ve dokular\u0131 olu\u015ftururlar. S\u0131n\u0131rs\u0131z say\u0131da b\u00f6l\u00fcnerek ve kendilerini yenileyerek organ ve dokulara d\u00f6n\u00fc\u015febilen k\u00f6k h\u00fccreler bu \u00f6zellikleriyle kanser, alzheimer, diyabet, romatizma, kalp hastal\u0131klar\u0131, kemik hastal\u0131klar\u0131 gibi hastal\u0131klar\u0131n tedavisinde kullan\u0131lmaktad\u0131r. Kan\u0131m\u0131z da k\u00f6k h\u00fccresi g\u00f6revi g\u00f6r\u00fcr ve i\u00e7inde dola\u015fan h\u00fccreler b\u00fcy\u00fcme ve iyile\u015fmeye yard\u0131mc\u0131 olurlar. Kan\u0131n temel h\u00fccreleri alyuvar, akyuvar ve [&hellip;]<\/p>","protected":false},"author":1,"featured_media":0,"parent":0,"menu_order":0,"comment_status":"closed","ping_status":"closed","template":"","meta":{"footnotes":""},"class_list":["post-3328","page","type-page","status-publish","hentry"],"_links":{"self":[{"href":"https:\/\/omerkutay.com\/de\/wp-json\/wp\/v2\/pages\/3328","targetHints":{"allow":["GET"]}}],"collection":[{"href":"https:\/\/omerkutay.com\/de\/wp-json\/wp\/v2\/pages"}],"about":[{"href":"https:\/\/omerkutay.com\/de\/wp-json\/wp\/v2\/types\/page"}],"author":[{"embeddable":true,"href":"https:\/\/omerkutay.com\/de\/wp-json\/wp\/v2\/users\/1"}],"replies":[{"embeddable":true,"href":"https:\/\/omerkutay.com\/de\/wp-json\/wp\/v2\/comments?post=3328"}],"version-history":[{"count":0,"href":"https:\/\/omerkutay.com\/de\/wp-json\/wp\/v2\/pages\/3328\/revisions"}],"wp:attachment":[{"href":"https:\/\/omerkutay.com\/de\/wp-json\/wp\/v2\/media?parent=3328"}],"curies":[{"name":"wp","href":"https:\/\/api.w.org\/{rel}","templated":true}]}}