{"id":3333,"date":"2025-02-20T10:30:49","date_gmt":"2025-02-20T07:30:49","guid":{"rendered":"https:\/\/omerkutay.com\/?page_id=3333"},"modified":"2026-01-14T15:34:33","modified_gmt":"2026-01-14T12:34:33","slug":"zahnfullung","status":"publish","type":"page","link":"https:\/\/omerkutay.com\/de\/zahnfullung\/","title":{"rendered":"Zahnf\u00fcllung"},"content":{"rendered":"<div data-elementor-type=\"wp-page\" data-elementor-id=\"3333\" class=\"elementor elementor-3333\">\n\t\t\t\t<div class=\"elementor-element elementor-element-d6797aa e-con-full tedavikapsa e-flex e-con e-parent\" data-id=\"d6797aa\" data-element_type=\"container\">\n\t\t<div class=\"elementor-element elementor-element-2bb6504 e-con-full tedavisidebarkapsa e-flex e-con e-child\" data-id=\"2bb6504\" data-element_type=\"container\">\n\t\t\t\t<div class=\"elementor-element elementor-element-b92ff26 elementor-widget elementor-widget-sidebar\" data-id=\"b92ff26\" data-element_type=\"widget\" data-widget_type=\"sidebar.default\">\n\t\t\t\t<div class=\"elementor-widget-container\">\n\t\t\t<div id=\"nav_menu-3\" class=\"service-sidebar-widget sidebar-widget mb_30 widget_nav_menu\"><div class=\"widget-title mb_17\"><h3>Behandlungen<\/h3><\/div><\/div><div id=\"text-2\" class=\"service-sidebar-widget sidebar-widget mb_30 widget_text\"><div class=\"widget-title mb_17\"><h3>Detaillierte Informationen erhalten<\/h3><\/div>\t\t\t<div class=\"textwidget\"><p class=\"wpcf7-contact-form-not-found\"><strong>Fehler:<\/strong> Kontaktformular wurde nicht gefunden.<\/p>\n<\/div>\n\t\t<\/div>\t\t<\/div>\n\t\t\t\t<\/div>\n\t\t\t\t<\/div>\n\t\t<div class=\"elementor-element elementor-element-98a712c e-con-full e-flex e-con e-child\" data-id=\"98a712c\" data-element_type=\"container\">\n\t\t\t\t<div class=\"elementor-element elementor-element-cf776e6 elementor-widget elementor-widget-text-editor\" data-id=\"cf776e6\" data-element_type=\"widget\" data-widget_type=\"text-editor.default\">\n\t\t\t\t<div class=\"elementor-widget-container\">\n\t\t\t<style>\/*! elementor - v3.21.0 - 26-05-2024 *\/\n.elementor-widget-text-editor.elementor-drop-cap-view-stacked .elementor-drop-cap{background-color:#69727d;color:#fff}.elementor-widget-text-editor.elementor-drop-cap-view-framed .elementor-drop-cap{color:#69727d;border:3px solid;background-color:transparent}.elementor-widget-text-editor:not(.elementor-drop-cap-view-default) .elementor-drop-cap{margin-top:8px}.elementor-widget-text-editor:not(.elementor-drop-cap-view-default) .elementor-drop-cap-letter{width:1em;height:1em}.elementor-widget-text-editor .elementor-drop-cap{float:left;text-align:center;line-height:1;font-size:50px}.elementor-widget-text-editor .elementor-drop-cap-letter{display:inline-block}<\/style>\t\t\t\t<div class=\"content-one mb_65\"><div class=\"text-box mb_35\"><p><img fetchpriority=\"high\" decoding=\"async\" class=\"size-medium wp-image-3916 alignright\" src=\"https:\/\/omerkutay.com\/wp-content\/uploads\/2025\/02\/dolgu-dis1-300x244.jpg\" alt=\"\" width=\"300\" height=\"244\" srcset=\"https:\/\/omerkutay.com\/wp-content\/uploads\/2025\/02\/dolgu-dis1-300x244.jpg 300w, https:\/\/omerkutay.com\/wp-content\/uploads\/2025\/02\/dolgu-dis1.jpg 768w\" sizes=\"(max-width: 300px) 100vw, 300px\" \/>Mit einer Zahnf\u00fcllung k\u00f6nnen die gesunde Funktion und das Aussehen eines kari\u00f6sen Zahns wiederhergestellt werden. Ihr Zahnarzt entfernt zun\u00e4chst das kari\u00f6se Gewebe und f\u00fcllt den Raum anschlie\u00dfend mit F\u00fcllmaterial. Auf diese Weise werden die L\u00fccken, in denen sich Bakterien einnisten k\u00f6nnen, geschlossen und weiterer Karies vorgebeugt.<\/p><div class=\"col-lg-12 col-md-12 col-12\"><p>Zur F\u00fcllung k\u00f6nnen unterschiedliche Materialien verwendet werden. Zum Beispiel Gold, Porzellan, Kompositharz (wei\u00dfe F\u00fcllungen) und Amalgam (silberfarben).<\/p><div class=\"col-lg-12 col-md-12 col-12\"><h2>Welche F\u00fcllart ist am besten geeignet?<\/h2><\/div><\/div><\/div><\/div>\t\t\t\t\t\t<\/div>\n\t\t\t\t<\/div>\n\t\t<div class=\"elementor-element elementor-element-24f31f4 e-con-full e-flex e-con e-child\" data-id=\"24f31f4\" data-element_type=\"container\">\n\t\t<div class=\"elementor-element elementor-element-6c9c88b e-con-full e-flex e-con e-child\" data-id=\"6c9c88b\" data-element_type=\"container\">\n\t\t\t\t<div class=\"elementor-element elementor-element-fe1c159 altndlgutxt elementor-widget elementor-widget-heading\" data-id=\"fe1c159\" data-element_type=\"widget\" data-widget_type=\"heading.default\">\n\t\t\t\t<div class=\"elementor-widget-container\">\n\t\t\t<style>\/*! elementor - v3.21.0 - 26-05-2024 *\/\n.elementor-heading-title{padding:0;margin:0;line-height:1}.elementor-widget-heading .elementor-heading-title[class*=elementor-size-]>a{color:inherit;font-size:inherit;line-height:inherit}.elementor-widget-heading .elementor-heading-title.elementor-size-small{font-size:15px}.elementor-widget-heading .elementor-heading-title.elementor-size-medium{font-size:19px}.elementor-widget-heading .elementor-heading-title.elementor-size-large{font-size:29px}.elementor-widget-heading .elementor-heading-title.elementor-size-xl{font-size:39px}.elementor-widget-heading .elementor-heading-title.elementor-size-xxl{font-size:59px}<\/style><span class=\"elementor-heading-title elementor-size-default\">Goldf\u00fcllung<\/span>\t\t<\/div>\n\t\t\t\t<\/div>\n\t\t\t\t<div class=\"elementor-element elementor-element-e4d4259 elementor-widget-divider--view-line elementor-widget elementor-widget-divider\" data-id=\"e4d4259\" data-element_type=\"widget\" data-widget_type=\"divider.default\">\n\t\t\t\t<div class=\"elementor-widget-container\">\n\t\t\t<style>\/*! elementor - v3.21.0 - 26-05-2024 *\/\n.elementor-widget-divider{--divider-border-style:none;--divider-border-width:1px;--divider-color:#0c0d0e;--divider-icon-size:20px;--divider-element-spacing:10px;--divider-pattern-height:24px;--divider-pattern-size:20px;--divider-pattern-url:none;--divider-pattern-repeat:repeat-x}.elementor-widget-divider .elementor-divider{display:flex}.elementor-widget-divider .elementor-divider__text{font-size:15px;line-height:1;max-width:95%}.elementor-widget-divider .elementor-divider__element{margin:0 var(--divider-element-spacing);flex-shrink:0}.elementor-widget-divider .elementor-icon{font-size:var(--divider-icon-size)}.elementor-widget-divider .elementor-divider-separator{display:flex;margin:0;direction:ltr}.elementor-widget-divider--view-line_icon .elementor-divider-separator,.elementor-widget-divider--view-line_text .elementor-divider-separator{align-items:center}.elementor-widget-divider--view-line_icon .elementor-divider-separator:after,.elementor-widget-divider--view-line_icon .elementor-divider-separator:before,.elementor-widget-divider--view-line_text .elementor-divider-separator:after,.elementor-widget-divider--view-line_text .elementor-divider-separator:before{display:block;content:\"\";border-block-end:0;flex-grow:1;border-block-start:var(--divider-border-width) var(--divider-border-style) var(--divider-color)}.elementor-widget-divider--element-align-left .elementor-divider .elementor-divider-separator>.elementor-divider__svg:first-of-type{flex-grow:0;flex-shrink:100}.elementor-widget-divider--element-align-left .elementor-divider-separator:before{content:none}.elementor-widget-divider--element-align-left .elementor-divider__element{margin-left:0}.elementor-widget-divider--element-align-right .elementor-divider .elementor-divider-separator>.elementor-divider__svg:last-of-type{flex-grow:0;flex-shrink:100}.elementor-widget-divider--element-align-right .elementor-divider-separator:after{content:none}.elementor-widget-divider--element-align-right .elementor-divider__element{margin-right:0}.elementor-widget-divider--element-align-start .elementor-divider .elementor-divider-separator>.elementor-divider__svg:first-of-type{flex-grow:0;flex-shrink:100}.elementor-widget-divider--element-align-start .elementor-divider-separator:before{content:none}.elementor-widget-divider--element-align-start .elementor-divider__element{margin-inline-start:0}.elementor-widget-divider--element-align-end .elementor-divider .elementor-divider-separator>.elementor-divider__svg:last-of-type{flex-grow:0;flex-shrink:100}.elementor-widget-divider--element-align-end .elementor-divider-separator:after{content:none}.elementor-widget-divider--element-align-end .elementor-divider__element{margin-inline-end:0}.elementor-widget-divider:not(.elementor-widget-divider--view-line_text):not(.elementor-widget-divider--view-line_icon) .elementor-divider-separator{border-block-start:var(--divider-border-width) var(--divider-border-style) var(--divider-color)}.elementor-widget-divider--separator-type-pattern{--divider-border-style:none}.elementor-widget-divider--separator-type-pattern.elementor-widget-divider--view-line .elementor-divider-separator,.elementor-widget-divider--separator-type-pattern:not(.elementor-widget-divider--view-line) .elementor-divider-separator:after,.elementor-widget-divider--separator-type-pattern:not(.elementor-widget-divider--view-line) .elementor-divider-separator:before,.elementor-widget-divider--separator-type-pattern:not([class*=elementor-widget-divider--view]) .elementor-divider-separator{width:100%;min-height:var(--divider-pattern-height);-webkit-mask-size:var(--divider-pattern-size) 100%;mask-size:var(--divider-pattern-size) 100%;-webkit-mask-repeat:var(--divider-pattern-repeat);mask-repeat:var(--divider-pattern-repeat);background-color:var(--divider-color);-webkit-mask-image:var(--divider-pattern-url);mask-image:var(--divider-pattern-url)}.elementor-widget-divider--no-spacing{--divider-pattern-size:auto}.elementor-widget-divider--bg-round{--divider-pattern-repeat:round}.rtl .elementor-widget-divider .elementor-divider__text{direction:rtl}.e-con-inner>.elementor-widget-divider,.e-con>.elementor-widget-divider{width:var(--container-widget-width,100%);--flex-grow:var(--container-widget-flex-grow)}<\/style>\t\t<div class=\"elementor-divider\">\n\t\t\t<span class=\"elementor-divider-separator\">\n\t\t\t\t\t\t<\/span>\n\t\t<\/div>\n\t\t\t\t<\/div>\n\t\t\t\t<\/div>\n\t\t\t\t<div class=\"elementor-element elementor-element-2dc332d elementor-widget elementor-widget-image\" data-id=\"2dc332d\" data-element_type=\"widget\" data-widget_type=\"image.default\">\n\t\t\t\t<div class=\"elementor-widget-container\">\n\t\t\t<style>\/*! elementor - v3.21.0 - 26-05-2024 *\/\n.elementor-widget-image{text-align:center}.elementor-widget-image a{display:inline-block}.elementor-widget-image a img[src$=\".svg\"]{width:48px}.elementor-widget-image img{vertical-align:middle;display:inline-block}<\/style>\t\t\t\t\t\t\t\t\t\t<img decoding=\"async\" width=\"100\" height=\"100\" src=\"https:\/\/omerkutay.com\/wp-content\/uploads\/2025\/02\/dolgu-dis2.jpg\" class=\"attachment-large size-large wp-image-3911\" alt=\"\" srcset=\"https:\/\/omerkutay.com\/wp-content\/uploads\/2025\/02\/dolgu-dis2.jpg 100w, https:\/\/omerkutay.com\/wp-content\/uploads\/2025\/02\/dolgu-dis2-90x90.jpg 90w, https:\/\/omerkutay.com\/wp-content\/uploads\/2025\/02\/dolgu-dis2-97x97.jpg 97w, https:\/\/omerkutay.com\/wp-content\/uploads\/2025\/02\/dolgu-dis2-70x70.jpg 70w\" sizes=\"(max-width: 100px) 100vw, 100px\" \/>\t\t\t\t\t\t\t\t\t\t\t\t\t<\/div>\n\t\t\t\t<\/div>\n\t\t\t\t<\/div>\n\t\t<div class=\"elementor-element elementor-element-b820cc6 e-con-full e-flex e-con e-child\" data-id=\"b820cc6\" data-element_type=\"container\">\n\t\t\t\t<div class=\"elementor-element elementor-element-7f65fe6 amlgndlgutxt elementor-widget elementor-widget-heading\" data-id=\"7f65fe6\" data-element_type=\"widget\" data-widget_type=\"heading.default\">\n\t\t\t\t<div class=\"elementor-widget-container\">\n\t\t\t<span class=\"elementor-heading-title elementor-size-default\">Amalgamf\u00fcllung<\/span>\t\t<\/div>\n\t\t\t\t<\/div>\n\t\t\t\t<div class=\"elementor-element elementor-element-2095f3c elementor-widget-divider--view-line elementor-widget elementor-widget-divider\" data-id=\"2095f3c\" data-element_type=\"widget\" data-widget_type=\"divider.default\">\n\t\t\t\t<div class=\"elementor-widget-container\">\n\t\t\t\t\t<div class=\"elementor-divider\">\n\t\t\t<span class=\"elementor-divider-separator\">\n\t\t\t\t\t\t<\/span>\n\t\t<\/div>\n\t\t\t\t<\/div>\n\t\t\t\t<\/div>\n\t\t\t\t<div class=\"elementor-element elementor-element-9207199 elementor-widget elementor-widget-image\" data-id=\"9207199\" data-element_type=\"widget\" data-widget_type=\"image.default\">\n\t\t\t\t<div class=\"elementor-widget-container\">\n\t\t\t\t\t\t\t\t\t\t\t\t\t<img decoding=\"async\" width=\"100\" height=\"100\" src=\"https:\/\/omerkutay.com\/wp-content\/uploads\/2025\/02\/dolgu-dis3.jpg\" class=\"attachment-large size-large wp-image-3910\" alt=\"\" srcset=\"https:\/\/omerkutay.com\/wp-content\/uploads\/2025\/02\/dolgu-dis3.jpg 100w, https:\/\/omerkutay.com\/wp-content\/uploads\/2025\/02\/dolgu-dis3-90x90.jpg 90w, https:\/\/omerkutay.com\/wp-content\/uploads\/2025\/02\/dolgu-dis3-97x97.jpg 97w, https:\/\/omerkutay.com\/wp-content\/uploads\/2025\/02\/dolgu-dis3-70x70.jpg 70w\" sizes=\"(max-width: 100px) 100vw, 100px\" \/>\t\t\t\t\t\t\t\t\t\t\t\t\t<\/div>\n\t\t\t\t<\/div>\n\t\t\t\t<\/div>\n\t\t<div class=\"elementor-element elementor-element-9c7b131 e-con-full e-flex e-con e-child\" data-id=\"9c7b131\" data-element_type=\"container\">\n\t\t\t\t<div class=\"elementor-element elementor-element-b466218 kmpztdlgutxt elementor-widget elementor-widget-heading\" data-id=\"b466218\" data-element_type=\"widget\" data-widget_type=\"heading.default\">\n\t\t\t\t<div class=\"elementor-widget-container\">\n\t\t\t<span class=\"elementor-heading-title elementor-size-default\">Kompositharz<\/span>\t\t<\/div>\n\t\t\t\t<\/div>\n\t\t\t\t<div class=\"elementor-element elementor-element-52836af elementor-widget-divider--view-line elementor-widget elementor-widget-divider\" data-id=\"52836af\" data-element_type=\"widget\" data-widget_type=\"divider.default\">\n\t\t\t\t<div class=\"elementor-widget-container\">\n\t\t\t\t\t<div class=\"elementor-divider\">\n\t\t\t<span class=\"elementor-divider-separator\">\n\t\t\t\t\t\t<\/span>\n\t\t<\/div>\n\t\t\t\t<\/div>\n\t\t\t\t<\/div>\n\t\t\t\t<div class=\"elementor-element elementor-element-7eb0ef3 elementor-widget elementor-widget-image\" data-id=\"7eb0ef3\" data-element_type=\"widget\" data-widget_type=\"image.default\">\n\t\t\t\t<div class=\"elementor-widget-container\">\n\t\t\t\t\t\t\t\t\t\t\t\t\t<img loading=\"lazy\" decoding=\"async\" width=\"100\" height=\"100\" src=\"https:\/\/omerkutay.com\/wp-content\/uploads\/2025\/02\/dolgu-dis4.jpg\" class=\"attachment-large size-large wp-image-3909\" alt=\"\" srcset=\"https:\/\/omerkutay.com\/wp-content\/uploads\/2025\/02\/dolgu-dis4.jpg 100w, https:\/\/omerkutay.com\/wp-content\/uploads\/2025\/02\/dolgu-dis4-90x90.jpg 90w, https:\/\/omerkutay.com\/wp-content\/uploads\/2025\/02\/dolgu-dis4-97x97.jpg 97w, https:\/\/omerkutay.com\/wp-content\/uploads\/2025\/02\/dolgu-dis4-70x70.jpg 70w\" sizes=\"(max-width: 100px) 100vw, 100px\" \/>\t\t\t\t\t\t\t\t\t\t\t\t\t<\/div>\n\t\t\t\t<\/div>\n\t\t\t\t<\/div>\n\t\t<div class=\"elementor-element elementor-element-7e7606f e-con-full e-flex e-con e-child\" data-id=\"7e7606f\" data-element_type=\"container\">\n\t\t\t\t<div class=\"elementor-element elementor-element-512515a prslndlgutxt elementor-widget elementor-widget-heading\" data-id=\"512515a\" data-element_type=\"widget\" data-widget_type=\"heading.default\">\n\t\t\t\t<div class=\"elementor-widget-container\">\n\t\t\t<span class=\"elementor-heading-title elementor-size-default\">Porzellanf\u00fcllung<\/span>\t\t<\/div>\n\t\t\t\t<\/div>\n\t\t\t\t<div class=\"elementor-element elementor-element-2a47e40 elementor-widget-divider--view-line elementor-widget elementor-widget-divider\" data-id=\"2a47e40\" data-element_type=\"widget\" data-widget_type=\"divider.default\">\n\t\t\t\t<div class=\"elementor-widget-container\">\n\t\t\t\t\t<div class=\"elementor-divider\">\n\t\t\t<span class=\"elementor-divider-separator\">\n\t\t\t\t\t\t<\/span>\n\t\t<\/div>\n\t\t\t\t<\/div>\n\t\t\t\t<\/div>\n\t\t\t\t<div class=\"elementor-element elementor-element-fd89750 elementor-widget elementor-widget-image\" data-id=\"fd89750\" data-element_type=\"widget\" data-widget_type=\"image.default\">\n\t\t\t\t<div class=\"elementor-widget-container\">\n\t\t\t\t\t\t\t\t\t\t\t\t\t<img decoding=\"async\" src=\"https:\/\/omerkutay.com\/wp-content\/uploads\/elementor\/thumbs\/dolgu-dis5-r1tv134gdvltvw0z6hlo18xwvhyfvrsogcjlh796nc.jpg\" title=\"F\u00fcll-Dis5\" alt=\"F\u00fcll-Dis5\" loading=\"lazy\" \/>\t\t\t\t\t\t\t\t\t\t\t\t\t<\/div>\n\t\t\t\t<\/div>\n\t\t\t\t<\/div>\n\t\t\t\t<\/div>\n\t\t\t\t<div class=\"elementor-element elementor-element-6a5ecf2 elementor-widget elementor-widget-heading\" data-id=\"6a5ecf2\" data-element_type=\"widget\" data-widget_type=\"heading.default\">\n\t\t\t\t<div class=\"elementor-widget-container\">\n\t\t\t<div class=\"elementor-heading-title elementor-size-default\">H\u00e4ufig gestellte Fragen<\/div>\t\t<\/div>\n\t\t\t\t<\/div>\n\t\t\t\t<div class=\"elementor-element elementor-element-aeaad9d elementor-widget elementor-widget-labout_faqs\" data-id=\"aeaad9d\" data-element_type=\"widget\" data-widget_type=\"labout_faqs.default\">\n\t\t\t\t<div class=\"elementor-widget-container\">\n\t\t\t    \n    <!-- faq-section -->\n    <section class=\"faq-section pt_120 pb_120\">\n                <div class=\"auto-container\">\n                        <div class=\"inner-container\">\n                <ul class=\"accordion-box\">\n                                        <li class=\"accordion block\">\n                        <div class=\"acc-btn\"><h4><span> 1<\/span>Gibt es Schmerzen nach einer Zahnf\u00fcllung?<\/h4><\/div>\n                        <div class=\"acc-content\">\n                            <div class=\"content\">\n                                <p>Es kann zu einer leichten Druckempfindlichkeit kommen, die jedoch innerhalb weniger Tage nachl\u00e4sst.<\/p>\n                            <\/div>\n                        <\/div>\n                    <\/li>\n                                        <li class=\"accordion block\">\n                        <div class=\"acc-btn\"><h4><span> 2<\/span>Wie lange h\u00e4lt eine Zahnf\u00fcllung?<\/h4><\/div>\n                        <div class=\"acc-content\">\n                            <div class=\"content\">\n                                <p>Sie variiert je nach verwendetem Material, h\u00e4lt aber im Allgemeinen zwischen 5 und 15 Jahren.<\/p>\n                            <\/div>\n                        <\/div>\n                    <\/li>\n                                        <li class=\"accordion block active-block\">\n                        <div class=\"acc-btn active\"><h4><span> 3<\/span>Sind Zahnf\u00fcllungen schmerzhaft?<\/h4><\/div>\n                        <div class=\"acc-content current\">\n                            <div class=\"content\">\n                                <p>Da der Eingriff unter \u00f6rtlicher Bet\u00e4ubung durchgef\u00fchrt wird, sind keine Schmerzen zu sp\u00fcren.<\/p>\n                            <\/div>\n                        <\/div>\n                    <\/li>\n                                        <li class=\"accordion block\">\n                        <div class=\"acc-btn\"><h4><span> 4<\/span>Welche Arten von Zahnf\u00fcllungen gibt es?<\/h4><\/div>\n                        <div class=\"acc-content\">\n                            <div class=\"content\">\n                                <p>Es gibt F\u00fcllungsarten aus Komposit (wei\u00df), Amalgam (silber), Porzellan und Gold.<\/p>\n                            <\/div>\n                        <\/div>\n                    <\/li>\n                                        <li class=\"accordion block\">\n                        <div class=\"acc-btn\"><h4><span> 5<\/span>Was ist eine Zahnf\u00fcllung?<\/h4><\/div>\n                        <div class=\"acc-content\">\n                            <div class=\"content\">\n                                <p>Es handelt sich um einen Eingriff, bei dem F\u00fcllmaterial zur Reparatur kari\u00f6ser oder gebrochener Z\u00e4hne verwendet wird.<\/p>\n                            <\/div>\n                        <\/div>\n                    <\/li>\n                                    <\/ul>\n            <\/div>\n        <\/div>\n    <\/section>\n    <!-- faq-section end -->\n      \n\t\t\t<\/div>\n\t\t\t\t<\/div>\n\t\t\t\t<\/div>\n\t\t\t\t<\/div>\n\t\t\t\t<\/div>","protected":false},"excerpt":{"rendered":"<p>Dolgu di\u015f, \u00e7\u00fcr\u00fck di\u015fin sa\u011fl\u0131kl\u0131 i\u015flevini (fonksiyonunu) ve g\u00f6r\u00fcn\u00fcm\u00fcn\u00fc geri kazand\u0131rman\u0131n bir yoludur. Hekiminiz ilk \u00f6nce \u00e7\u00fcr\u00fcm\u00fc\u015f dokuyu temizler ve daha sonra yerindeki bo\u015flu\u011fu dolgu malzemesi ile doldurur. B\u00f6ylece bakterilerin yuvalanabilece\u011fi bo\u015fluklar kapanarak di\u015fin daha fazla \u00e7\u00fcr\u00fcmesi engellenmi\u015f olur. Dolgu i\u00e7in farkl\u0131 malzemeler kullan\u0131labilir. \u00d6rne\u011fin, alt\u0131n, porselen, kompozit re\u00e7ine (beyaz dolgu) ve amalgam (g\u00fcm\u00fc\u015f renkli). [&hellip;]<\/p>","protected":false},"author":1,"featured_media":0,"parent":0,"menu_order":0,"comment_status":"closed","ping_status":"closed","template":"","meta":{"footnotes":""},"class_list":["post-3333","page","type-page","status-publish","hentry"],"_links":{"self":[{"href":"https:\/\/omerkutay.com\/de\/wp-json\/wp\/v2\/pages\/3333","targetHints":{"allow":["GET"]}}],"collection":[{"href":"https:\/\/omerkutay.com\/de\/wp-json\/wp\/v2\/pages"}],"about":[{"href":"https:\/\/omerkutay.com\/de\/wp-json\/wp\/v2\/types\/page"}],"author":[{"embeddable":true,"href":"https:\/\/omerkutay.com\/de\/wp-json\/wp\/v2\/users\/1"}],"replies":[{"embeddable":true,"href":"https:\/\/omerkutay.com\/de\/wp-json\/wp\/v2\/comments?post=3333"}],"version-history":[{"count":0,"href":"https:\/\/omerkutay.com\/de\/wp-json\/wp\/v2\/pages\/3333\/revisions"}],"wp:attachment":[{"href":"https:\/\/omerkutay.com\/de\/wp-json\/wp\/v2\/media?parent=3333"}],"curies":[{"name":"wp","href":"https:\/\/api.w.org\/{rel}","templated":true}]}}