{"id":3335,"date":"2025-02-20T10:11:25","date_gmt":"2025-02-20T07:11:25","guid":{"rendered":"https:\/\/omerkutay.com\/?page_id=3335"},"modified":"2025-08-14T15:43:31","modified_gmt":"2025-08-14T12:43:31","slug":"lacheln-design","status":"publish","type":"page","link":"https:\/\/omerkutay.com\/de\/lacheln-design\/","title":{"rendered":"L\u00e4cheln-Design"},"content":{"rendered":"<div data-elementor-type=\"wp-page\" data-elementor-id=\"3335\" class=\"elementor elementor-3335\">\n\t\t\t\t<div class=\"elementor-element elementor-element-d6797aa e-con-full tedavikapsa e-flex e-con e-parent\" data-id=\"d6797aa\" data-element_type=\"container\">\n\t\t<div class=\"elementor-element elementor-element-2bb6504 e-con-full tedavisidebarkapsa e-flex e-con e-child\" data-id=\"2bb6504\" data-element_type=\"container\">\n\t\t\t\t<div class=\"elementor-element elementor-element-b92ff26 elementor-widget elementor-widget-sidebar\" data-id=\"b92ff26\" data-element_type=\"widget\" data-widget_type=\"sidebar.default\">\n\t\t\t\t<div class=\"elementor-widget-container\">\n\t\t\t<div id=\"nav_menu-3\" class=\"service-sidebar-widget sidebar-widget mb_30 widget_nav_menu\"><div class=\"widget-title mb_17\"><h3>Behandlungen<\/h3><\/div><\/div><div id=\"text-2\" class=\"service-sidebar-widget sidebar-widget mb_30 widget_text\"><div class=\"widget-title mb_17\"><h3>Detaillierte Informationen erhalten<\/h3><\/div>\t\t\t<div class=\"textwidget\"><p class=\"wpcf7-contact-form-not-found\"><strong>Fehler:<\/strong> Kontaktformular wurde nicht gefunden.<\/p>\n<\/div>\n\t\t<\/div>\t\t<\/div>\n\t\t\t\t<\/div>\n\t\t\t\t<\/div>\n\t\t<div class=\"elementor-element elementor-element-98a712c e-con-full e-flex e-con e-child\" data-id=\"98a712c\" data-element_type=\"container\">\n\t\t\t\t<div class=\"elementor-element elementor-element-cf776e6 elementor-widget elementor-widget-text-editor\" data-id=\"cf776e6\" data-element_type=\"widget\" data-widget_type=\"text-editor.default\">\n\t\t\t\t<div class=\"elementor-widget-container\">\n\t\t\t<style>\/*! elementor - v3.21.0 - 26-05-2024 *\/\n.elementor-widget-text-editor.elementor-drop-cap-view-stacked .elementor-drop-cap{background-color:#69727d;color:#fff}.elementor-widget-text-editor.elementor-drop-cap-view-framed .elementor-drop-cap{color:#69727d;border:3px solid;background-color:transparent}.elementor-widget-text-editor:not(.elementor-drop-cap-view-default) .elementor-drop-cap{margin-top:8px}.elementor-widget-text-editor:not(.elementor-drop-cap-view-default) .elementor-drop-cap-letter{width:1em;height:1em}.elementor-widget-text-editor .elementor-drop-cap{float:left;text-align:center;line-height:1;font-size:50px}.elementor-widget-text-editor .elementor-drop-cap-letter{display:inline-block}<\/style>\t\t\t\t<div class=\"content-one mb_65\"><div class=\"text-box mb_35\"><p>L\u00e4cheln-Design; Es umfasst Studien, die durchgef\u00fchrt werden, um durch die Kombination von Zahnmedizin und Kunst Ihr ideales L\u00e4cheln zu entwerfen und so Ihren \u00e4sthetischen und funktionalen Anforderungen an ein nat\u00fcrliches, gesundes und attraktives L\u00e4cheln gerecht zu werden.<\/p><div class=\"col-lg-12 col-md-12 col-12\"><p>Dank der Entwicklung neuer technischer Materialien in der modernen Zahnmedizin k\u00f6nnen viele \u00e4sthetische Erwartungen der Patienten erf\u00fcllt werden. Mit dieser Behandlungsmethode der \u00e4sthetischen Zahnmedizin k\u00f6nnen heute unz\u00e4hlige Patienten ganz einfach zu sch\u00f6neren Z\u00e4hnen gelangen.<\/p><p>Nach der Smile-Design-Anwendung verf\u00fcgen die Patienten \u00fcber eine Zahnstruktur, die zu ihrer Gesichtssymmetrie passt. Selbstverst\u00e4ndlich kann der Patient w\u00e4hrend der Anwendung auch die neue Zahnstruktur bestimmen.<\/p><p>Es wurde auch beobachtet, dass Patienten, denen es aufgrund des schlechten Aussehens ihres Mundes an Selbstvertrauen mangelte, nach dieser Behandlung ihr Selbstvertrauen zur\u00fcckerlangten. Es l\u00e4sst sich beobachten, dass die Zahl der Patienten, die nach der Behandlung mit ihrem neuen Aussehen zufriedener sind, recht hoch ist.<\/p><p><img fetchpriority=\"high\" decoding=\"async\" class=\"size-medium wp-image-3805 alignright\" src=\"https:\/\/omerkutay.com\/wp-content\/uploads\/2025\/02\/gulus-tasarimi1-300x287.jpg\" alt=\"L\u00e4cheln-Design\" width=\"300\" height=\"287\" srcset=\"https:\/\/omerkutay.com\/wp-content\/uploads\/2025\/02\/gulus-tasarimi1-300x287.jpg 300w, https:\/\/omerkutay.com\/wp-content\/uploads\/2025\/02\/gulus-tasarimi1.jpg 305w\" sizes=\"(max-width: 300px) 100vw, 300px\" \/><\/p><h2>Ein sch\u00f6nes Aussehen ist kein Traum mehr!<\/h2><p>Wenn es um Sch\u00f6nheit geht, ist eines der ersten Dinge, die einem in den Sinn kommen, ein sch\u00f6nes L\u00e4cheln. Die Form und Struktur der Z\u00e4hne und ihre Harmonie mit dem Gesicht wirken sich direkt auf das soziale Leben der Menschen aus. Das L\u00e4cheln-Design ist einer der Hauptvorteile, die die \u00e4sthetische Zahnmedizin den Menschen bietet. Laut Statistik sind Menschen mit einem perfekten L\u00e4cheln in allen Lebensbereichen erfolgreicher und selbstbewusster, insbesondere im Gesch\u00e4ftsleben.<\/p><p>Smile Design ist die am h\u00e4ufigsten verwendete Methode bei Menschen mit problematischen Zahnstrukturen und kann durch ein gemeinsames Treffen mit dem Arzt entsprechend den Erwartungen und W\u00fcnschen der Person leicht angewendet werden.<\/p><p>Das Wichtigste beim Smile Design ist, dass die Z\u00e4hne zum Gesichtsausdruck und zur Kieferstruktur des Patienten passen. Ein von Expertenh\u00e4nden entworfenes und umgesetztes Smile-Design erm\u00f6glicht dem Menschen ein deutlich besseres Aussehen. Wichtig ist, sich f\u00fcr die richtige Behandlungsmethode f\u00fcr den Patienten zu entscheiden. An diesem Punkt ist es von gro\u00dfer Bedeutung, dass der Patient seinem Arzt seine W\u00fcnsche und Erwartungen klar mitteilt.<\/p><p>Das Hauptziel des Smile Designs besteht darin, sicherzustellen, dass der Patient ein L\u00e4cheln hat, das ihn gl\u00fccklich macht und im Verh\u00e4ltnis zu seinem Mund und seiner Skelettstruktur steht.<\/p><p>Ein gutes L\u00e4cheln-Design, das mit dem Gesicht harmoniert und den goldenen Schnitt aufweist, erfordert bei jedem Patienten unterschiedliche Anwendungen. Je nach den Bed\u00fcrfnissen der Person wird der Eingriff unter Ber\u00fccksichtigung vieler Faktoren wie Zahnl\u00e4nge, Zahnfleischh\u00f6he, Zahnfarbe und Abstand zwischen Z\u00e4hnen und Lippen durchgef\u00fchrt. Nach der Durchf\u00fchrung der Eingriffe erhalten die Menschen das strahlende L\u00e4cheln, von dem sie tr\u00e4umen.<\/p><p>Das Hauptziel des Smile Designs besteht darin, sicherzustellen, dass der Patient ein L\u00e4cheln hat, das ihn gl\u00fccklich macht und im Verh\u00e4ltnis zu seinem Mund und seiner Skelettstruktur steht.<\/p><p>Ein gutes L\u00e4cheln-Design, das mit dem Gesicht harmoniert und den goldenen Schnitt aufweist, erfordert bei jedem Patienten unterschiedliche Anwendungen. Je nach den Bed\u00fcrfnissen der Person wird der Eingriff unter Ber\u00fccksichtigung vieler Faktoren wie Zahnl\u00e4nge, Zahnfleischh\u00f6he, Zahnfarbe und Abstand zwischen Z\u00e4hnen und Lippen durchgef\u00fchrt. Nach der Durchf\u00fchrung der Eingriffe erhalten die Menschen das strahlende L\u00e4cheln, von dem sie tr\u00e4umen.<\/p><h3>Wie lange dauert die Behandlung?<\/h3><p><img decoding=\"async\" class=\"size-medium wp-image-3804 alignright\" src=\"https:\/\/omerkutay.com\/wp-content\/uploads\/2025\/02\/gulus-tasarimi2-300x244.jpg\" alt=\"L\u00e4cheln-Design\" width=\"300\" height=\"244\" srcset=\"https:\/\/omerkutay.com\/wp-content\/uploads\/2025\/02\/gulus-tasarimi2-300x244.jpg 300w, https:\/\/omerkutay.com\/wp-content\/uploads\/2025\/02\/gulus-tasarimi2.jpg 768w\" sizes=\"(max-width: 300px) 100vw, 300px\" \/><\/p><p>In der heutigen Zeit, in der die Menschen versuchen, mit dem hektischen Alltagsleben Schritt zu halten, ist die Dauer der Behandlung einer der Aspekte, die sie bei der Gestaltung eines L\u00e4chelns am meisten interessieren. Die individuell geplante Behandlungsdauer kann unterschiedlich sein. Abh\u00e4ngig von der Struktur Ihres Mundes und Ihrer Z\u00e4hne kann die Behandlung manchmal in einer einzigen Sitzung abgeschlossen werden. Je nach Situation k\u00f6nnen jedoch auch mehrere Behandlungssitzungen erforderlich sein.<\/p><div class=\"col-lg-12 col-md-12 col-12\"><p>Bevor mit der Designphase fortgefahren wird, untersucht der Arzt den Patienten und ermittelt bestehende Probleme. Nachdem die Zahnstellung und Mundgesundheit sichergestellt sind, erfolgt die individuelle Gestaltung. Mit anderen Worten: Die Dauer der Behandlung h\u00e4ngt ganz von der Mundgesundheit der Person ab.<\/p><\/div><div class=\"col-lg-8 col-md-8 col-12\">\u00a0<\/div><h4>Mit Smile Design zum perfekten Aussehen<\/h4><p>Es sollten keine dunklen Bereiche im Mund vorhanden sein. Wenn wir l\u00e4cheln, sollten unsere Backenz\u00e4hne bis zu einem gewissen Grad sichtbar sein. Wird dies nicht bemerkt, bilden sich dunkle Stellen an den Mundwinkeln, die die \u00c4sthetik beeintr\u00e4chtigen. Bei den Vorderz\u00e4hnen sollte die Kronenl\u00e4nge (der im Mund sichtbare Teil) der Z\u00e4hne gr\u00f6\u00dfer als die Breite sein und zwischen ihnen sollte der Goldene Schnitt eingehalten werden. Die Zahnfarbe ist vielleicht das wichtigste Detail beim L\u00e4cheln-Design. Unsere Z\u00e4hne haben nie eine einzige Farbe. Wichtig ist, dass mehrfarbige und transparente Schatten erzeugt werden.<\/p><p>Smile Design ist eine Behandlungsart, die im Allgemeinen von Menschen angewendet wird, die mit dem Aussehen ihrer Z\u00e4hne nicht zufrieden sind, um optisch sch\u00f6ner auszusehen. Bei der Smile Design-Behandlung handelt es sich nicht nur um eine Behandlung der Z\u00e4hne. Obwohl sich Beschwerden h\u00e4ufig auf das Aussehen der Z\u00e4hne beziehen, ist auch das Zahnfleisch ein Faktor, der das optische Erscheinungsbild des L\u00e4chelns stark beeinflusst.<\/p><p>Zu den Problemen, \u00fcber die Patienten klagen, z\u00e4hlen Zahnfleischr\u00fcckgang, verf\u00e4rbtes und dunkles Zahnfleisch und sogar Zahnfleisch, das beim L\u00e4cheln zu stark sichtbar ist (Gummy Smile). In der \u00e4sthetischen Zahnheilkunde wird das menschliche Gesicht als Ganzes betrachtet. Die Behandlung richtet sich danach, wie das Aussehen der Z\u00e4hne und des Zahnfleisches das Gesicht ver\u00e4ndert.<\/p><h4>Es gibt Regeln f\u00fcr ein perfektes L\u00e4cheln!<\/h4><p>Obwohl beim Smile Design die W\u00fcnsche der Person das Wichtigste sind, gibt es Regeln f\u00fcr ein perfektes L\u00e4cheln. Zun\u00e4chst muss das Zahnfleischniveau mit dem Lippenniveau \u00fcbereinstimmen und die Zahnstellung muss stimmen. Es reicht nicht aus, dass die Z\u00e4hne lediglich symmetrisch sind. Auch die Z\u00e4hne m\u00fcssen dem goldenen Schnitt von Mund, Kieferstruktur und Gesichtsform entsprechen. Hier sind die Meinungen und Empfehlungen des Zahnarztes von gro\u00dfer Bedeutung. Gleichzeitig sollte die Mimik der Person nicht beeintr\u00e4chtigt werden.<\/p><p>Die Ber\u00fccksichtigung des Goldenen Schnitts beim L\u00e4cheln-Design ist sehr wichtig, damit die Person die Z\u00e4hne hat, von denen sie tr\u00e4umt und die sie im Spiegel sehen m\u00f6chte. Dar\u00fcber hinaus sind zahlreiche Merkmale wie Alter, Geschlecht, Charakter und sozialer Status des Patienten Aspekte, die der Arzt ber\u00fccksichtigen muss, bevor er mit der Entwurfsphase fortf\u00e4hrt.<\/p><h3>Welche Vorteile bietet es der Person?<\/h3><p><img decoding=\"async\" class=\"wp-image-3803 alignright\" src=\"https:\/\/omerkutay.com\/wp-content\/uploads\/2025\/02\/gulus-tasarimi3-300x244.jpg\" alt=\"L\u00e4cheln-Design\" width=\"289\" height=\"235\" srcset=\"https:\/\/omerkutay.com\/wp-content\/uploads\/2025\/02\/gulus-tasarimi3-300x244.jpg 300w, https:\/\/omerkutay.com\/wp-content\/uploads\/2025\/02\/gulus-tasarimi3.jpg 768w\" sizes=\"(max-width: 289px) 100vw, 289px\" \/><\/p><p>Der wichtigste Vorteil, den ein L\u00e4cheln-Design einem Menschen bietet, ist zweifellos die Steigerung seines Selbstvertrauens. Dar\u00fcber hinaus sehen Z\u00e4hne und Zahnfleisch ges\u00fcnder aus, die Person erh\u00e4lt ein strahlendes, makelloses L\u00e4cheln und hat Z\u00e4hne, die zu ihrem Gesichtstyp passen.<\/p><p>Die Anwendung kann problemlos entsprechend den eigenen Vorstellungen erfolgen. Ziel ist es, das \u00e4sthetische Problem, das die Person st\u00f6rt, und die dadurch verursachte soziale Phobie zu beseitigen. Menschen, die sich einem Smile-Design unterzogen haben, k\u00f6nnen im Gegensatz zu fr\u00fcher ohne \u00e4sthetische Bedenken l\u00e4cheln und lassen w\u00e4hrend des Smile-Design-Prozesses auch etwaige Probleme im Mund behandeln. Das Ergebnis sind sowohl gesunde Z\u00e4hne als auch ein perfektes L\u00e4cheln.<\/p><p><i>Werden Sie j\u00fcnger mit Smile Design<\/i><\/p><p>Mit zunehmendem Alter ver\u00e4ndern sich die Gesichtsz\u00fcge eines Menschen. Im Mundbereich treten Falten und eine schlaffe Haut auf. Nach dieser Lockerung k\u00f6nnen die Z\u00e4hne weniger sichtbar werden, wodurch die Person \u00e4lter aussieht, als sie ist. Zahnfleischr\u00fcckgang und fehlende Z\u00e4hne k\u00f6nnen zu Situationen f\u00fchren, die Ihr L\u00e4cheln und Ihr Selbstvertrauen direkt beeintr\u00e4chtigen.<\/p><div class=\"col-lg-12 col-md-12 col-12\"><p>In diesem Fall ist die Anwendung des Smile-Designs zweifellos eine der wichtigsten Ma\u00dfnahmen. Mit dieser Anwendung werden fehlende Z\u00e4hne erg\u00e4nzt, Zahnfleischprobleme beseitigt und durch ein auf die Person abgestimmtes Design ganz einfach ein j\u00fcngeres Aussehen erreicht.<\/p><h4>Wie erfolgt die Behandlung?<\/h4><p>Porzellanlaminatveneers sind d\u00fcnne Porzellanbl\u00e4ttchen, die im Labor durch die Entfernung von minimalem Gewebe auf Schmelzniveau nur von den Vorderseiten der Z\u00e4hne hergestellt und in der zweiten Sitzung auf die Z\u00e4hne geklebt werden. Ihre Haftung auf dem Zahnschmelz ist sehr hoch und daher handelt es sich um langlebige Restaurationen. Es empfiehlt sich jedoch, insbesondere bei harten Lebensmitteln, die Rei\u00dfbewegung zu vermeiden. Das Laminatveneer-Verfahren wird in den folgenden Schritten durchgef\u00fchrt:<\/p><p>Bei Ihrem ersten Termin wird anhand einer Mock-Up-Studie ein f\u00fcr Sie passendes Design an Ihren Z\u00e4hnen in 3D ermittelt. Diese Studie ist sehr wichtig, um eine entscheidende Vorlage f\u00fcr den Arzt, den Patienten und den Labortechniker zu schaffen. Beim zweiten Termin wird die im Labor erstellte Wachsarbeit an den Z\u00e4hnen einstudiert und die notwendigen Anpassungen vorgenommen. Unter \u00f6rtlicher Bet\u00e4ubung wird die f\u00fcr die Veneerpr\u00e4paration ben\u00f6tigte Menge Zahnschmelz entfernt und die Zahnpr\u00e4paration abgeschlossen. Anschlie\u00dfend werden Messungen durchgef\u00fchrt und tempor\u00e4re Veneers vor\u00fcbergehend auf die Z\u00e4hne geklebt.<\/p><h5>Was du wissen solltest<\/h5><p>Dank der Entwicklung der Zahnmedizin und der \u00e4sthetischen Zahnheilkunde ist es heute viel einfacher und m\u00fcheloser, das sch\u00f6ne L\u00e4cheln zu erreichen, \u00fcber das sich die Patienten am meisten beschweren. Wenn wir von einem sch\u00f6nen L\u00e4cheln sprechen, denken wir an die Harmonie von Z\u00e4hnen und Zahnfleisch, den goldenen Schnitt zwischen den Z\u00e4hnen, die Ausrichtung und Farbe der Z\u00e4hne und die Harmonie mit den Lippen.<\/p><div class=\"col-lg-12 col-md-12 col-12\"><p>In der Klinik von \u00d6mer Kutay in Ni\u015fanta\u015f\u0131 wird Smile Design bei Patienten aller Altersgruppen angewendet. Durch diese Anwendungen haben die Patienten deutlich ges\u00fcndere, sch\u00f6nere und sauberere Z\u00e4hne. Der erste Termin im Smile Design ist ein Gespr\u00e4chstermin mit den Patienten. Beim ersten Termin werden die Erwartungen des Patienten erfragt und R\u00f6ntgenaufnahmen des Kiefers und der Z\u00e4hne begutachtet. Vor Beginn der Behandlung werden Fotos und Modelle erstellt, das Problem des Patienten ermittelt, L\u00f6sungsans\u00e4tze und Behandlungsm\u00f6glichkeiten besprochen und eine Entscheidung \u00fcber die m\u00f6gliche Vorgehensweise getroffen.<\/p><h5>Lassen Sie Ihre Z\u00e4hne wie einen Stern strahlen!<\/h5><p><img loading=\"lazy\" decoding=\"async\" class=\"wp-image-3802 alignleft\" src=\"https:\/\/omerkutay.com\/wp-content\/uploads\/2025\/02\/gulus-tasarimi4-300x155.jpg\" alt=\"L\u00e4cheln-Design\" width=\"504\" height=\"260\" srcset=\"https:\/\/omerkutay.com\/wp-content\/uploads\/2025\/02\/gulus-tasarimi4-300x155.jpg 300w, https:\/\/omerkutay.com\/wp-content\/uploads\/2025\/02\/gulus-tasarimi4.jpg 512w\" sizes=\"(max-width: 504px) 100vw, 504px\" \/><\/p><p>Heutzutage st\u00f6\u00dft die Nutzung von Technologie zur Beseitigung \u00e4sthetischer Probleme, um j\u00fcnger auszusehen oder sich wohler zu f\u00fchlen, weltweit auf gro\u00dfes Interesse. Obwohl die Wahrnehmung von Sch\u00f6nheit je nach Person, Kultur und sozialen Unterschieden unterschiedlich ist, sind sich alle einig, dass das Wichtigste, was Sch\u00f6nheit vervollst\u00e4ndigt, ein sch\u00f6nes L\u00e4cheln und proportionale Z\u00e4hne sind.<\/p><p>Aus diesem Grund zeigten die Menschen zunehmendes Interesse an glatten, riss- und fleckenfreien Z\u00e4hnen. Dass Menschen, die sich ihres L\u00e4chelns sch\u00e4men, mit sich selbst unzufrieden sind, steht heute au\u00dfer Frage. Wer sich ein perfektes L\u00e4cheln w\u00fcnscht, kann unter den heutigen Bedingungen von den M\u00f6glichkeiten der Zahnmedizin profitieren.<\/p><h5>Lachen Sie ruhig!<\/h5><p>Die Tatsache, dass Menschen z\u00f6gern zu lachen und das Bed\u00fcrfnis versp\u00fcren, beim Lachen den Mund mit der Hand zu bedecken, ist ein Hinweis darauf, dass die Person sich Sorgen um ihre Sch\u00f6nheit macht und es ihr an Selbstvertrauen mangelt. Die am h\u00e4ufigsten verwendete Methode von Menschen, die sich \u00fcber solche Situationen beschweren, ist das Smile Design. Es gibt wahrscheinlich nichts, was einem Menschen ein besseres und sch\u00f6neres Gef\u00fchl gibt, als ein strahlendes, makelloses L\u00e4cheln beim Blick in den Spiegel. Aus diesem Grund steigt die Zahl der Patienten, die zu ihren \u00c4rzten kommen, um sich ein L\u00e4cheln gestalten zu lassen, von Tag zu Tag.<\/p><p>Patienten z\u00f6gern oft nicht, diesen Eingriff zu beantragen, da sie die Vorteile voraussehen, die ihnen das Smile Design bietet. Smile Design sorgt nicht nur f\u00fcr ein sch\u00f6neres Aussehen, indem es Selbstbewusstsein verleiht, sondern reguliert auch die sozialen Beziehungen, indem es Freude beim Blick in den Spiegel hervorruft.<\/p><p>Jetzt ist es ganz einfach, unbeschwert zu lachen!<\/p><p>Unbeschwert lachen zu k\u00f6nnen, ohne Scham, ohne zu z\u00f6gern, ohne den Mund mit der Hand zu bedecken und sich dieses wundervolle L\u00e4cheln nicht entgehen zu lassen, liegt ganz in Ihrer Hand ... Mit der heutigen Technologie ist es einfacher geworden, die Z\u00e4hne zu bekommen, nach denen Sie sich so gesehnt haben, als Sie denken. Alles, was Sie tun m\u00fcssen, ist, Ihr L\u00e4cheln zu gestalten, indem Sie sich mit einem Zahnarzt Ihres Vertrauens treffen, der Ihre W\u00fcnsche und Erwartungen versteht. Ihr Arzt wird Ihre Vorstellungen ber\u00fccksichtigen und die f\u00fcr Sie passende L\u00e4chelnform an Ihre Mundstruktur anpassen, damit Sie mit Ihrem L\u00e4cheln strahlen k\u00f6nnen.<\/p><p>Hallo zu brandneuen Z\u00e4hnen!<\/p><div class=\"col-lg-12 col-md-12 col-12\"><p>Es kann auf jeden angewendet werden, unabh\u00e4ngig davon, ob Mann oder Frau. Wenn Sie keine Zeit mehr mit Ihren unzufriedenen Z\u00e4hnen verschwenden m\u00f6chten, k\u00f6nnen Sie sich unverz\u00fcglich an Ihren Arzt wenden, um ein L\u00e4cheln zu bekommen, das Sie von Ihren \u00e4sthetischen Sorgen befreit und Ihnen ein unbeschwertes L\u00e4cheln erm\u00f6glicht.<\/p><\/div><\/div><\/div><\/div><\/div><\/div>\t\t\t\t\t\t<\/div>\n\t\t\t\t<\/div>\n\t\t\t\t<div class=\"elementor-element elementor-element-6a5ecf2 elementor-widget elementor-widget-heading\" data-id=\"6a5ecf2\" data-element_type=\"widget\" data-widget_type=\"heading.default\">\n\t\t\t\t<div class=\"elementor-widget-container\">\n\t\t\t<style>\/*! elementor - v3.21.0 - 26-05-2024 *\/\n.elementor-heading-title{padding:0;margin:0;line-height:1}.elementor-widget-heading .elementor-heading-title[class*=elementor-size-]>a{color:inherit;font-size:inherit;line-height:inherit}.elementor-widget-heading .elementor-heading-title.elementor-size-small{font-size:15px}.elementor-widget-heading .elementor-heading-title.elementor-size-medium{font-size:19px}.elementor-widget-heading .elementor-heading-title.elementor-size-large{font-size:29px}.elementor-widget-heading .elementor-heading-title.elementor-size-xl{font-size:39px}.elementor-widget-heading .elementor-heading-title.elementor-size-xxl{font-size:59px}<\/style><div class=\"elementor-heading-title elementor-size-default\">H\u00e4ufig gestellte Fragen<\/div>\t\t<\/div>\n\t\t\t\t<\/div>\n\t\t\t\t<div class=\"elementor-element elementor-element-aeaad9d elementor-widget elementor-widget-labout_faqs\" data-id=\"aeaad9d\" data-element_type=\"widget\" data-widget_type=\"labout_faqs.default\">\n\t\t\t\t<div class=\"elementor-widget-container\">\n\t\t\t    \n    <!-- faq-section -->\n    <section class=\"faq-section pt_120 pb_120\">\n                <div class=\"auto-container\">\n                        <div class=\"inner-container\">\n                <ul class=\"accordion-box\">\n                                        <li class=\"accordion block\">\n                        <div class=\"acc-btn\"><h4><span> 1<\/span>Ist das Smile-Design dauerhaft?<\/h4><\/div>\n                        <div class=\"acc-content\">\n                            <div class=\"content\">\n                                <p>Ja, aber eine gute Wartung und regelm\u00e4\u00dfige Kontrollen sind notwendig.<\/p>\n                            <\/div>\n                        <\/div>\n                    <\/li>\n                                        <li class=\"accordion block\">\n                        <div class=\"acc-btn\"><h4><span> 2<\/span>Ist Smile Design ein schmerzhafter Eingriff?<\/h4><\/div>\n                        <div class=\"acc-content\">\n                            <div class=\"content\">\n                                <p>Die meisten Eingriffe werden unter \u00f6rtlicher Bet\u00e4ubung durchgef\u00fchrt und sind schmerzarm.<\/p>\n                            <\/div>\n                        <\/div>\n                    <\/li>\n                                        <li class=\"accordion block active-block\">\n                        <div class=\"acc-btn active\"><h4><span> 3<\/span>Welche Prozesse umfasst Smile Design?<\/h4><\/div>\n                        <div class=\"acc-content current\">\n                            <div class=\"content\">\n                                <p>Dazu k\u00f6nnen Verfahren wie Zahnaufhellung, Porzellanfurniere, Zahnfleisch\u00e4sthetik, Kieferorthop\u00e4die und Implantate geh\u00f6ren.<\/p>\n                            <\/div>\n                        <\/div>\n                    <\/li>\n                                        <li class=\"accordion block\">\n                        <div class=\"acc-btn\"><h4><span> 4<\/span>Wer kann von Smile Design profitieren?<\/h4><\/div>\n                        <div class=\"acc-content\">\n                            <div class=\"content\">\n                                <p>Es kann bei jedem angewendet werden, der \u00e4sthetische Bedenken hinsichtlich seiner Z\u00e4hne hat und \u00fcber eine gesunde Zahn-Zahnfleisch-Struktur verf\u00fcgt.<\/p>\n                            <\/div>\n                        <\/div>\n                    <\/li>\n                                        <li class=\"accordion block\">\n                        <div class=\"acc-btn\"><h4><span> 5<\/span>Was ist Smile Design?<\/h4><\/div>\n                        <div class=\"acc-content\">\n                            <div class=\"content\">\n                                <p>Es handelt sich um eine personalisierte Behandlung, die die \u00e4sthetische Harmonie von Z\u00e4hnen, Zahnfleisch und Lippen verbessert.<\/p>\n                            <\/div>\n                        <\/div>\n                    <\/li>\n                                    <\/ul>\n            <\/div>\n        <\/div>\n    <\/section>\n    <!-- faq-section end -->\n      \n\t\t\t<\/div>\n\t\t\t\t<\/div>\n\t\t\t\t<\/div>\n\t\t\t\t<\/div>\n\t\t\t\t<\/div>","protected":false},"excerpt":{"rendered":"<p>G\u00fcl\u00fc\u015f Tasar\u0131m\u0131; do\u011fal, sa\u011fl\u0131kl\u0131 ve \u00e7ekici bir g\u00fcl\u00fcmseme i\u00e7in di\u015f hekimli\u011finin ve sanat\u0131n birle\u015ftirilerek estetik ve fonksiyon gereksinimlerinizi kar\u015f\u0131layacak \u015fekilde size en ideal g\u00fcl\u00fc\u015f\u00fcn tasarlanmas\u0131 i\u00e7in yap\u0131lan \u00e7al\u0131\u015fmalardan olu\u015fmaktad\u0131r. Modern di\u015f hekimli\u011finin geli\u015fmesiyle kullan\u0131lan yeni teknik materyaller sayesinde hastalar\u0131n bir\u00e7ok estetik beklentileri kar\u015f\u0131lanmaktad\u0131r. Bug\u00fcn estetik di\u015f hekimli\u011finin bize sundu\u011fu bu tedavi y\u00f6ntemiyle say\u0131s\u0131z hasta daha [&hellip;]<\/p>","protected":false},"author":1,"featured_media":0,"parent":0,"menu_order":0,"comment_status":"closed","ping_status":"closed","template":"","meta":{"footnotes":""},"class_list":["post-3335","page","type-page","status-publish","hentry"],"_links":{"self":[{"href":"https:\/\/omerkutay.com\/de\/wp-json\/wp\/v2\/pages\/3335","targetHints":{"allow":["GET"]}}],"collection":[{"href":"https:\/\/omerkutay.com\/de\/wp-json\/wp\/v2\/pages"}],"about":[{"href":"https:\/\/omerkutay.com\/de\/wp-json\/wp\/v2\/types\/page"}],"author":[{"embeddable":true,"href":"https:\/\/omerkutay.com\/de\/wp-json\/wp\/v2\/users\/1"}],"replies":[{"embeddable":true,"href":"https:\/\/omerkutay.com\/de\/wp-json\/wp\/v2\/comments?post=3335"}],"version-history":[{"count":0,"href":"https:\/\/omerkutay.com\/de\/wp-json\/wp\/v2\/pages\/3335\/revisions"}],"wp:attachment":[{"href":"https:\/\/omerkutay.com\/de\/wp-json\/wp\/v2\/media?parent=3335"}],"curies":[{"name":"wp","href":"https:\/\/api.w.org\/{rel}","templated":true}]}}