{"id":3345,"date":"2025-02-20T10:13:40","date_gmt":"2025-02-20T07:13:40","guid":{"rendered":"https:\/\/omerkutay.com\/?page_id=3345"},"modified":"2025-08-14T16:39:27","modified_gmt":"2025-08-14T13:39:27","slug":"laminieren","status":"publish","type":"page","link":"https:\/\/omerkutay.com\/de\/laminieren\/","title":{"rendered":"Laminatbeschichtung"},"content":{"rendered":"<div data-elementor-type=\"wp-page\" data-elementor-id=\"3345\" class=\"elementor elementor-3345\">\n\t\t\t\t<div class=\"elementor-element elementor-element-d6797aa e-con-full tedavikapsa e-flex e-con e-parent\" data-id=\"d6797aa\" data-element_type=\"container\">\n\t\t<div class=\"elementor-element elementor-element-2bb6504 e-con-full tedavisidebarkapsa e-flex e-con e-child\" data-id=\"2bb6504\" data-element_type=\"container\">\n\t\t\t\t<div class=\"elementor-element elementor-element-b92ff26 elementor-widget elementor-widget-sidebar\" data-id=\"b92ff26\" data-element_type=\"widget\" data-widget_type=\"sidebar.default\">\n\t\t\t\t<div class=\"elementor-widget-container\">\n\t\t\t<div id=\"nav_menu-3\" class=\"service-sidebar-widget sidebar-widget mb_30 widget_nav_menu\"><div class=\"widget-title mb_17\"><h3>Behandlungen<\/h3><\/div><\/div><div id=\"text-2\" class=\"service-sidebar-widget sidebar-widget mb_30 widget_text\"><div class=\"widget-title mb_17\"><h3>Detaillierte Informationen erhalten<\/h3><\/div>\t\t\t<div class=\"textwidget\"><p class=\"wpcf7-contact-form-not-found\"><strong>Fehler:<\/strong> Kontaktformular wurde nicht gefunden.<\/p>\n<\/div>\n\t\t<\/div>\t\t<\/div>\n\t\t\t\t<\/div>\n\t\t\t\t<\/div>\n\t\t<div class=\"elementor-element elementor-element-98a712c e-con-full e-flex e-con e-child\" data-id=\"98a712c\" data-element_type=\"container\">\n\t\t\t\t<div class=\"elementor-element elementor-element-cf776e6 elementor-widget elementor-widget-text-editor\" data-id=\"cf776e6\" data-element_type=\"widget\" data-widget_type=\"text-editor.default\">\n\t\t\t\t<div class=\"elementor-widget-container\">\n\t\t\t<style>\/*! elementor - v3.21.0 - 26-05-2024 *\/\n.elementor-widget-text-editor.elementor-drop-cap-view-stacked .elementor-drop-cap{background-color:#69727d;color:#fff}.elementor-widget-text-editor.elementor-drop-cap-view-framed .elementor-drop-cap{color:#69727d;border:3px solid;background-color:transparent}.elementor-widget-text-editor:not(.elementor-drop-cap-view-default) .elementor-drop-cap{margin-top:8px}.elementor-widget-text-editor:not(.elementor-drop-cap-view-default) .elementor-drop-cap-letter{width:1em;height:1em}.elementor-widget-text-editor .elementor-drop-cap{float:left;text-align:center;line-height:1;font-size:50px}.elementor-widget-text-editor .elementor-drop-cap-letter{display:inline-block}<\/style>\t\t\t\t<div class=\"content-one mb_65\"><div class=\"text-box mb_35\"><p><img fetchpriority=\"high\" decoding=\"async\" class=\"wp-image-3901 alignright\" src=\"https:\/\/omerkutay.com\/wp-content\/uploads\/2025\/02\/lamineyt1-300x244.jpg\" alt=\"Laminatbeschichtung\" width=\"370\" height=\"301\" srcset=\"https:\/\/omerkutay.com\/wp-content\/uploads\/2025\/02\/lamineyt1-300x244.jpg 300w, https:\/\/omerkutay.com\/wp-content\/uploads\/2025\/02\/lamineyt1.jpg 768w\" sizes=\"(max-width: 370px) 100vw, 370px\" \/>Bei Verf\u00e4rbungen und vor allem Deformationen der Z\u00e4hne sind Laminatveneers eine hervorragende kosmetische L\u00f6sung. Bei Laminatveneers handelt es sich um eine Behandlungsart, bei der bei Vorderz\u00e4hnen mit \u00e4sthetischen Problemen eine d\u00fcnne Porzellanschicht auf die Vorderseite der Z\u00e4hne geklebt wird.<\/p><div class=\"col-lg-12 col-md-12 col-12\"><p>In den meisten F\u00e4llen reichen sie aus, um den Z\u00e4hnen mit ihrer festen Struktur und unver\u00e4nderlichen Farbe nat\u00fcrliche Sch\u00f6nheit und Funktion zu verleihen. Mit Laminatveneers k\u00f6nnen Sie selbstbewusst l\u00e4cheln. Bei diesen Beschichtungen aus Porzellan handelt es sich um d\u00fcnne und harte Strukturen.<\/p><p>Sie sind bruchfest. Sie werden vorbereitet und mit perfekter Passform und Pr\u00e4zision auf einen vorhandenen Zahn gesetzt. Die Vorderseite des Zahns und die Innenseite des Veneers werden mit einem dauerhaften Spezialharz (einem Klebezwischenprodukt) verbunden. Sobald der Vorgang abgeschlossen ist, ist eine perfekte Fusion erreicht.<\/p><h2>In welchen F\u00e4llen wird Laminatboden verlegt?<\/h2><p>Mit Laminatveneers k\u00f6nnen Verf\u00e4rbungen der Z\u00e4hne beseitigt und unregelm\u00e4\u00dfige Formen korrigiert werden. Die Hauptanwendungsgebiete lassen sich wie folgt zusammenfassen:<\/p><ol><li>Bei Verf\u00e4rbungen, hochentwickelten Antibiotika, Fluoriden etc., die mit Methoden wie Zahnaufhellung nicht zum Erfolg f\u00fchren. erbliche Struktur- und Farbst\u00f6rungen bei Flecken<\/li><li>Zum Schlie\u00dfen von Zahnl\u00fccken (Diastemaschluss)<\/li><li>Bei der Wiederherstellung gebrochener oder abgenutzter Z\u00e4hne<\/li><li>Korrektur alter F\u00fcllungen, die sich in Farbe und Struktur verschlechtert haben<\/li><li>Es kann eine nahezu perfekte kosmetische Alternative zur Korrektur schiefer und krummer Z\u00e4hne sein.<\/li><\/ol><h3>Wer kann von einer Laminatbehandlung profitieren?<\/h3><div class=\"col-lg-12 col-md-12 col-12\"><p>Fast jeder. Menschen aller Altersgruppen, die \u00fcber die oben genannten Gr\u00fcnde klagen, k\u00f6nnen von einer Lahmheitsbehandlung profitieren. Nicht empfohlen f\u00fcr Personen mit fortgeschrittener Zahnfleischerkrankung.<\/p><h5><span style=\"color: #202020; font-family: 'Fira Sans', sans-serif; font-size: 1.25rem; font-weight: 600;\"><img decoding=\"async\" class=\"wp-image-3900 alignright\" src=\"https:\/\/omerkutay.com\/wp-content\/uploads\/2025\/02\/lamineyt2-300x244.jpg\" alt=\"Laminatbeschichtung\" width=\"353\" height=\"287\" srcset=\"https:\/\/omerkutay.com\/wp-content\/uploads\/2025\/02\/lamineyt2-300x244.jpg 300w, https:\/\/omerkutay.com\/wp-content\/uploads\/2025\/02\/lamineyt2.jpg 768w\" sizes=\"(max-width: 353px) 100vw, 353px\" \/>Vorteile der Laminatbehandlung<\/span><\/h5><p>Mit dieser Methode k\u00f6nnen Sie Ihren Z\u00e4hnen eine nat\u00fcrliche Sch\u00f6nheit verleihen, wenn Sie aufgrund von Karies, Abnutzung, Br\u00fcchen oder strukturellen Anomalien nicht selbstbewusst l\u00e4cheln k\u00f6nnen.<\/p><p>W\u00e4hrend fr\u00fcher F\u00fcllungen und Vollveneers die einzigen L\u00f6sungen in solch schwierigen Situationen waren, gibt es heute neue Alternativen wie beispielsweise die Laminatbehandlung.<\/p><ol><li>Mit einem kleinen Eingriff wird ein gesundes und nat\u00fcrliches Aussehen erreicht.<\/li><li>Dazu muss lediglich ein Loch in Ihrem Zahn gemacht werden, das der Gr\u00f6\u00dfe Ihres Nagels entspricht (was nicht immer notwendig ist).<\/li><li>Es nimmt weniger Zeit in Anspruch als andere alternative Verfahren.<\/li><li>Sie bestehen aus robusten, farbechten und langlebigen Materialien.<\/li><\/ol><\/div><\/div><\/div><\/div>\t\t\t\t\t\t<\/div>\n\t\t\t\t<\/div>\n\t\t\t\t<div class=\"elementor-element elementor-element-6a5ecf2 elementor-widget elementor-widget-heading\" data-id=\"6a5ecf2\" data-element_type=\"widget\" data-widget_type=\"heading.default\">\n\t\t\t\t<div class=\"elementor-widget-container\">\n\t\t\t<style>\/*! elementor - v3.21.0 - 26-05-2024 *\/\n.elementor-heading-title{padding:0;margin:0;line-height:1}.elementor-widget-heading .elementor-heading-title[class*=elementor-size-]>a{color:inherit;font-size:inherit;line-height:inherit}.elementor-widget-heading .elementor-heading-title.elementor-size-small{font-size:15px}.elementor-widget-heading .elementor-heading-title.elementor-size-medium{font-size:19px}.elementor-widget-heading .elementor-heading-title.elementor-size-large{font-size:29px}.elementor-widget-heading .elementor-heading-title.elementor-size-xl{font-size:39px}.elementor-widget-heading .elementor-heading-title.elementor-size-xxl{font-size:59px}<\/style><div class=\"elementor-heading-title elementor-size-default\">H\u00e4ufig gestellte Fragen<\/div>\t\t<\/div>\n\t\t\t\t<\/div>\n\t\t\t\t<div class=\"elementor-element elementor-element-aeaad9d elementor-widget elementor-widget-labout_faqs\" data-id=\"aeaad9d\" data-element_type=\"widget\" data-widget_type=\"labout_faqs.default\">\n\t\t\t\t<div class=\"elementor-widget-container\">\n\t\t\t    \n    <!-- faq-section -->\n    <section class=\"faq-section pt_120 pb_120\">\n                <div class=\"auto-container\">\n                        <div class=\"inner-container\">\n                <ul class=\"accordion-box\">\n                                        <li class=\"accordion block\">\n                        <div class=\"acc-btn\"><h4><span> 1<\/span>Ist Laminatboden langlebig?<\/h4><\/div>\n                        <div class=\"acc-content\">\n                            <div class=\"content\">\n                                <p>Ja, bei guter Pflege kann es 10\u201315 Jahre halten.<\/p>\n                            <\/div>\n                        <\/div>\n                    <\/li>\n                                        <li class=\"accordion block\">\n                        <div class=\"acc-btn\"><h4><span> 2<\/span>Ist das Beschichten von Laminat eine schmerzhafte Angelegenheit?<\/h4><\/div>\n                        <div class=\"acc-content\">\n                            <div class=\"content\">\n                                <p>Nein, es ist im Allgemeinen schmerzlos, da nur eine minimale Absch\u00fcrfung erforderlich ist.<\/p>\n                            <\/div>\n                        <\/div>\n                    <\/li>\n                                        <li class=\"accordion block active-block\">\n                        <div class=\"acc-btn active\"><h4><span> 3<\/span>Machen Laminatveneers die Z\u00e4hne kleiner?<\/h4><\/div>\n                        <div class=\"acc-content current\">\n                            <div class=\"content\">\n                                <p>Nein, es wird lediglich die Vorderseite des Zahnes leicht abgeschliffen.<\/p>\n                            <\/div>\n                        <\/div>\n                    <\/li>\n                                        <li class=\"accordion block\">\n                        <div class=\"acc-btn\"><h4><span> 4<\/span>F\u00fcr wen ist Laminatboden geeignet?<\/h4><\/div>\n                        <div class=\"acc-content\">\n                            <div class=\"content\">\n                                <p>Es eignet sich f\u00fcr diejenigen, die verf\u00e4rbte, gebrochene, getrennte oder deformierte Z\u00e4hne korrigieren m\u00f6chten.<\/p>\n                            <\/div>\n                        <\/div>\n                    <\/li>\n                                        <li class=\"accordion block\">\n                        <div class=\"acc-btn\"><h4><span> 5<\/span>Was ist eine Laminatbeschichtung?<\/h4><\/div>\n                        <div class=\"acc-content\">\n                            <div class=\"content\">\n                                <p>Es handelt sich dabei um d\u00fcnne Porzellanschichten, die auf die Vorderseite der Z\u00e4hne geklebt werden.<\/p>\n                            <\/div>\n                        <\/div>\n                    <\/li>\n                                    <\/ul>\n            <\/div>\n        <\/div>\n    <\/section>\n    <!-- faq-section end -->\n      \n\t\t\t<\/div>\n\t\t\t\t<\/div>\n\t\t\t\t<\/div>\n\t\t\t\t<\/div>\n\t\t\t\t<\/div>","protected":false},"excerpt":{"rendered":"<p>Bei verf\u00e4rbten oder stark unregelm\u00e4\u00dfig geformten Z\u00e4hnen sind Veneers eine hervorragende kosmetische L\u00f6sung. Veneers sind eine Behandlungsmethode f\u00fcr Frontz\u00e4hne mit \u00e4sthetischen Problemen, bei der eine d\u00fcnne Schicht Porzellan auf die Vorderseite der Z\u00e4hne geklebt wird. In den meisten F\u00e4llen reichen ihre Stabilit\u00e4t und die farbbest\u00e4ndige Verarbeitung aus, um den Z\u00e4hnen ein nat\u00fcrliches Aussehen und eine optimale Funktion zu verleihen. Mit Veneers k\u00f6nnen Sie sich selbstbewusst f\u00fchlen [\u2026]<\/p>","protected":false},"author":1,"featured_media":0,"parent":0,"menu_order":0,"comment_status":"closed","ping_status":"closed","template":"","meta":{"footnotes":""},"class_list":["post-3345","page","type-page","status-publish","hentry"],"_links":{"self":[{"href":"https:\/\/omerkutay.com\/de\/wp-json\/wp\/v2\/pages\/3345","targetHints":{"allow":["GET"]}}],"collection":[{"href":"https:\/\/omerkutay.com\/de\/wp-json\/wp\/v2\/pages"}],"about":[{"href":"https:\/\/omerkutay.com\/de\/wp-json\/wp\/v2\/types\/page"}],"author":[{"embeddable":true,"href":"https:\/\/omerkutay.com\/de\/wp-json\/wp\/v2\/users\/1"}],"replies":[{"embeddable":true,"href":"https:\/\/omerkutay.com\/de\/wp-json\/wp\/v2\/comments?post=3345"}],"version-history":[{"count":0,"href":"https:\/\/omerkutay.com\/de\/wp-json\/wp\/v2\/pages\/3345\/revisions"}],"wp:attachment":[{"href":"https:\/\/omerkutay.com\/de\/wp-json\/wp\/v2\/media?parent=3345"}],"curies":[{"name":"wp","href":"https:\/\/api.w.org\/{rel}","templated":true}]}}