{"id":3350,"date":"2025-02-20T10:14:33","date_gmt":"2025-02-20T07:14:33","guid":{"rendered":"https:\/\/omerkutay.com\/?page_id=3350"},"modified":"2025-08-14T15:47:36","modified_gmt":"2025-08-14T12:47:36","slug":"zahnaufhellung","status":"publish","type":"page","link":"https:\/\/omerkutay.com\/de\/zahnaufhellung\/","title":{"rendered":"Zahnaufhellung"},"content":{"rendered":"<div data-elementor-type=\"wp-page\" data-elementor-id=\"3350\" class=\"elementor elementor-3350\">\n\t\t\t\t<div class=\"elementor-element elementor-element-d6797aa e-con-full tedavikapsa e-flex e-con e-parent\" data-id=\"d6797aa\" data-element_type=\"container\">\n\t\t<div class=\"elementor-element elementor-element-2bb6504 e-con-full tedavisidebarkapsa e-flex e-con e-child\" data-id=\"2bb6504\" data-element_type=\"container\">\n\t\t\t\t<div class=\"elementor-element elementor-element-b92ff26 elementor-widget elementor-widget-sidebar\" data-id=\"b92ff26\" data-element_type=\"widget\" data-widget_type=\"sidebar.default\">\n\t\t\t\t<div class=\"elementor-widget-container\">\n\t\t\t<div id=\"nav_menu-3\" class=\"service-sidebar-widget sidebar-widget mb_30 widget_nav_menu\"><div class=\"widget-title mb_17\"><h3>Behandlungen<\/h3><\/div><\/div><div id=\"text-2\" class=\"service-sidebar-widget sidebar-widget mb_30 widget_text\"><div class=\"widget-title mb_17\"><h3>Detaillierte Informationen erhalten<\/h3><\/div>\t\t\t<div class=\"textwidget\"><p class=\"wpcf7-contact-form-not-found\"><strong>Fehler:<\/strong> Kontaktformular wurde nicht gefunden.<\/p>\n<\/div>\n\t\t<\/div>\t\t<\/div>\n\t\t\t\t<\/div>\n\t\t\t\t<\/div>\n\t\t<div class=\"elementor-element elementor-element-98a712c e-con-full e-flex e-con e-child\" data-id=\"98a712c\" data-element_type=\"container\">\n\t\t\t\t<div class=\"elementor-element elementor-element-cf776e6 elementor-widget elementor-widget-text-editor\" data-id=\"cf776e6\" data-element_type=\"widget\" data-widget_type=\"text-editor.default\">\n\t\t\t\t<div class=\"elementor-widget-container\">\n\t\t\t<style>\/*! elementor - v3.21.0 - 26-05-2024 *\/\n.elementor-widget-text-editor.elementor-drop-cap-view-stacked .elementor-drop-cap{background-color:#69727d;color:#fff}.elementor-widget-text-editor.elementor-drop-cap-view-framed .elementor-drop-cap{color:#69727d;border:3px solid;background-color:transparent}.elementor-widget-text-editor:not(.elementor-drop-cap-view-default) .elementor-drop-cap{margin-top:8px}.elementor-widget-text-editor:not(.elementor-drop-cap-view-default) .elementor-drop-cap-letter{width:1em;height:1em}.elementor-widget-text-editor .elementor-drop-cap{float:left;text-align:center;line-height:1;font-size:50px}.elementor-widget-text-editor .elementor-drop-cap-letter{display:inline-block}<\/style>\t\t\t\t<div class=\"content-one mb_65\"><div class=\"text-box mb_35\"><p><img fetchpriority=\"high\" decoding=\"async\" class=\"size-medium wp-image-3827 alignright\" src=\"https:\/\/omerkutay.com\/wp-content\/uploads\/2025\/02\/dis-beyazlatma1-300x244.jpg\" alt=\"Zahnaufhellung\" width=\"300\" height=\"244\" srcset=\"https:\/\/omerkutay.com\/wp-content\/uploads\/2025\/02\/dis-beyazlatma1-300x244.jpg 300w, https:\/\/omerkutay.com\/wp-content\/uploads\/2025\/02\/dis-beyazlatma1.jpg 768w\" sizes=\"(max-width: 300px) 100vw, 300px\" \/><\/p><p>Wir alle w\u00fcnschen uns ein L\u00e4cheln mit wei\u00dfen Z\u00e4hnen. Mit einem Laser ist das ein einfacher Vorgang, der nur eine Sitzung erfordert. F\u00fcr einen sauberen Mund und ein gesundes L\u00e4cheln werden zun\u00e4chst die Z\u00e4hne gereinigt und anschlie\u00dfend eine Zahnaufhellung mit dem Laser durchgef\u00fchrt. Das Bleaching ist ein \u00e4sthetischer Eingriff, der etwa 45 Minuten im Stuhl dauert und nicht sch\u00e4dlich ist.<\/p><div class=\"col-lg-12 col-md-12 col-12\"><p>Damit die Zahnaufhellung an einem Tag durchgef\u00fchrt werden kann, d\u00fcrfen die Z\u00e4hne im Allgemeinen keine Flecken aufweisen oder zu dunkel sein. Da die Zahnfarbe von Person zu Person unterschiedlich ist, k\u00f6nnen zum Aufhellen manchmal 2\u20133 Sitzungen erforderlich sein. Es ist m\u00f6glich, dass die Z\u00e4hne nach dem Laser-Bleaching dauerhaft wei\u00df bleiben.<\/p><p>F\u00fcr eine dauerhafte Zahnaufhellung ist der Konsum gro\u00dfer Mengen Kaffee, Tee, Cola und Zigaretten nicht zu empfehlen, da diese zu Verf\u00e4rbungen f\u00fchren.<\/p><h2>Warum werden Z\u00e4hne gelb und dunkel?<\/h2><p>Die Farbe der Z\u00e4hne variiert von Person zu Person und h\u00e4ngt von der Dichte der Proteinschicht im Inneren der Z\u00e4hne ab. Die h\u00e4ufigste sp\u00e4ter auftretende Farbver\u00e4nderung ist eine mit zunehmendem Alter dunklere Zahnfarbe. Auch der Konsum von zahnverf\u00e4rbenden Substanzen (Kaffee, Tee, Cola, Zigaretten etc.), Einwirkungen auf die Z\u00e4hne, alte Zahnprothesen, Kronen und F\u00fcllungen k\u00f6nnen zu Farbver\u00e4nderungen f\u00fchren. Auch die Einnahme von Antibiotika (wie Tetracyclin) oder die \u00fcberm\u00e4\u00dfige Aufnahme von Fluorid w\u00e4hrend der Zahnentwicklung kann zu dunklen Verf\u00e4rbungen der Z\u00e4hne f\u00fchren.<\/p><p>Wann und bei wem kann ein Bleaching angewendet werden?<\/p><div class=\"col-lg-12 col-md-12 col-12\"><div class=\"col-lg-12 col-md-12 col-12\"><p>Wenn Ihre Z\u00e4hne eine dunkle Farbe haben, gelbe, graue oder braune T\u00f6ne aufweisen oder Flecken aufweisen, wird durch eine Untersuchung und Diagnose festgestellt, ob sie f\u00fcr eine Aufhellung geeignet sind. Bei einem gesunden Mund verl\u00e4uft die Zahnaufhellung problemlos. Es ist eine sichere L\u00f6sung f\u00fcr ein wei\u00dferes und nat\u00fcrlicheres L\u00e4cheln.<\/p><p><span style=\"color: #101a30; font-family: var(--title-font); font-size: 36px; font-weight: 600; text-align: var(--text-align);\">Ist Zahnaufhellung sicher?<\/span><\/p><p><img decoding=\"async\" class=\"wp-image-3826  alignleft\" src=\"https:\/\/omerkutay.com\/wp-content\/uploads\/2025\/02\/dis-beyazlatma2-300x152.jpg\" alt=\"Zahnaufhellung\" width=\"391\" height=\"198\" srcset=\"https:\/\/omerkutay.com\/wp-content\/uploads\/2025\/02\/dis-beyazlatma2-300x152.jpg 300w, https:\/\/omerkutay.com\/wp-content\/uploads\/2025\/02\/dis-beyazlatma2.jpg 640w\" sizes=\"(max-width: 391px) 100vw, 391px\" \/><\/p><p><b>Ist Zahnaufhellung sicher?<\/b><\/p><p>Ja! Untersuchungen zufolge ist das Aufhellen der Z\u00e4hne \u00e4u\u00dferst wirksam und sicher, wenn es kontrolliert durchgef\u00fchrt wird. Die Zahnfarbe kann um bis zu 6 T\u00f6ne aufgehellt werden. Es gibt keine sch\u00e4dlichen Auswirkungen auf Z\u00e4hne und Zahnfleisch. Manchmal kann eine leichte Empfindlichkeit der Z\u00e4hne gegen\u00fcber K\u00e4lte und W\u00e4rme auftreten, dieser Zustand verschwindet jedoch vollst\u00e4ndig, wenn die Behandlung in Intervallen durchgef\u00fchrt oder abgebrochen wird.<\/p><p><b>Wie lange ist die Bewerbungsfrist?<\/b><\/p><p>Im Allgemeinen beginnen die Z\u00e4hne bereits bei der ersten Anwendung wei\u00dfer zu werden. Um jedoch das ideale Aussehen zu erreichen, sollte der Eingriff 10\u201314 Tage lang fortgesetzt werden, wenn er zu Hause durchgef\u00fchrt wird, und mindestens 4\u20135 Sitzungen, wenn er in der Klinik durchgef\u00fchrt wird.<\/p><h2>Wie wird der Aufhellungsprozess durchgef\u00fchrt?<\/h2><p><u>Aufhellung<\/u>\u00a0Dabei handelt es sich um den Prozess der Entfernung von Verf\u00e4rbungen, die in der Struktur der Z\u00e4hne (Zahnschmelz- und Dentinschichten) auftreten. Derzeit sind zwei Aufhellungsmethoden bekannt. Die erste Methode kann der Patient selbst anwenden. Die Schritte sind wie folgt:<\/p><ol><li>Der Zahnarzt nimmt Ma\u00df in Ihrem Mund und fertigt d\u00fcnne Gummiabdr\u00fccke an, die Sie auf Ihre Z\u00e4hne setzen k\u00f6nnen.<\/li><li>Der Patient gibt das Medikament in eine speziell f\u00fcr ihn angefertigte Form und tr\u00e4gt diese Form mindestens 30-45 Minuten t\u00e4glich auf den zu bleichenden Z\u00e4hnen.<\/li><li>Die Behandlung ist im Durchschnitt innerhalb von 1-2 Wochen abgeschlossen.<\/li><\/ol><p><b>Die zweite Methode ist das Bleaching, das von einem Arzt in der Klinik durchgef\u00fchrt wird und wie folgt angewendet wird:<\/b><\/p><ol><li>Das Bleichmittel wird von einem Arzt, der in diesem Verfahren erfahren ist, auf den Zahn aufgetragen.<\/li><li>Dabei wird eine Laser- oder Ultraviolettlichtquelle f\u00fcr eine bestimmte Zeit auf den betreffenden Zahn gerichtet.<\/li><li>Sobald der Vorgang abgeschlossen ist, sind die Ergebnisse sofort sichtbar. Obwohl die Behandlung zu Hause von diesen beiden Methoden wirksamer ist, h\u00e4ngt die Wahl vom Grad der Verf\u00e4rbung, der gew\u00fcnschten Behandlungsdauer und der Meinung des Arztes ab.<\/li><\/ol><p>Nehmen die Z\u00e4hne nach dem Bleaching wieder ihren urspr\u00fcnglichen Zustand an?<\/p><p><img decoding=\"async\" class=\"size-medium wp-image-3825 alignright\" src=\"https:\/\/omerkutay.com\/wp-content\/uploads\/2025\/02\/dis-beyazlatma3-300x300.jpg\" alt=\"Zahnaufhellung\" width=\"300\" height=\"300\" srcset=\"https:\/\/omerkutay.com\/wp-content\/uploads\/2025\/02\/dis-beyazlatma3-300x300.jpg 300w, https:\/\/omerkutay.com\/wp-content\/uploads\/2025\/02\/dis-beyazlatma3-150x150.jpg 150w, https:\/\/omerkutay.com\/wp-content\/uploads\/2025\/02\/dis-beyazlatma3-90x90.jpg 90w, https:\/\/omerkutay.com\/wp-content\/uploads\/2025\/02\/dis-beyazlatma3-97x97.jpg 97w, https:\/\/omerkutay.com\/wp-content\/uploads\/2025\/02\/dis-beyazlatma3-70x70.jpg 70w, https:\/\/omerkutay.com\/wp-content\/uploads\/2025\/02\/dis-beyazlatma3-520x520.jpg 520w, https:\/\/omerkutay.com\/wp-content\/uploads\/2025\/02\/dis-beyazlatma3.jpg 600w\" sizes=\"(max-width: 300px) 100vw, 300px\" \/><\/p><p>Die Z\u00e4hne nehmen nicht ihre urspr\u00fcngliche Farbe an und werden immer wei\u00dfer sein als zuvor. Je nach Gewohnheiten und Mundpflege des Patienten kann jedoch manchmal ein- oder zweimal im Jahr eine Verst\u00e4rkungsbehandlung erforderlich sein.<\/p><p>Auch Gewohnheiten wie st\u00e4ndiger Kaffeekonsum, Rauchen und Rotwein k\u00f6nnen dazu f\u00fchren, dass die Z\u00e4hne ihre Wei\u00dfe verlieren. Solche Gewohnheiten f\u00fchren dazu, dass die Z\u00e4hne schneller als normal ihre Wei\u00dfe verlieren. Dazu ist es erforderlich, dass Sie Ihre Z\u00e4hne unmittelbar nach dem Genuss von Getr\u00e4nken wie Tee, Kaffee und Wein putzen.<\/p><p><strong>Ein strahlendes L\u00e4cheln<\/strong><\/p><p>Ein funkelnder\u00a0<a href=\"https:\/\/omerkutay.com\/de\/lacheln-design\/\">l\u00e4cheln<\/a>\u00a0Und wer von uns m\u00f6chte nicht schneewei\u00dfe Z\u00e4hne haben? Um das strahlende L\u00e4cheln zu bekommen, von dem wir tr\u00e4umen, k\u00f6nnen Sie zwei Dinge tun:<\/p><ol><li>Zahnaufhellungsmethoden zu Hause ausprobieren<\/li><li>Besuchen Sie einen Zahnarzt f\u00fcr eine professionelle Zahnaufhellung.<\/li><\/ol><\/div><\/div><\/div><\/div><\/div>\t\t\t\t\t\t<\/div>\n\t\t\t\t<\/div>\n\t\t\t\t<div class=\"elementor-element elementor-element-6a5ecf2 elementor-widget elementor-widget-heading\" data-id=\"6a5ecf2\" data-element_type=\"widget\" data-widget_type=\"heading.default\">\n\t\t\t\t<div class=\"elementor-widget-container\">\n\t\t\t<style>\/*! elementor - v3.21.0 - 26-05-2024 *\/\n.elementor-heading-title{padding:0;margin:0;line-height:1}.elementor-widget-heading .elementor-heading-title[class*=elementor-size-]>a{color:inherit;font-size:inherit;line-height:inherit}.elementor-widget-heading .elementor-heading-title.elementor-size-small{font-size:15px}.elementor-widget-heading .elementor-heading-title.elementor-size-medium{font-size:19px}.elementor-widget-heading .elementor-heading-title.elementor-size-large{font-size:29px}.elementor-widget-heading .elementor-heading-title.elementor-size-xl{font-size:39px}.elementor-widget-heading .elementor-heading-title.elementor-size-xxl{font-size:59px}<\/style><div class=\"elementor-heading-title elementor-size-default\">H\u00e4ufig gestellte Fragen<\/div>\t\t<\/div>\n\t\t\t\t<\/div>\n\t\t\t\t<div class=\"elementor-element elementor-element-aeaad9d elementor-widget elementor-widget-labout_faqs\" data-id=\"aeaad9d\" data-element_type=\"widget\" data-widget_type=\"labout_faqs.default\">\n\t\t\t\t<div class=\"elementor-widget-container\">\n\t\t\t    \n    <!-- faq-section -->\n    <section class=\"faq-section pt_120 pb_120\">\n                <div class=\"auto-container\">\n                        <div class=\"inner-container\">\n                <ul class=\"accordion-box\">\n                                        <li class=\"accordion block\">\n                        <div class=\"acc-btn\"><h4><span> 1<\/span>Wer kann keine Zahnaufhellung durchf\u00fchren lassen?<\/h4><\/div>\n                        <div class=\"acc-content\">\n                            <div class=\"content\">\n                                <p>Nicht empfohlen f\u00fcr Schwangere, Stillende und Personen mit extrem empfindlichen Z\u00e4hnen.<\/p>\n                            <\/div>\n                        <\/div>\n                    <\/li>\n                                        <li class=\"accordion block\">\n                        <div class=\"acc-btn\"><h4><span> 2<\/span>Werden die Z\u00e4hne nach dem Bleaching wieder gelb?<\/h4><\/div>\n                        <div class=\"acc-content\">\n                            <div class=\"content\">\n                                <p>Wenn keine regelm\u00e4\u00dfige Wartung durchgef\u00fchrt wird, kann sich die Farbe mit der Zeit ver\u00e4ndern.<\/p>\n                            <\/div>\n                        <\/div>\n                    <\/li>\n                                        <li class=\"accordion block active-block\">\n                        <div class=\"acc-btn active\"><h4><span> 3<\/span>Sch\u00e4digt der Bleaching-Prozess die Z\u00e4hne?<\/h4><\/div>\n                        <div class=\"acc-content current\">\n                            <div class=\"content\">\n                                <p>Bei richtiger Anwendung schadet es den Z\u00e4hnen nicht.<\/p>\n                            <\/div>\n                        <\/div>\n                    <\/li>\n                                        <li class=\"accordion block\">\n                        <div class=\"acc-btn\"><h4><span> 4<\/span>Ist das Aufhellen der Z\u00e4hne schmerzhaft?<\/h4><\/div>\n                        <div class=\"acc-content\">\n                            <div class=\"content\">\n                                <p>Normalerweise ist es schmerzlos, manche Menschen versp\u00fcren jedoch vor\u00fcbergehend Schmerzen.<\/p>\n                            <\/div>\n                        <\/div>\n                    <\/li>\n                                        <li class=\"accordion block\">\n                        <div class=\"acc-btn\"><h4><span> 5<\/span>Was ist Zahnaufhellung?<\/h4><\/div>\n                        <div class=\"acc-content\">\n                            <div class=\"content\">\n                                <p>Es handelt sich um einen \u00e4sthetischen Eingriff, der die Z\u00e4hne durch Aufhellen ihrer Farbe wei\u00dfer erscheinen l\u00e4sst.<\/p>\n                            <\/div>\n                        <\/div>\n                    <\/li>\n                                    <\/ul>\n            <\/div>\n        <\/div>\n    <\/section>\n    <!-- faq-section end -->\n      \n\t\t\t<\/div>\n\t\t\t\t<\/div>\n\t\t\t\t<\/div>\n\t\t\t\t<\/div>\n\t\t\t\t<\/div>","protected":false},"excerpt":{"rendered":"<p>Strahlend wei\u00dfe Z\u00e4hne \u2013 das w\u00fcnschen wir uns alle. Mit Laser ist das ein unkompliziertes Verfahren, das nur eine Sitzung erfordert. F\u00fcr einen sauberen Mund und ein gesundes L\u00e4cheln werden die Z\u00e4hne zun\u00e4chst gereinigt, anschlie\u00dfend erfolgt die Laser-Zahnaufhellung. Diese \u00e4sthetische Behandlung dauert etwa 45 Minuten und ist v\u00f6llig unbedenklich. Voraussetzung f\u00fcr eine eint\u00e4gige Zahnaufhellung ist in der Regel, dass die Z\u00e4hne verf\u00e4rbt sind. [\u2026]<\/p>","protected":false},"author":1,"featured_media":0,"parent":0,"menu_order":0,"comment_status":"closed","ping_status":"closed","template":"","meta":{"footnotes":""},"class_list":["post-3350","page","type-page","status-publish","hentry"],"_links":{"self":[{"href":"https:\/\/omerkutay.com\/de\/wp-json\/wp\/v2\/pages\/3350","targetHints":{"allow":["GET"]}}],"collection":[{"href":"https:\/\/omerkutay.com\/de\/wp-json\/wp\/v2\/pages"}],"about":[{"href":"https:\/\/omerkutay.com\/de\/wp-json\/wp\/v2\/types\/page"}],"author":[{"embeddable":true,"href":"https:\/\/omerkutay.com\/de\/wp-json\/wp\/v2\/users\/1"}],"replies":[{"embeddable":true,"href":"https:\/\/omerkutay.com\/de\/wp-json\/wp\/v2\/comments?post=3350"}],"version-history":[{"count":0,"href":"https:\/\/omerkutay.com\/de\/wp-json\/wp\/v2\/pages\/3350\/revisions"}],"wp:attachment":[{"href":"https:\/\/omerkutay.com\/de\/wp-json\/wp\/v2\/media?parent=3350"}],"curies":[{"name":"wp","href":"https:\/\/api.w.org\/{rel}","templated":true}]}}