{"id":3375,"date":"2025-02-20T10:55:11","date_gmt":"2025-02-20T07:55:11","guid":{"rendered":"https:\/\/omerkutay.com\/?page_id=3375"},"modified":"2025-08-16T11:59:55","modified_gmt":"2025-08-16T08:59:55","slug":"20-jahre-alt-weiblich","status":"publish","type":"page","link":"https:\/\/omerkutay.com\/de\/20-jahre-alt-weiblich\/","title":{"rendered":"20 Jahre alte Frau"},"content":{"rendered":"<div data-elementor-type=\"wp-page\" data-elementor-id=\"3375\" class=\"elementor elementor-3375\">\n\t\t\t\t<div class=\"elementor-element elementor-element-d6797aa e-con-full tedavikapsa e-flex e-con e-parent\" data-id=\"d6797aa\" data-element_type=\"container\">\n\t\t<div class=\"elementor-element elementor-element-2bb6504 e-con-full tedavisidebarkapsa e-flex e-con e-child\" data-id=\"2bb6504\" data-element_type=\"container\">\n\t\t\t\t<div class=\"elementor-element elementor-element-b92ff26 elementor-widget elementor-widget-sidebar\" data-id=\"b92ff26\" data-element_type=\"widget\" data-widget_type=\"sidebar.default\">\n\t\t\t\t<div class=\"elementor-widget-container\">\n\t\t\t<div id=\"nav_menu-3\" class=\"service-sidebar-widget sidebar-widget mb_30 widget_nav_menu\"><div class=\"widget-title mb_17\"><h3>Behandlungen<\/h3><\/div><\/div><div id=\"text-2\" class=\"service-sidebar-widget sidebar-widget mb_30 widget_text\"><div class=\"widget-title mb_17\"><h3>Detaillierte Informationen erhalten<\/h3><\/div>\t\t\t<div class=\"textwidget\"><p class=\"wpcf7-contact-form-not-found\"><strong>Fehler:<\/strong> Kontaktformular wurde nicht gefunden.<\/p>\n<\/div>\n\t\t<\/div>\t\t<\/div>\n\t\t\t\t<\/div>\n\t\t\t\t<\/div>\n\t\t<div class=\"elementor-element elementor-element-98a712c e-con-full e-flex e-con e-child\" data-id=\"98a712c\" data-element_type=\"container\">\n\t\t\t\t<div class=\"elementor-element elementor-element-cf776e6 elementor-widget elementor-widget-text-editor\" data-id=\"cf776e6\" data-element_type=\"widget\" data-widget_type=\"text-editor.default\">\n\t\t\t\t<div class=\"elementor-widget-container\">\n\t\t\t<style>\/*! elementor - v3.21.0 - 26-05-2024 *\/\n.elementor-widget-text-editor.elementor-drop-cap-view-stacked .elementor-drop-cap{background-color:#69727d;color:#fff}.elementor-widget-text-editor.elementor-drop-cap-view-framed .elementor-drop-cap{color:#69727d;border:3px solid;background-color:transparent}.elementor-widget-text-editor:not(.elementor-drop-cap-view-default) .elementor-drop-cap{margin-top:8px}.elementor-widget-text-editor:not(.elementor-drop-cap-view-default) .elementor-drop-cap-letter{width:1em;height:1em}.elementor-widget-text-editor .elementor-drop-cap{float:left;text-align:center;line-height:1;font-size:50px}.elementor-widget-text-editor .elementor-drop-cap-letter{display:inline-block}<\/style>\t\t\t\t<div class=\"content-one mb_65\"><div class=\"text-box mb_35\"><p><img fetchpriority=\"high\" decoding=\"async\" class=\"wp-image-3964 alignright\" src=\"https:\/\/omerkutay.com\/wp-content\/uploads\/2025\/02\/20-yas-disi-300x244.jpg\" alt=\"\" width=\"375\" height=\"305\" srcset=\"https:\/\/omerkutay.com\/wp-content\/uploads\/2025\/02\/20-yas-disi-300x244.jpg 300w, https:\/\/omerkutay.com\/wp-content\/uploads\/2025\/02\/20-yas-disi.jpg 768w\" sizes=\"(max-width: 375px) 100vw, 375px\" \/><\/p><p>Die ersten Weisheitsz\u00e4hne brechen mit 17 Jahren durch. Die Entwicklung ist abgeschlossen, wenn wir das 20. Lebensjahr erreichen.<\/p><p>Wenn diese meist in unserem Weichgewebe eingebetteten Z\u00e4hne Probleme wie Schwellungen und Mundgeruch verursachen, versuchen Patienten leider, diese Situation mit Antibiotika zu bew\u00e4ltigen und z\u00f6gern den Arztbesuch hinaus.<\/p><p><b>Eine verz\u00f6gerte Behandlung von Weisheitsz\u00e4hnen kann Tumore verursachen<\/b><\/p><p>Auch der Versuch, Schmerzen in den Weisheitsz\u00e4hnen, auch Weisheitsz\u00e4hne genannt, mit Antibiotika und Schmerzmitteln zu behandeln und zu sp\u00e4t zum Zahnarzt zu gehen, kann zu Tumoren in diesen Bereichen f\u00fchren. Wenn in dieser Situation Z\u00e4hne gezogen werden, kann dies zu Knochenschwund im Kiefer und manchmal sogar zum Verlust der umliegenden Z\u00e4hne f\u00fchren. Angesichts dieser Art von Problemen k\u00f6nnen Weisheitsz\u00e4hne nach Absprache mit dem Arzt und dem Patienten auch nach dem 18. Lebensjahr gezogen werden.<\/p><h2>Ein weiteres Problem bei Weisheitsz\u00e4hnen sind schiefe Z\u00e4hne.<\/h2><p>Ein weiteres Problem besteht darin, dass diese Z\u00e4hne beim Durchbrechen andere Z\u00e4hne einklemmen k\u00f6nnen, was ebenfalls zu Engst\u00e4nden f\u00fchren kann.<\/p><div class=\"container\"><div class=\"row\"><div class=\"col-lg-12 col-md-12 col-12\"><p>Wenn bei Patienten mit derartigen Beschwerden, die sich an den Arzt wenden, nach klinischer und r\u00f6ntgenologischer Untersuchung festgestellt wird, dass die Weisheitsz\u00e4hne nicht auf normale Weise durchbrechen, werden diese Z\u00e4hne durch einen chirurgischen Eingriff entfernt.<\/p><\/div><\/div><\/div><\/div><\/div>\t\t\t\t\t\t<\/div>\n\t\t\t\t<\/div>\n\t\t\t\t<div class=\"elementor-element elementor-element-6a5ecf2 elementor-widget elementor-widget-heading\" data-id=\"6a5ecf2\" data-element_type=\"widget\" data-widget_type=\"heading.default\">\n\t\t\t\t<div class=\"elementor-widget-container\">\n\t\t\t<style>\/*! elementor - v3.21.0 - 26-05-2024 *\/\n.elementor-heading-title{padding:0;margin:0;line-height:1}.elementor-widget-heading .elementor-heading-title[class*=elementor-size-]>a{color:inherit;font-size:inherit;line-height:inherit}.elementor-widget-heading .elementor-heading-title.elementor-size-small{font-size:15px}.elementor-widget-heading .elementor-heading-title.elementor-size-medium{font-size:19px}.elementor-widget-heading .elementor-heading-title.elementor-size-large{font-size:29px}.elementor-widget-heading .elementor-heading-title.elementor-size-xl{font-size:39px}.elementor-widget-heading .elementor-heading-title.elementor-size-xxl{font-size:59px}<\/style><div class=\"elementor-heading-title elementor-size-default\">H\u00e4ufig gestellte Fragen<\/div>\t\t<\/div>\n\t\t\t\t<\/div>\n\t\t\t\t<div class=\"elementor-element elementor-element-aeaad9d elementor-widget elementor-widget-labout_faqs\" data-id=\"aeaad9d\" data-element_type=\"widget\" data-widget_type=\"labout_faqs.default\">\n\t\t\t\t<div class=\"elementor-widget-container\">\n\t\t\t    \n    <!-- faq-section -->\n    <section class=\"faq-section pt_120 pb_120\">\n                <div class=\"auto-container\">\n                        <div class=\"inner-container\">\n                <ul class=\"accordion-box\">\n                                        <li class=\"accordion block\">\n                        <div class=\"acc-btn\"><h4><span> 1<\/span>Ist die Weisheitszahnentfernung schmerzhaft?<\/h4><\/div>\n                        <div class=\"acc-content\">\n                            <div class=\"content\">\n                                <p>Da der Eingriff unter \u00f6rtlicher Bet\u00e4ubung durchgef\u00fchrt wird, sind keine Schmerzen zu sp\u00fcren.<\/p>\n                            <\/div>\n                        <\/div>\n                    <\/li>\n                                        <li class=\"accordion block\">\n                        <div class=\"acc-btn\"><h4><span> 2<\/span>Ist die Weisheitszahnentfernung schwierig?<\/h4><\/div>\n                        <div class=\"acc-content\">\n                            <div class=\"content\">\n                                <p>Je nach Lage des Zahns kann eine einfache oder chirurgische Extraktion erforderlich sein.<\/p>\n                            <\/div>\n                        <\/div>\n                    <\/li>\n                                        <li class=\"accordion block active-block\">\n                        <div class=\"acc-btn active\"><h4><span> 3<\/span>Sollten Weisheitsz\u00e4hne gezogen werden?<\/h4><\/div>\n                        <div class=\"acc-content current\">\n                            <div class=\"content\">\n                                <p>Wenn es Schmerzen, Entz\u00fcndungen, Verformungen oder Bluterg\u00fcsse verursacht, wird eine Entfernung empfohlen.<\/p>\n                            <\/div>\n                        <\/div>\n                    <\/li>\n                                        <li class=\"accordion block\">\n                        <div class=\"acc-btn\"><h4><span> 4<\/span>Warum verursacht ein Weisheitszahn Schmerzen?<\/h4><\/div>\n                        <div class=\"acc-content\">\n                            <div class=\"content\">\n                                <p>Wenn der Zahn verlagert bleibt oder teilweise verlagert ist, kann es zu Zahnfleischentz\u00fcndungen und Druck kommen.<\/p>\n                            <\/div>\n                        <\/div>\n                    <\/li>\n                                        <li class=\"accordion block\">\n                        <div class=\"acc-btn\"><h4><span> 5<\/span>Haben alle Menschen Weisheitsz\u00e4hne?<\/h4><\/div>\n                        <div class=\"acc-content\">\n                            <div class=\"content\">\n                                <p>Nein, bei manchen Menschen tritt es m\u00f6glicherweise \u00fcberhaupt nicht auf.<\/p>\n                            <\/div>\n                        <\/div>\n                    <\/li>\n                                        <li class=\"accordion block\">\n                        <div class=\"acc-btn\"><h4><span> 6<\/span>In welchem Alter kommen die Weisheitsz\u00e4hne?<\/h4><\/div>\n                        <div class=\"acc-content\">\n                            <div class=\"content\">\n                                <p>Es tritt normalerweise im Alter zwischen 17 und 25 Jahren auf.<\/p>\n                            <\/div>\n                        <\/div>\n                    <\/li>\n                                        <li class=\"accordion block\">\n                        <div class=\"acc-btn\"><h4><span> 7<\/span>Was ist ein Weisheitszahn?<\/h4><\/div>\n                        <div class=\"acc-content\">\n                            <div class=\"content\">\n                                <p>Die letzten Z\u00e4hne im Mund sind die dritten Backenz\u00e4hne.<\/p>\n                            <\/div>\n                        <\/div>\n                    <\/li>\n                                    <\/ul>\n            <\/div>\n        <\/div>\n    <\/section>\n    <!-- faq-section end -->\n      \n\t\t\t<\/div>\n\t\t\t\t<\/div>\n\t\t\t\t<\/div>\n\t\t\t\t<\/div>\n\t\t\t\t<\/div>","protected":false},"excerpt":{"rendered":"<p>Weisheitsz\u00e4hne brechen ab dem 17. Lebensjahr durch. Mit dem 20. Lebensjahr sind sie vollst\u00e4ndig entwickelt. Diese oft in unser Weichgewebe eingebetteten Z\u00e4hne verursachen Probleme wie Schwellungen und Mundgeruch. Leider versuchen Patienten, diese Probleme mit Antibiotika zu behandeln und z\u00f6gern die Suche nach \u00e4rztlicher Hilfe hinaus. Eine verz\u00f6gerte Behandlung von Weisheitsz\u00e4hnen kann zu Tumoren f\u00fchren. Weisheitsz\u00e4hne, auch bekannt als [\u2026]<\/p>","protected":false},"author":1,"featured_media":0,"parent":0,"menu_order":0,"comment_status":"closed","ping_status":"closed","template":"","meta":{"footnotes":""},"class_list":["post-3375","page","type-page","status-publish","hentry"],"_links":{"self":[{"href":"https:\/\/omerkutay.com\/de\/wp-json\/wp\/v2\/pages\/3375","targetHints":{"allow":["GET"]}}],"collection":[{"href":"https:\/\/omerkutay.com\/de\/wp-json\/wp\/v2\/pages"}],"about":[{"href":"https:\/\/omerkutay.com\/de\/wp-json\/wp\/v2\/types\/page"}],"author":[{"embeddable":true,"href":"https:\/\/omerkutay.com\/de\/wp-json\/wp\/v2\/users\/1"}],"replies":[{"embeddable":true,"href":"https:\/\/omerkutay.com\/de\/wp-json\/wp\/v2\/comments?post=3375"}],"version-history":[{"count":0,"href":"https:\/\/omerkutay.com\/de\/wp-json\/wp\/v2\/pages\/3375\/revisions"}],"wp:attachment":[{"href":"https:\/\/omerkutay.com\/de\/wp-json\/wp\/v2\/media?parent=3375"}],"curies":[{"name":"wp","href":"https:\/\/api.w.org\/{rel}","templated":true}]}}