{"id":3381,"date":"2025-02-20T10:33:24","date_gmt":"2025-02-20T07:33:24","guid":{"rendered":"https:\/\/omerkutay.com\/?page_id=3381"},"modified":"2025-08-14T16:01:34","modified_gmt":"2025-08-14T13:01:34","slug":"zahnfleischerkrankungen-2","status":"publish","type":"page","link":"https:\/\/omerkutay.com\/de\/zahnfleischerkrankungen-2\/","title":{"rendered":"Zahnfleischerkrankungen"},"content":{"rendered":"<div data-elementor-type=\"wp-page\" data-elementor-id=\"3381\" class=\"elementor elementor-3381\">\n\t\t\t\t<div class=\"elementor-element elementor-element-d6797aa e-con-full tedavikapsa e-flex e-con e-parent\" data-id=\"d6797aa\" data-element_type=\"container\">\n\t\t<div class=\"elementor-element elementor-element-2bb6504 e-con-full tedavisidebarkapsa e-flex e-con e-child\" data-id=\"2bb6504\" data-element_type=\"container\">\n\t\t\t\t<div class=\"elementor-element elementor-element-b92ff26 elementor-widget elementor-widget-sidebar\" data-id=\"b92ff26\" data-element_type=\"widget\" data-widget_type=\"sidebar.default\">\n\t\t\t\t<div class=\"elementor-widget-container\">\n\t\t\t<div id=\"nav_menu-3\" class=\"service-sidebar-widget sidebar-widget mb_30 widget_nav_menu\"><div class=\"widget-title mb_17\"><h3>Behandlungen<\/h3><\/div><\/div><div id=\"text-2\" class=\"service-sidebar-widget sidebar-widget mb_30 widget_text\"><div class=\"widget-title mb_17\"><h3>Detaillierte Informationen erhalten<\/h3><\/div>\t\t\t<div class=\"textwidget\"><p class=\"wpcf7-contact-form-not-found\"><strong>Fehler:<\/strong> Kontaktformular wurde nicht gefunden.<\/p>\n<\/div>\n\t\t<\/div>\t\t<\/div>\n\t\t\t\t<\/div>\n\t\t\t\t<\/div>\n\t\t<div class=\"elementor-element elementor-element-98a712c e-con-full e-flex e-con e-child\" data-id=\"98a712c\" data-element_type=\"container\">\n\t\t\t\t<div class=\"elementor-element elementor-element-cf776e6 elementor-widget elementor-widget-text-editor\" data-id=\"cf776e6\" data-element_type=\"widget\" data-widget_type=\"text-editor.default\">\n\t\t\t\t<div class=\"elementor-widget-container\">\n\t\t\t<style>\/*! elementor - v3.21.0 - 26-05-2024 *\/\n.elementor-widget-text-editor.elementor-drop-cap-view-stacked .elementor-drop-cap{background-color:#69727d;color:#fff}.elementor-widget-text-editor.elementor-drop-cap-view-framed .elementor-drop-cap{color:#69727d;border:3px solid;background-color:transparent}.elementor-widget-text-editor:not(.elementor-drop-cap-view-default) .elementor-drop-cap{margin-top:8px}.elementor-widget-text-editor:not(.elementor-drop-cap-view-default) .elementor-drop-cap-letter{width:1em;height:1em}.elementor-widget-text-editor .elementor-drop-cap{float:left;text-align:center;line-height:1;font-size:50px}.elementor-widget-text-editor .elementor-drop-cap-letter{display:inline-block}<\/style>\t\t\t\t<div class=\"content-one mb_65\"><div class=\"text-box mb_35\"><p><img fetchpriority=\"high\" decoding=\"async\" class=\"wp-image-3934 alignright\" src=\"https:\/\/omerkutay.com\/wp-content\/uploads\/2025\/02\/diseti-hastaliklari1-300x200.jpg\" alt=\"Zahnfleischerkrankungen\" width=\"332\" height=\"221\" srcset=\"https:\/\/omerkutay.com\/wp-content\/uploads\/2025\/02\/diseti-hastaliklari1-300x200.jpg 300w, https:\/\/omerkutay.com\/wp-content\/uploads\/2025\/02\/diseti-hastaliklari1-1024x683.jpg 1024w, https:\/\/omerkutay.com\/wp-content\/uploads\/2025\/02\/diseti-hastaliklari1-768x512.jpg 768w, https:\/\/omerkutay.com\/wp-content\/uploads\/2025\/02\/diseti-hastaliklari1.jpg 1340w\" sizes=\"(max-width: 332px) 100vw, 332px\" \/><\/p><p>Periodontal hastal\u0131klar di\u015feti ve di\u015fleri \u00e7evreleyen dokular\u0131 etkileyen iltihabi hastal\u0131klard\u0131r. Eri\u015fkinlerde di\u015f kay\u0131plar\u0131n\u0131n %70\u2019inin nedeni di\u015feti hastal\u0131\u011f\u0131d\u0131r. Erken d\u00f6nemde te\u015fhis edildiklerinde di\u015feti hastal\u0131klar\u0131 kolay ve ba\u015far\u0131l\u0131 bir \u015fekilde tedavi edilebilirler.<\/p><p>Vorbeugung oder Behandlung von Zahnfleischerkrankungen; Dar\u00fcber hinaus bietet es weitere Vorteile, beispielsweise den Erhalt der nat\u00fcrlichen Z\u00e4hne, ein angenehmeres Kauen und eine bessere Verdauung. Das erste Symptom ist Bluten am Zahnfleischrand (sichtbar beim Z\u00e4hneputzen) und eine Ver\u00e4nderung der Zahnfleischfarbe von rosa nach rot. Dieses Stadium ist das Fr\u00fchstadium der Krankheit. Im Fr\u00fchstadium verursacht es m\u00f6glicherweise keine gro\u00dfen Symptome oder Beschwerden. Bleibt die Krankheit unbehandelt, schreitet sie fort und f\u00fchrt zum Verlust des Alveolarknochens, der die Z\u00e4hne st\u00fctzt. Dieser Zustand ist wahrscheinlich nicht umkehrbar.<\/p><p>Im fortgeschrittenen Stadium bildet sich zwischen Zahn und Zahnfleisch eine sogenannte Zahnfleischtasche. Das Vorhandensein einer Zahnfleischtasche erleichtert die Lokalisierung der Infektion und das Fortschreiten der Erkrankung. Im weiteren Krankheitsverlauf kommt es aufgrund der Osteoporose zu einer Lockerung der Z\u00e4hne, manchmal bilden sich Abszesse und schlie\u00dflich ist eine Zahnextraktion erforderlich.<\/p><h2>Behandlung von Zahnfleischerkrankungen<\/h2><p>Die Behandlung einer Parodontitis im Fr\u00fchstadium umfasst die Entfernung von Plaque und Zahnstein von den Z\u00e4hnen und die Gew\u00e4hrleistung einer glatten Wurzeloberfl\u00e4che. Durch diesen Vorgang werden Bakterien und Reizstoffe entfernt, die Entz\u00fcndungen im Zahnfleisch verursachen. Diese Behandlung reicht normalerweise aus, um das Zahnfleisch wieder an den Zahn anzupassen oder das Zahnfleisch zu verkleinern und die Tasche zu beseitigen. In den meisten F\u00e4llen einer fr\u00fchen Parodontitis ist eine t\u00e4gliche wirksame Mundpflege mit anschlie\u00dfender Zahnsteinentfernung, Plaqueentfernung und der Gew\u00e4hrleistung einer glatten Wurzeloberfl\u00e4che f\u00fcr eine erfolgreiche Behandlung ausreichend. In fortgeschritteneren F\u00e4llen kann eine chirurgische Behandlung erforderlich sein.<\/p><div class=\"col-lg-12 col-md-12 col-12\"><p>Nach einer Parodontitisbehandlung sollten Patienten regelm\u00e4\u00dfig im Abstand von 6 Monaten bis 1 Jahr von einem Zahnarzt untersucht werden. Nach einer Zahnfleischbehandlung ist die effektive Umsetzung der t\u00e4glichen Mundpflegema\u00dfnahmen der wichtigste Faktor f\u00fcr den Erfolg der Behandlung.<\/p><\/div><\/div><\/div>\t\t\t\t\t\t<\/div>\n\t\t\t\t<\/div>\n\t\t\t\t<div class=\"elementor-element elementor-element-6a5ecf2 elementor-widget elementor-widget-heading\" data-id=\"6a5ecf2\" data-element_type=\"widget\" data-widget_type=\"heading.default\">\n\t\t\t\t<div class=\"elementor-widget-container\">\n\t\t\t<style>\/*! elementor - v3.21.0 - 26-05-2024 *\/\n.elementor-heading-title{padding:0;margin:0;line-height:1}.elementor-widget-heading .elementor-heading-title[class*=elementor-size-]>a{color:inherit;font-size:inherit;line-height:inherit}.elementor-widget-heading .elementor-heading-title.elementor-size-small{font-size:15px}.elementor-widget-heading .elementor-heading-title.elementor-size-medium{font-size:19px}.elementor-widget-heading .elementor-heading-title.elementor-size-large{font-size:29px}.elementor-widget-heading .elementor-heading-title.elementor-size-xl{font-size:39px}.elementor-widget-heading .elementor-heading-title.elementor-size-xxl{font-size:59px}<\/style><div class=\"elementor-heading-title elementor-size-default\">H\u00e4ufig gestellte Fragen<\/div>\t\t<\/div>\n\t\t\t\t<\/div>\n\t\t\t\t<div class=\"elementor-element elementor-element-aeaad9d elementor-widget elementor-widget-labout_faqs\" data-id=\"aeaad9d\" data-element_type=\"widget\" data-widget_type=\"labout_faqs.default\">\n\t\t\t\t<div class=\"elementor-widget-container\">\n\t\t\t    \n    <!-- faq-section -->\n    <section class=\"faq-section pt_120 pb_120\">\n                <div class=\"auto-container\">\n                        <div class=\"inner-container\">\n                <ul class=\"accordion-box\">\n                                        <li class=\"accordion block\">\n                        <div class=\"acc-btn\"><h4><span> 1<\/span>Was verursacht Zahnfleischbluten?<\/h4><\/div>\n                        <div class=\"acc-content\">\n                            <div class=\"content\">\n                                <p>Die Ursache hierf\u00fcr ist meist eine Zahnfleischentz\u00fcndung (Gingivitis) oder Zahnsteinbildung.<\/p>\n                            <\/div>\n                        <\/div>\n                    <\/li>\n                                        <li class=\"accordion block\">\n                        <div class=\"acc-btn\"><h4><span> 2<\/span>Was passiert, wenn eine Zahnfleischerkrankung nicht behandelt wird?<\/h4><\/div>\n                        <div class=\"acc-content\">\n                            <div class=\"content\">\n                                <p>Es kann zu Zahnverlust und Kieferknochenverlust kommen.<\/p>\n                            <\/div>\n                        <\/div>\n                    <\/li>\n                                        <li class=\"accordion block active-block\">\n                        <div class=\"acc-btn active\"><h4><span> 3<\/span>Was verursacht Zahnfleischerkrankungen?<\/h4><\/div>\n                        <div class=\"acc-content current\">\n                            <div class=\"content\">\n                                <p>Mangelnde Mundhygiene, Plaquebildung, Rauchen, genetische Faktoren und Krankheiten wie Diabetes.<\/p>\n                            <\/div>\n                        <\/div>\n                    <\/li>\n                                        <li class=\"accordion block\">\n                        <div class=\"acc-btn\"><h4><span> 4<\/span>Was sind die Symptome einer Zahnfleischerkrankung?<\/h4><\/div>\n                        <div class=\"acc-content\">\n                            <div class=\"content\">\n                                <p>Blutungen, R\u00f6tungen, Schwellungen, Einziehungen, Mundgeruch und Druckempfindlichkeit.<\/p>\n                            <\/div>\n                        <\/div>\n                    <\/li>\n                                        <li class=\"accordion block\">\n                        <div class=\"acc-btn\"><h4><span> 5<\/span>Was ist eine Zahnfleischerkrankung?<\/h4><\/div>\n                        <div class=\"acc-content\">\n                            <div class=\"content\">\n                                <p>Dabei handelt es sich um Erkrankungen, die als Folge einer Entz\u00fcndung oder Infektion des Zahnfleisches auftreten.<\/p>\n                            <\/div>\n                        <\/div>\n                    <\/li>\n                                    <\/ul>\n            <\/div>\n        <\/div>\n    <\/section>\n    <!-- faq-section end -->\n      \n\t\t\t<\/div>\n\t\t\t\t<\/div>\n\t\t\t\t<\/div>\n\t\t\t\t<\/div>\n\t\t\t\t<\/div>","protected":false},"excerpt":{"rendered":"<p>Periodontal hastal\u0131klar di\u015feti ve di\u015fleri \u00e7evreleyen dokular\u0131 etkileyen iltihabi hastal\u0131klard\u0131r. Eri\u015fkinlerde di\u015f kay\u0131plar\u0131n\u0131n %70\u2019inin nedeni di\u015feti hastal\u0131\u011f\u0131d\u0131r. Erken d\u00f6nemde te\u015fhis edildiklerinde di\u015feti hastal\u0131klar\u0131 kolay ve ba\u015far\u0131l\u0131 bir \u015fekilde tedavi edilebilirler. Di\u015feti hastal\u0131klar\u0131n\u0131n \u00f6nlenmesi veya tedavisi; do\u011fal di\u015flerin korunmas\u0131, daha rahat \u00e7i\u011fnemenin ve daha iyi bir sindirimin sa\u011flanmas\u0131 gibi di\u011fer faydalar\u0131 da beraberinde getirir. \u0130lk belirti [&hellip;]<\/p>","protected":false},"author":1,"featured_media":0,"parent":0,"menu_order":0,"comment_status":"closed","ping_status":"closed","template":"","meta":{"footnotes":""},"class_list":["post-3381","page","type-page","status-publish","hentry"],"_links":{"self":[{"href":"https:\/\/omerkutay.com\/de\/wp-json\/wp\/v2\/pages\/3381","targetHints":{"allow":["GET"]}}],"collection":[{"href":"https:\/\/omerkutay.com\/de\/wp-json\/wp\/v2\/pages"}],"about":[{"href":"https:\/\/omerkutay.com\/de\/wp-json\/wp\/v2\/types\/page"}],"author":[{"embeddable":true,"href":"https:\/\/omerkutay.com\/de\/wp-json\/wp\/v2\/users\/1"}],"replies":[{"embeddable":true,"href":"https:\/\/omerkutay.com\/de\/wp-json\/wp\/v2\/comments?post=3381"}],"version-history":[{"count":0,"href":"https:\/\/omerkutay.com\/de\/wp-json\/wp\/v2\/pages\/3381\/revisions"}],"wp:attachment":[{"href":"https:\/\/omerkutay.com\/de\/wp-json\/wp\/v2\/media?parent=3381"}],"curies":[{"name":"wp","href":"https:\/\/api.w.org\/{rel}","templated":true}]}}