{"id":3393,"date":"2025-02-20T10:53:53","date_gmt":"2025-02-20T07:53:53","guid":{"rendered":"https:\/\/omerkutay.com\/?page_id=3393"},"modified":"2025-08-14T15:57:42","modified_gmt":"2025-08-14T12:57:42","slug":"bindung","status":"publish","type":"page","link":"https:\/\/omerkutay.com\/de\/bindung\/","title":{"rendered":"Verklebung"},"content":{"rendered":"<div data-elementor-type=\"wp-page\" data-elementor-id=\"3393\" class=\"elementor elementor-3393\">\n\t\t\t\t<div class=\"elementor-element elementor-element-d6797aa e-con-full tedavikapsa e-flex e-con e-parent\" data-id=\"d6797aa\" data-element_type=\"container\">\n\t\t<div class=\"elementor-element elementor-element-2bb6504 e-con-full tedavisidebarkapsa e-flex e-con e-child\" data-id=\"2bb6504\" data-element_type=\"container\">\n\t\t\t\t<div class=\"elementor-element elementor-element-b92ff26 elementor-widget elementor-widget-sidebar\" data-id=\"b92ff26\" data-element_type=\"widget\" data-widget_type=\"sidebar.default\">\n\t\t\t\t<div class=\"elementor-widget-container\">\n\t\t\t<div id=\"nav_menu-3\" class=\"service-sidebar-widget sidebar-widget mb_30 widget_nav_menu\"><div class=\"widget-title mb_17\"><h3>Behandlungen<\/h3><\/div><\/div><div id=\"text-2\" class=\"service-sidebar-widget sidebar-widget mb_30 widget_text\"><div class=\"widget-title mb_17\"><h3>Detaillierte Informationen erhalten<\/h3><\/div>\t\t\t<div class=\"textwidget\"><p class=\"wpcf7-contact-form-not-found\"><strong>Fehler:<\/strong> Kontaktformular wurde nicht gefunden.<\/p>\n<\/div>\n\t\t<\/div>\t\t<\/div>\n\t\t\t\t<\/div>\n\t\t\t\t<\/div>\n\t\t<div class=\"elementor-element elementor-element-98a712c e-con-full e-flex e-con e-child\" data-id=\"98a712c\" data-element_type=\"container\">\n\t\t\t\t<div class=\"elementor-element elementor-element-cf776e6 elementor-widget elementor-widget-text-editor\" data-id=\"cf776e6\" data-element_type=\"widget\" data-widget_type=\"text-editor.default\">\n\t\t\t\t<div class=\"elementor-widget-container\">\n\t\t\t<style>\/*! elementor - v3.21.0 - 26-05-2024 *\/\n.elementor-widget-text-editor.elementor-drop-cap-view-stacked .elementor-drop-cap{background-color:#69727d;color:#fff}.elementor-widget-text-editor.elementor-drop-cap-view-framed .elementor-drop-cap{color:#69727d;border:3px solid;background-color:transparent}.elementor-widget-text-editor:not(.elementor-drop-cap-view-default) .elementor-drop-cap{margin-top:8px}.elementor-widget-text-editor:not(.elementor-drop-cap-view-default) .elementor-drop-cap-letter{width:1em;height:1em}.elementor-widget-text-editor .elementor-drop-cap{float:left;text-align:center;line-height:1;font-size:50px}.elementor-widget-text-editor .elementor-drop-cap-letter{display:inline-block}<\/style>\t\t\t\t<div class=\"content-one mb_65\"><div class=\"text-box mb_35\"><p><img fetchpriority=\"high\" decoding=\"async\" class=\"wp-image-3958 alignright\" src=\"https:\/\/omerkutay.com\/wp-content\/uploads\/2025\/02\/bonding-300x163.jpg\" alt=\"\" width=\"432\" height=\"234\" srcset=\"https:\/\/omerkutay.com\/wp-content\/uploads\/2025\/02\/bonding-300x163.jpg 300w, https:\/\/omerkutay.com\/wp-content\/uploads\/2025\/02\/bonding.jpg 546w\" sizes=\"(max-width: 432px) 100vw, 432px\" \/><\/p><p>Die Bonding-Behandlung ist eine schmerzfreie Methode zur Korrektur kleinerer Zahndefekte. Oft k\u00f6nnen mehrere Z\u00e4hne in einer Sitzung korrigiert werden. Beim Bonding wird ein zahnfarbenes Material, sogenanntes Komposit, verwendet. Nach dem Aush\u00e4rten sieht es aus und f\u00fchlt sich an wie der Zahn selbst. Nachdem das Komposit auf den Zahn aufgetragen wurde, wird es mit einem speziellen Licht ausgeh\u00e4rtet.<\/p><p>Kompositharz kann die gleiche Farbe wie Ihre Z\u00e4hne haben, es kann auf nat\u00fcrliche Weise das abgebrochene St\u00fcck Ihres Zahns ersetzen, es kann die L\u00fccke zwischen Ihren Z\u00e4hnen f\u00fcllen oder es kann Ihren vergilbten Zahn \u00fcberdecken und ihm die gleiche Farbe wie Ihren anderen Z\u00e4hne verleihen.<\/p><h3>Wie erfolgt das Bonding?<\/h3><p>Um zu verhindern, dass die Nachbarz\u00e4hne durch den Eingriff beeintr\u00e4chtigt werden, legt Ihr Zahnarzt eine d\u00fcnne Folie zwischen Ihre Z\u00e4hne. Anschlie\u00dfend wird eine Chemikalie auf den zu behandelnden Zahn aufgetragen, um den Halt zu verbessern. Diese Substanz sorgt f\u00fcr eine bessere Haftung des Kompositharzes. Die Farbe des Kompositharzes wird dann an Ihre anderen Z\u00e4hne angepasst.<\/p><div class=\"col-lg-12 col-md-12 col-12\"><p>Das Harz wird Schicht f\u00fcr Schicht aufgetragen und anschlie\u00dfend mit einem Speziallicht ausgeh\u00e4rtet. Sobald die letzte Schicht aufgetragen ist, wird Ihr Zahnarzt sie formen und polieren. Ihre Z\u00e4hne sehen nat\u00fcrlich und glatt aus. Falls es bei Ihrer n\u00e4chsten Kontrolluntersuchung f\u00fcr notwendig erachtet wird, kann Ihr Lingualarzt eine kleine Korrektur oder Politur durchf\u00fchren. Die Verklebung kann mit der Zeit nachlassen. In diesem Fall kann Ihr Zahnarzt die Wiederherstellung durchf\u00fchren, indem er bei Bedarf neue Schichten auftr\u00e4gt.<\/p><\/div><\/div><\/div>\t\t\t\t\t\t<\/div>\n\t\t\t\t<\/div>\n\t\t\t\t<div class=\"elementor-element elementor-element-6a5ecf2 elementor-widget elementor-widget-heading\" data-id=\"6a5ecf2\" data-element_type=\"widget\" data-widget_type=\"heading.default\">\n\t\t\t\t<div class=\"elementor-widget-container\">\n\t\t\t<style>\/*! elementor - v3.21.0 - 26-05-2024 *\/\n.elementor-heading-title{padding:0;margin:0;line-height:1}.elementor-widget-heading .elementor-heading-title[class*=elementor-size-]>a{color:inherit;font-size:inherit;line-height:inherit}.elementor-widget-heading .elementor-heading-title.elementor-size-small{font-size:15px}.elementor-widget-heading .elementor-heading-title.elementor-size-medium{font-size:19px}.elementor-widget-heading .elementor-heading-title.elementor-size-large{font-size:29px}.elementor-widget-heading .elementor-heading-title.elementor-size-xl{font-size:39px}.elementor-widget-heading .elementor-heading-title.elementor-size-xxl{font-size:59px}<\/style><div class=\"elementor-heading-title elementor-size-default\">H\u00e4ufig gestellte Fragen<\/div>\t\t<\/div>\n\t\t\t\t<\/div>\n\t\t\t\t<div class=\"elementor-element elementor-element-aeaad9d elementor-widget elementor-widget-labout_faqs\" data-id=\"aeaad9d\" data-element_type=\"widget\" data-widget_type=\"labout_faqs.default\">\n\t\t\t\t<div class=\"elementor-widget-container\">\n\t\t\t    \n    <!-- faq-section -->\n    <section class=\"faq-section pt_120 pb_120\">\n                <div class=\"auto-container\">\n                        <div class=\"inner-container\">\n                <ul class=\"accordion-box\">\n                                        <li class=\"accordion block\">\n                        <div class=\"acc-btn\"><h4><span> 1<\/span>In welchen F\u00e4llen wird Bonding angewendet?<\/h4><\/div>\n                        <div class=\"acc-content\">\n                            <div class=\"content\">\n                                <p>Es wird angewendet, um kleine Br\u00fcche, L\u00fccken, Verf\u00e4rbungen oder Unregelm\u00e4\u00dfigkeiten in der Zahnform zu korrigieren.<\/p>\n                            <\/div>\n                        <\/div>\n                    <\/li>\n                                        <li class=\"accordion block\">\n                        <div class=\"acc-btn\"><h4><span> 2<\/span>Ist die Bindung dauerhaft?<\/h4><\/div>\n                        <div class=\"acc-content\">\n                            <div class=\"content\">\n                                <p>Es kann durchschnittlich 5\u201310 Jahre halten, erfordert jedoch regelm\u00e4\u00dfige Wartung.<\/p>\n                            <\/div>\n                        <\/div>\n                    <\/li>\n                                        <li class=\"accordion block active-block\">\n                        <div class=\"acc-btn active\"><h4><span> 3<\/span>Wie lange dauert der Bonding-Prozess?<\/h4><\/div>\n                        <div class=\"acc-content current\">\n                            <div class=\"content\">\n                                <p>Normalerweise ist es in einer einzigen Sitzung innerhalb von 30\u201360 Minuten abgeschlossen.<\/p>\n                            <\/div>\n                        <\/div>\n                    <\/li>\n                                        <li class=\"accordion block\">\n                        <div class=\"acc-btn\"><h4><span> 4<\/span>Ist der Bonding-Prozess schmerzhaft?<\/h4><\/div>\n                        <div class=\"acc-content\">\n                            <div class=\"content\">\n                                <p>Es ist im Allgemeinen schmerzlos und erfordert oft keine An\u00e4sthesie.<\/p>\n                            <\/div>\n                        <\/div>\n                    <\/li>\n                                        <li class=\"accordion block\">\n                        <div class=\"acc-btn\"><h4><span> 5<\/span>Was ist Bonding?<\/h4><\/div>\n                        <div class=\"acc-content\">\n                            <div class=\"content\">\n                                <p>Di\u015flerdeki k\u00fc\u00e7\u00fck k\u0131r\u0131k, \u00e7atlak ve renk bozukluklar\u0131n\u0131 d\u00fczeltmek i\u00e7in kompozit dolgu malzemesiyle yap\u0131lan estetik bir&hellip;<\/p>\n                            <\/div>\n                        <\/div>\n                    <\/li>\n                                    <\/ul>\n            <\/div>\n        <\/div>\n    <\/section>\n    <!-- faq-section end -->\n      \n\t\t\t<\/div>\n\t\t\t\t<\/div>\n\t\t\t\t<\/div>\n\t\t\t\t<\/div>\n\t\t\t\t<\/div>","protected":false},"excerpt":{"rendered":"<p>Bonding tedavisi di\u015fteki k\u00fc\u00e7\u00fck kusurlar\u0131 d\u00fczeltmenin ac\u0131s\u0131z bir y\u00f6ntemidir. \u00c7o\u011fu zaman bir seansta birden fazla di\u015f bu y\u00f6ntemle d\u00fczeltilebilir. Bondingde kompozit rezin denilen di\u015f renginde bir materyal kullan\u0131l\u0131r. Bu madde sertle\u015fti\u011finde ayn\u0131 di\u015f gibi g\u00f6r\u00fcn\u00fcr ve hissedilir. Kompozit rezin di\u015fin \u00fcst\u00fcne yerle\u015ftirildikten sonra \u00f6zel bir \u0131\u015f\u0131k ile sertle\u015ftirilir. Komozit rezin di\u015finizle ayn\u0131 renkte olabilir, di\u015finizden [&hellip;]<\/p>","protected":false},"author":1,"featured_media":0,"parent":0,"menu_order":0,"comment_status":"closed","ping_status":"closed","template":"","meta":{"footnotes":""},"class_list":["post-3393","page","type-page","status-publish","hentry"],"_links":{"self":[{"href":"https:\/\/omerkutay.com\/de\/wp-json\/wp\/v2\/pages\/3393","targetHints":{"allow":["GET"]}}],"collection":[{"href":"https:\/\/omerkutay.com\/de\/wp-json\/wp\/v2\/pages"}],"about":[{"href":"https:\/\/omerkutay.com\/de\/wp-json\/wp\/v2\/types\/page"}],"author":[{"embeddable":true,"href":"https:\/\/omerkutay.com\/de\/wp-json\/wp\/v2\/users\/1"}],"replies":[{"embeddable":true,"href":"https:\/\/omerkutay.com\/de\/wp-json\/wp\/v2\/comments?post=3393"}],"version-history":[{"count":0,"href":"https:\/\/omerkutay.com\/de\/wp-json\/wp\/v2\/pages\/3393\/revisions"}],"wp:attachment":[{"href":"https:\/\/omerkutay.com\/de\/wp-json\/wp\/v2\/media?parent=3393"}],"curies":[{"name":"wp","href":"https:\/\/api.w.org\/{rel}","templated":true}]}}