{"id":57,"date":"2024-05-23T08:10:45","date_gmt":"2024-05-23T08:10:45","guid":{"rendered":"https:\/\/wp1.themevibrant.com\/newwp\/labout\/?page_id=57"},"modified":"2025-09-24T17:02:34","modified_gmt":"2025-09-24T14:02:34","slug":"blog","status":"publish","type":"page","link":"https:\/\/omerkutay.com\/de\/blog\/","title":{"rendered":"Der Blog"},"content":{"rendered":"<div data-elementor-type=\"wp-page\" data-elementor-id=\"57\" class=\"elementor elementor-57\">\n\t\t\t\t<div class=\"elementor-element elementor-element-12966c0 e-flex e-con-boxed e-con e-parent\" data-id=\"12966c0\" data-element_type=\"container\">\n\t\t\t\t\t<div class=\"e-con-inner\">\n\t\t<div class=\"elementor-element elementor-element-5c2d632 e-flex e-con-boxed e-con e-child\" data-id=\"5c2d632\" data-element_type=\"container\">\n\t\t\t\t\t<div class=\"e-con-inner\">\n\t\t<div class=\"elementor-element elementor-element-d5c9071 e-con-full e-flex e-con e-child\" data-id=\"d5c9071\" data-element_type=\"container\">\n\t\t\t\t<div class=\"elementor-element elementor-element-3cdc696 elementor-widget elementor-widget-labout_blog_grid\" data-id=\"3cdc696\" data-element_type=\"widget\" data-widget_type=\"labout_blog_grid.default\">\n\t\t\t\t<div class=\"elementor-widget-container\">\n\t\t\t    \n        \n    <!-- sidebar-page-container -->\n    <section class=\"sidebar-page-container p_relative\">\n        <div class=\"blog-grid-content\">\n            <div class=\"row clearfix\">\n                                <div class=\"col-lg-6 col-md-6 col-sm-12 news-block\">\n                    <div class=\"news-block-one\">\n                        <div class=\"inner-box\">\n                                                        <figure class=\"image-box\"><a href=\"https:\/\/omerkutay.com\/de\/was-ist-eine-wurzelkanalbehandlung\/\"><img fetchpriority=\"high\" decoding=\"async\" width=\"390\" height=\"241\" src=\"https:\/\/omerkutay.com\/wp-content\/uploads\/2026\/05\/kanal-tedavisi-nedir-3-390x241.jpg\" class=\"attachment-labout_390x241 size-labout_390x241 wp-post-image\" alt=\"Was ist eine Wurzelkanalbehandlung?\" \/><\/a><\/figure>\n                                                        <div class=\"lower-content\">\n                                                                <div class=\"post-date\"><h2>08<span>Mai<\/span><\/h2><\/div>\n                                                                <span class=\"category\"><a href=\"https:\/\/omerkutay.com\/de\/kategorie\/asthetische-zahnheilkunde\/\" rel=\"category tag\">\u00c4sthetische Zahnheilkunde<\/a><\/span>                                <span class=\"author\">Autor: Prof. Dr. \u00d6mer Kutay<\/span>\n                                <h3><a href=\"https:\/\/omerkutay.com\/de\/was-ist-eine-wurzelkanalbehandlung\/\">Was ist eine Wurzelkanalbehandlung?<\/a><\/h3>\n                                <p>Tiefe Karies und Zahninfektionen k\u00f6nnen mit der Zeit Schmerzen verursachen...<\/p>\n                            <\/div>\n                        <\/div>\n                    <\/div>\n                <\/div>\n                                <div class=\"col-lg-6 col-md-6 col-sm-12 news-block\">\n                    <div class=\"news-block-one\">\n                        <div class=\"inner-box\">\n                                                        <figure class=\"image-box\"><a href=\"https:\/\/omerkutay.com\/de\/was-ist-eine-implantatbehandlung\/\"><img decoding=\"async\" width=\"390\" height=\"241\" src=\"https:\/\/omerkutay.com\/wp-content\/uploads\/2026\/05\/implant-tedavisi-nedir-3-390x241.jpg\" class=\"attachment-labout_390x241 size-labout_390x241 wp-post-image\" alt=\"Was ist eine Implantatbehandlung?\" \/><\/a><\/figure>\n                                                        <div class=\"lower-content\">\n                                                                <div class=\"post-date\"><h2>08<span>Mai<\/span><\/h2><\/div>\n                                                                <span class=\"category\"><a href=\"https:\/\/omerkutay.com\/de\/kategorie\/asthetische-zahnheilkunde\/\" rel=\"category tag\">\u00c4sthetische Zahnheilkunde<\/a><\/span>                                <span class=\"author\">Autor: Prof. Dr. \u00d6mer Kutay<\/span>\n                                <h3><a href=\"https:\/\/omerkutay.com\/de\/was-ist-eine-implantatbehandlung\/\">Was ist eine Implantatbehandlung?<\/a><\/h3>\n                                <p>Fehlende Z\u00e4hne beeintr\u00e4chtigen sowohl das \u00e4sthetische Erscheinungsbild als auch die Kaufunktion...<\/p>\n                            <\/div>\n                        <\/div>\n                    <\/div>\n                <\/div>\n                                <div class=\"col-lg-6 col-md-6 col-sm-12 news-block\">\n                    <div class=\"news-block-one\">\n                        <div class=\"inner-box\">\n                                                        <figure class=\"image-box\"><a href=\"https:\/\/omerkutay.com\/de\/was-ist-porzellanfurnier\/\"><img decoding=\"async\" width=\"390\" height=\"241\" src=\"https:\/\/omerkutay.com\/wp-content\/uploads\/2025\/10\/porselen-kaplama-nedir-3-390x241.jpg\" class=\"attachment-labout_390x241 size-labout_390x241 wp-post-image\" alt=\"\" \/><\/a><\/figure>\n                                                        <div class=\"lower-content\">\n                                                                <div class=\"post-date\"><h2>03<span>Oktober<\/span><\/h2><\/div>\n                                                                <span class=\"category\"><a href=\"https:\/\/omerkutay.com\/de\/kategorie\/asthetische-zahnheilkunde\/\" rel=\"category tag\">\u00c4sthetische Zahnheilkunde<\/a><\/span>                                <span class=\"author\">Autor: Prof. Dr. \u00d6mer Kutay<\/span>\n                                <h3><a href=\"https:\/\/omerkutay.com\/de\/was-ist-porzellanfurnier\/\">Was ist Porzellanveneer?<\/a><\/h3>\n                                <p>Porzellan ist eines der am h\u00e4ufigsten verwendeten Materialien in der \u00e4sthetischen Zahnheilkunde.<\/p>\n                            <\/div>\n                        <\/div>\n                    <\/div>\n                <\/div>\n                                <div class=\"col-lg-6 col-md-6 col-sm-12 news-block\">\n                    <div class=\"news-block-one\">\n                        <div class=\"inner-box\">\n                                                        <figure class=\"image-box\"><a href=\"https:\/\/omerkutay.com\/de\/prof-dr-omer-kutays-erste-gesundheitssendung-auf-ulke-tv\/\"><img loading=\"lazy\" decoding=\"async\" width=\"390\" height=\"241\" src=\"https:\/\/omerkutay.com\/wp-content\/uploads\/2025\/09\/once-saglik-prof-dr-omer-kutay-1-1-390x241.jpg\" class=\"attachment-labout_390x241 size-labout_390x241 wp-post-image\" alt=\"\" srcset=\"https:\/\/omerkutay.com\/wp-content\/uploads\/2025\/09\/once-saglik-prof-dr-omer-kutay-1-1-390x241.jpg 390w, https:\/\/omerkutay.com\/wp-content\/uploads\/2025\/09\/once-saglik-prof-dr-omer-kutay-1-1-18x10.jpg 18w\" sizes=\"(max-width: 390px) 100vw, 390px\" \/><\/a><\/figure>\n                                                        <div class=\"lower-content\">\n                                                                <div class=\"post-date\"><h2>24<span>September<\/span><\/h2><\/div>\n                                                                <span class=\"category\"><a href=\"https:\/\/omerkutay.com\/de\/kategorie\/asthetische-zahnheilkunde\/\" rel=\"category tag\">\u00c4sthetische Zahnheilkunde<\/a><\/span>                                <span class=\"author\">Autor: Prof. Dr. \u00d6mer Kutay<\/span>\n                                <h3><a href=\"https:\/\/omerkutay.com\/de\/prof-dr-omer-kutays-erste-gesundheitssendung-auf-ulke-tv\/\">Prof. Dr. \u00d6mer Kutay im \u00dclke TV: Health First Programm<\/a><\/h3>\n                                <p>Prof. Dr. \u00d6mer Kutay Gesundheitsprogramm Prof. Dr.\u2026<\/p>\n                            <\/div>\n                        <\/div>\n                    <\/div>\n                <\/div>\n                                <div class=\"col-lg-6 col-md-6 col-sm-12 news-block\">\n                    <div class=\"news-block-one\">\n                        <div class=\"inner-box\">\n                                                        <figure class=\"image-box\"><a href=\"https:\/\/omerkutay.com\/de\/preise-fur-porzellanfurniere\/\"><img loading=\"lazy\" decoding=\"async\" width=\"390\" height=\"241\" src=\"https:\/\/omerkutay.com\/wp-content\/uploads\/2025\/05\/porselen-kaplama-fiyatlari-390x241.jpg\" class=\"attachment-labout_390x241 size-labout_390x241 wp-post-image\" alt=\"Preise f\u00fcr Porzellanfurniere\" \/><\/a><\/figure>\n                                                        <div class=\"lower-content\">\n                                                                <div class=\"post-date\"><h2>06<span>Mai<\/span><\/h2><\/div>\n                                                                <span class=\"category\"><a href=\"https:\/\/omerkutay.com\/de\/kategorie\/asthetische-zahnheilkunde\/\" rel=\"category tag\">\u00c4sthetische Zahnheilkunde<\/a><\/span>                                <span class=\"author\">Autor: Prof. Dr. \u00d6mer Kutay<\/span>\n                                <h3><a href=\"https:\/\/omerkutay.com\/de\/preise-fur-porzellanfurniere\/\">Preise f\u00fcr Porzellanfurniere<\/a><\/h3>\n                                <p>Verfahren zur Verbesserung des Zahnaussehens, abh\u00e4ngig vom bevorzugten Material und\u2026<\/p>\n                            <\/div>\n                        <\/div>\n                    <\/div>\n                <\/div>\n                                <div class=\"col-lg-6 col-md-6 col-sm-12 news-block\">\n                    <div class=\"news-block-one\">\n                        <div class=\"inner-box\">\n                                                        <figure class=\"image-box\"><a href=\"https:\/\/omerkutay.com\/de\/zahnimplantat-am-selben-tag\/\"><img loading=\"lazy\" decoding=\"async\" width=\"390\" height=\"241\" src=\"https:\/\/omerkutay.com\/wp-content\/uploads\/2025\/02\/ayni-gun-implant-1-390x241.jpg\" class=\"attachment-labout_390x241 size-labout_390x241 wp-post-image\" alt=\"Zahnimplantate am selben Tag\" \/><\/a><\/figure>\n                                                        <div class=\"lower-content\">\n                                                                <div class=\"post-date\"><h2>25<span>Febr.<\/span><\/h2><\/div>\n                                                                <span class=\"category\"><a href=\"https:\/\/omerkutay.com\/de\/kategorie\/implantieren\/\" rel=\"category tag\">Implantate<\/a><\/span>                                <span class=\"author\">Autor: Prof. Dr. \u00d6mer Kutay<\/span>\n                                <h3><a href=\"https:\/\/omerkutay.com\/de\/zahnimplantat-am-selben-tag\/\">Zahnimplantat am selben Tag<\/a><\/h3>\n                                <p>Eine Zahnimplantatbehandlung am selben Tag ist f\u00fcr jeden Patienten m\u00f6glich\u2026<\/p>\n                            <\/div>\n                        <\/div>\n                    <\/div>\n                <\/div>\n                                <div class=\"col-lg-6 col-md-6 col-sm-12 news-block\">\n                    <div class=\"news-block-one\">\n                        <div class=\"inner-box\">\n                                                        <figure class=\"image-box\"><a href=\"https:\/\/omerkutay.com\/de\/was-sie-uber-zahnfleischerkrankungen-wissen-mussen\/\"><img loading=\"lazy\" decoding=\"async\" width=\"390\" height=\"241\" src=\"https:\/\/omerkutay.com\/wp-content\/uploads\/2025\/02\/dis-eti-hastaliklari-hakkinda-bilinmesi-gerekenler-390x241.jpg\" class=\"attachment-labout_390x241 size-labout_390x241 wp-post-image\" alt=\"Was Sie \u00fcber Zahnfleischerkrankungen wissen m\u00fcssen\" \/><\/a><\/figure>\n                                                        <div class=\"lower-content\">\n                                                                <div class=\"post-date\"><h2>20<span>Febr.<\/span><\/h2><\/div>\n                                                                <span class=\"category\"><a href=\"https:\/\/omerkutay.com\/de\/kategorie\/zahnerkrankungen\/\" rel=\"category tag\">Zahnerkrankungen<\/a><\/span>                                <span class=\"author\">Autor: Prof. Dr. \u00d6mer Kutay<\/span>\n                                <h3><a href=\"https:\/\/omerkutay.com\/de\/was-sie-uber-zahnfleischerkrankungen-wissen-mussen\/\">Was Sie \u00fcber Zahnfleischerkrankungen wissen m\u00fcssen<\/a><\/h3>\n                                <p>Zahnfleischerkrankungen beeintr\u00e4chtigen sowohl Ihre Mundgesundheit als auch Ihre allgemeine Gesundheit\u2026<\/p>\n                            <\/div>\n                        <\/div>\n                    <\/div>\n                <\/div>\n                                <div class=\"col-lg-6 col-md-6 col-sm-12 news-block\">\n                    <div class=\"news-block-one\">\n                        <div class=\"inner-box\">\n                                                        <figure class=\"image-box\"><a href=\"https:\/\/omerkutay.com\/de\/wie-dauerhaft-ist-eine-zahnaufhellung\/\"><img loading=\"lazy\" decoding=\"async\" width=\"390\" height=\"241\" src=\"https:\/\/omerkutay.com\/wp-content\/uploads\/2025\/02\/dis-beyazlatma-kalici-mi-390x241.jpg\" class=\"attachment-labout_390x241 size-labout_390x241 wp-post-image\" alt=\"Wie dauerhaft ist die Zahnaufhellung?\" \/><\/a><\/figure>\n                                                        <div class=\"lower-content\">\n                                                                <div class=\"post-date\"><h2>20<span>Febr.<\/span><\/h2><\/div>\n                                                                <span class=\"category\"><a href=\"https:\/\/omerkutay.com\/de\/kategorie\/asthetische-zahnheilkunde\/\" rel=\"category tag\">\u00c4sthetische Zahnheilkunde<\/a><\/span>                                <span class=\"author\">Autor: Prof. Dr. \u00d6mer Kutay<\/span>\n                                <h3><a href=\"https:\/\/omerkutay.com\/de\/wie-dauerhaft-ist-eine-zahnaufhellung\/\">Wie dauerhaft ist die Zahnaufhellung?<\/a><\/h3>\n                                <p>Eine Zahnaufhellungsbehandlung dient dazu, Verf\u00e4rbungen der Z\u00e4hne zu entfernen...<\/p>\n                            <\/div>\n                        <\/div>\n                    <\/div>\n                <\/div>\n                                <div class=\"col-lg-6 col-md-6 col-sm-12 news-block\">\n                    <div class=\"news-block-one\">\n                        <div class=\"inner-box\">\n                                                        <figure class=\"image-box\"><a href=\"https:\/\/omerkutay.com\/de\/welche-arten-von-prothesen-gibt-es-die-auf-implantaten-befestigt-werden\/\"><img loading=\"lazy\" decoding=\"async\" width=\"390\" height=\"241\" src=\"https:\/\/omerkutay.com\/wp-content\/uploads\/2025\/02\/implantlarin-uzerine-takilan-pro-390x241.jpg\" class=\"attachment-labout_390x241 size-labout_390x241 wp-post-image\" alt=\"Welche Arten von Prothesen gibt es, die auf Implantaten befestigt werden?\" \/><\/a><\/figure>\n                                                        <div class=\"lower-content\">\n                                                                <div class=\"post-date\"><h2>20<span>Febr.<\/span><\/h2><\/div>\n                                                                <span class=\"category\"><a href=\"https:\/\/omerkutay.com\/de\/kategorie\/implantatvideos\/\" rel=\"category tag\">Implantat-Videos<\/a><\/span>                                <span class=\"author\">Autor: Prof. Dr. \u00d6mer Kutay<\/span>\n                                <h3><a href=\"https:\/\/omerkutay.com\/de\/welche-arten-von-prothesen-gibt-es-die-auf-implantaten-befestigt-werden\/\">Welche Arten von Prothesen k\u00f6nnen an Implantaten befestigt werden?<\/a><\/h3>\n                                <p>Welche Arten von Prothesen werden auf Implantaten befestigt? (Der Text wechselt dann abrupt zu einem anderen Thema: \u201eauf Implantaten...\u201c)<\/p>\n                            <\/div>\n                        <\/div>\n                    <\/div>\n                <\/div>\n                                <div class=\"col-lg-6 col-md-6 col-sm-12 news-block\">\n                    <div class=\"news-block-one\">\n                        <div class=\"inner-box\">\n                                                        <figure class=\"image-box\"><a href=\"https:\/\/omerkutay.com\/de\/was-ist-eine-metallfreie-zirkonoxidkrone\/\"><img loading=\"lazy\" decoding=\"async\" width=\"390\" height=\"241\" src=\"https:\/\/omerkutay.com\/wp-content\/uploads\/2025\/02\/zirkon-metal-desteksiz-kuron-ned-390x241.jpg\" class=\"attachment-labout_390x241 size-labout_390x241 wp-post-image\" alt=\"Was ist eine metallfreie Zirkonkrone?\" \/><\/a><\/figure>\n                                                        <div class=\"lower-content\">\n                                                                <div class=\"post-date\"><h2>20<span>Febr.<\/span><\/h2><\/div>\n                                                                <span class=\"category\"><a href=\"https:\/\/omerkutay.com\/de\/kategorie\/implantatvideos\/\" rel=\"category tag\">Implantat-Videos<\/a><\/span>                                <span class=\"author\">Autor: Prof. Dr. \u00d6mer Kutay<\/span>\n                                <h3><a href=\"https:\/\/omerkutay.com\/de\/was-ist-eine-metallfreie-zirkonoxidkrone\/\">Was ist eine metallfreie Zirkonkrone?<\/a><\/h3>\n                                <p>Was ist eine metallfreie Zirkonkrone? Was sind ihre Eigenschaften? Zirkonmetall\u2026<\/p>\n                            <\/div>\n                        <\/div>\n                    <\/div>\n                <\/div>\n                            <\/div>\n                        <div class=\"pagination-wrapper pt_30\">\n                <div class=\"pagination clearfix\">\n                    <ul class=\"pagination\">\n\t<li><span aria-current=\"page\" class=\"page-numbers current\">1<\/span><\/li>\n\t<li><a class=\"page-numbers\" href=\"https:\/\/omerkutay.com\/wp-json\/wp\/v2\/pages\/57\/page\/2\/\">2<\/a><\/li>\n\t<li><a class=\"page-numbers\" href=\"https:\/\/omerkutay.com\/wp-json\/wp\/v2\/pages\/57\/page\/3\/\">3<\/a><\/li>\n\t<li><span class=\"page-numbers dots\">...<\/span><\/li>\n\t<li><a class=\"page-numbers\" href=\"https:\/\/omerkutay.com\/wp-json\/wp\/v2\/pages\/57\/page\/27\/\">27<\/a><\/li>\n\t<li><a class=\"next page-numbers\" href=\"https:\/\/omerkutay.com\/wp-json\/wp\/v2\/pages\/57\/page\/2\/\"><i class=\"icon-36\"><\/i><\/a><\/li>\n<\/ul>\n                <\/div>\n            <\/div>\n                    <\/div>\n    <\/section>\n    <!-- sidebar-page-container end -->\n    \n       \t\t\t<\/div>\n\t\t\t\t<\/div>\n\t\t\t\t<\/div>\n\t\t<div class=\"elementor-element elementor-element-e29bca1 e-con-full e-flex e-con e-child\" data-id=\"e29bca1\" data-element_type=\"container\">\n\t\t\t\t<div class=\"elementor-element elementor-element-30c8b5d elementor-widget elementor-widget-labout_sidebar\" data-id=\"30c8b5d\" data-element_type=\"widget\" data-widget_type=\"labout_sidebar.default\">\n\t\t\t\t<div class=\"elementor-widget-container\">\n\t\t\t    \r\n    <!-- sidebar-page-container -->\r\n    <div class=\"sidebar-side\">\r\n        <div class=\"blog-sidebar\">\r\n        \t<div id=\"nav_menu-5\" class=\"widget sidebar-widget mb_50 widget_nav_menu\"><div class=\"widget-title mb_17\"><h3> Behandlungen<\/h3><\/div><\/div><div id=\"text-3\" class=\"widget sidebar-widget mb_50 widget_text\"><div class=\"widget-title mb_17\"><h3> Detaillierte Informationen erhalten<\/h3><\/div>\t\t\t<div class=\"textwidget\"><p class=\"wpcf7-contact-form-not-found\"><strong>Fehler:<\/strong> Kontaktformular wurde nicht gefunden.<\/p>\n<\/div>\n\t\t<\/div>    \t<\/div>\r\n    <\/div>\r\n\t           \r\n    \t\t<\/div>\n\t\t\t\t<\/div>\n\t\t\t\t<\/div>\n\t\t\t\t\t<\/div>\n\t\t\t\t<\/div>\n\t\t\t\t\t<\/div>\n\t\t\t\t<\/div>\n\t\t\t\t<\/div>","protected":false},"excerpt":{"rendered":"<p>24. September: \u00c4sthetische Zahnmedizin mit Prof. Dr. \u00d6mer Kutay auf \u00dclke TV: Erstes Gesundheitsprogramm. Prof. Dr. \u00d6mer Kutay\u2026 19. August: Implantate \u2013 Wo werden die besten Implantate hergestellt? Der beste Ort f\u00fcr eine Implantatbehandlung h\u00e4ngt von den Bed\u00fcrfnissen des Patienten ab\u2026 6. Mai: \u00c4sthetische Zahnmedizin \u2013 Preise f\u00fcr Porzellanveneers \u2013 Verfahren zur Verbesserung des Aussehens der Z\u00e4hne, bevorzugtes Material und\u2026 25. Februar: Sofortimplantate [\u2026]<\/p>","protected":false},"author":1,"featured_media":0,"parent":0,"menu_order":0,"comment_status":"closed","ping_status":"closed","template":"tpl-default-elementor.php","meta":{"footnotes":""},"class_list":["post-57","page","type-page","status-publish","hentry"],"_links":{"self":[{"href":"https:\/\/omerkutay.com\/de\/wp-json\/wp\/v2\/pages\/57","targetHints":{"allow":["GET"]}}],"collection":[{"href":"https:\/\/omerkutay.com\/de\/wp-json\/wp\/v2\/pages"}],"about":[{"href":"https:\/\/omerkutay.com\/de\/wp-json\/wp\/v2\/types\/page"}],"author":[{"embeddable":true,"href":"https:\/\/omerkutay.com\/de\/wp-json\/wp\/v2\/users\/1"}],"replies":[{"embeddable":true,"href":"https:\/\/omerkutay.com\/de\/wp-json\/wp\/v2\/comments?post=57"}],"version-history":[{"count":0,"href":"https:\/\/omerkutay.com\/de\/wp-json\/wp\/v2\/pages\/57\/revisions"}],"wp:attachment":[{"href":"https:\/\/omerkutay.com\/de\/wp-json\/wp\/v2\/media?parent=57"}],"curies":[{"name":"wp","href":"https:\/\/api.w.org\/{rel}","templated":true}]}}