{"id":64,"date":"2024-05-23T08:13:28","date_gmt":"2024-05-23T08:13:28","guid":{"rendered":"https:\/\/wp1.themevibrant.com\/newwp\/labout\/?page_id=64"},"modified":"2025-08-14T16:24:05","modified_gmt":"2025-08-14T13:24:05","slug":"kommunikation","status":"publish","type":"page","link":"https:\/\/omerkutay.com\/de\/kommunikation\/","title":{"rendered":"Kommunikation"},"content":{"rendered":"<div data-elementor-type=\"wp-page\" data-elementor-id=\"64\" class=\"elementor elementor-64\">\n\t\t\t\t<div class=\"elementor-element elementor-element-ab60348 e-con-full iletisimkapsa e-flex e-con e-parent\" data-id=\"ab60348\" data-element_type=\"container\">\n\t\t\t\t<div class=\"elementor-element elementor-element-80bd85a elementor-widget elementor-widget-labout_call_to_action\" data-id=\"80bd85a\" data-element_type=\"widget\" data-widget_type=\"labout_call_to_action.default\">\n\t\t\t\t<div class=\"elementor-widget-container\">\n\t\t\t    \n        \n    <!-- contact-info-section -->\n    <section class=\"contact-info-section pt_120 pb_90 centred\">\n        <div class=\"auto-container\">\n                        <div class=\"row clearfix\">\n                                <div class=\"col-lg-4 col-md-6 col-sm-12 info-block\">\n                    <div class=\"info-block-one\">\n                        <div class=\"inner-box\">\n                            <div class=\"icon-box\">\n                                <div class=\"r-hex\"><div class=\"r-hex-inner\"><\/div><\/div>\n                                <div class=\"icon\">\n                                \t                                        <i class=\"icon-67\"><\/i>                                \n                                                                    <\/div>\n                            <\/div>\n                            <h3>Adresse<\/h3>\n                                                        <p>Valikonagi Cad. Mim Kemal Apt. No:72 Nisantasi Istanbul<\/p>\n                                                    <\/div>\n                    <\/div>\n                <\/div>\n                                <div class=\"col-lg-4 col-md-6 col-sm-12 info-block\">\n                    <div class=\"info-block-one\">\n                        <div class=\"inner-box\">\n                            <div class=\"icon-box\">\n                                <div class=\"r-hex\"><div class=\"r-hex-inner\"><\/div><\/div>\n                                <div class=\"icon\">\n                                \t                                        <i class=\"icon-68\"><\/i>                                \n                                                                    <\/div>\n                            <\/div>\n                            <h3>E-Mail<\/h3>\n                                                        <p><a href=\"mailto: bilgi@omerkutay.com\"> bilgi@omerkutay.com<\/a><br \/><a href=\"mailto:\"><\/a><\/p>\n                                                    <\/div>\n                    <\/div>\n                <\/div>\n                                <div class=\"col-lg-4 col-md-6 col-sm-12 info-block\">\n                    <div class=\"info-block-one\">\n                        <div class=\"inner-box\">\n                            <div class=\"icon-box\">\n                                <div class=\"r-hex\"><div class=\"r-hex-inner\"><\/div><\/div>\n                                <div class=\"icon\">\n                                \t                                        <i class=\"icon-69\"><\/i>                                \n                                                                    <\/div>\n                            <\/div>\n                            <h3>Telefon<\/h3>\n                                                        <p>0533 950 60 95<br \/> <a href=\"tel:\"><\/a> <\/p>\n                                                    <\/div>\n                    <\/div>\n                <\/div>\n                            <\/div>\n        <\/div>\n    <\/section>\n    <!-- contact-info-section end -->\n        \n      \n    \t\t<\/div>\n\t\t\t\t<\/div>\n\t\t\t\t<\/div>\n\t\t<div class=\"elementor-element elementor-element-c388cdc e-flex e-con-boxed e-con e-parent\" data-id=\"c388cdc\" data-element_type=\"container\" data-settings=\"{&quot;background_background&quot;:&quot;classic&quot;}\">\n\t\t\t\t\t<div class=\"e-con-inner\">\n\t\t<div class=\"elementor-element elementor-element-eb84a05 e-con-full asayfaformkapsa e-flex e-con e-child\" data-id=\"eb84a05\" data-element_type=\"container\" id=\"form\">\n\t\t\t\t<div class=\"elementor-element elementor-element-896d4b1 elementor-widget elementor-widget-heading\" data-id=\"896d4b1\" data-element_type=\"widget\" data-widget_type=\"heading.default\">\n\t\t\t\t<div class=\"elementor-widget-container\">\n\t\t\t<style>\/*! elementor - v3.21.0 - 26-05-2024 *\/\n.elementor-heading-title{padding:0;margin:0;line-height:1}.elementor-widget-heading .elementor-heading-title[class*=elementor-size-]>a{color:inherit;font-size:inherit;line-height:inherit}.elementor-widget-heading .elementor-heading-title.elementor-size-small{font-size:15px}.elementor-widget-heading .elementor-heading-title.elementor-size-medium{font-size:19px}.elementor-widget-heading .elementor-heading-title.elementor-size-large{font-size:29px}.elementor-widget-heading .elementor-heading-title.elementor-size-xl{font-size:39px}.elementor-widget-heading .elementor-heading-title.elementor-size-xxl{font-size:59px}<\/style><h2 class=\"elementor-heading-title elementor-size-default\">Kontaktformular<\/h2>\t\t<\/div>\n\t\t\t\t<\/div>\n\t\t\t\t<div class=\"elementor-element elementor-element-d7d9fd7 elementor-widget elementor-widget-text-editor\" data-id=\"d7d9fd7\" data-element_type=\"widget\" data-widget_type=\"text-editor.default\">\n\t\t\t\t<div class=\"elementor-widget-container\">\n\t\t\t<style>\/*! elementor - v3.21.0 - 26-05-2024 *\/\n.elementor-widget-text-editor.elementor-drop-cap-view-stacked .elementor-drop-cap{background-color:#69727d;color:#fff}.elementor-widget-text-editor.elementor-drop-cap-view-framed .elementor-drop-cap{color:#69727d;border:3px solid;background-color:transparent}.elementor-widget-text-editor:not(.elementor-drop-cap-view-default) .elementor-drop-cap{margin-top:8px}.elementor-widget-text-editor:not(.elementor-drop-cap-view-default) .elementor-drop-cap-letter{width:1em;height:1em}.elementor-widget-text-editor .elementor-drop-cap{float:left;text-align:center;line-height:1;font-size:50px}.elementor-widget-text-editor .elementor-drop-cap-letter{display:inline-block}<\/style>\t\t\t\t<p><p class=\"wpcf7-contact-form-not-found\"><strong>Fehler:<\/strong> Kontaktformular wurde nicht gefunden.<\/p><\/p>\t\t\t\t\t\t<\/div>\n\t\t\t\t<\/div>\n\t\t\t\t<\/div>\n\t\t<div class=\"elementor-element elementor-element-e22415d e-con-full e-flex e-con e-child\" data-id=\"e22415d\" data-element_type=\"container\">\n\t\t\t\t<div class=\"elementor-element elementor-element-2059873 elementor-widget elementor-widget-google_maps\" data-id=\"2059873\" data-element_type=\"widget\" data-widget_type=\"google_maps.default\">\n\t\t\t\t<div class=\"elementor-widget-container\">\n\t\t\t<style>\/*! elementor - v3.21.0 - 26-05-2024 *\/\n.elementor-widget-google_maps .elementor-widget-container{overflow:hidden}.elementor-widget-google_maps .elementor-custom-embed{line-height:0}.elementor-widget-google_maps iframe{height:300px}<\/style>\t\t<div class=\"elementor-custom-embed\">\n\t\t\t<iframe loading=\"lazy\"\n\t\t\t\t\tsrc=\"https:\/\/maps.google.com\/maps?q=Valikona%C4%9F%C4%B1%20Cad.%20Mim%20Kemal%20Apt.%20No%3A72%20Ni%C5%9Fanta%C5%9F%C4%B1%20%C4%B0stanbul&#038;t=m&#038;z=14&#038;output=embed&#038;iwloc=near\"\n\t\t\t\t\ttitle=\"Valikonagi Cad. Mim Kemal Apt. No:72 Nisantasi Istanbul\"\n\t\t\t\t\taria-label=\"Valikonagi Cad. Mim Kemal Apt. No:72 Nisantasi Istanbul\"\n\t\t\t><\/iframe>\n\t\t<\/div>\n\t\t\t\t<\/div>\n\t\t\t\t<\/div>\n\t\t\t\t<\/div>\n\t\t\t\t\t<\/div>\n\t\t\t\t<\/div>\n\t\t\t\t<\/div>","protected":false},"excerpt":{"rendered":"<p>Adres Valikona\u011f\u0131 Cad. Mim Kemal Apt. No:72 Ni\u015fanta\u015f\u0131 \u0130stanbul Email bilgi@omerkutay.com Telefon 0533 950 60 95 \u0130leti\u015fim Formu<\/p>","protected":false},"author":1,"featured_media":0,"parent":0,"menu_order":0,"comment_status":"closed","ping_status":"closed","template":"tpl-default-elementor.php","meta":{"footnotes":""},"class_list":["post-64","page","type-page","status-publish","hentry"],"_links":{"self":[{"href":"https:\/\/omerkutay.com\/de\/wp-json\/wp\/v2\/pages\/64","targetHints":{"allow":["GET"]}}],"collection":[{"href":"https:\/\/omerkutay.com\/de\/wp-json\/wp\/v2\/pages"}],"about":[{"href":"https:\/\/omerkutay.com\/de\/wp-json\/wp\/v2\/types\/page"}],"author":[{"embeddable":true,"href":"https:\/\/omerkutay.com\/de\/wp-json\/wp\/v2\/users\/1"}],"replies":[{"embeddable":true,"href":"https:\/\/omerkutay.com\/de\/wp-json\/wp\/v2\/comments?post=64"}],"version-history":[{"count":0,"href":"https:\/\/omerkutay.com\/de\/wp-json\/wp\/v2\/pages\/64\/revisions"}],"wp:attachment":[{"href":"https:\/\/omerkutay.com\/de\/wp-json\/wp\/v2\/media?parent=64"}],"curies":[{"name":"wp","href":"https:\/\/api.w.org\/{rel}","templated":true}]}}