{"id":2661,"date":"2025-02-18T16:57:51","date_gmt":"2025-02-18T13:57:51","guid":{"rendered":"https:\/\/omerkutay.com\/?page_id=2661"},"modified":"2025-08-14T16:36:38","modified_gmt":"2025-08-14T13:36:38","slug":"root-canal-treatment","status":"publish","type":"page","link":"https:\/\/omerkutay.com\/en\/root-canal-treatment\/","title":{"rendered":"Root Canal Treatment"},"content":{"rendered":"<div data-elementor-type=\"wp-page\" data-elementor-id=\"2661\" class=\"elementor elementor-2661\">\n\t\t\t\t<div class=\"elementor-element elementor-element-d6797aa e-con-full tedavikapsa e-flex e-con e-parent\" data-id=\"d6797aa\" data-element_type=\"container\">\n\t\t<div class=\"elementor-element elementor-element-2bb6504 e-con-full tedavisidebarkapsa e-flex e-con e-child\" data-id=\"2bb6504\" data-element_type=\"container\">\n\t\t\t\t<div class=\"elementor-element elementor-element-b92ff26 elementor-widget elementor-widget-sidebar\" data-id=\"b92ff26\" data-element_type=\"widget\" data-widget_type=\"sidebar.default\">\n\t\t\t\t<div class=\"elementor-widget-container\">\n\t\t\t<div id=\"nav_menu-3\" class=\"service-sidebar-widget sidebar-widget mb_30 widget_nav_menu\"><div class=\"widget-title mb_17\"><h3>Treatments<\/h3><\/div><\/div><div id=\"text-2\" class=\"service-sidebar-widget sidebar-widget mb_30 widget_text\"><div class=\"widget-title mb_17\"><h3>Get Detailed Information<\/h3><\/div>\t\t\t<div class=\"textwidget\"><p class=\"wpcf7-contact-form-not-found\"><strong>Error:<\/strong> Contact form not found.<\/p>\n<\/div>\n\t\t<\/div>\t\t<\/div>\n\t\t\t\t<\/div>\n\t\t\t\t<\/div>\n\t\t<div class=\"elementor-element elementor-element-98a712c e-con-full e-flex e-con e-child\" data-id=\"98a712c\" data-element_type=\"container\">\n\t\t\t\t<div class=\"elementor-element elementor-element-cf776e6 elementor-widget elementor-widget-text-editor\" data-id=\"cf776e6\" data-element_type=\"widget\" data-widget_type=\"text-editor.default\">\n\t\t\t\t<div class=\"elementor-widget-container\">\n\t\t\t<style>\/*! elementor - v3.21.0 - 26-05-2024 *\/\n.elementor-widget-text-editor.elementor-drop-cap-view-stacked .elementor-drop-cap{background-color:#69727d;color:#fff}.elementor-widget-text-editor.elementor-drop-cap-view-framed .elementor-drop-cap{color:#69727d;border:3px solid;background-color:transparent}.elementor-widget-text-editor:not(.elementor-drop-cap-view-default) .elementor-drop-cap{margin-top:8px}.elementor-widget-text-editor:not(.elementor-drop-cap-view-default) .elementor-drop-cap-letter{width:1em;height:1em}.elementor-widget-text-editor .elementor-drop-cap{float:left;text-align:center;line-height:1;font-size:50px}.elementor-widget-text-editor .elementor-drop-cap-letter{display:inline-block}<\/style>\t\t\t\t<div class=\"content-one mb_65\"><div class=\"text-box mb_35\"><p>When one of our teeth decays, one of the most well-known protection methods is root canal treatment. Root canal treatment helps protect damaged teeth. When the pulp (the soft area inside the tooth that contains nerves, blood, and lymph vessels) is damaged to the point where it cannot repair itself, the pulp dies. Bacteria cause this in broken or deeply decayed teeth.<\/p><p><img fetchpriority=\"high\" decoding=\"async\" class=\"alignnone wp-image-2667 size-full\" src=\"https:\/\/omerkutay.com\/wp-content\/uploads\/2025\/02\/kanal-tedavisi1.jpg\" alt=\"\" width=\"1106\" height=\"620\" srcset=\"https:\/\/omerkutay.com\/wp-content\/uploads\/2025\/02\/kanal-tedavisi1.jpg 1106w, https:\/\/omerkutay.com\/wp-content\/uploads\/2025\/02\/kanal-tedavisi1-300x168.jpg 300w, https:\/\/omerkutay.com\/wp-content\/uploads\/2025\/02\/kanal-tedavisi1-1024x574.jpg 1024w, https:\/\/omerkutay.com\/wp-content\/uploads\/2025\/02\/kanal-tedavisi1-768x431.jpg 768w\" sizes=\"(max-width: 1106px) 100vw, 1106px\" \/><\/p><p>If the damaged or diseased pulp is not removed, the tooth and surrounding tissues are exposed to infection. As a result, the tooth is completely lost. The jawbone surrounding the tooth also becomes inflamed and eroded. An abscess forms in this cavity, causing pain and swelling.<\/p><h2>Root Canal Treatment<\/h2><p>During root canal treatment, anesthesia is applied to the tooth in order to provide painless and ache-free treatment. Once the decay is cleaned and the tooth core is reached, the diseased tissue is removed. Nerve and tissue residues are cleaned. The tooth canal is shaped up to the root tip. Some medications are applied to speed up healing. The tooth is closed with temporary fillings between these sessions. After the inflammation is over and the bleeding from the root tip has stopped, the canal is filled with a special filling material up to the root tip. In some cases, these sessions are not necessary and it is possible to complete the root canal treatment healthily in one session.<\/p><p>If the tooth does not reoccur, it can be used for a lifetime if there are precautions to prevent decay. The beginning of the infection can be detected during your regular dentist check-ups. In addition, with very good oral care, tooth decay can be prevented again.<\/p><\/div><\/div>\t\t\t\t\t\t<\/div>\n\t\t\t\t<\/div>\n\t\t\t\t<div class=\"elementor-element elementor-element-6a5ecf2 elementor-widget elementor-widget-heading\" data-id=\"6a5ecf2\" data-element_type=\"widget\" data-widget_type=\"heading.default\">\n\t\t\t\t<div class=\"elementor-widget-container\">\n\t\t\t<style>\/*! elementor - v3.21.0 - 26-05-2024 *\/\n.elementor-heading-title{padding:0;margin:0;line-height:1}.elementor-widget-heading .elementor-heading-title[class*=elementor-size-]>a{color:inherit;font-size:inherit;line-height:inherit}.elementor-widget-heading .elementor-heading-title.elementor-size-small{font-size:15px}.elementor-widget-heading .elementor-heading-title.elementor-size-medium{font-size:19px}.elementor-widget-heading .elementor-heading-title.elementor-size-large{font-size:29px}.elementor-widget-heading .elementor-heading-title.elementor-size-xl{font-size:39px}.elementor-widget-heading .elementor-heading-title.elementor-size-xxl{font-size:59px}<\/style><div class=\"elementor-heading-title elementor-size-default\">Frequently Asked Questions<\/div>\t\t<\/div>\n\t\t\t\t<\/div>\n\t\t\t\t<div class=\"elementor-element elementor-element-aeaad9d elementor-widget elementor-widget-labout_faqs\" data-id=\"aeaad9d\" data-element_type=\"widget\" data-widget_type=\"labout_faqs.default\">\n\t\t\t\t<div class=\"elementor-widget-container\">\n\t\t\t    \n    <!-- faq-section -->\n    <section class=\"faq-section pt_120 pb_120\">\n                <div class=\"auto-container\">\n                        <div class=\"inner-container\">\n                <ul class=\"accordion-box\">\n                                        <li class=\"accordion block\">\n                        <div class=\"acc-btn\"><h4><span> 1<\/span>Will there be tooth sensitivity after root canal treatment?<\/h4><\/div>\n                        <div class=\"acc-content\">\n                            <div class=\"content\">\n                                <p>Yes, there may be temporary tenderness.<\/p>\n                            <\/div>\n                        <\/div>\n                    <\/li>\n                                        <li class=\"accordion block\">\n                        <div class=\"acc-btn\"><h4><span> 2<\/span>Will there be pain after root canal treatment?<\/h4><\/div>\n                        <div class=\"acc-content\">\n                            <div class=\"content\">\n                                <p>There may be mild pain, but it usually goes away within a few days.<\/p>\n                            <\/div>\n                        <\/div>\n                    <\/li>\n                                        <li class=\"accordion block active-block\">\n                        <div class=\"acc-btn active\"><h4><span> 3<\/span>How long does a root canal treated tooth last?<\/h4><\/div>\n                        <div class=\"acc-content current\">\n                            <div class=\"content\">\n                                <p>With proper maintenance, it can be used for a lifetime.<\/p>\n                            <\/div>\n                        <\/div>\n                    <\/li>\n                                        <li class=\"accordion block\">\n                        <div class=\"acc-btn\"><h4><span> 4<\/span>Is root canal treatment painful?<\/h4><\/div>\n                        <div class=\"acc-content\">\n                            <div class=\"content\">\n                                <p>Since it is performed with local anesthesia, no pain is felt during the procedure.<\/p>\n                            <\/div>\n                        <\/div>\n                    <\/li>\n                                        <li class=\"accordion block\">\n                        <div class=\"acc-btn\"><h4><span> 5<\/span>Why is root canal treatment performed?<\/h4><\/div>\n                        <div class=\"acc-content\">\n                            <div class=\"content\">\n                                <p>It is performed to save a tooth that has become infected as a result of decay, fracture or trauma.<\/p>\n                            <\/div>\n                        <\/div>\n                    <\/li>\n                                        <li class=\"accordion block\">\n                        <div class=\"acc-btn\"><h4><span> 6<\/span>What is root canal treatment?<\/h4><\/div>\n                        <div class=\"acc-content\">\n                            <div class=\"content\">\n                                <p>It is the process of cleaning and filling the infected or damaged nerve (pulp) inside the tooth.<\/p>\n                            <\/div>\n                        <\/div>\n                    <\/li>\n                                    <\/ul>\n            <\/div>\n        <\/div>\n    <\/section>\n    <!-- faq-section end -->\n      \n\t\t\t<\/div>\n\t\t\t\t<\/div>\n\t\t\t\t<\/div>\n\t\t\t\t<\/div>\n\t\t\t\t<\/div>","protected":false},"excerpt":{"rendered":"<p>Di\u015flerimizden biri \u00e7\u00fcr\u00fcd\u00fc\u011f\u00fcnde en bilinen koruma y\u00f6ntemlerinden biri de kanal tedavisidir. Kanal tedavisi hasar g\u00f6rm\u00fc\u015f di\u015flerin korunmas\u0131na yard\u0131mc\u0131d\u0131r. Pulpa (sinir, kan, lenf damarlar\u0131n\u0131 i\u00e7eren di\u015fin i\u00e7indeki yumu\u015fak alan) kendini tamir edemeyecek derecede hasar g\u00f6rd\u00fc\u011f\u00fcnde pulpa \u00f6l\u00fcr. K\u0131r\u0131lm\u0131\u015f veya derin \u00e7\u00fcr\u00fckl\u00fc di\u015flerde bakteriler buna sebep olur. Hasar g\u00f6rm\u00fc\u015f veya hasta pulpa \u00e7\u0131kar\u0131lmazsa di\u015f ve \u00e7evresindeki dokular [&hellip;]<\/p>","protected":false},"author":1,"featured_media":0,"parent":0,"menu_order":0,"comment_status":"closed","ping_status":"closed","template":"","meta":{"footnotes":""},"class_list":["post-2661","page","type-page","status-publish","hentry"],"_links":{"self":[{"href":"https:\/\/omerkutay.com\/en\/wp-json\/wp\/v2\/pages\/2661","targetHints":{"allow":["GET"]}}],"collection":[{"href":"https:\/\/omerkutay.com\/en\/wp-json\/wp\/v2\/pages"}],"about":[{"href":"https:\/\/omerkutay.com\/en\/wp-json\/wp\/v2\/types\/page"}],"author":[{"embeddable":true,"href":"https:\/\/omerkutay.com\/en\/wp-json\/wp\/v2\/users\/1"}],"replies":[{"embeddable":true,"href":"https:\/\/omerkutay.com\/en\/wp-json\/wp\/v2\/comments?post=2661"}],"version-history":[{"count":0,"href":"https:\/\/omerkutay.com\/en\/wp-json\/wp\/v2\/pages\/2661\/revisions"}],"wp:attachment":[{"href":"https:\/\/omerkutay.com\/en\/wp-json\/wp\/v2\/media?parent=2661"}],"curies":[{"name":"wp","href":"https:\/\/api.w.org\/{rel}","templated":true}]}}