{"id":3293,"date":"2025-02-20T10:01:39","date_gmt":"2025-02-20T07:01:39","guid":{"rendered":"https:\/\/omerkutay.com\/?page_id=3293"},"modified":"2025-08-14T15:50:17","modified_gmt":"2025-08-14T12:50:17","slug":"implants-in-one-day","status":"publish","type":"page","link":"https:\/\/omerkutay.com\/en\/implants-in-one-day\/","title":{"rendered":"Implant in One Day"},"content":{"rendered":"<div data-elementor-type=\"wp-page\" data-elementor-id=\"3293\" class=\"elementor elementor-3293\">\n\t\t\t\t<div class=\"elementor-element elementor-element-d6797aa e-con-full tedavikapsa e-flex e-con e-parent\" data-id=\"d6797aa\" data-element_type=\"container\">\n\t\t<div class=\"elementor-element elementor-element-2bb6504 e-con-full tedavisidebarkapsa e-flex e-con e-child\" data-id=\"2bb6504\" data-element_type=\"container\">\n\t\t\t\t<div class=\"elementor-element elementor-element-b92ff26 elementor-widget elementor-widget-sidebar\" data-id=\"b92ff26\" data-element_type=\"widget\" data-widget_type=\"sidebar.default\">\n\t\t\t\t<div class=\"elementor-widget-container\">\n\t\t\t<div id=\"nav_menu-3\" class=\"service-sidebar-widget sidebar-widget mb_30 widget_nav_menu\"><div class=\"widget-title mb_17\"><h3>Treatments<\/h3><\/div><\/div><div id=\"text-2\" class=\"service-sidebar-widget sidebar-widget mb_30 widget_text\"><div class=\"widget-title mb_17\"><h3>Get Detailed Information<\/h3><\/div>\t\t\t<div class=\"textwidget\"><p class=\"wpcf7-contact-form-not-found\"><strong>Error:<\/strong> Contact form not found.<\/p>\n<\/div>\n\t\t<\/div>\t\t<\/div>\n\t\t\t\t<\/div>\n\t\t\t\t<\/div>\n\t\t<div class=\"elementor-element elementor-element-98a712c e-con-full e-flex e-con e-child\" data-id=\"98a712c\" data-element_type=\"container\">\n\t\t\t\t<div class=\"elementor-element elementor-element-cf776e6 elementor-widget elementor-widget-text-editor\" data-id=\"cf776e6\" data-element_type=\"widget\" data-widget_type=\"text-editor.default\">\n\t\t\t\t<div class=\"elementor-widget-container\">\n\t\t\t<style>\/*! elementor - v3.21.0 - 26-05-2024 *\/\n.elementor-widget-text-editor.elementor-drop-cap-view-stacked .elementor-drop-cap{background-color:#69727d;color:#fff}.elementor-widget-text-editor.elementor-drop-cap-view-framed .elementor-drop-cap{color:#69727d;border:3px solid;background-color:transparent}.elementor-widget-text-editor:not(.elementor-drop-cap-view-default) .elementor-drop-cap{margin-top:8px}.elementor-widget-text-editor:not(.elementor-drop-cap-view-default) .elementor-drop-cap-letter{width:1em;height:1em}.elementor-widget-text-editor .elementor-drop-cap{float:left;text-align:center;line-height:1;font-size:50px}.elementor-widget-text-editor .elementor-drop-cap-letter{display:inline-block}<\/style>\t\t\t\t<div class=\"content-one mb_65\"><div class=\"text-box mb_35\"><p><img fetchpriority=\"high\" decoding=\"async\" class=\"size-medium wp-image-3929 alignright\" src=\"https:\/\/omerkutay.com\/wp-content\/uploads\/2025\/02\/bir-gunde-implant1-300x244.jpg\" alt=\"\" width=\"300\" height=\"244\" srcset=\"https:\/\/omerkutay.com\/wp-content\/uploads\/2025\/02\/bir-gunde-implant1-300x244.jpg 300w, https:\/\/omerkutay.com\/wp-content\/uploads\/2025\/02\/bir-gunde-implant1.jpg 768w\" sizes=\"(max-width: 300px) 100vw, 300px\" \/>One Day Implant treatment means that you come to our clinic and have an operation the same day and leave with your new teeth. This is the ideal solution for patients who are told to wait months for implant treatment.<\/p><p>With this method, our patients do not have to wait without teeth while the implant fuses with the bone. They continue their lives with beautiful teeth the same day.<\/p><p>One day implant treatment means that you come to our clinic and have an operation on the same day and leave with your permanent new teeth. This implant treatment is an ideal solution for patients who are told to wait for months.<\/p><h2>One Day Implant can be used in the following cases:<\/h2><ol><li>Single tooth implant<\/li><li>Multiple implants<\/li><li>Full mouth implant<\/li><\/ol><div class=\"col-lg-12 col-md-12 col-12\"><p>With one-day implant treatment, Prof. Dr. \u00d6mer Kutay offers an effective treatment method to patients from both Turkey and abroad in a short time. With this treatment, patients can continue their lives without losing teeth from the first day of treatment. With the &quot;One-Day Implant&quot; treatment, which is one of the most preferred treatment methods for patients suffering from toothlessness today, you can get rid of waiting for months.<\/p><h3>Who Can Get One-Day Implants?<\/h3><p><img decoding=\"async\" class=\"size-medium wp-image-3928 alignright\" src=\"https:\/\/omerkutay.com\/wp-content\/uploads\/2025\/02\/bir-gunde-implant2-300x244.jpg\" alt=\"\" width=\"300\" height=\"244\" srcset=\"https:\/\/omerkutay.com\/wp-content\/uploads\/2025\/02\/bir-gunde-implant2-300x244.jpg 300w, https:\/\/omerkutay.com\/wp-content\/uploads\/2025\/02\/bir-gunde-implant2.jpg 768w\" sizes=\"(max-width: 300px) 100vw, 300px\" \/><\/p><p>Patients who have neglected to receive timely treatment, who have loose, wobbly and unsightly teeth benefit the most from this treatment. After the treatment, these patients not only get rid of the cavities and bacteria in their mouths, but also have a new and attractive smile.<\/p><p>Other patients who are suitable for treatment are those who have difficulty using their removable dentures, those who experience osteoporosis due to gum disease, those who are genetically missing teeth, and those who have lost teeth after an accident.<\/p><p>There is another important point to remember, which is that dental implant treatment can vary from person to person. This can only be determined by examining the person by a dentist.<\/p><p>This change affects the price of the treatment as well as its duration. One Day Implant treatment can only be approved after a dentist check-up.<\/p><h3>Benefits of One Day Implant Treatment<\/h3><ol><li>It reduces the implant-supported dental application from 6-12 months to 1 day.<\/li><li>Published scientific documents show very similar levels of success to conventional methods.<\/li><li>Patients report major improvements in their chewing quality, confidence and comfort levels.<\/li><li>It relieves you from having to use dentures that cause discomfort on the healing gums.<\/li><li>Patients have almost no complaints after treatment.<\/li><li>Patients feel renewed self-confidence with their new smile.<\/li><\/ol><p><img decoding=\"async\" class=\"wp-image-3927 alignleft\" src=\"https:\/\/omerkutay.com\/wp-content\/uploads\/2025\/02\/bir-gunde-implant3-300x169.jpg\" alt=\"\" width=\"454\" height=\"255\" srcset=\"https:\/\/omerkutay.com\/wp-content\/uploads\/2025\/02\/bir-gunde-implant3-300x169.jpg 300w, https:\/\/omerkutay.com\/wp-content\/uploads\/2025\/02\/bir-gunde-implant3-1024x576.jpg 1024w, https:\/\/omerkutay.com\/wp-content\/uploads\/2025\/02\/bir-gunde-implant3-768x432.jpg 768w, https:\/\/omerkutay.com\/wp-content\/uploads\/2025\/02\/bir-gunde-implant3.jpg 1280w\" sizes=\"(max-width: 454px) 100vw, 454px\" \/><\/p><h4>Can implant treatment be done in one day?<\/h4><p>Prof. Dr. \u00d6mer Kutay explains:<\/p><p>We have seen that treatments where implants and teeth are completed in one day have become more common in recent years. Especially in patients whose oral conditions are suitable for this treatment and whose jawbone is sufficient, it is possible to apply implants on the same day even if the teeth have been extracted, and then to have the teeth installed on the same day.<\/p><p>Of course, such cases get rid of their damaged and diseased teeth in one day, and when they get solid implants and teeth are attached to them, they continue their lives with a great change and in a healthy way.<\/p><h5>Implant Treatment Stages<\/h5><ol><li><b>Implant Planning Phase<\/b>\u00a0If the initial examination reveals that the implant is a valid solution for you, the planning of the other stages begins. In implant planning, the appropriate implant type and working method are selected. For this, x-ray examinations, jaw molds and sometimes tomographic examinations may be required.<\/li><li><b>Implant application<\/b>\u00a0Implant surgery is performed in two different ways, with or without stitches, and usually by numbing the mouth. If the number of implants is high and the operation is extensive, it can also be performed with general anesthesia. Simple implant surgeries are similar to tooth extraction. Pain is less and rare, and is usually not seen after the first day. Implant placement surgery requires experience, care and meticulous work, as it will ultimately affect the shape and comfort of the implant prosthesis to be made.<\/li><li><b>Implant healing process<\/b>\u00a0According to our updated information, the time required for implants to fuse with the bone is 3 months in the upper jaw and 2 months in the lower jaw. In cases where fixed teeth are attached to the implants immediately after they are placed, it is important for patients to eat soft foods for 2 months, as the teeth are attached without waiting for 2-3 months.<\/li><li><b>Implant complications<\/b>\u00a0There may be some complications, although rare, in every operation. Serious complications related to implants almost never occur. Very rarely, temporary nerve damage that causes loss of sensation in the lower lip heals spontaneously in 3-4 weeks. The most common complication is implant loss, which occurs at a rate of %2. Rarely, the implant may have to be removed as a result of the implant not integrating with the bone.<\/li><li><b>Implant care<\/b>\u00a0Implants should be cleaned by brushing with a toothbrush, just like teeth. Inadequate care can cause an infection around the implant. This shortens the life of the implant and may require surgery around the implant. Good oral care and visiting the dentist every 6-12 months will ensure that implants last for a maximum period of time.<\/li><\/ol><\/div><\/div><\/div>\t\t\t\t\t\t<\/div>\n\t\t\t\t<\/div>\n\t\t\t\t<div class=\"elementor-element elementor-element-6a5ecf2 elementor-widget elementor-widget-heading\" data-id=\"6a5ecf2\" data-element_type=\"widget\" data-widget_type=\"heading.default\">\n\t\t\t\t<div class=\"elementor-widget-container\">\n\t\t\t<style>\/*! elementor - v3.21.0 - 26-05-2024 *\/\n.elementor-heading-title{padding:0;margin:0;line-height:1}.elementor-widget-heading .elementor-heading-title[class*=elementor-size-]>a{color:inherit;font-size:inherit;line-height:inherit}.elementor-widget-heading .elementor-heading-title.elementor-size-small{font-size:15px}.elementor-widget-heading .elementor-heading-title.elementor-size-medium{font-size:19px}.elementor-widget-heading .elementor-heading-title.elementor-size-large{font-size:29px}.elementor-widget-heading .elementor-heading-title.elementor-size-xl{font-size:39px}.elementor-widget-heading .elementor-heading-title.elementor-size-xxl{font-size:59px}<\/style><div class=\"elementor-heading-title elementor-size-default\">Frequently Asked Questions<\/div>\t\t<\/div>\n\t\t\t\t<\/div>\n\t\t\t\t<div class=\"elementor-element elementor-element-aeaad9d elementor-widget elementor-widget-labout_faqs\" data-id=\"aeaad9d\" data-element_type=\"widget\" data-widget_type=\"labout_faqs.default\">\n\t\t\t\t<div class=\"elementor-widget-container\">\n\t\t\t    \n    <!-- faq-section -->\n    <section class=\"faq-section pt_120 pb_120\">\n                <div class=\"auto-container\">\n                        <div class=\"inner-container\">\n                <ul class=\"accordion-box\">\n                                        <li class=\"accordion block\">\n                        <div class=\"acc-btn\"><h4><span> 1<\/span>What are the advantages of this method?<\/h4><\/div>\n                        <div class=\"acc-content\">\n                            <div class=\"content\">\n                                <p>Temporary teeth can be placed on the same day without having to lose any teeth, and aesthetics and function can be achieved quickly.<\/p>\n                            <\/div>\n                        <\/div>\n                    <\/li>\n                                        <li class=\"accordion block\">\n                        <div class=\"acc-btn\"><h4><span> 2<\/span>Is a one-day implant permanent?<\/h4><\/div>\n                        <div class=\"acc-content\">\n                            <div class=\"content\">\n                                <p>Yes, but permanent teeth are made only after the bone healing is complete.<\/p>\n                            <\/div>\n                        <\/div>\n                    <\/li>\n                                        <li class=\"accordion block active-block\">\n                        <div class=\"acc-btn active\"><h4><span> 3<\/span>Is there any pain during the procedure?<\/h4><\/div>\n                        <div class=\"acc-content current\">\n                            <div class=\"content\">\n                                <p>Since it is performed with local anesthesia, no pain is felt.<\/p>\n                            <\/div>\n                        <\/div>\n                    <\/li>\n                                        <li class=\"accordion block\">\n                        <div class=\"acc-btn\"><h4><span> 4<\/span>Can implants be applied to everyone in one day?<\/h4><\/div>\n                        <div class=\"acc-content\">\n                            <div class=\"content\">\n                                <p>It can be applied to patients who have sufficient bone structure and general health status.<\/p>\n                            <\/div>\n                        <\/div>\n                    <\/li>\n                                        <li class=\"accordion block\">\n                        <div class=\"acc-btn\"><h4><span> 5<\/span>How to get an implant in one day?<\/h4><\/div>\n                        <div class=\"acc-content\">\n                            <div class=\"content\">\n                                <p>After tooth extraction, an implant is placed and a temporary tooth is attached, and the permanent tooth is made after healing.<\/p>\n                            <\/div>\n                        <\/div>\n                    <\/li>\n                                        <li class=\"accordion block\">\n                        <div class=\"acc-btn\"><h4><span> 6<\/span>What is a one day implant?<\/h4><\/div>\n                        <div class=\"acc-content\">\n                            <div class=\"content\">\n                                <p>It is a treatment method in which tooth extraction and implant placement are completed on the same day.<\/p>\n                            <\/div>\n                        <\/div>\n                    <\/li>\n                                    <\/ul>\n            <\/div>\n        <\/div>\n    <\/section>\n    <!-- faq-section end -->\n      \n\t\t\t<\/div>\n\t\t\t\t<\/div>\n\t\t\t\t<\/div>\n\t\t\t\t<\/div>\n\t\t\t\t<\/div>","protected":false},"excerpt":{"rendered":"<p>Bir G\u00fcnde \u0130mplant tedavisi klini\u011fimize geldi\u011finiz g\u00fcn operasyon ge\u00e7irerek yeni di\u015finizle ayr\u0131lman\u0131z demektir. Bu implant tedavisi i\u00e7in aylarca beklemesi s\u00f6ylenen hastalara ideal \u00e7\u00f6z\u00fcmd\u00fcr. Hastalar\u0131m\u0131z bu y\u00f6ntemle implant\u0131n kemi\u011fe kaynama s\u00fcresince di\u015fsiz beklemek zorunda kalmazlar. Ayn\u0131 g\u00fcn g\u00fczel bir di\u015fle hayatlar\u0131na devam ederler. Bir g\u00fcnde implant tedavisi klini\u011fimize geldi\u011finiz g\u00fcn operasyon ge\u00e7irerek kal\u0131c\u0131 yeni di\u015flerinizle ayr\u0131lman\u0131z [&hellip;]<\/p>","protected":false},"author":1,"featured_media":0,"parent":0,"menu_order":0,"comment_status":"closed","ping_status":"closed","template":"","meta":{"footnotes":""},"class_list":["post-3293","page","type-page","status-publish","hentry"],"_links":{"self":[{"href":"https:\/\/omerkutay.com\/en\/wp-json\/wp\/v2\/pages\/3293","targetHints":{"allow":["GET"]}}],"collection":[{"href":"https:\/\/omerkutay.com\/en\/wp-json\/wp\/v2\/pages"}],"about":[{"href":"https:\/\/omerkutay.com\/en\/wp-json\/wp\/v2\/types\/page"}],"author":[{"embeddable":true,"href":"https:\/\/omerkutay.com\/en\/wp-json\/wp\/v2\/users\/1"}],"replies":[{"embeddable":true,"href":"https:\/\/omerkutay.com\/en\/wp-json\/wp\/v2\/comments?post=3293"}],"version-history":[{"count":0,"href":"https:\/\/omerkutay.com\/en\/wp-json\/wp\/v2\/pages\/3293\/revisions"}],"wp:attachment":[{"href":"https:\/\/omerkutay.com\/en\/wp-json\/wp\/v2\/media?parent=3293"}],"curies":[{"name":"wp","href":"https:\/\/api.w.org\/{rel}","templated":true}]}}