{"id":3303,"date":"2025-02-20T10:03:32","date_gmt":"2025-02-20T07:03:32","guid":{"rendered":"https:\/\/omerkutay.com\/?page_id=3303"},"modified":"2025-08-14T16:28:15","modified_gmt":"2025-08-14T13:28:15","slug":"how-is-implant-done","status":"publish","type":"page","link":"https:\/\/omerkutay.com\/en\/how-is-implant-done\/","title":{"rendered":"How to Get an Implant"},"content":{"rendered":"<div data-elementor-type=\"wp-page\" data-elementor-id=\"3303\" class=\"elementor elementor-3303\">\n\t\t\t\t<div class=\"elementor-element elementor-element-d6797aa e-con-full tedavikapsa e-flex e-con e-parent\" data-id=\"d6797aa\" data-element_type=\"container\">\n\t\t<div class=\"elementor-element elementor-element-2bb6504 e-con-full tedavisidebarkapsa e-flex e-con e-child\" data-id=\"2bb6504\" data-element_type=\"container\">\n\t\t\t\t<div class=\"elementor-element elementor-element-b92ff26 elementor-widget elementor-widget-sidebar\" data-id=\"b92ff26\" data-element_type=\"widget\" data-widget_type=\"sidebar.default\">\n\t\t\t\t<div class=\"elementor-widget-container\">\n\t\t\t<div id=\"nav_menu-3\" class=\"service-sidebar-widget sidebar-widget mb_30 widget_nav_menu\"><div class=\"widget-title mb_17\"><h3>Treatments<\/h3><\/div><\/div><div id=\"text-2\" class=\"service-sidebar-widget sidebar-widget mb_30 widget_text\"><div class=\"widget-title mb_17\"><h3>Get Detailed Information<\/h3><\/div>\t\t\t<div class=\"textwidget\"><p class=\"wpcf7-contact-form-not-found\"><strong>Error:<\/strong> Contact form not found.<\/p>\n<\/div>\n\t\t<\/div>\t\t<\/div>\n\t\t\t\t<\/div>\n\t\t\t\t<\/div>\n\t\t<div class=\"elementor-element elementor-element-98a712c e-con-full e-flex e-con e-child\" data-id=\"98a712c\" data-element_type=\"container\">\n\t\t\t\t<div class=\"elementor-element elementor-element-cf776e6 elementor-widget elementor-widget-text-editor\" data-id=\"cf776e6\" data-element_type=\"widget\" data-widget_type=\"text-editor.default\">\n\t\t\t\t<div class=\"elementor-widget-container\">\n\t\t\t<style>\/*! elementor - v3.21.0 - 26-05-2024 *\/\n.elementor-widget-text-editor.elementor-drop-cap-view-stacked .elementor-drop-cap{background-color:#69727d;color:#fff}.elementor-widget-text-editor.elementor-drop-cap-view-framed .elementor-drop-cap{color:#69727d;border:3px solid;background-color:transparent}.elementor-widget-text-editor:not(.elementor-drop-cap-view-default) .elementor-drop-cap{margin-top:8px}.elementor-widget-text-editor:not(.elementor-drop-cap-view-default) .elementor-drop-cap-letter{width:1em;height:1em}.elementor-widget-text-editor .elementor-drop-cap{float:left;text-align:center;line-height:1;font-size:50px}.elementor-widget-text-editor .elementor-drop-cap-letter{display:inline-block}<\/style>\t\t\t\t<div class=\"content-one mb_65\"><div class=\"text-box mb_35\"><p><img fetchpriority=\"high\" decoding=\"async\" class=\"size-medium wp-image-3990 alignright\" src=\"https:\/\/omerkutay.com\/wp-content\/uploads\/2025\/02\/implant-nasil-yapilir1-300x244.jpg\" alt=\"\" width=\"300\" height=\"244\" srcset=\"https:\/\/omerkutay.com\/wp-content\/uploads\/2025\/02\/implant-nasil-yapilir1-300x244.jpg 300w, https:\/\/omerkutay.com\/wp-content\/uploads\/2025\/02\/implant-nasil-yapilir1.jpg 768w\" sizes=\"(max-width: 300px) 100vw, 300px\" \/><\/p><p>How is an Implant Done? People who have problems with their teeth but do not prefer traditional solutions such as dentures and cannot make up their minds are wondering how the implant process is done. First of all, the patient should know that implant treatment is a treatment method in which methods that vary from person to person are used.<\/p><p>The patient&#039;s bone and facial structure, bone density and amount, and oral health determine the type of implant and the method of application. A personalized treatment plan is followed for each patient.<\/p><p>An implant is a screw-shaped titanium material that is placed inside the jawbone and is suitable for the root anatomy. It is designed to act as a tooth root. A tooth-shaped crown is placed on this screw-shaped implant as a prosthesis. This crown is usually made of zirconium or metal-supported porcelain.<\/p><h2>How is a dental implant done?<\/h2><p>Although dental implants generally seem like a scary procedure for our patients, patients do not feel any pain in experienced hands. Implant applications are performed in 4 different techniques, and your doctor chooses the technique that suits you best.<\/p><p><b>Method 1:<\/b>\u00a0The tooth is extracted in the same session as the implant and the implant is immediately placed in the root of the tooth, this is the most comfortable and practical method for both the patient and the doctor. There is no stitching, no incision, no surgical intervention is required. It is almost painless, the patient may return to their social life without even using painkillers, and if the extracted tooth is in an aesthetic area, a temporary tooth is immediately placed on it.<\/p><p><b>Method 2:<\/b>\u00a0The closed technique method we call Flapness is again no incision, no flap and naturally no stitching. The area where the implant will be made is opened with a tool called punch, only a groove large enough to accommodate the implant is opened and the implant is placed from that area. In this way, we avoid complications that may occur during surgery such as stitching, bleeding and pain.<\/p><p><b>Method 3:<\/b>\u00a0Mini Implant application is a method that we apply especially for the back teeth. There are some anatomical areas in the upper or lower jaw. The sinus area in the upper jaw, the mandibular canal in the lower jaw and the area where the lingual nerve passes. When the tooth is extracted in these areas, the bone starts to melt and the bone height decreases and it is necessary to add bone with advanced surgical methods. In order not to apply this advanced surgical method, we can use mini implants.<\/p><p><b>Method 4:<\/b>\u00a0Classical surgical method, in this method, a suitable incision is made in the patient&#039;s mouth in the area where the implant will be placed, the bone is clearly seen and the implant is placed there and stitched. The stitches are removed after 1 week in this method, if the bone density is low while placing the implant, a bone addition operation called bone graft is also applied together with the implant.<\/p><h3>How to Attach a Prosthesis to an Implant?<\/h3><div class=\"col-lg-12 col-md-12 col-12\"><p>\u0130mplant\u0131n \u00fczerine protez nas\u0131l tak\u0131l\u0131r? \u0130mplant di\u015f k\u00f6k\u00fc yerine ge\u00e7ti\u011fi ve kemikle kayna\u015fmas\u0131 gerekti\u011fi i\u00e7in bu s\u00fcrede \u00fczerine hemen kal\u0131c\u0131 takma di\u015fi tak\u0131lmaz. Tercih edilen y\u00f6nteme ve ki\u015finin ya\u015f\u0131na g\u00f6re genellikle 3 ile 6 ay boyunca implant\u0131n kemi\u011fe iyice kayna\u015fmas\u0131 beklenir. Kal\u0131c\u0131 protez (takma di\u015f olarak bilinen k\u0131s\u0131m) ancak bu s\u00fcreden sonra tak\u0131l\u0131r. \u0130mplantlarda ba\u015far\u0131 oran\u0131 ilk be\u015f sene i\u00e7in %90 ile 95 aras\u0131ndad\u0131r. Daha sonra bu oran kademeli olarak azal\u0131r.<\/p><h4>Watch How Implants Are Made<\/h4><p><img decoding=\"async\" class=\"wp-image-3989 alignleft\" src=\"https:\/\/omerkutay.com\/wp-content\/uploads\/2025\/02\/implant-nasil-yapilir2-300x169.jpg\" alt=\"\" width=\"441\" height=\"248\" srcset=\"https:\/\/omerkutay.com\/wp-content\/uploads\/2025\/02\/implant-nasil-yapilir2-300x169.jpg 300w, https:\/\/omerkutay.com\/wp-content\/uploads\/2025\/02\/implant-nasil-yapilir2.jpg 540w\" sizes=\"(max-width: 441px) 100vw, 441px\" \/><\/p><p>Prof. Dr. \u00d6mer Kutay has been providing treatment services to implant patients in Istanbul since 1992. \u00d6mer Kutay, an implant and prosthesis dentist, is particularly known for his \u201c<a href=\"https:\/\/omerkutay.com\/en\/implants-in-one-day\/\">Implants in One Day<\/a>\u201cWith its treatment, it offers its patients the chance to return home with new teeth on the same day they come to the clinic.<\/p><p>Patients who have neglected to receive treatment on time, who have loose, wobbly and unsightly teeth benefit the most from this treatment. These patients not only get rid of the cavities and bacteria in their mouths after the treatment, but also have high self-confidence as a natural result of their new attractive smile.<\/p><p>Other patients who are suitable for treatment are those who have difficulty using palatal dentures, those who experience osteoporosis due to dental diseases, those who are genetically missing teeth, and those who have lost teeth after an accident. Click to watch.<\/p><h2>How is a Dental Implant Applied?<\/h2><p>How is a dental implant applied?; Implant and prosthesis specialist Prof. Dr. \u00d6mer Kutay answers frequently asked questions. The successful dentist explains how to apply an implant.<\/p><p>A dental implant can be applied with a very simple surgical procedure. Whether the tooth is extracted immediately or is to be used to replace a previously extracted tooth, the dental implant is placed in the jawbone with a simple procedure similar to a tooth extraction.<\/p><p><b><i>Application of the implant<\/i><\/b><\/p><p>Let&#039;s say we have extracted a tooth and we will place an implant in its place. As soon as the tooth is extracted, the implant can be easily placed in the extracted tooth space. Because the socket where the implant will be placed is ready. It doesn&#039;t matter whether it is a front tooth or a back tooth. If the socket of the extracted tooth is smooth, it is possible to place the implant there and it is a very easy process.<\/p><p>Let&#039;s say the implant is going to be placed in place of a previously extracted tooth, then it is necessary to open a slot for the implant in that area. There is a ready-made set of implants for this. First, the slot is prepared from thin to thick with very small burs that drill the bone. and the implant is placed. During this time, the gum can be cut and lifted. It can also be done by fully exposing the bone and seeing it. Or, a small hole is opened, which we call a closed operation, and the implant is placed through that hole and can be done without stitches. As a result, we can say that applying the implant is a simple process.<\/p><h4>Is There Pain During Implant Application?<\/h4><p>Is There Pain During Implant Application? One of the most curious topics about implant treatment is whether there is pain during the operation. One of the most searched topics about implants on the internet is whether there is pain during the operation. Implant and prosthesis specialist Prof. Dr. \u00d6mer Kutay answers the question of whether there is pain during implant application:<br \/><br \/>\u201cThere is no pain during the application of implants. The most common thing patients say is, \u2018you\u2019re going to drill a hole in my bone and who knows how much it\u2019s going to hurt?\u2019 This is not the case. Because the amount of nerve tissue in the bone is much less than in soft gums, so bone is not a tissue that hurts that much. It is a tissue with less vitality and nerves. Therefore, opening a socket in the bone is not a painful procedure at all. We know that patients do not experience pain even on the same day after the implant placement procedure, which is done with careful application.<br \/><br \/>We know that when there is inflammation in that area and these are cleaned or when more extensive operations are performed, the pain is a little more. A scale can be given here. Let&#039;s say the most pain is 10, and the pain that will be felt after the implant will be at most 6 out of 10. We usually start the patient on an antibiotic and a painkiller one day before the implant treatment. This medication, which is started one day before, is already in the bloodstream during the implant. Thus, the pain felt after the implant is reduced to 2 out of 10, and sometimes there may be no pain at all.<\/p><\/div><\/div><\/div>\t\t\t\t\t\t<\/div>\n\t\t\t\t<\/div>\n\t\t\t\t<div class=\"elementor-element elementor-element-6a5ecf2 elementor-widget elementor-widget-heading\" data-id=\"6a5ecf2\" data-element_type=\"widget\" data-widget_type=\"heading.default\">\n\t\t\t\t<div class=\"elementor-widget-container\">\n\t\t\t<style>\/*! elementor - v3.21.0 - 26-05-2024 *\/\n.elementor-heading-title{padding:0;margin:0;line-height:1}.elementor-widget-heading .elementor-heading-title[class*=elementor-size-]>a{color:inherit;font-size:inherit;line-height:inherit}.elementor-widget-heading .elementor-heading-title.elementor-size-small{font-size:15px}.elementor-widget-heading .elementor-heading-title.elementor-size-medium{font-size:19px}.elementor-widget-heading .elementor-heading-title.elementor-size-large{font-size:29px}.elementor-widget-heading .elementor-heading-title.elementor-size-xl{font-size:39px}.elementor-widget-heading .elementor-heading-title.elementor-size-xxl{font-size:59px}<\/style><div class=\"elementor-heading-title elementor-size-default\">Frequently Asked Questions<\/div>\t\t<\/div>\n\t\t\t\t<\/div>\n\t\t\t\t<div class=\"elementor-element elementor-element-aeaad9d elementor-widget elementor-widget-labout_faqs\" data-id=\"aeaad9d\" data-element_type=\"widget\" data-widget_type=\"labout_faqs.default\">\n\t\t\t\t<div class=\"elementor-widget-container\">\n\t\t\t    \n    <!-- faq-section -->\n    <section class=\"faq-section pt_120 pb_120\">\n                <div class=\"auto-container\">\n                        <div class=\"inner-container\">\n                <ul class=\"accordion-box\">\n                                        <li class=\"accordion block\">\n                        <div class=\"acc-btn\"><h4><span> 1<\/span>When can I eat after the implant?<\/h4><\/div>\n                        <div class=\"acc-content\">\n                            <div class=\"content\">\n                                <p>You should not eat for the first 2 hours, then consume soft foods.<\/p>\n                            <\/div>\n                        <\/div>\n                    <\/li>\n                                        <li class=\"accordion block\">\n                        <div class=\"acc-btn\"><h4><span> 2<\/span>How many sessions are required for implantation?<\/h4><\/div>\n                        <div class=\"acc-content\">\n                            <div class=\"content\">\n                                <p>Usually 2-3 sessions are sufficient (placement, control, prosthesis fitting).<\/p>\n                            <\/div>\n                        <\/div>\n                    <\/li>\n                                        <li class=\"accordion block active-block\">\n                        <div class=\"acc-btn active\"><h4><span> 3<\/span>Is implant placement painful?<\/h4><\/div>\n                        <div class=\"acc-content current\">\n                            <div class=\"content\">\n                                <p>No, the procedure is performed under local anesthesia and there may be mild pain afterwards.<\/p>\n                            <\/div>\n                        <\/div>\n                    <\/li>\n                                        <li class=\"accordion block\">\n                        <div class=\"acc-btn\"><h4><span> 4<\/span>How long does the implant treatment process take?<\/h4><\/div>\n                        <div class=\"acc-content\">\n                            <div class=\"content\">\n                                <p>The surgical procedure takes 20-60 minutes and the recovery process takes 3-6 months.<\/p>\n                            <\/div>\n                        <\/div>\n                    <\/li>\n                                        <li class=\"accordion block\">\n                        <div class=\"acc-btn\"><h4><span> 5<\/span>How are implants made?<\/h4><\/div>\n                        <div class=\"acc-content\">\n                            <div class=\"content\">\n                                <p>A titanium screw is placed in the jawbone, and after healing, a dental prosthesis is attached.<\/p>\n                            <\/div>\n                        <\/div>\n                    <\/li>\n                                    <\/ul>\n            <\/div>\n        <\/div>\n    <\/section>\n    <!-- faq-section end -->\n      \n\t\t\t<\/div>\n\t\t\t\t<\/div>\n\t\t\t\t<\/div>\n\t\t\t\t<\/div>\n\t\t\t\t<\/div>","protected":false},"excerpt":{"rendered":"<p>\u0130mplant Nas\u0131l Yap\u0131l\u0131r? Di\u015flerinde problem ya\u015fayan ancak takma di\u015f gibi geleneksel \u00e7\u00f6z\u00fcmleri tercih etmeyen, bir t\u00fcrl\u00fc karar da veremeyen ki\u015filer, implant i\u015fleminin nas\u0131l yap\u0131ld\u0131\u011f\u0131n\u0131 merak etmektedir. Hasta \u00f6ncelikle implant tedavisinin ki\u015fiden ki\u015fiye g\u00f6re de\u011fi\u015fen y\u00f6ntemlerin kullan\u0131ld\u0131\u011f\u0131 bir tedavi \u015fekli oldu\u011funu bilmesi gerekir. Hastan\u0131n kemik ve y\u00fcz yap\u0131s\u0131, kemik yo\u011funlu\u011fu ve miktar\u0131, a\u011f\u0131z sa\u011fl\u0131\u011f\u0131 implant t\u00fcr\u00fc [&hellip;]<\/p>","protected":false},"author":1,"featured_media":0,"parent":0,"menu_order":0,"comment_status":"closed","ping_status":"closed","template":"","meta":{"footnotes":""},"class_list":["post-3303","page","type-page","status-publish","hentry"],"_links":{"self":[{"href":"https:\/\/omerkutay.com\/en\/wp-json\/wp\/v2\/pages\/3303","targetHints":{"allow":["GET"]}}],"collection":[{"href":"https:\/\/omerkutay.com\/en\/wp-json\/wp\/v2\/pages"}],"about":[{"href":"https:\/\/omerkutay.com\/en\/wp-json\/wp\/v2\/types\/page"}],"author":[{"embeddable":true,"href":"https:\/\/omerkutay.com\/en\/wp-json\/wp\/v2\/users\/1"}],"replies":[{"embeddable":true,"href":"https:\/\/omerkutay.com\/en\/wp-json\/wp\/v2\/comments?post=3303"}],"version-history":[{"count":0,"href":"https:\/\/omerkutay.com\/en\/wp-json\/wp\/v2\/pages\/3303\/revisions"}],"wp:attachment":[{"href":"https:\/\/omerkutay.com\/en\/wp-json\/wp\/v2\/media?parent=3303"}],"curies":[{"name":"wp","href":"https:\/\/api.w.org\/{rel}","templated":true}]}}