{"id":3308,"date":"2025-02-20T10:04:31","date_gmt":"2025-02-20T07:04:31","guid":{"rendered":"https:\/\/omerkutay.com\/?page_id=3308"},"modified":"2025-08-14T16:23:45","modified_gmt":"2025-08-14T13:23:45","slug":"bridge-with-two-implants","status":"publish","type":"page","link":"https:\/\/omerkutay.com\/en\/bridge-with-two-implants\/","title":{"rendered":"Bridge with Two Implants"},"content":{"rendered":"<div data-elementor-type=\"wp-page\" data-elementor-id=\"3308\" class=\"elementor elementor-3308\">\n\t\t\t\t<div class=\"elementor-element elementor-element-d6797aa e-con-full tedavikapsa e-flex e-con e-parent\" data-id=\"d6797aa\" data-element_type=\"container\">\n\t\t<div class=\"elementor-element elementor-element-2bb6504 e-con-full tedavisidebarkapsa e-flex e-con e-child\" data-id=\"2bb6504\" data-element_type=\"container\">\n\t\t\t\t<div class=\"elementor-element elementor-element-b92ff26 elementor-widget elementor-widget-sidebar\" data-id=\"b92ff26\" data-element_type=\"widget\" data-widget_type=\"sidebar.default\">\n\t\t\t\t<div class=\"elementor-widget-container\">\n\t\t\t<div id=\"nav_menu-3\" class=\"service-sidebar-widget sidebar-widget mb_30 widget_nav_menu\"><div class=\"widget-title mb_17\"><h3>Treatments<\/h3><\/div><\/div><div id=\"text-2\" class=\"service-sidebar-widget sidebar-widget mb_30 widget_text\"><div class=\"widget-title mb_17\"><h3>Get Detailed Information<\/h3><\/div>\t\t\t<div class=\"textwidget\"><p class=\"wpcf7-contact-form-not-found\"><strong>Error:<\/strong> Contact form not found.<\/p>\n<\/div>\n\t\t<\/div>\t\t<\/div>\n\t\t\t\t<\/div>\n\t\t\t\t<\/div>\n\t\t<div class=\"elementor-element elementor-element-98a712c e-con-full e-flex e-con e-child\" data-id=\"98a712c\" data-element_type=\"container\">\n\t\t\t\t<div class=\"elementor-element elementor-element-cf776e6 elementor-widget elementor-widget-text-editor\" data-id=\"cf776e6\" data-element_type=\"widget\" data-widget_type=\"text-editor.default\">\n\t\t\t\t<div class=\"elementor-widget-container\">\n\t\t\t<style>\/*! elementor - v3.21.0 - 26-05-2024 *\/\n.elementor-widget-text-editor.elementor-drop-cap-view-stacked .elementor-drop-cap{background-color:#69727d;color:#fff}.elementor-widget-text-editor.elementor-drop-cap-view-framed .elementor-drop-cap{color:#69727d;border:3px solid;background-color:transparent}.elementor-widget-text-editor:not(.elementor-drop-cap-view-default) .elementor-drop-cap{margin-top:8px}.elementor-widget-text-editor:not(.elementor-drop-cap-view-default) .elementor-drop-cap-letter{width:1em;height:1em}.elementor-widget-text-editor .elementor-drop-cap{float:left;text-align:center;line-height:1;font-size:50px}.elementor-widget-text-editor .elementor-drop-cap-letter{display:inline-block}<\/style>\t\t\t\t<div class=\"content-one mb_65\"><div class=\"text-box mb_35\"><p><img fetchpriority=\"high\" decoding=\"async\" class=\"size-medium wp-image-3995 alignright\" src=\"https:\/\/omerkutay.com\/wp-content\/uploads\/2025\/02\/iki-implantla-kopru-300x244.jpg\" alt=\"\" width=\"300\" height=\"244\" srcset=\"https:\/\/omerkutay.com\/wp-content\/uploads\/2025\/02\/iki-implantla-kopru-300x244.jpg 300w, https:\/\/omerkutay.com\/wp-content\/uploads\/2025\/02\/iki-implantla-kopru.jpg 768w\" sizes=\"(max-width: 300px) 100vw, 300px\" \/><\/p><p>Implant-supported bridges are similar to traditional bridges, but they are supported by implants instead of natural teeth.<br \/><br \/>Usually two implants placed in the jawbone to replace missing teeth are connected together with a bridge prosthesis.<br \/><br \/>Implant-supported bridges, which are preferred when there is more than one tooth missing, also provide the advantage of reducing the pressure on the implant.<br \/><br \/>Especially in patients with teeth clenching and grinding habits, implant-supported bridges increase the implant&#039;s chance of success by ensuring that the biting force is distributed across the entire bridge.<\/p><h1>Bridge Between Two Implants<\/h1><p>In cases where more than one tooth is missing, bridges or removable dentures were used in traditional methods, but today, with the development of implant treatment, implant treatment is now applied instead of these traditional methods. Implant treatment has many advantages, but an implant is not applied to replace every tooth loss.<br \/><br \/>Research has shown that implants are more stable than natural teeth and that one implant can carry the weight of more than one natural tooth. Therefore, instead of three or four missing teeth, two implants can be applied and then these implants can be connected with a bridge to replace the missing teeth both functionally and aesthetically.<br \/><br \/>In patient-centered treatment protocols; in completing missing teeth, the minimum number of dental implants and the maximum number of teeth that these implants will carry are calculated and the most appropriate treatment plan is created for the patient. By minimizing the number of implants, the cost of treatment is significantly reduced for the benefit of our patients. Thus, both waiting time and cost are reduced and the most appropriate treatment plan is created.<br \/><br \/>In the long term, implants are aesthetic, functional and comfortable. A fixed bridge or removable denture can cause damage to the gums or bone. Also, removable dentures can move in the mouth and reduce chewing ability.<\/p><\/div><\/div>\t\t\t\t\t\t<\/div>\n\t\t\t\t<\/div>\n\t\t\t\t<div class=\"elementor-element elementor-element-6a5ecf2 elementor-widget elementor-widget-heading\" data-id=\"6a5ecf2\" data-element_type=\"widget\" data-widget_type=\"heading.default\">\n\t\t\t\t<div class=\"elementor-widget-container\">\n\t\t\t<style>\/*! elementor - v3.21.0 - 26-05-2024 *\/\n.elementor-heading-title{padding:0;margin:0;line-height:1}.elementor-widget-heading .elementor-heading-title[class*=elementor-size-]>a{color:inherit;font-size:inherit;line-height:inherit}.elementor-widget-heading .elementor-heading-title.elementor-size-small{font-size:15px}.elementor-widget-heading .elementor-heading-title.elementor-size-medium{font-size:19px}.elementor-widget-heading .elementor-heading-title.elementor-size-large{font-size:29px}.elementor-widget-heading .elementor-heading-title.elementor-size-xl{font-size:39px}.elementor-widget-heading .elementor-heading-title.elementor-size-xxl{font-size:59px}<\/style><div class=\"elementor-heading-title elementor-size-default\">Frequently Asked Questions<\/div>\t\t<\/div>\n\t\t\t\t<\/div>\n\t\t\t\t<div class=\"elementor-element elementor-element-aeaad9d elementor-widget elementor-widget-labout_faqs\" data-id=\"aeaad9d\" data-element_type=\"widget\" data-widget_type=\"labout_faqs.default\">\n\t\t\t\t<div class=\"elementor-widget-container\">\n\t\t\t    \n    <!-- faq-section -->\n    <section class=\"faq-section pt_120 pb_120\">\n                <div class=\"auto-container\">\n                        <div class=\"inner-container\">\n                <ul class=\"accordion-box\">\n                                        <li class=\"accordion block\">\n                        <div class=\"acc-btn\"><h4><span> 1<\/span>Is a bridge with two implants permanent?<\/h4><\/div>\n                        <div class=\"acc-content\">\n                            <div class=\"content\">\n                                <p>Yes, it can be used for a lifetime with good maintenance.<\/p>\n                            <\/div>\n                        <\/div>\n                    <\/li>\n                                        <li class=\"accordion block\">\n                        <div class=\"acc-btn\"><h4><span> 2<\/span>What are the advantages of a bridge with two implants?<\/h4><\/div>\n                        <div class=\"acc-content\">\n                            <div class=\"content\">\n                                <p>It replaces missing teeth with fewer implants and is economical and durable.<\/p>\n                            <\/div>\n                        <\/div>\n                    <\/li>\n                                        <li class=\"accordion block active-block\">\n                        <div class=\"acc-btn active\"><h4><span> 3<\/span>How long does bridge treatment with two implants take?<\/h4><\/div>\n                        <div class=\"acc-content current\">\n                            <div class=\"content\">\n                                <p>It takes 2-6 months for the implant to fuse with the bone, the total duration may take several months.<\/p>\n                            <\/div>\n                        <\/div>\n                    <\/li>\n                                        <li class=\"accordion block\">\n                        <div class=\"acc-btn\"><h4><span> 4<\/span>Is a bridge with two implants painful?<\/h4><\/div>\n                        <div class=\"acc-content\">\n                            <div class=\"content\">\n                                <p>It is performed under local anesthesia, no pain is felt during the procedure.<\/p>\n                            <\/div>\n                        <\/div>\n                    <\/li>\n                                        <li class=\"accordion block\">\n                        <div class=\"acc-btn\"><h4><span> 5<\/span>In which cases is a bridge made with two implants?<\/h4><\/div>\n                        <div class=\"acc-content\">\n                            <div class=\"content\">\n                                <p>It is applied if several adjacent teeth are missing and a more economical solution is desired instead of a full implant.<\/p>\n                            <\/div>\n                        <\/div>\n                    <\/li>\n                                        <li class=\"accordion block\">\n                        <div class=\"acc-btn\"><h4><span> 6<\/span>How to make a bridge with two implants?<\/h4><\/div>\n                        <div class=\"acc-content\">\n                            <div class=\"content\">\n                                <p>Two implants are placed and a bridge prosthesis covering more than one tooth is attached to them.<\/p>\n                            <\/div>\n                        <\/div>\n                    <\/li>\n                                        <li class=\"accordion block\">\n                        <div class=\"acc-btn\"><h4><span> 7<\/span>What is a bridge with two implants?<\/h4><\/div>\n                        <div class=\"acc-content\">\n                            <div class=\"content\">\n                                <p>It is the process of placing teeth in the form of a bridge on two implants to complete missing teeth.<\/p>\n                            <\/div>\n                        <\/div>\n                    <\/li>\n                                    <\/ul>\n            <\/div>\n        <\/div>\n    <\/section>\n    <!-- faq-section end -->\n      \n\t\t\t<\/div>\n\t\t\t\t<\/div>\n\t\t\t\t<\/div>\n\t\t\t\t<\/div>\n\t\t\t\t<\/div>","protected":false},"excerpt":{"rendered":"<p>\u0130mplantlarla desteklenen k\u00f6pr\u00fcler geleneksel k\u00f6pr\u00fclere benzemektedir fakat do\u011fal di\u015fler yerine implantlar taraf\u0131ndan desteklenmektedirler. Genellikle eksik di\u015flerin yerine \u00e7ene kemi\u011fine yerle\u015ftirilen iki implant, k\u00f6pr\u00fc protezi ile birbirine ba\u011flan\u0131r. Birden fazla di\u015f eksikli\u011fi oldu\u011funda tercih edilen implant destekli k\u00f6pr\u00fcler ayr\u0131ca implant \u00fcst\u00fcne gelen bas\u0131nc\u0131 azaltmak i\u00e7in de avantaj sa\u011flar. \u00d6zellikle di\u015f s\u0131kma ve g\u0131c\u0131rdatma al\u0131\u015fkanl\u0131\u011f\u0131 olan hastalarda [&hellip;]<\/p>","protected":false},"author":1,"featured_media":0,"parent":0,"menu_order":0,"comment_status":"closed","ping_status":"closed","template":"","meta":{"footnotes":""},"class_list":["post-3308","page","type-page","status-publish","hentry"],"_links":{"self":[{"href":"https:\/\/omerkutay.com\/en\/wp-json\/wp\/v2\/pages\/3308","targetHints":{"allow":["GET"]}}],"collection":[{"href":"https:\/\/omerkutay.com\/en\/wp-json\/wp\/v2\/pages"}],"about":[{"href":"https:\/\/omerkutay.com\/en\/wp-json\/wp\/v2\/types\/page"}],"author":[{"embeddable":true,"href":"https:\/\/omerkutay.com\/en\/wp-json\/wp\/v2\/users\/1"}],"replies":[{"embeddable":true,"href":"https:\/\/omerkutay.com\/en\/wp-json\/wp\/v2\/comments?post=3308"}],"version-history":[{"count":0,"href":"https:\/\/omerkutay.com\/en\/wp-json\/wp\/v2\/pages\/3308\/revisions"}],"wp:attachment":[{"href":"https:\/\/omerkutay.com\/en\/wp-json\/wp\/v2\/media?parent=3308"}],"curies":[{"name":"wp","href":"https:\/\/api.w.org\/{rel}","templated":true}]}}