{"id":3313,"date":"2025-02-20T10:05:51","date_gmt":"2025-02-20T07:05:51","guid":{"rendered":"https:\/\/omerkutay.com\/?page_id=3313"},"modified":"2025-08-14T16:35:05","modified_gmt":"2025-08-14T13:35:05","slug":"implant-and-natural-teeth","status":"publish","type":"page","link":"https:\/\/omerkutay.com\/en\/implant-and-natural-teeth\/","title":{"rendered":"Implants and Natural Teeth"},"content":{"rendered":"<div data-elementor-type=\"wp-page\" data-elementor-id=\"3313\" class=\"elementor elementor-3313\">\n\t\t\t\t<div class=\"elementor-element elementor-element-d6797aa e-con-full tedavikapsa e-flex e-con e-parent\" data-id=\"d6797aa\" data-element_type=\"container\">\n\t\t<div class=\"elementor-element elementor-element-2bb6504 e-con-full tedavisidebarkapsa e-flex e-con e-child\" data-id=\"2bb6504\" data-element_type=\"container\">\n\t\t\t\t<div class=\"elementor-element elementor-element-b92ff26 elementor-widget elementor-widget-sidebar\" data-id=\"b92ff26\" data-element_type=\"widget\" data-widget_type=\"sidebar.default\">\n\t\t\t\t<div class=\"elementor-widget-container\">\n\t\t\t<div id=\"nav_menu-3\" class=\"service-sidebar-widget sidebar-widget mb_30 widget_nav_menu\"><div class=\"widget-title mb_17\"><h3>Treatments<\/h3><\/div><\/div><div id=\"text-2\" class=\"service-sidebar-widget sidebar-widget mb_30 widget_text\"><div class=\"widget-title mb_17\"><h3>Get Detailed Information<\/h3><\/div>\t\t\t<div class=\"textwidget\"><p class=\"wpcf7-contact-form-not-found\"><strong>Error:<\/strong> Contact form not found.<\/p>\n<\/div>\n\t\t<\/div>\t\t<\/div>\n\t\t\t\t<\/div>\n\t\t\t\t<\/div>\n\t\t<div class=\"elementor-element elementor-element-98a712c e-con-full e-flex e-con e-child\" data-id=\"98a712c\" data-element_type=\"container\">\n\t\t\t\t<div class=\"elementor-element elementor-element-cf776e6 elementor-widget elementor-widget-text-editor\" data-id=\"cf776e6\" data-element_type=\"widget\" data-widget_type=\"text-editor.default\">\n\t\t\t\t<div class=\"elementor-widget-container\">\n\t\t\t<style>\/*! elementor - v3.21.0 - 26-05-2024 *\/\n.elementor-widget-text-editor.elementor-drop-cap-view-stacked .elementor-drop-cap{background-color:#69727d;color:#fff}.elementor-widget-text-editor.elementor-drop-cap-view-framed .elementor-drop-cap{color:#69727d;border:3px solid;background-color:transparent}.elementor-widget-text-editor:not(.elementor-drop-cap-view-default) .elementor-drop-cap{margin-top:8px}.elementor-widget-text-editor:not(.elementor-drop-cap-view-default) .elementor-drop-cap-letter{width:1em;height:1em}.elementor-widget-text-editor .elementor-drop-cap{float:left;text-align:center;line-height:1;font-size:50px}.elementor-widget-text-editor .elementor-drop-cap-letter{display:inline-block}<\/style>\t\t\t\t<div class=\"content-one mb_65\"><div class=\"text-box mb_35\"><p><img fetchpriority=\"high\" decoding=\"async\" class=\"size-medium wp-image-4000 alignright\" src=\"https:\/\/omerkutay.com\/wp-content\/uploads\/2025\/02\/implant-ve-dogal-dis-bir-arada-300x244.jpg\" alt=\"\" width=\"300\" height=\"244\" srcset=\"https:\/\/omerkutay.com\/wp-content\/uploads\/2025\/02\/implant-ve-dogal-dis-bir-arada-300x244.jpg 300w, https:\/\/omerkutay.com\/wp-content\/uploads\/2025\/02\/implant-ve-dogal-dis-bir-arada.jpg 768w\" sizes=\"(max-width: 300px) 100vw, 300px\" \/><\/p><p><strong>Implant and natural tooth together;<\/strong>\u00a0In a healthy mouth, implant-supported crown prostheses are compatible with natural teeth in terms of gingival appearance and symmetry.<\/p><p>Instead of traditional methods to treat missing teeth\u00a0<i>implant<\/i>\u00a0Treatment with ensures that the neighboring natural teeth are not damaged. It does not even harm the jawbone.<\/p><p>By the decision of the TDB Central Board of Directors, photographs of patients before and after treatment are not included.<\/p><p>The pictures found here are taken from academic publications taught at the university.<\/p><h2>Gum Recession, Osteoporosis and Implant Treatment<\/h2><p>Prof. Dr. \u00d6mer Kutay explains the most curious topics such as Gum Recession, Osteoporosis and Implant Treatment.<\/p><p>Gum recession means that the bone under the gum has also melted. The bone under your gum there has melted a few mm once, so your gum has receded. When that tooth is extracted, the gum has receded again. When that tooth is extracted and the implant is placed, the gum will be recessed again. That&#039;s why we do the following.<\/p><h3>Implant and natural tooth treatment<\/h3><p>Today, the best option for replacing missing teeth is implant treatment. A dental implant is a titanium post that replaces the root of your tooth in the form of a small screw that fits into your jawbone and supports a porcelain or zirconium dental crown. Natural teeth and implant-supported teeth have differences and similarities.<\/p><p>The main difference between implants and natural teeth is the way they connect to your bone. Implants actually fuse to the bone and become part of it, meaning they do not move within the bone (osteointegration). This is a unique property of titanium, the metal that implants are made from. It is very important that this connection lasts, and it is up to you!<\/p><p>Natural teeth, on the other hand, do not become part of the bone surrounding them, meaning they do not adhere to the bone and are minimally mobile within the bone. Instead, they are connected by the periodontal ligament, which is made up of small fibers that insert into the tooth on one side and the bone on the other.<\/p><p>Another difference is that natural teeth decay, while implant-supported teeth do not. However, this does not mean that you do not need to worry about oral hygiene. Good oral hygiene is extremely important to protect both teeth and implants. For both, poor oral hygiene can lead to bacterial infections that can lead to gum disease and even bone loss.<\/p><p>The arch enemy of an implant that has fused to the bone is bacterial plaque. This is a bacterial infection known as \u201cperi-implantitis\u201d that begins when bacterial plaque is allowed to accumulate on the implant. Peri-implantitis can cause horizontal, vertical or cup-shaped bone loss around the implant, which can cause the implant to lose its connection to the bone, which can lead to implant loss. That\u2019s why good brushing and flossing techniques and professional cleanings in routine dentistry are so important, and if these precautions are taken, this infection can be prevented. The most important thing that implants and natural teeth have in common is that they can both stay in your mouth for life, and that\u2019s in your hands!<\/p><\/div><\/div>\t\t\t\t\t\t<\/div>\n\t\t\t\t<\/div>\n\t\t\t\t<div class=\"elementor-element elementor-element-6a5ecf2 elementor-widget elementor-widget-heading\" data-id=\"6a5ecf2\" data-element_type=\"widget\" data-widget_type=\"heading.default\">\n\t\t\t\t<div class=\"elementor-widget-container\">\n\t\t\t<style>\/*! elementor - v3.21.0 - 26-05-2024 *\/\n.elementor-heading-title{padding:0;margin:0;line-height:1}.elementor-widget-heading .elementor-heading-title[class*=elementor-size-]>a{color:inherit;font-size:inherit;line-height:inherit}.elementor-widget-heading .elementor-heading-title.elementor-size-small{font-size:15px}.elementor-widget-heading .elementor-heading-title.elementor-size-medium{font-size:19px}.elementor-widget-heading .elementor-heading-title.elementor-size-large{font-size:29px}.elementor-widget-heading .elementor-heading-title.elementor-size-xl{font-size:39px}.elementor-widget-heading .elementor-heading-title.elementor-size-xxl{font-size:59px}<\/style><div class=\"elementor-heading-title elementor-size-default\">Frequently Asked Questions<\/div>\t\t<\/div>\n\t\t\t\t<\/div>\n\t\t\t\t<div class=\"elementor-element elementor-element-aeaad9d elementor-widget elementor-widget-labout_faqs\" data-id=\"aeaad9d\" data-element_type=\"widget\" data-widget_type=\"labout_faqs.default\">\n\t\t\t\t<div class=\"elementor-widget-container\">\n\t\t\t    \n    <!-- faq-section -->\n    <section class=\"faq-section pt_120 pb_120\">\n                <div class=\"auto-container\">\n                        <div class=\"inner-container\">\n                <ul class=\"accordion-box\">\n                                        <li class=\"accordion block\">\n                        <div class=\"acc-btn\"><h4><span> 1<\/span>Will the implant fall out?<\/h4><\/div>\n                        <div class=\"acc-content\">\n                            <div class=\"content\">\n                                <p>Yes, the implant may fall out if it is not properly cared for or if problems such as bone loss or infection (peri-implantitis) occur. Regular\u2026<\/p>\n                            <\/div>\n                        <\/div>\n                    <\/li>\n                                        <li class=\"accordion block\">\n                        <div class=\"acc-btn\"><h4><span> 2<\/span>Is the care of an implant different from a natural tooth?<\/h4><\/div>\n                        <div class=\"acc-content\">\n                            <div class=\"content\">\n                                <p>No, regular brushing, flossing and dental check-ups are necessary.<\/p>\n                            <\/div>\n                        <\/div>\n                    <\/li>\n                                        <li class=\"accordion block active-block\">\n                        <div class=\"acc-btn active\"><h4><span> 3<\/span>Which is better, an implant or a bridge?<\/h4><\/div>\n                        <div class=\"acc-content current\">\n                            <div class=\"content\">\n                                <p>Implants are preferred to prevent bone loss, but bridges can also be applied depending on the situation.<\/p>\n                            <\/div>\n                        <\/div>\n                    <\/li>\n                                        <li class=\"accordion block\">\n                        <div class=\"acc-btn\"><h4><span> 4<\/span>How does the implant attach to the bone?<\/h4><\/div>\n                        <div class=\"acc-content\">\n                            <div class=\"content\">\n                                <p>The implant fuses to the jawbone through the process of osseointegration. Bone cells adhere to the titanium surface, stabilizing the implant. This process\u2026<\/p>\n                            <\/div>\n                        <\/div>\n                    <\/li>\n                                        <li class=\"accordion block\">\n                        <div class=\"acc-btn\"><h4><span> 5<\/span>How long does an implant last?<\/h4><\/div>\n                        <div class=\"acc-content\">\n                            <div class=\"content\">\n                                <p>Dental implants can last a lifetime with proper care. However, gum health and regular dental care\u2026<\/p>\n                            <\/div>\n                        <\/div>\n                    <\/li>\n                                        <li class=\"accordion block\">\n                        <div class=\"acc-btn\"><h4><span> 6<\/span>Does an implant feel like a natural tooth?<\/h4><\/div>\n                        <div class=\"acc-content\">\n                            <div class=\"content\">\n                                <p>Yes, when done well, it feels very close to a natural tooth.<\/p>\n                            <\/div>\n                        <\/div>\n                    <\/li>\n                                        <li class=\"accordion block\">\n                        <div class=\"acc-btn\"><h4><span> 7<\/span>What is an implant?<\/h4><\/div>\n                        <div class=\"acc-content\">\n                            <div class=\"content\">\n                                <p>They are artificial tooth roots placed in the jawbone to replace missing teeth.<\/p>\n                            <\/div>\n                        <\/div>\n                    <\/li>\n                                    <\/ul>\n            <\/div>\n        <\/div>\n    <\/section>\n    <!-- faq-section end -->\n      \n\t\t\t<\/div>\n\t\t\t\t<\/div>\n\t\t\t\t<\/div>\n\t\t\t\t<\/div>\n\t\t\t\t<\/div>","protected":false},"excerpt":{"rendered":"<p>\u0130mplant ve do\u011fal di\u015f bir arada;\u00a0sa\u011fl\u0131kl\u0131 bir a\u011f\u0131zda implant \u00fcst\u00fc kron protezleri do\u011fal di\u015flerle; di\u015feti g\u00f6r\u00fcn\u00fcm\u00fc ve simetri a\u00e7\u0131s\u0131ndan uyumlu bir g\u00f6r\u00fcn\u00fcm sergilerler. Di\u015f eksikli\u011fini geleneksel y\u00f6ntemler yerine\u00a0implant\u00a0ile tedavi edilmesi kom\u015fu do\u011fal di\u015flerin zarar g\u00f6rmemesini sa\u011flar. \u00c7ene kemi\u011fine dehi.bir \u015fekilde zarar\u0131 yoktur. TDB Merkez Y\u00f6netim Kurulu\u2019nun karar\u0131 ile hastalar\u0131n tedavi \u00f6ncesi ve sonras\u0131 foto\u011fraflar\u0131na yer [&hellip;]<\/p>","protected":false},"author":1,"featured_media":0,"parent":0,"menu_order":0,"comment_status":"closed","ping_status":"closed","template":"","meta":{"footnotes":""},"class_list":["post-3313","page","type-page","status-publish","hentry"],"_links":{"self":[{"href":"https:\/\/omerkutay.com\/en\/wp-json\/wp\/v2\/pages\/3313","targetHints":{"allow":["GET"]}}],"collection":[{"href":"https:\/\/omerkutay.com\/en\/wp-json\/wp\/v2\/pages"}],"about":[{"href":"https:\/\/omerkutay.com\/en\/wp-json\/wp\/v2\/types\/page"}],"author":[{"embeddable":true,"href":"https:\/\/omerkutay.com\/en\/wp-json\/wp\/v2\/users\/1"}],"replies":[{"embeddable":true,"href":"https:\/\/omerkutay.com\/en\/wp-json\/wp\/v2\/comments?post=3313"}],"version-history":[{"count":0,"href":"https:\/\/omerkutay.com\/en\/wp-json\/wp\/v2\/pages\/3313\/revisions"}],"wp:attachment":[{"href":"https:\/\/omerkutay.com\/en\/wp-json\/wp\/v2\/media?parent=3313"}],"curies":[{"name":"wp","href":"https:\/\/api.w.org\/{rel}","templated":true}]}}