{"id":3318,"date":"2025-02-20T10:07:03","date_gmt":"2025-02-20T07:07:03","guid":{"rendered":"https:\/\/omerkutay.com\/?page_id=3318"},"modified":"2025-08-14T16:48:57","modified_gmt":"2025-08-14T13:48:57","slug":"full-mouth-implant-prosthesis","status":"publish","type":"page","link":"https:\/\/omerkutay.com\/en\/full-mouth-implant-prosthesis\/","title":{"rendered":"Full Mouth Implant Prosthesis"},"content":{"rendered":"<div data-elementor-type=\"wp-page\" data-elementor-id=\"3318\" class=\"elementor elementor-3318\">\n\t\t\t\t<div class=\"elementor-element elementor-element-d6797aa e-con-full tedavikapsa e-flex e-con e-parent\" data-id=\"d6797aa\" data-element_type=\"container\">\n\t\t<div class=\"elementor-element elementor-element-2bb6504 e-con-full tedavisidebarkapsa e-flex e-con e-child\" data-id=\"2bb6504\" data-element_type=\"container\">\n\t\t\t\t<div class=\"elementor-element elementor-element-b92ff26 elementor-widget elementor-widget-sidebar\" data-id=\"b92ff26\" data-element_type=\"widget\" data-widget_type=\"sidebar.default\">\n\t\t\t\t<div class=\"elementor-widget-container\">\n\t\t\t<div id=\"nav_menu-3\" class=\"service-sidebar-widget sidebar-widget mb_30 widget_nav_menu\"><div class=\"widget-title mb_17\"><h3>Treatments<\/h3><\/div><\/div><div id=\"text-2\" class=\"service-sidebar-widget sidebar-widget mb_30 widget_text\"><div class=\"widget-title mb_17\"><h3>Get Detailed Information<\/h3><\/div>\t\t\t<div class=\"textwidget\"><p class=\"wpcf7-contact-form-not-found\"><strong>Error:<\/strong> Contact form not found.<\/p>\n<\/div>\n\t\t<\/div>\t\t<\/div>\n\t\t\t\t<\/div>\n\t\t\t\t<\/div>\n\t\t<div class=\"elementor-element elementor-element-98a712c e-con-full e-flex e-con e-child\" data-id=\"98a712c\" data-element_type=\"container\">\n\t\t\t\t<div class=\"elementor-element elementor-element-cf776e6 elementor-widget elementor-widget-text-editor\" data-id=\"cf776e6\" data-element_type=\"widget\" data-widget_type=\"text-editor.default\">\n\t\t\t\t<div class=\"elementor-widget-container\">\n\t\t\t<style>\/*! elementor - v3.21.0 - 26-05-2024 *\/\n.elementor-widget-text-editor.elementor-drop-cap-view-stacked .elementor-drop-cap{background-color:#69727d;color:#fff}.elementor-widget-text-editor.elementor-drop-cap-view-framed .elementor-drop-cap{color:#69727d;border:3px solid;background-color:transparent}.elementor-widget-text-editor:not(.elementor-drop-cap-view-default) .elementor-drop-cap{margin-top:8px}.elementor-widget-text-editor:not(.elementor-drop-cap-view-default) .elementor-drop-cap-letter{width:1em;height:1em}.elementor-widget-text-editor .elementor-drop-cap{float:left;text-align:center;line-height:1;font-size:50px}.elementor-widget-text-editor .elementor-drop-cap-letter{display:inline-block}<\/style>\t\t\t\t<div class=\"content-one mb_65\"><div class=\"text-box mb_35\"><p><img fetchpriority=\"high\" decoding=\"async\" class=\"wp-image-4005 alignright\" src=\"https:\/\/omerkutay.com\/wp-content\/uploads\/2025\/02\/tumagiz-implant-202x300.jpg\" alt=\"\" width=\"344\" height=\"511\" srcset=\"https:\/\/omerkutay.com\/wp-content\/uploads\/2025\/02\/tumagiz-implant-202x300.jpg 202w, https:\/\/omerkutay.com\/wp-content\/uploads\/2025\/02\/tumagiz-implant.jpg 280w\" sizes=\"(max-width: 344px) 100vw, 344px\" \/><\/p><p>In patients who have lost all their teeth, there should be two types of full mouth implant prostheses.<\/p><ol><li>Implant-supported removable prostheses.<\/li><li>Fixed prostheses supported by implants.<\/li><\/ol><p>While removable dentures can be removed and replaced whenever desired, fixed dentures are placed in a way that they never come out of your mouth.<br \/><br \/>Both solutions are superior to the old type of prosthesis, commonly known as the palatal prosthesis, and eliminate complaints such as poor chewing and pain, and also prevent osteoporosis.<br \/><br \/>By the decision of the TDB Central Board of Directors, photographs of patients before and after treatment are not included. The pictures here are taken from academic publications taught at the university.<\/p><p>When full mouth dentures are placed on implants, they generally happen in two ways. First; there are six to eight implants in the mouth. A full mouth implant is glued and fixed on these implants just like it is fixed on the teeth, and the patient uses it without removing it.<\/p><p>Secondly; it is placed with a system that is distributed throughout the mouth and placed on the implants with a mobile system, we call it snap-style. The patient can put on and take off these prostheses whenever they want. In this way, it is also possible to use prostheses that compensate for the melted parts of the jaw bones.<\/p><h3>Removable prostheses on implants<\/h3><hr \/><p>Implant-supported removable dentures are removable dentures that are supported by at least two or more implants. They are also divided into two. In the first, the implants are connected to each other with the help of a bar and the denture is seated on this bar.<br \/><br \/>In the second, the implants are attached to the retainers inside the prosthesis separately. These two types of prostheses provide more support and are stable during chewing than the traditional implant-free removable prosthesis.<br \/><br \/>These prostheses are generally applied to patients with a lot of bone loss. Compensating for the lost bone with acrylic, which is lighter than porcelain, is safer both aesthetically and in terms of less load on the implants. In addition, since this prosthesis can be inserted and removed, it is easier to clean and oral hygiene is better provided.<\/p><h4>Fixed prostheses on implants<\/h4><hr \/><p>For implant-supported fixed prostheses, at least four implants are required. These prostheses are generally divided into two.<br \/><br \/>Firstly, the fixed prosthesis made on four implants, which we call \u201call on four\u201d, provides ease of chewing compared to removable prostheses, but it is more difficult to maintain oral hygiene. In this treatment protocol, bone graft is not applied to the patient and implants are placed in the areas where the bone is good and the patient starts using their prostheses after the implants fuse with the bone. The biggest disadvantage is that since the number of implants is low, if an implant is lost in the future, the patient cannot use their prosthesis again and the prosthesis must be renewed after the implant is re-made.<br \/><br \/>Another fixed prosthesis type is the implant-supported bridge prosthesis made on six or eight implants. In this type of prosthesis, the patient leaves the clinic with temporary teeth because the number of implants is high on the day the implants are placed and continues his\/her social life. After the implants fuse with the bone, fixed aesthetic teeth are made and the patient continues his\/her life with these teeth that are no different from his\/her natural teeth. The only disadvantage of this prosthesis type is that if the bone support is not sufficient, the cost and waiting period may be long because bone graft will be applied. However, since the patient will have temporary teeth during the waiting period, he\/she will not feel toothlessness. The biggest advantage is that even if an implant is lost in the future, that implant can be removed and the patient can continue his\/her life without changing his\/her prosthesis. Thus, there is no extra cost or loss of time.<\/p><\/div><\/div>\t\t\t\t\t\t<\/div>\n\t\t\t\t<\/div>\n\t\t\t\t<div class=\"elementor-element elementor-element-6a5ecf2 elementor-widget elementor-widget-heading\" data-id=\"6a5ecf2\" data-element_type=\"widget\" data-widget_type=\"heading.default\">\n\t\t\t\t<div class=\"elementor-widget-container\">\n\t\t\t<style>\/*! elementor - v3.21.0 - 26-05-2024 *\/\n.elementor-heading-title{padding:0;margin:0;line-height:1}.elementor-widget-heading .elementor-heading-title[class*=elementor-size-]>a{color:inherit;font-size:inherit;line-height:inherit}.elementor-widget-heading .elementor-heading-title.elementor-size-small{font-size:15px}.elementor-widget-heading .elementor-heading-title.elementor-size-medium{font-size:19px}.elementor-widget-heading .elementor-heading-title.elementor-size-large{font-size:29px}.elementor-widget-heading .elementor-heading-title.elementor-size-xl{font-size:39px}.elementor-widget-heading .elementor-heading-title.elementor-size-xxl{font-size:59px}<\/style><div class=\"elementor-heading-title elementor-size-default\">Frequently Asked Questions<\/div>\t\t<\/div>\n\t\t\t\t<\/div>\n\t\t\t\t<div class=\"elementor-element elementor-element-aeaad9d elementor-widget elementor-widget-labout_faqs\" data-id=\"aeaad9d\" data-element_type=\"widget\" data-widget_type=\"labout_faqs.default\">\n\t\t\t\t<div class=\"elementor-widget-container\">\n\t\t\t    \n    <!-- faq-section -->\n    <section class=\"faq-section pt_120 pb_120\">\n                <div class=\"auto-container\">\n                        <div class=\"inner-container\">\n                <ul class=\"accordion-box\">\n                                        <li class=\"accordion block\">\n                        <div class=\"acc-btn\"><h4><span> 1<\/span>How much does it cost?<\/h4><\/div>\n                        <div class=\"acc-content\">\n                            <div class=\"content\">\n                                <p>It depends on the material used and the number of implants. Prices vary, for best information consult your dentist\u2026<\/p>\n                            <\/div>\n                        <\/div>\n                    <\/li>\n                                        <li class=\"accordion block\">\n                        <div class=\"acc-btn\"><h4><span> 2<\/span>What are the advantages of full mouth implant prosthesis?<\/h4><\/div>\n                        <div class=\"acc-content\">\n                            <div class=\"content\">\n                                <p>It provides a stable and natural tooth feeling, chewing and speaking comfort and a long-lasting solution.<\/p>\n                            <\/div>\n                        <\/div>\n                    <\/li>\n                                        <li class=\"accordion block active-block\">\n                        <div class=\"acc-btn active\"><h4><span> 3<\/span>Does it hurt to have an implant?<\/h4><\/div>\n                        <div class=\"acc-content current\">\n                            <div class=\"content\">\n                                <p>There is no pain felt under local anesthesia. There may be mild pain afterwards.<\/p>\n                            <\/div>\n                        <\/div>\n                    <\/li>\n                                        <li class=\"accordion block\">\n                        <div class=\"acc-btn\"><h4><span> 4<\/span>Are implant dentures permanent?<\/h4><\/div>\n                        <div class=\"acc-content\">\n                            <div class=\"content\">\n                                <p>Yes, if well cared for, they can last a lifetime. However, upper dentures can be replaced over time.<\/p>\n                            <\/div>\n                        <\/div>\n                    <\/li>\n                                        <li class=\"accordion block\">\n                        <div class=\"acc-btn\"><h4><span> 5<\/span>How long does the implant process take?<\/h4><\/div>\n                        <div class=\"acc-content\">\n                            <div class=\"content\">\n                                <p>Surgery usually takes 1-2 hours. It may take 3-6 months for the implants to fuse with the bone.<\/p>\n                            <\/div>\n                        <\/div>\n                    <\/li>\n                                        <li class=\"accordion block\">\n                        <div class=\"acc-btn\"><h4><span> 6<\/span>What is a full mouth implant prosthesis?<\/h4><\/div>\n                        <div class=\"acc-content\">\n                            <div class=\"content\">\n                                <p>They are full dental prostheses made on implants placed in the upper and\/or lower jaw.<\/p>\n                            <\/div>\n                        <\/div>\n                    <\/li>\n                                    <\/ul>\n            <\/div>\n        <\/div>\n    <\/section>\n    <!-- faq-section end -->\n      \n\t\t\t<\/div>\n\t\t\t\t<\/div>\n\t\t\t\t<\/div>\n\t\t\t\t<\/div>\n\t\t\t\t<\/div>","protected":false},"excerpt":{"rendered":"<p>T\u00fcm di\u015flerini kaybetmi\u015f hastalarda t\u00fcm a\u011f\u0131z implant protezler iki \u00e7e\u015fit olmal\u0131d\u0131r. \u0130mplant destekli tak\u0131p \u00e7\u0131kar\u0131labilen protezler. \u0130mplant \u00fcst\u00fc sabit protezler. Hareketli protezler istenildi\u011fi zaman \u00e7\u0131kar\u0131l\u0131p tak\u0131labilir iken sabit protezler a\u011fz\u0131n\u0131zdan hi\u00e7 \u00e7\u0131kmayacak \u015fekilde yerle\u015ftirilirler. Her iki \u00e7\u00f6z\u00fcm de eski tip, halk aras\u0131nda damak diye an\u0131lan protez tipine g\u00f6re daha \u00fcst\u00fcn olup iyi \u00e7i\u011fneyememe ve a\u011fr\u0131 [&hellip;]<\/p>","protected":false},"author":1,"featured_media":0,"parent":0,"menu_order":0,"comment_status":"closed","ping_status":"closed","template":"","meta":{"footnotes":""},"class_list":["post-3318","page","type-page","status-publish","hentry"],"_links":{"self":[{"href":"https:\/\/omerkutay.com\/en\/wp-json\/wp\/v2\/pages\/3318","targetHints":{"allow":["GET"]}}],"collection":[{"href":"https:\/\/omerkutay.com\/en\/wp-json\/wp\/v2\/pages"}],"about":[{"href":"https:\/\/omerkutay.com\/en\/wp-json\/wp\/v2\/types\/page"}],"author":[{"embeddable":true,"href":"https:\/\/omerkutay.com\/en\/wp-json\/wp\/v2\/users\/1"}],"replies":[{"embeddable":true,"href":"https:\/\/omerkutay.com\/en\/wp-json\/wp\/v2\/comments?post=3318"}],"version-history":[{"count":0,"href":"https:\/\/omerkutay.com\/en\/wp-json\/wp\/v2\/pages\/3318\/revisions"}],"wp:attachment":[{"href":"https:\/\/omerkutay.com\/en\/wp-json\/wp\/v2\/media?parent=3318"}],"curies":[{"name":"wp","href":"https:\/\/api.w.org\/{rel}","templated":true}]}}