{"id":3323,"date":"2025-02-20T10:08:02","date_gmt":"2025-02-20T07:08:02","guid":{"rendered":"https:\/\/omerkutay.com\/?page_id=3323"},"modified":"2025-08-14T16:45:35","modified_gmt":"2025-08-14T13:45:35","slug":"implant-bridge-in-complete-toothlessness","status":"publish","type":"page","link":"https:\/\/omerkutay.com\/en\/implant-bridge-in-complete-toothlessness\/","title":{"rendered":"Implant-Bridge in Complete Edentition"},"content":{"rendered":"<div data-elementor-type=\"wp-page\" data-elementor-id=\"3323\" class=\"elementor elementor-3323\">\n\t\t\t\t<div class=\"elementor-element elementor-element-d6797aa e-con-full tedavikapsa e-flex e-con e-parent\" data-id=\"d6797aa\" data-element_type=\"container\">\n\t\t<div class=\"elementor-element elementor-element-2bb6504 e-con-full tedavisidebarkapsa e-flex e-con e-child\" data-id=\"2bb6504\" data-element_type=\"container\">\n\t\t\t\t<div class=\"elementor-element elementor-element-b92ff26 elementor-widget elementor-widget-sidebar\" data-id=\"b92ff26\" data-element_type=\"widget\" data-widget_type=\"sidebar.default\">\n\t\t\t\t<div class=\"elementor-widget-container\">\n\t\t\t<div id=\"nav_menu-3\" class=\"service-sidebar-widget sidebar-widget mb_30 widget_nav_menu\"><div class=\"widget-title mb_17\"><h3>Treatments<\/h3><\/div><\/div><div id=\"text-2\" class=\"service-sidebar-widget sidebar-widget mb_30 widget_text\"><div class=\"widget-title mb_17\"><h3>Get Detailed Information<\/h3><\/div>\t\t\t<div class=\"textwidget\"><p class=\"wpcf7-contact-form-not-found\"><strong>Error:<\/strong> Contact form not found.<\/p>\n<\/div>\n\t\t<\/div>\t\t<\/div>\n\t\t\t\t<\/div>\n\t\t\t\t<\/div>\n\t\t<div class=\"elementor-element elementor-element-98a712c e-con-full e-flex e-con e-child\" data-id=\"98a712c\" data-element_type=\"container\">\n\t\t\t\t<div class=\"elementor-element elementor-element-cf776e6 elementor-widget elementor-widget-text-editor\" data-id=\"cf776e6\" data-element_type=\"widget\" data-widget_type=\"text-editor.default\">\n\t\t\t\t<div class=\"elementor-widget-container\">\n\t\t\t<style>\/*! elementor - v3.21.0 - 26-05-2024 *\/\n.elementor-widget-text-editor.elementor-drop-cap-view-stacked .elementor-drop-cap{background-color:#69727d;color:#fff}.elementor-widget-text-editor.elementor-drop-cap-view-framed .elementor-drop-cap{color:#69727d;border:3px solid;background-color:transparent}.elementor-widget-text-editor:not(.elementor-drop-cap-view-default) .elementor-drop-cap{margin-top:8px}.elementor-widget-text-editor:not(.elementor-drop-cap-view-default) .elementor-drop-cap-letter{width:1em;height:1em}.elementor-widget-text-editor .elementor-drop-cap{float:left;text-align:center;line-height:1;font-size:50px}.elementor-widget-text-editor .elementor-drop-cap-letter{display:inline-block}<\/style>\t\t\t\t<div class=\"content-one mb_65\"><div class=\"text-box mb_35\"><p><img fetchpriority=\"high\" decoding=\"async\" class=\"wp-image-4010 alignright\" src=\"https:\/\/omerkutay.com\/wp-content\/uploads\/2025\/02\/tam-dissizlikte-implant-kopru-300x201.jpg\" alt=\"\" width=\"384\" height=\"257\" srcset=\"https:\/\/omerkutay.com\/wp-content\/uploads\/2025\/02\/tam-dissizlikte-implant-kopru-300x201.jpg 300w, https:\/\/omerkutay.com\/wp-content\/uploads\/2025\/02\/tam-dissizlikte-implant-kopru.jpg 761w\" sizes=\"(max-width: 384px) 100vw, 384px\" \/><\/p><p>Removable dentures supported by a small number of implants (2-4) have been used for many years. Complete edentulous dentures, patients must have at least one removable denture in the upper or lower jaw. Continuing bone loss after tooth loss and related aesthetic, health and function problems cause edentulous patients to be implant candidates.<br \/><br \/>Bone loss in the first year after tooth extraction is 10 times greater than in subsequent years. After multiple tooth extractions, bone loss of 2-3 mm usually occurs in the first six months.<br \/><br \/>As the bone melts, the muscle attachments come to the same level as the top of the bone. Since bone loss will occur when expected, it is important to place implants before bone loss occurs. Therefore, completely edentulous patients should be informed about the necessity of dental implants in preserving bone volume, masticatory muscle activity, aesthetics and psychological health.<\/p><h2>Melting of the jaw bone<\/h2><hr \/><p>If you do not have more than one tooth in your mouth or if the teeth you have do not have a good bone-gum connection, the cells that stimulate the formation of the jawbone have also disappeared. This is because your body no longer thinks it needs to support your jawbone. Even if you are missing one tooth, this situation causes melting in our jawbone, collapse in our lips, and wrinkles in the chin and skin area. In complete edentulism, this bone loss is greater, deformation and lines occur in the skin of the chin and lower face area, meaning that in addition to losing the chewing function, patients also experience a great loss in terms of aesthetics and may look older.<br \/><br \/>The biggest reason why implants are a great option for people with complete tooth loss is that they help protect your jawbone and prevent bone loss. When a removable prosthesis, which is an older method and called a total denture, is used instead of implant treatment for people with complete tooth loss, bone loss continues and even research has shown that the rate of bone loss increases. In addition, eating with these prostheses is not easy at all. Since it only receives support from soft tissues during chewing, not every food can be chewed comfortably.<\/p><h3>Health Begins in the Mouth!<\/h3><p>After implants are placed in the case of complete edentulism, you will be more comfortable, more confident and have a better quality of life in general. With teeth placed on implants, speaking is easier, smiling is a pleasure and eating is not a problem.<\/p><\/div><\/div>\t\t\t\t\t\t<\/div>\n\t\t\t\t<\/div>\n\t\t\t\t<div class=\"elementor-element elementor-element-6a5ecf2 elementor-widget elementor-widget-heading\" data-id=\"6a5ecf2\" data-element_type=\"widget\" data-widget_type=\"heading.default\">\n\t\t\t\t<div class=\"elementor-widget-container\">\n\t\t\t<style>\/*! elementor - v3.21.0 - 26-05-2024 *\/\n.elementor-heading-title{padding:0;margin:0;line-height:1}.elementor-widget-heading .elementor-heading-title[class*=elementor-size-]>a{color:inherit;font-size:inherit;line-height:inherit}.elementor-widget-heading .elementor-heading-title.elementor-size-small{font-size:15px}.elementor-widget-heading .elementor-heading-title.elementor-size-medium{font-size:19px}.elementor-widget-heading .elementor-heading-title.elementor-size-large{font-size:29px}.elementor-widget-heading .elementor-heading-title.elementor-size-xl{font-size:39px}.elementor-widget-heading .elementor-heading-title.elementor-size-xxl{font-size:59px}<\/style><div class=\"elementor-heading-title elementor-size-default\">Frequently Asked Questions<\/div>\t\t<\/div>\n\t\t\t\t<\/div>\n\t\t\t\t<div class=\"elementor-element elementor-element-aeaad9d elementor-widget elementor-widget-labout_faqs\" data-id=\"aeaad9d\" data-element_type=\"widget\" data-widget_type=\"labout_faqs.default\">\n\t\t\t\t<div class=\"elementor-widget-container\">\n\t\t\t    \n    <!-- faq-section -->\n    <section class=\"faq-section pt_120 pb_120\">\n                <div class=\"auto-container\">\n                        <div class=\"inner-container\">\n                <ul class=\"accordion-box\">\n                                        <li class=\"accordion block\">\n                        <div class=\"acc-btn\"><h4><span> 1<\/span>What are the advantages of implant-bridge?<\/h4><\/div>\n                        <div class=\"acc-content\">\n                            <div class=\"content\">\n                                <p>Its advantages include a stable and natural appearance, strong chewing, comfortable speaking and preventing osteoporosis.<\/p>\n                            <\/div>\n                        <\/div>\n                    <\/li>\n                                        <li class=\"accordion block\">\n                        <div class=\"acc-btn\"><h4><span> 2<\/span>Is it a painful procedure?<\/h4><\/div>\n                        <div class=\"acc-content\">\n                            <div class=\"content\">\n                                <p>There is no pain felt under local anesthesia, but there may be mild pain afterwards.<\/p>\n                            <\/div>\n                        <\/div>\n                    <\/li>\n                                        <li class=\"accordion block active-block\">\n                        <div class=\"acc-btn active\"><h4><span> 3<\/span>How long does the process take?<\/h4><\/div>\n                        <div class=\"acc-content current\">\n                            <div class=\"content\">\n                                <p>Implant placement takes 1-2 hours, and the healing process takes 3-6 months. A temporary prosthesis can be used during this time.<\/p>\n                            <\/div>\n                        <\/div>\n                    <\/li>\n                                        <li class=\"accordion block\">\n                        <div class=\"acc-btn\"><h4><span> 4<\/span>What is implant-bridge in complete edentulism?<\/h4><\/div>\n                        <div class=\"acc-content\">\n                            <div class=\"content\">\n                                <p>It is the construction of a fixed bridge prosthesis on implants placed in the jaw.<\/p>\n                            <\/div>\n                        <\/div>\n                    <\/li>\n                                    <\/ul>\n            <\/div>\n        <\/div>\n    <\/section>\n    <!-- faq-section end -->\n      \n\t\t\t<\/div>\n\t\t\t\t<\/div>\n\t\t\t\t<\/div>\n\t\t\t\t<\/div>\n\t\t\t\t<\/div>","protected":false},"excerpt":{"rendered":"<p>Az say\u0131da (2-4) implantla desteklenmi\u015f hareketli protezler uzun y\u0131llard\u0131r uygulanmaktad\u0131r. Tam di\u015fsiz protez, hastalar \u00fcst \u00e7ene ya da alt \u00e7enede en az bir hareketli proteze sahip olmal\u0131d\u0131r. Di\u015f kayb\u0131ndan sonra devam eden kemik kayb\u0131 ve onunla ilgili estetik, sa\u011fl\u0131k ve fonksiyon problemleri di\u015fsiz hastalar\u0131n implant aday\u0131 olmas\u0131na neden olur. Di\u015f \u00e7ekiminden sonra ilk y\u0131lda meydana [&hellip;]<\/p>","protected":false},"author":1,"featured_media":0,"parent":0,"menu_order":0,"comment_status":"closed","ping_status":"closed","template":"","meta":{"footnotes":""},"class_list":["post-3323","page","type-page","status-publish","hentry"],"_links":{"self":[{"href":"https:\/\/omerkutay.com\/en\/wp-json\/wp\/v2\/pages\/3323","targetHints":{"allow":["GET"]}}],"collection":[{"href":"https:\/\/omerkutay.com\/en\/wp-json\/wp\/v2\/pages"}],"about":[{"href":"https:\/\/omerkutay.com\/en\/wp-json\/wp\/v2\/types\/page"}],"author":[{"embeddable":true,"href":"https:\/\/omerkutay.com\/en\/wp-json\/wp\/v2\/users\/1"}],"replies":[{"embeddable":true,"href":"https:\/\/omerkutay.com\/en\/wp-json\/wp\/v2\/comments?post=3323"}],"version-history":[{"count":0,"href":"https:\/\/omerkutay.com\/en\/wp-json\/wp\/v2\/pages\/3323\/revisions"}],"wp:attachment":[{"href":"https:\/\/omerkutay.com\/en\/wp-json\/wp\/v2\/media?parent=3323"}],"curies":[{"name":"wp","href":"https:\/\/api.w.org\/{rel}","templated":true}]}}