{"id":3328,"date":"2025-02-20T10:08:59","date_gmt":"2025-02-20T07:08:59","guid":{"rendered":"https:\/\/omerkutay.com\/?page_id=3328"},"modified":"2025-08-14T15:59:19","modified_gmt":"2025-08-14T12:59:19","slug":"faster-recovery-prf","status":"publish","type":"page","link":"https:\/\/omerkutay.com\/en\/faster-recovery-prf\/","title":{"rendered":"Faster Recovery (PRF)"},"content":{"rendered":"<div data-elementor-type=\"wp-page\" data-elementor-id=\"3328\" class=\"elementor elementor-3328\">\n\t\t\t\t<div class=\"elementor-element elementor-element-d6797aa e-con-full tedavikapsa e-flex e-con e-parent\" data-id=\"d6797aa\" data-element_type=\"container\">\n\t\t<div class=\"elementor-element elementor-element-2bb6504 e-con-full tedavisidebarkapsa e-flex e-con e-child\" data-id=\"2bb6504\" data-element_type=\"container\">\n\t\t\t\t<div class=\"elementor-element elementor-element-b92ff26 elementor-widget elementor-widget-sidebar\" data-id=\"b92ff26\" data-element_type=\"widget\" data-widget_type=\"sidebar.default\">\n\t\t\t\t<div class=\"elementor-widget-container\">\n\t\t\t<div id=\"nav_menu-3\" class=\"service-sidebar-widget sidebar-widget mb_30 widget_nav_menu\"><div class=\"widget-title mb_17\"><h3>Treatments<\/h3><\/div><\/div><div id=\"text-2\" class=\"service-sidebar-widget sidebar-widget mb_30 widget_text\"><div class=\"widget-title mb_17\"><h3>Get Detailed Information<\/h3><\/div>\t\t\t<div class=\"textwidget\"><p class=\"wpcf7-contact-form-not-found\"><strong>Error:<\/strong> Contact form not found.<\/p>\n<\/div>\n\t\t<\/div>\t\t<\/div>\n\t\t\t\t<\/div>\n\t\t\t\t<\/div>\n\t\t<div class=\"elementor-element elementor-element-98a712c e-con-full e-flex e-con e-child\" data-id=\"98a712c\" data-element_type=\"container\">\n\t\t\t\t<div class=\"elementor-element elementor-element-cf776e6 elementor-widget elementor-widget-text-editor\" data-id=\"cf776e6\" data-element_type=\"widget\" data-widget_type=\"text-editor.default\">\n\t\t\t\t<div class=\"elementor-widget-container\">\n\t\t\t<style>\/*! elementor - v3.21.0 - 26-05-2024 *\/\n.elementor-widget-text-editor.elementor-drop-cap-view-stacked .elementor-drop-cap{background-color:#69727d;color:#fff}.elementor-widget-text-editor.elementor-drop-cap-view-framed .elementor-drop-cap{color:#69727d;border:3px solid;background-color:transparent}.elementor-widget-text-editor:not(.elementor-drop-cap-view-default) .elementor-drop-cap{margin-top:8px}.elementor-widget-text-editor:not(.elementor-drop-cap-view-default) .elementor-drop-cap-letter{width:1em;height:1em}.elementor-widget-text-editor .elementor-drop-cap{float:left;text-align:center;line-height:1;font-size:50px}.elementor-widget-text-editor .elementor-drop-cap-letter{display:inline-block}<\/style>\t\t\t\t<div class=\"content-one mb_65\"><div class=\"text-box mb_35\"><p>Stem cells form all organs and tissues in our body. Stem cells can divide and renew themselves indefinitely and turn into organs and tissues. With these features, they are used in the treatment of diseases such as cancer, Alzheimer&#039;s, diabetes, rheumatism, heart disease, and bone disease. Our blood also acts as a stem cell and the cells circulating in it help with growth and healing.<br \/><br \/>The basic cells of the blood are red blood cells, white blood cells and clotting cells. The clotting cells, platelets, stop bleeding that occurs as a result of an injury and form a protective layer that prevents bleeding from continuing. This protective layer also helps the wound heal. This feature and power of the clotting cell has been used in many medical fields.<br \/><br \/>In dentistry surgery, plasma-rich fibrin (PRF) obtained from our blood is used in sinus lifting and bone defect repair related to implant treatments. PRP contains many substances that accelerate healing.<br \/><br \/>Fibrin Rich in Tissue Growth Hormones (PRF)<br \/><br \/>&quot; Repairing and growing gums and bones is now easier with PRF produced from blood in 10 minutes &quot;<\/p><p><img fetchpriority=\"high\" decoding=\"async\" class=\"wp-image-4014 aligncenter\" src=\"https:\/\/omerkutay.com\/wp-content\/uploads\/2025\/02\/daha-cabuk-iyilesme-prf-implant1-300x166.jpg\" alt=\"\" width=\"780\" height=\"432\" srcset=\"https:\/\/omerkutay.com\/wp-content\/uploads\/2025\/02\/daha-cabuk-iyilesme-prf-implant1-300x166.jpg 300w, https:\/\/omerkutay.com\/wp-content\/uploads\/2025\/02\/daha-cabuk-iyilesme-prf-implant1.jpg 767w\" sizes=\"(max-width: 780px) 100vw, 780px\" \/><\/p><p><strong>1-<\/strong>\u00a0Blood is drawn from the patient to create PRF material<br \/><br \/><strong>2-<\/strong>\u00a0Blood is converted into platelet concentrate by a special medicla centrifuge machine<br \/><br \/><strong>3,4-<\/strong>\u00a0From this platelet concentration, white blood cells and membranes rich in blood vessel dilating agents are produced.<br \/><br \/><strong>5-<\/strong>\u00a0These membranes are then placed on the patient&#039;s area that needs healing.<br \/><br \/><strong>6,7<\/strong>\u00a0\u2013 These parts, which consist entirely of the patient&#039;s own body materials, accelerate wound healing, bone growth and help with graft (artificial bone) placement.<br \/><br \/><b>The most distinctive features of PRF:<\/b><\/p><ol><li><p>Accelerating tissue healing<\/p><\/li><li><p>Accelerates stopping of bleeding<\/p><\/li><li><p>Non-toxic<\/p><\/li><li><p>Since it is obtained from the patient&#039;s own blood, the immune system does not react.<\/p><\/li><\/ol><p>PRF is obtained by taking it from the patient&#039;s own blood and is therefore a natural healer. PRF is obtained with a special centrifuge device in the clinic and is applied immediately. Thus, the recovery period after all intraoral surgery is shortened and patients regain their health more quickly.<\/p><\/div><\/div>\t\t\t\t\t\t<\/div>\n\t\t\t\t<\/div>\n\t\t\t\t<div class=\"elementor-element elementor-element-6a5ecf2 elementor-widget elementor-widget-heading\" data-id=\"6a5ecf2\" data-element_type=\"widget\" data-widget_type=\"heading.default\">\n\t\t\t\t<div class=\"elementor-widget-container\">\n\t\t\t<style>\/*! elementor - v3.21.0 - 26-05-2024 *\/\n.elementor-heading-title{padding:0;margin:0;line-height:1}.elementor-widget-heading .elementor-heading-title[class*=elementor-size-]>a{color:inherit;font-size:inherit;line-height:inherit}.elementor-widget-heading .elementor-heading-title.elementor-size-small{font-size:15px}.elementor-widget-heading .elementor-heading-title.elementor-size-medium{font-size:19px}.elementor-widget-heading .elementor-heading-title.elementor-size-large{font-size:29px}.elementor-widget-heading .elementor-heading-title.elementor-size-xl{font-size:39px}.elementor-widget-heading .elementor-heading-title.elementor-size-xxl{font-size:59px}<\/style><div class=\"elementor-heading-title elementor-size-default\">Frequently Asked Questions<\/div>\t\t<\/div>\n\t\t\t\t<\/div>\n\t\t\t\t<div class=\"elementor-element elementor-element-aeaad9d elementor-widget elementor-widget-labout_faqs\" data-id=\"aeaad9d\" data-element_type=\"widget\" data-widget_type=\"labout_faqs.default\">\n\t\t\t\t<div class=\"elementor-widget-container\">\n\t\t\t    \n    <!-- faq-section -->\n    <section class=\"faq-section pt_120 pb_120\">\n                <div class=\"auto-container\">\n                        <div class=\"inner-container\">\n                <ul class=\"accordion-box\">\n                                        <li class=\"accordion block\">\n                        <div class=\"acc-btn\"><h4><span> 1<\/span>Is the PRF procedure painful?<\/h4><\/div>\n                        <div class=\"acc-content\">\n                            <div class=\"content\">\n                                <p>No, only the blood collection process is felt, but the procedure is painless.<\/p>\n                            <\/div>\n                        <\/div>\n                    <\/li>\n                                        <li class=\"accordion block\">\n                        <div class=\"acc-btn\"><h4><span> 2<\/span>How is the PRF process performed?<\/h4><\/div>\n                        <div class=\"acc-content\">\n                            <div class=\"content\">\n                                <p>Blood is taken from the patient, centrifuged, and the resulting fibrin clot is placed in the treatment area.<\/p>\n                            <\/div>\n                        <\/div>\n                    <\/li>\n                                        <li class=\"accordion block active-block\">\n                        <div class=\"acc-btn active\"><h4><span> 3<\/span>In which dental treatments is PRF used?<\/h4><\/div>\n                        <div class=\"acc-content current\">\n                            <div class=\"content\">\n                                <p>It is used to accelerate healing in implants, tooth extractions, bone grafts and gum treatments.<\/p>\n                            <\/div>\n                        <\/div>\n                    <\/li>\n                                        <li class=\"accordion block\">\n                        <div class=\"acc-btn\"><h4><span> 4<\/span>What is PRF?<\/h4><\/div>\n                        <div class=\"acc-content\">\n                            <div class=\"content\">\n                                <p>It is a natural treatment method obtained from the person&#039;s own blood and accelerates healing.<\/p>\n                            <\/div>\n                        <\/div>\n                    <\/li>\n                                    <\/ul>\n            <\/div>\n        <\/div>\n    <\/section>\n    <!-- faq-section end -->\n      \n\t\t\t<\/div>\n\t\t\t\t<\/div>\n\t\t\t\t<\/div>\n\t\t\t\t<\/div>\n\t\t\t\t<\/div>","protected":false},"excerpt":{"rendered":"<p>K\u00f6k h\u00fccreler v\u00fccudumuzdaki t\u00fcm organlar\u0131 ve dokular\u0131 olu\u015ftururlar. S\u0131n\u0131rs\u0131z say\u0131da b\u00f6l\u00fcnerek ve kendilerini yenileyerek organ ve dokulara d\u00f6n\u00fc\u015febilen k\u00f6k h\u00fccreler bu \u00f6zellikleriyle kanser, alzheimer, diyabet, romatizma, kalp hastal\u0131klar\u0131, kemik hastal\u0131klar\u0131 gibi hastal\u0131klar\u0131n tedavisinde kullan\u0131lmaktad\u0131r. Kan\u0131m\u0131z da k\u00f6k h\u00fccresi g\u00f6revi g\u00f6r\u00fcr ve i\u00e7inde dola\u015fan h\u00fccreler b\u00fcy\u00fcme ve iyile\u015fmeye yard\u0131mc\u0131 olurlar. Kan\u0131n temel h\u00fccreleri alyuvar, akyuvar ve [&hellip;]<\/p>","protected":false},"author":1,"featured_media":0,"parent":0,"menu_order":0,"comment_status":"closed","ping_status":"closed","template":"","meta":{"footnotes":""},"class_list":["post-3328","page","type-page","status-publish","hentry"],"_links":{"self":[{"href":"https:\/\/omerkutay.com\/en\/wp-json\/wp\/v2\/pages\/3328","targetHints":{"allow":["GET"]}}],"collection":[{"href":"https:\/\/omerkutay.com\/en\/wp-json\/wp\/v2\/pages"}],"about":[{"href":"https:\/\/omerkutay.com\/en\/wp-json\/wp\/v2\/types\/page"}],"author":[{"embeddable":true,"href":"https:\/\/omerkutay.com\/en\/wp-json\/wp\/v2\/users\/1"}],"replies":[{"embeddable":true,"href":"https:\/\/omerkutay.com\/en\/wp-json\/wp\/v2\/comments?post=3328"}],"version-history":[{"count":0,"href":"https:\/\/omerkutay.com\/en\/wp-json\/wp\/v2\/pages\/3328\/revisions"}],"wp:attachment":[{"href":"https:\/\/omerkutay.com\/en\/wp-json\/wp\/v2\/media?parent=3328"}],"curies":[{"name":"wp","href":"https:\/\/api.w.org\/{rel}","templated":true}]}}