{"id":3340,"date":"2025-02-20T10:12:16","date_gmt":"2025-02-20T07:12:16","guid":{"rendered":"https:\/\/omerkutay.com\/?page_id=3340"},"modified":"2025-08-14T16:44:23","modified_gmt":"2025-08-14T13:44:23","slug":"porcelain-and-zircon-coating","status":"publish","type":"page","link":"https:\/\/omerkutay.com\/en\/porcelain-and-zircon-coating\/","title":{"rendered":"Porcelain Coating"},"content":{"rendered":"<div data-elementor-type=\"wp-page\" data-elementor-id=\"3340\" class=\"elementor elementor-3340\">\n\t\t\t\t<div class=\"elementor-element elementor-element-d6797aa e-con-full tedavikapsa e-flex e-con e-parent\" data-id=\"d6797aa\" data-element_type=\"container\">\n\t\t<div class=\"elementor-element elementor-element-2bb6504 e-con-full tedavisidebarkapsa e-flex e-con e-child\" data-id=\"2bb6504\" data-element_type=\"container\">\n\t\t\t\t<div class=\"elementor-element elementor-element-b92ff26 elementor-widget elementor-widget-sidebar\" data-id=\"b92ff26\" data-element_type=\"widget\" data-widget_type=\"sidebar.default\">\n\t\t\t\t<div class=\"elementor-widget-container\">\n\t\t\t<div id=\"nav_menu-3\" class=\"service-sidebar-widget sidebar-widget mb_30 widget_nav_menu\"><div class=\"widget-title mb_17\"><h3>Treatments<\/h3><\/div><\/div><div id=\"text-2\" class=\"service-sidebar-widget sidebar-widget mb_30 widget_text\"><div class=\"widget-title mb_17\"><h3>Get Detailed Information<\/h3><\/div>\t\t\t<div class=\"textwidget\"><p class=\"wpcf7-contact-form-not-found\"><strong>Error:<\/strong> Contact form not found.<\/p>\n<\/div>\n\t\t<\/div>\t\t<\/div>\n\t\t\t\t<\/div>\n\t\t\t\t<\/div>\n\t\t<div class=\"elementor-element elementor-element-98a712c e-con-full e-flex e-con e-child\" data-id=\"98a712c\" data-element_type=\"container\">\n\t\t\t\t<div class=\"elementor-element elementor-element-cf776e6 elementor-widget elementor-widget-text-editor\" data-id=\"cf776e6\" data-element_type=\"widget\" data-widget_type=\"text-editor.default\">\n\t\t\t\t<div class=\"elementor-widget-container\">\n\t\t\t<style>\/*! elementor - v3.21.0 - 26-05-2024 *\/\n.elementor-widget-text-editor.elementor-drop-cap-view-stacked .elementor-drop-cap{background-color:#69727d;color:#fff}.elementor-widget-text-editor.elementor-drop-cap-view-framed .elementor-drop-cap{color:#69727d;border:3px solid;background-color:transparent}.elementor-widget-text-editor:not(.elementor-drop-cap-view-default) .elementor-drop-cap{margin-top:8px}.elementor-widget-text-editor:not(.elementor-drop-cap-view-default) .elementor-drop-cap-letter{width:1em;height:1em}.elementor-widget-text-editor .elementor-drop-cap{float:left;text-align:center;line-height:1;font-size:50px}.elementor-widget-text-editor .elementor-drop-cap-letter{display:inline-block}<\/style>\t\t\t\t<div class=\"content-one mb_65\"><div class=\"text-box mb_35\"><p>Porcelain and Zirconia Coating is the complete covering of a tooth with an aesthetic material, usually made of porcelain. In order to apply a coating, a 1 mm cut must be made around the tooth. Its purpose is to beautify, strengthen and protect the tooth.<\/p><div class=\"col-lg-12 col-md-12 col-12\"><p><b>Crown can be done in the following cases:<\/b><\/p><ol><li>To restore a large filling in cases where there is insufficient dental support<\/li><li>To prevent weak teeth from breaking<\/li><li>As a superstructure for a dental implant<\/li><li>To cover broken, deformed or discolored teeth<\/li><\/ol><h2>Which material is most suitable for Porcelain and Zircon Veneers?<\/h2><p>Your dentist will evaluate the condition of your teeth and make a decision on this issue for you. The most preferred materials today are completely porcelain veneers or metal-supported porcelain veneers. The difference between them is that completely porcelain veneers are more aesthetic.<\/p><h3>How long does it take to make Porcelain and Zirconia Veneers?<\/h3><p>The veneer procedure is completed in an average of 3 appointments. If it needs to be done quickly, it can be completed in 2 appointments. There should be 2-3 days between appointments. Your dentist will prepare your tooth as needed, clean any decayed areas, and take measurements to obtain a complete model of the tooth. After your veneer is made according to the model obtained, it is placed in place.<\/p><div class=\"col-lg-12 col-md-12 col-12\"><p>Once you and your dentist are satisfied with its appearance and position, the veneer is permanently bonded.<\/p><h3>Porcelain and Zircon Veneer Care<\/h3><p><strong>How to maintain coatings?<\/strong><\/p><p><img fetchpriority=\"high\" decoding=\"async\" class=\"size-medium wp-image-3896 alignright\" src=\"https:\/\/omerkutay.com\/wp-content\/uploads\/2025\/04\/porselen-ve-zirkon-kaplama-5.jpg\" alt=\"Porcelain and Zircon Coating\" width=\"297\" height=\"300\" \/><\/p><p>You should brush your teeth twice a day and floss once. To prevent the crowns from breaking or damaging them, it is necessary to avoid hard foods and objects (such as broken shelled foods). As in all cases, routine visits to your dentist will extend the life of the crowns.<\/p><p><strong>What does a completed coating look like?<\/strong><\/p><p>The primary goal is for the veneer to resemble your natural teeth as much as possible. To achieve this, a veneer is made that matches the color, shape, chewing and dimensions of both your natural and artificial teeth.<\/p><p><strong>Why is a bridge needed?<\/strong><\/p><p>They are essential for your appearance, dental health, and dental and jaw functions. A bridge helps maintain the natural shape of your face and supports your lips and cheeks. The loss of a molar can make your face look older and more worn-out. More importantly, not replacing missing teeth can compromise oral and dental health. Each tooth is designed to complement the other. When a tooth is lost, the other teeth move or tilt over time into the space created by the missing tooth. The tooth in the opposite jaw also extends into the space. These unusual tooth movements cause tension in both the tooth and the gum. In addition to all this, damage occurs to the gum and bone tissues. Since normal and natural tooth contacts are disrupted, and therefore physiological cleaning is prevented, teeth become prone to decay.<\/p><h4>What is a Bridge Prosthesis?<\/h4><p><strong>What exactly is a bridge prosthesis?<\/strong><\/p><p>It is a treatment method based on the principle of cutting and covering the neighboring teeth to fill the gaps that occur in the case of multiple tooth loss. Bridges are bonded onto the cut natural teeth.<\/p><p><strong>How should we protect the bridge?<\/strong><\/p><p>It is very important to maintain healthy teeth in our mouth. We need to brush at least twice a day and clean them with interdental cleaners. Cleaners help remove the sticky layer of bacteria we call plaque.<\/p><div class=\"col-lg-12 col-md-12 col-12\"><p>They cause plaque, gum disease and tooth decay. If the tooth or the bone holding the tooth is damaged in any way, the dental bridge may lose its support. It is necessary to clean especially the area around the bridge, under it and the connection areas with the natural tooth. Dental floss and special brushes will help us reach these areas. Most importantly, you should visit your dentist regularly. Remember that the dentist factor in the planning and installation phase of the bridge is the most important factor that determines the life of the bridge.<\/p><\/div><\/div><\/div><\/div><\/div>\t\t\t\t\t\t<\/div>\n\t\t\t\t<\/div>\n\t\t\t\t<div class=\"elementor-element elementor-element-6a5ecf2 elementor-widget elementor-widget-heading\" data-id=\"6a5ecf2\" data-element_type=\"widget\" data-widget_type=\"heading.default\">\n\t\t\t\t<div class=\"elementor-widget-container\">\n\t\t\t<style>\/*! elementor - v3.21.0 - 26-05-2024 *\/\n.elementor-heading-title{padding:0;margin:0;line-height:1}.elementor-widget-heading .elementor-heading-title[class*=elementor-size-]>a{color:inherit;font-size:inherit;line-height:inherit}.elementor-widget-heading .elementor-heading-title.elementor-size-small{font-size:15px}.elementor-widget-heading .elementor-heading-title.elementor-size-medium{font-size:19px}.elementor-widget-heading .elementor-heading-title.elementor-size-large{font-size:29px}.elementor-widget-heading .elementor-heading-title.elementor-size-xl{font-size:39px}.elementor-widget-heading .elementor-heading-title.elementor-size-xxl{font-size:59px}<\/style><div class=\"elementor-heading-title elementor-size-default\">Frequently Asked Questions<\/div>\t\t<\/div>\n\t\t\t\t<\/div>\n\t\t\t\t<div class=\"elementor-element elementor-element-aeaad9d elementor-widget elementor-widget-labout_faqs\" data-id=\"aeaad9d\" data-element_type=\"widget\" data-widget_type=\"labout_faqs.default\">\n\t\t\t\t<div class=\"elementor-widget-container\">\n\t\t\t    \n    <!-- faq-section -->\n    <section class=\"faq-section pt_120 pb_120\">\n                <div class=\"auto-container\">\n                        <div class=\"inner-container\">\n                <ul class=\"accordion-box\">\n                                        <li class=\"accordion block\">\n                        <div class=\"acc-btn\"><h4><span> 1<\/span>Do veneers change color over time?<\/h4><\/div>\n                        <div class=\"acc-content\">\n                            <div class=\"content\">\n                                <p>Porcelain does not change color, but surrounding teeth may stain.<\/p>\n                            <\/div>\n                        <\/div>\n                    <\/li>\n                                        <li class=\"accordion block\">\n                        <div class=\"acc-btn\"><h4><span> 2<\/span>Is it a painful procedure?<\/h4><\/div>\n                        <div class=\"acc-content\">\n                            <div class=\"content\">\n                                <p>With local anesthesia, no pain is felt, but there may be sensitivity.<\/p>\n                            <\/div>\n                        <\/div>\n                    <\/li>\n                                        <li class=\"accordion block active-block\">\n                        <div class=\"acc-btn active\"><h4><span> 3<\/span>How many days does it take to make porcelain veneers?<\/h4><\/div>\n                        <div class=\"acc-content current\">\n                            <div class=\"content\">\n                                <p>It is usually completed in 2-3 sessions (within 1-2 weeks).<\/p>\n                            <\/div>\n                        <\/div>\n                    <\/li>\n                                        <li class=\"accordion block\">\n                        <div class=\"acc-btn\"><h4><span> 4<\/span>What is porcelain veneer used for?<\/h4><\/div>\n                        <div class=\"acc-content\">\n                            <div class=\"content\">\n                                <p>It is used to fix broken, decayed, discolored or deformed teeth.<\/p>\n                            <\/div>\n                        <\/div>\n                    <\/li>\n                                        <li class=\"accordion block\">\n                        <div class=\"acc-btn\"><h4><span> 5<\/span>What is porcelain veneer?<\/h4><\/div>\n                        <div class=\"acc-content\">\n                            <div class=\"content\">\n                                <p>It is a thin porcelain layer applied on the tooth to increase its aesthetics and function.<\/p>\n                            <\/div>\n                        <\/div>\n                    <\/li>\n                                    <\/ul>\n            <\/div>\n        <\/div>\n    <\/section>\n    <!-- faq-section end -->\n      \n\t\t\t<\/div>\n\t\t\t\t<\/div>\n\t\t\t\t<\/div>\n\t\t\t\t<\/div>\n\t\t\t\t<\/div>","protected":false},"excerpt":{"rendered":"<p>Porselen ve Zirkon Kaplama bir di\u015fin \u00fczerinin genellikle porselenden yap\u0131lm\u0131\u015f estetik bir materyalle tam olarak kaplanmas\u0131d\u0131r. Kaplama yap\u0131labilmesi i\u00e7in di\u015fin \u00e7evresinden 1 mm kadar kesilerek k\u00fc\u00e7\u00fclt\u00fclmesi gerekir. Amac\u0131 di\u015fi g\u00fczelle\u015ftirmek, sa\u011flamla\u015ft\u0131rmak ve korumakt\u0131r. Kuron a\u015fa\u011f\u0131daki durumlarda yap\u0131labilir Yeterince di\u015f deste\u011finin olmamas\u0131 durumunda b\u00fcy\u00fck bir dolguyu restore etmek i\u00e7in Zay\u0131f di\u015flerin k\u0131r\u0131lmas\u0131n\u0131 \u00f6nlemek i\u00e7in Bir di\u015f [&hellip;]<\/p>","protected":false},"author":1,"featured_media":0,"parent":0,"menu_order":0,"comment_status":"closed","ping_status":"closed","template":"","meta":{"footnotes":""},"class_list":["post-3340","page","type-page","status-publish","hentry"],"_links":{"self":[{"href":"https:\/\/omerkutay.com\/en\/wp-json\/wp\/v2\/pages\/3340","targetHints":{"allow":["GET"]}}],"collection":[{"href":"https:\/\/omerkutay.com\/en\/wp-json\/wp\/v2\/pages"}],"about":[{"href":"https:\/\/omerkutay.com\/en\/wp-json\/wp\/v2\/types\/page"}],"author":[{"embeddable":true,"href":"https:\/\/omerkutay.com\/en\/wp-json\/wp\/v2\/users\/1"}],"replies":[{"embeddable":true,"href":"https:\/\/omerkutay.com\/en\/wp-json\/wp\/v2\/comments?post=3340"}],"version-history":[{"count":0,"href":"https:\/\/omerkutay.com\/en\/wp-json\/wp\/v2\/pages\/3340\/revisions"}],"wp:attachment":[{"href":"https:\/\/omerkutay.com\/en\/wp-json\/wp\/v2\/media?parent=3340"}],"curies":[{"name":"wp","href":"https:\/\/api.w.org\/{rel}","templated":true}]}}