{"id":3345,"date":"2025-02-20T10:13:40","date_gmt":"2025-02-20T07:13:40","guid":{"rendered":"https:\/\/omerkutay.com\/?page_id=3345"},"modified":"2025-08-14T16:39:27","modified_gmt":"2025-08-14T13:39:27","slug":"laminate","status":"publish","type":"page","link":"https:\/\/omerkutay.com\/en\/laminate\/","title":{"rendered":"Laminate Coating"},"content":{"rendered":"<div data-elementor-type=\"wp-page\" data-elementor-id=\"3345\" class=\"elementor elementor-3345\">\n\t\t\t\t<div class=\"elementor-element elementor-element-d6797aa e-con-full tedavikapsa e-flex e-con e-parent\" data-id=\"d6797aa\" data-element_type=\"container\">\n\t\t<div class=\"elementor-element elementor-element-2bb6504 e-con-full tedavisidebarkapsa e-flex e-con e-child\" data-id=\"2bb6504\" data-element_type=\"container\">\n\t\t\t\t<div class=\"elementor-element elementor-element-b92ff26 elementor-widget elementor-widget-sidebar\" data-id=\"b92ff26\" data-element_type=\"widget\" data-widget_type=\"sidebar.default\">\n\t\t\t\t<div class=\"elementor-widget-container\">\n\t\t\t<div id=\"nav_menu-3\" class=\"service-sidebar-widget sidebar-widget mb_30 widget_nav_menu\"><div class=\"widget-title mb_17\"><h3>Treatments<\/h3><\/div><\/div><div id=\"text-2\" class=\"service-sidebar-widget sidebar-widget mb_30 widget_text\"><div class=\"widget-title mb_17\"><h3>Get Detailed Information<\/h3><\/div>\t\t\t<div class=\"textwidget\"><p class=\"wpcf7-contact-form-not-found\"><strong>Error:<\/strong> Contact form not found.<\/p>\n<\/div>\n\t\t<\/div>\t\t<\/div>\n\t\t\t\t<\/div>\n\t\t\t\t<\/div>\n\t\t<div class=\"elementor-element elementor-element-98a712c e-con-full e-flex e-con e-child\" data-id=\"98a712c\" data-element_type=\"container\">\n\t\t\t\t<div class=\"elementor-element elementor-element-cf776e6 elementor-widget elementor-widget-text-editor\" data-id=\"cf776e6\" data-element_type=\"widget\" data-widget_type=\"text-editor.default\">\n\t\t\t\t<div class=\"elementor-widget-container\">\n\t\t\t<style>\/*! elementor - v3.21.0 - 26-05-2024 *\/\n.elementor-widget-text-editor.elementor-drop-cap-view-stacked .elementor-drop-cap{background-color:#69727d;color:#fff}.elementor-widget-text-editor.elementor-drop-cap-view-framed .elementor-drop-cap{color:#69727d;border:3px solid;background-color:transparent}.elementor-widget-text-editor:not(.elementor-drop-cap-view-default) .elementor-drop-cap{margin-top:8px}.elementor-widget-text-editor:not(.elementor-drop-cap-view-default) .elementor-drop-cap-letter{width:1em;height:1em}.elementor-widget-text-editor .elementor-drop-cap{float:left;text-align:center;line-height:1;font-size:50px}.elementor-widget-text-editor .elementor-drop-cap-letter{display:inline-block}<\/style>\t\t\t\t<div class=\"content-one mb_65\"><div class=\"text-box mb_35\"><p><img fetchpriority=\"high\" decoding=\"async\" class=\"wp-image-3901 alignright\" src=\"https:\/\/omerkutay.com\/wp-content\/uploads\/2025\/02\/lamineyt1-300x244.jpg\" alt=\"Laminate Coating\" width=\"370\" height=\"301\" srcset=\"https:\/\/omerkutay.com\/wp-content\/uploads\/2025\/02\/lamineyt1-300x244.jpg 300w, https:\/\/omerkutay.com\/wp-content\/uploads\/2025\/02\/lamineyt1.jpg 768w\" sizes=\"(max-width: 370px) 100vw, 370px\" \/>If the teeth are discolored and especially deformed, laminate veneers are a perfect cosmetic solution. Laminate veneers are a treatment method performed by bonding a thin layer of porcelain to the front surfaces of the teeth in front teeth with aesthetic problems.<\/p><div class=\"col-lg-12 col-md-12 col-12\"><p>In most cases, they are sufficient to provide natural beauty and natural function to teeth with their solid structure and unchanging colors. You can smile confidently with laminate veneers. These veneers made of porcelain are thin and hard structures.<\/p><p>They are resistant to breaking. They are prepared and placed on an existing tooth with perfect harmony and precision. The front face of the tooth and the inner face of the veneer are bonded with a permanent and permanent special resin (an adhesive intermediate). When the process is completed, a perfect fusion is achieved.<\/p><h2>In what cases is laminate flooring done?<\/h2><p>Laminate veneers can be applied to eliminate discoloration and correct irregular shapes of teeth. The main application areas can be summarized as follows:<\/p><ol><li>In cases of discoloration, advanced antibiotic, fluoride etc. stains that do not yield results with methods such as teeth whitening, and hereditary structure and color disorders.<\/li><li>To close the gaps between the teeth (diastema closure)<\/li><li>In the restoration of broken or worn teeth<\/li><li>Correction of old fillings that have deteriorated in color and structure<\/li><li>It can be a nearly perfect cosmetic alternative for correcting crooked and crooked teeth.<\/li><\/ol><h3>Who can benefit from Laminate Treatment?<\/h3><div class=\"col-lg-12 col-md-12 col-12\"><p>Almost everyone. People of all ages who complain of the above reasons can benefit from laminate treatment. It is not recommended for those with advanced gum disease.<\/p><h5><span style=\"color: #202020; font-family: 'Fira Sans', sans-serif; font-size: 1.25rem; font-weight: 600;\"><img decoding=\"async\" class=\"wp-image-3900 alignright\" src=\"https:\/\/omerkutay.com\/wp-content\/uploads\/2025\/02\/lamineyt2-300x244.jpg\" alt=\"Laminate Coating\" width=\"353\" height=\"287\" srcset=\"https:\/\/omerkutay.com\/wp-content\/uploads\/2025\/02\/lamineyt2-300x244.jpg 300w, https:\/\/omerkutay.com\/wp-content\/uploads\/2025\/02\/lamineyt2.jpg 768w\" sizes=\"(max-width: 353px) 100vw, 353px\" \/>Benefits of laminate treatment<\/span><\/h5><p>In cases where you cannot smile confidently due to decay, wear, fracture or structural anomalies, it is possible to give your teeth a natural beauty with this method.<\/p><p>While previously fillings and full veneers were the only solutions in such adverse situations, today there are new alternatives such as laminate treatment.<\/p><ol><li>A healthy and natural appearance is achieved with a minor intervention.<\/li><li>All that is needed is to create a hole in your tooth that is the size of your nail (which may not always be necessary).<\/li><li>It takes less time than other alternative processes.<\/li><li>They are made of strong, colorfast and durable materials.<\/li><\/ol><\/div><\/div><\/div><\/div>\t\t\t\t\t\t<\/div>\n\t\t\t\t<\/div>\n\t\t\t\t<div class=\"elementor-element elementor-element-6a5ecf2 elementor-widget elementor-widget-heading\" data-id=\"6a5ecf2\" data-element_type=\"widget\" data-widget_type=\"heading.default\">\n\t\t\t\t<div class=\"elementor-widget-container\">\n\t\t\t<style>\/*! elementor - v3.21.0 - 26-05-2024 *\/\n.elementor-heading-title{padding:0;margin:0;line-height:1}.elementor-widget-heading .elementor-heading-title[class*=elementor-size-]>a{color:inherit;font-size:inherit;line-height:inherit}.elementor-widget-heading .elementor-heading-title.elementor-size-small{font-size:15px}.elementor-widget-heading .elementor-heading-title.elementor-size-medium{font-size:19px}.elementor-widget-heading .elementor-heading-title.elementor-size-large{font-size:29px}.elementor-widget-heading .elementor-heading-title.elementor-size-xl{font-size:39px}.elementor-widget-heading .elementor-heading-title.elementor-size-xxl{font-size:59px}<\/style><div class=\"elementor-heading-title elementor-size-default\">Frequently Asked Questions<\/div>\t\t<\/div>\n\t\t\t\t<\/div>\n\t\t\t\t<div class=\"elementor-element elementor-element-aeaad9d elementor-widget elementor-widget-labout_faqs\" data-id=\"aeaad9d\" data-element_type=\"widget\" data-widget_type=\"labout_faqs.default\">\n\t\t\t\t<div class=\"elementor-widget-container\">\n\t\t\t    \n    <!-- faq-section -->\n    <section class=\"faq-section pt_120 pb_120\">\n                <div class=\"auto-container\">\n                        <div class=\"inner-container\">\n                <ul class=\"accordion-box\">\n                                        <li class=\"accordion block\">\n                        <div class=\"acc-btn\"><h4><span> 1<\/span>Is laminate flooring durable?<\/h4><\/div>\n                        <div class=\"acc-content\">\n                            <div class=\"content\">\n                                <p>Yes, if well cared for, it can last 10-15 years.<\/p>\n                            <\/div>\n                        <\/div>\n                    <\/li>\n                                        <li class=\"accordion block\">\n                        <div class=\"acc-btn\"><h4><span> 2<\/span>Is laminate coating a painful procedure?<\/h4><\/div>\n                        <div class=\"acc-content\">\n                            <div class=\"content\">\n                                <p>No, it is generally painless as minimal abrasion is involved.<\/p>\n                            <\/div>\n                        <\/div>\n                    <\/li>\n                                        <li class=\"accordion block active-block\">\n                        <div class=\"acc-btn active\"><h4><span> 3<\/span>Does laminate veneer make teeth smaller?<\/h4><\/div>\n                        <div class=\"acc-content current\">\n                            <div class=\"content\">\n                                <p>No, only the front surface of the tooth is slightly abraded.<\/p>\n                            <\/div>\n                        <\/div>\n                    <\/li>\n                                        <li class=\"accordion block\">\n                        <div class=\"acc-btn\"><h4><span> 4<\/span>Who is laminate flooring suitable for?<\/h4><\/div>\n                        <div class=\"acc-content\">\n                            <div class=\"content\">\n                                <p>It is suitable for those who want to correct teeth that are discolored, broken, separated or deformed.<\/p>\n                            <\/div>\n                        <\/div>\n                    <\/li>\n                                        <li class=\"accordion block\">\n                        <div class=\"acc-btn\"><h4><span> 5<\/span>What is laminate coating?<\/h4><\/div>\n                        <div class=\"acc-content\">\n                            <div class=\"content\">\n                                <p>They are thin porcelain layers that are bonded to the front surface of the teeth.<\/p>\n                            <\/div>\n                        <\/div>\n                    <\/li>\n                                    <\/ul>\n            <\/div>\n        <\/div>\n    <\/section>\n    <!-- faq-section end -->\n      \n\t\t\t<\/div>\n\t\t\t\t<\/div>\n\t\t\t\t<\/div>\n\t\t\t\t<\/div>\n\t\t\t\t<\/div>","protected":false},"excerpt":{"rendered":"<p>Di\u015flerin rengi ve \u00f6zellikle \u015fekli bozuksa, lamineyt kaplamalar m\u00fckemmel bir kozmetik \u00e7\u00f6z\u00fcmd\u00fcr. Lamineyt kaplamalar, estetik sorunlar\u0131 olan \u00f6n di\u015flerde, porselenden haz\u0131rlanan ince bir tabakan\u0131n di\u015flerin \u00f6n y\u00fczlerine yap\u0131\u015ft\u0131r\u0131lmas\u0131yla yap\u0131lan bir tedavi \u015feklidir. \u00c7o\u011fu durumda sa\u011flam yap\u0131lar\u0131 ve bozulmayan renkleriyle di\u015flere do\u011fal bir g\u00fczellikle birlikte, do\u011fal bir i\u015flev kazand\u0131rmak i\u00e7in yeterlidirler. Lamineyt kaplamalarla kendinizden emin bir [&hellip;]<\/p>","protected":false},"author":1,"featured_media":0,"parent":0,"menu_order":0,"comment_status":"closed","ping_status":"closed","template":"","meta":{"footnotes":""},"class_list":["post-3345","page","type-page","status-publish","hentry"],"_links":{"self":[{"href":"https:\/\/omerkutay.com\/en\/wp-json\/wp\/v2\/pages\/3345","targetHints":{"allow":["GET"]}}],"collection":[{"href":"https:\/\/omerkutay.com\/en\/wp-json\/wp\/v2\/pages"}],"about":[{"href":"https:\/\/omerkutay.com\/en\/wp-json\/wp\/v2\/types\/page"}],"author":[{"embeddable":true,"href":"https:\/\/omerkutay.com\/en\/wp-json\/wp\/v2\/users\/1"}],"replies":[{"embeddable":true,"href":"https:\/\/omerkutay.com\/en\/wp-json\/wp\/v2\/comments?post=3345"}],"version-history":[{"count":0,"href":"https:\/\/omerkutay.com\/en\/wp-json\/wp\/v2\/pages\/3345\/revisions"}],"wp:attachment":[{"href":"https:\/\/omerkutay.com\/en\/wp-json\/wp\/v2\/media?parent=3345"}],"curies":[{"name":"wp","href":"https:\/\/api.w.org\/{rel}","templated":true}]}}