{"id":3375,"date":"2025-02-20T10:55:11","date_gmt":"2025-02-20T07:55:11","guid":{"rendered":"https:\/\/omerkutay.com\/?page_id=3375"},"modified":"2025-08-16T11:59:55","modified_gmt":"2025-08-16T08:59:55","slug":"20-years-old-female","status":"publish","type":"page","link":"https:\/\/omerkutay.com\/en\/20-years-old-female\/","title":{"rendered":"20 Year Old Female"},"content":{"rendered":"<div data-elementor-type=\"wp-page\" data-elementor-id=\"3375\" class=\"elementor elementor-3375\">\n\t\t\t\t<div class=\"elementor-element elementor-element-d6797aa e-con-full tedavikapsa e-flex e-con e-parent\" data-id=\"d6797aa\" data-element_type=\"container\">\n\t\t<div class=\"elementor-element elementor-element-2bb6504 e-con-full tedavisidebarkapsa e-flex e-con e-child\" data-id=\"2bb6504\" data-element_type=\"container\">\n\t\t\t\t<div class=\"elementor-element elementor-element-b92ff26 elementor-widget elementor-widget-sidebar\" data-id=\"b92ff26\" data-element_type=\"widget\" data-widget_type=\"sidebar.default\">\n\t\t\t\t<div class=\"elementor-widget-container\">\n\t\t\t<div id=\"nav_menu-3\" class=\"service-sidebar-widget sidebar-widget mb_30 widget_nav_menu\"><div class=\"widget-title mb_17\"><h3>Treatments<\/h3><\/div><\/div><div id=\"text-2\" class=\"service-sidebar-widget sidebar-widget mb_30 widget_text\"><div class=\"widget-title mb_17\"><h3>Get Detailed Information<\/h3><\/div>\t\t\t<div class=\"textwidget\"><p class=\"wpcf7-contact-form-not-found\"><strong>Error:<\/strong> Contact form not found.<\/p>\n<\/div>\n\t\t<\/div>\t\t<\/div>\n\t\t\t\t<\/div>\n\t\t\t\t<\/div>\n\t\t<div class=\"elementor-element elementor-element-98a712c e-con-full e-flex e-con e-child\" data-id=\"98a712c\" data-element_type=\"container\">\n\t\t\t\t<div class=\"elementor-element elementor-element-cf776e6 elementor-widget elementor-widget-text-editor\" data-id=\"cf776e6\" data-element_type=\"widget\" data-widget_type=\"text-editor.default\">\n\t\t\t\t<div class=\"elementor-widget-container\">\n\t\t\t<style>\/*! elementor - v3.21.0 - 26-05-2024 *\/\n.elementor-widget-text-editor.elementor-drop-cap-view-stacked .elementor-drop-cap{background-color:#69727d;color:#fff}.elementor-widget-text-editor.elementor-drop-cap-view-framed .elementor-drop-cap{color:#69727d;border:3px solid;background-color:transparent}.elementor-widget-text-editor:not(.elementor-drop-cap-view-default) .elementor-drop-cap{margin-top:8px}.elementor-widget-text-editor:not(.elementor-drop-cap-view-default) .elementor-drop-cap-letter{width:1em;height:1em}.elementor-widget-text-editor .elementor-drop-cap{float:left;text-align:center;line-height:1;font-size:50px}.elementor-widget-text-editor .elementor-drop-cap-letter{display:inline-block}<\/style>\t\t\t\t<div class=\"content-one mb_65\"><div class=\"text-box mb_35\"><p><img fetchpriority=\"high\" decoding=\"async\" class=\"wp-image-3964 alignright\" src=\"https:\/\/omerkutay.com\/wp-content\/uploads\/2025\/02\/20-yas-disi-300x244.jpg\" alt=\"\" width=\"375\" height=\"305\" srcset=\"https:\/\/omerkutay.com\/wp-content\/uploads\/2025\/02\/20-yas-disi-300x244.jpg 300w, https:\/\/omerkutay.com\/wp-content\/uploads\/2025\/02\/20-yas-disi.jpg 768w\" sizes=\"(max-width: 375px) 100vw, 375px\" \/><\/p><p>Wisdom teeth start appearing when we are 17 years old. They complete their development when we reach our 20s.<\/p><p>When these teeth, which are mostly embedded in our soft tissue, cause problems such as swelling and bad breath, unfortunately patients try to get over this situation with antibiotics and delay seeing a doctor.<\/p><p><b>Delayed treatment of wisdom teeth may cause tumors<\/b><\/p><p>Trying to treat the pain in wisdom teeth, also known as wisdom teeth, with antibiotics and painkillers and going to the dentist late can also cause tumors in those areas. When teeth in this situation are extracted, it can cause bone loss in the jaw and sometimes even the loss of surrounding teeth. Considering such problems, wisdom teeth can be extracted after the age of 18 with the decision of the doctor and the patient.<\/p><h2>Another problem with wisdom teeth is crooked teeth.<\/h2><p>Another problem is that these teeth can squeeze other teeth as they emerge, which can also cause crowding.<\/p><div class=\"container\"><div class=\"row\"><div class=\"col-lg-12 col-md-12 col-12\"><p>If, after clinical and x-ray examination of patients with such complaints who apply to the doctor, it is decided that the wisdom teeth will not come out normally, these teeth are removed through surgical intervention.<\/p><\/div><\/div><\/div><\/div><\/div>\t\t\t\t\t\t<\/div>\n\t\t\t\t<\/div>\n\t\t\t\t<div class=\"elementor-element elementor-element-6a5ecf2 elementor-widget elementor-widget-heading\" data-id=\"6a5ecf2\" data-element_type=\"widget\" data-widget_type=\"heading.default\">\n\t\t\t\t<div class=\"elementor-widget-container\">\n\t\t\t<style>\/*! elementor - v3.21.0 - 26-05-2024 *\/\n.elementor-heading-title{padding:0;margin:0;line-height:1}.elementor-widget-heading .elementor-heading-title[class*=elementor-size-]>a{color:inherit;font-size:inherit;line-height:inherit}.elementor-widget-heading .elementor-heading-title.elementor-size-small{font-size:15px}.elementor-widget-heading .elementor-heading-title.elementor-size-medium{font-size:19px}.elementor-widget-heading .elementor-heading-title.elementor-size-large{font-size:29px}.elementor-widget-heading .elementor-heading-title.elementor-size-xl{font-size:39px}.elementor-widget-heading .elementor-heading-title.elementor-size-xxl{font-size:59px}<\/style><div class=\"elementor-heading-title elementor-size-default\">Frequently Asked Questions<\/div>\t\t<\/div>\n\t\t\t\t<\/div>\n\t\t\t\t<div class=\"elementor-element elementor-element-aeaad9d elementor-widget elementor-widget-labout_faqs\" data-id=\"aeaad9d\" data-element_type=\"widget\" data-widget_type=\"labout_faqs.default\">\n\t\t\t\t<div class=\"elementor-widget-container\">\n\t\t\t    \n    <!-- faq-section -->\n    <section class=\"faq-section pt_120 pb_120\">\n                <div class=\"auto-container\">\n                        <div class=\"inner-container\">\n                <ul class=\"accordion-box\">\n                                        <li class=\"accordion block\">\n                        <div class=\"acc-btn\"><h4><span> 1<\/span>Is wisdom tooth extraction painful?<\/h4><\/div>\n                        <div class=\"acc-content\">\n                            <div class=\"content\">\n                                <p>Since it is performed with local anesthesia, no pain is felt during the procedure.<\/p>\n                            <\/div>\n                        <\/div>\n                    <\/li>\n                                        <li class=\"accordion block\">\n                        <div class=\"acc-btn\"><h4><span> 2<\/span>Is wisdom tooth extraction difficult?<\/h4><\/div>\n                        <div class=\"acc-content\">\n                            <div class=\"content\">\n                                <p>Depending on the location of the tooth, simple or surgical extraction may be required.<\/p>\n                            <\/div>\n                        <\/div>\n                    <\/li>\n                                        <li class=\"accordion block active-block\">\n                        <div class=\"acc-btn active\"><h4><span> 3<\/span>Should wisdom teeth be extracted?<\/h4><\/div>\n                        <div class=\"acc-content current\">\n                            <div class=\"content\">\n                                <p>If it causes pain, inflammation, distortion or bruising, it is recommended that it be removed.<\/p>\n                            <\/div>\n                        <\/div>\n                    <\/li>\n                                        <li class=\"accordion block\">\n                        <div class=\"acc-btn\"><h4><span> 4<\/span>Why does wisdom tooth cause pain?<\/h4><\/div>\n                        <div class=\"acc-content\">\n                            <div class=\"content\">\n                                <p>When it remains impacted or partially impacted, it can cause gum inflammation and pressure.<\/p>\n                            <\/div>\n                        <\/div>\n                    <\/li>\n                                        <li class=\"accordion block\">\n                        <div class=\"acc-btn\"><h4><span> 5<\/span>Do wisdom teeth appear in everyone?<\/h4><\/div>\n                        <div class=\"acc-content\">\n                            <div class=\"content\">\n                                <p>No, it may not appear at all in some people.<\/p>\n                            <\/div>\n                        <\/div>\n                    <\/li>\n                                        <li class=\"accordion block\">\n                        <div class=\"acc-btn\"><h4><span> 6<\/span>At what age do wisdom teeth appear?<\/h4><\/div>\n                        <div class=\"acc-content\">\n                            <div class=\"content\">\n                                <p>It usually occurs between the ages of 17-25.<\/p>\n                            <\/div>\n                        <\/div>\n                    <\/li>\n                                        <li class=\"accordion block\">\n                        <div class=\"acc-btn\"><h4><span> 7<\/span>What is a wisdom tooth?<\/h4><\/div>\n                        <div class=\"acc-content\">\n                            <div class=\"content\">\n                                <p>The last teeth to appear in the mouth are the third molars.<\/p>\n                            <\/div>\n                        <\/div>\n                    <\/li>\n                                    <\/ul>\n            <\/div>\n        <\/div>\n    <\/section>\n    <!-- faq-section end -->\n      \n\t\t\t<\/div>\n\t\t\t\t<\/div>\n\t\t\t\t<\/div>\n\t\t\t\t<\/div>\n\t\t\t\t<\/div>","protected":false},"excerpt":{"rendered":"<p>20 ya\u015f di\u015fi 17 ya\u015f\u0131m\u0131zdan itibaren \u00e7\u0131kmaktad\u0131r. 20\u2019li ya\u015flara geldi\u011fimizde de geli\u015fimini tamamlar. \u00c7o\u011funlukla yumu\u015fak dokumuz i\u00e7inde g\u00f6m\u00fcl\u00fc kalan bu di\u015fler \u015fi\u015flik, ve a\u011f\u0131z kokusu gibi sorunlar yaratt\u0131\u011f\u0131 zaman maalesef hastalar bu durumu antibiyotiklerle ge\u00e7i\u015ftirmeye \u00e7al\u0131\u015f\u0131yorlar ve hekime ba\u015fvuruyu geciktiriyorlar. 20 Ya\u015f Di\u015finde geciken tedavi t\u00fcm\u00f6re neden olabilir Ak\u0131l di\u015fi olarakda adland\u0131r\u0131lan 20 ya\u015f di\u015findeki [&hellip;]<\/p>","protected":false},"author":1,"featured_media":0,"parent":0,"menu_order":0,"comment_status":"closed","ping_status":"closed","template":"","meta":{"footnotes":""},"class_list":["post-3375","page","type-page","status-publish","hentry"],"_links":{"self":[{"href":"https:\/\/omerkutay.com\/en\/wp-json\/wp\/v2\/pages\/3375","targetHints":{"allow":["GET"]}}],"collection":[{"href":"https:\/\/omerkutay.com\/en\/wp-json\/wp\/v2\/pages"}],"about":[{"href":"https:\/\/omerkutay.com\/en\/wp-json\/wp\/v2\/types\/page"}],"author":[{"embeddable":true,"href":"https:\/\/omerkutay.com\/en\/wp-json\/wp\/v2\/users\/1"}],"replies":[{"embeddable":true,"href":"https:\/\/omerkutay.com\/en\/wp-json\/wp\/v2\/comments?post=3375"}],"version-history":[{"count":0,"href":"https:\/\/omerkutay.com\/en\/wp-json\/wp\/v2\/pages\/3375\/revisions"}],"wp:attachment":[{"href":"https:\/\/omerkutay.com\/en\/wp-json\/wp\/v2\/media?parent=3375"}],"curies":[{"name":"wp","href":"https:\/\/api.w.org\/{rel}","templated":true}]}}