{"id":57,"date":"2024-05-23T08:10:45","date_gmt":"2024-05-23T08:10:45","guid":{"rendered":"https:\/\/wp1.themevibrant.com\/newwp\/labout\/?page_id=57"},"modified":"2025-09-24T17:02:34","modified_gmt":"2025-09-24T14:02:34","slug":"blog","status":"publish","type":"page","link":"https:\/\/omerkutay.com\/en\/blog\/","title":{"rendered":"Blog"},"content":{"rendered":"<div data-elementor-type=\"wp-page\" data-elementor-id=\"57\" class=\"elementor elementor-57\">\n\t\t\t\t<div class=\"elementor-element elementor-element-12966c0 e-flex e-con-boxed e-con e-parent\" data-id=\"12966c0\" data-element_type=\"container\">\n\t\t\t\t\t<div class=\"e-con-inner\">\n\t\t<div class=\"elementor-element elementor-element-5c2d632 e-flex e-con-boxed e-con e-child\" data-id=\"5c2d632\" data-element_type=\"container\">\n\t\t\t\t\t<div class=\"e-con-inner\">\n\t\t<div class=\"elementor-element elementor-element-d5c9071 e-con-full e-flex e-con e-child\" data-id=\"d5c9071\" data-element_type=\"container\">\n\t\t\t\t<div class=\"elementor-element elementor-element-3cdc696 elementor-widget elementor-widget-labout_blog_grid\" data-id=\"3cdc696\" data-element_type=\"widget\" data-widget_type=\"labout_blog_grid.default\">\n\t\t\t\t<div class=\"elementor-widget-container\">\n\t\t\t    \n        \n    <!-- sidebar-page-container -->\n    <section class=\"sidebar-page-container p_relative\">\n        <div class=\"blog-grid-content\">\n            <div class=\"row clearfix\">\n                                <div class=\"col-lg-6 col-md-6 col-sm-12 news-block\">\n                    <div class=\"news-block-one\">\n                        <div class=\"inner-box\">\n                                                        <figure class=\"image-box\"><a href=\"https:\/\/omerkutay.com\/en\/what-is-root-canal-treatment\/\"><img fetchpriority=\"high\" decoding=\"async\" width=\"390\" height=\"241\" src=\"https:\/\/omerkutay.com\/wp-content\/uploads\/2026\/05\/kanal-tedavisi-nedir-3-390x241.jpg\" class=\"attachment-labout_390x241 size-labout_390x241 wp-post-image\" alt=\"What is root canal treatment?\" \/><\/a><\/figure>\n                                                        <div class=\"lower-content\">\n                                                                <div class=\"post-date\"><h2>08<span>May<\/span><\/h2><\/div>\n                                                                <span class=\"category\"><a href=\"https:\/\/omerkutay.com\/en\/category\/aesthetic-dentistry\/\" rel=\"category tag\">Aesthetic Dentistry<\/a><\/span>                                <span class=\"author\">Author: Prof. Dr. \u00d6mer Kutay<\/span>\n                                <h3><a href=\"https:\/\/omerkutay.com\/en\/what-is-root-canal-treatment\/\">What is root canal treatment?<\/a><\/h3>\n                                <p>Deep cavities and infections in the teeth can cause pain over time...<\/p>\n                            <\/div>\n                        <\/div>\n                    <\/div>\n                <\/div>\n                                <div class=\"col-lg-6 col-md-6 col-sm-12 news-block\">\n                    <div class=\"news-block-one\">\n                        <div class=\"inner-box\">\n                                                        <figure class=\"image-box\"><a href=\"https:\/\/omerkutay.com\/en\/what-is-implant-treatment\/\"><img decoding=\"async\" width=\"390\" height=\"241\" src=\"https:\/\/omerkutay.com\/wp-content\/uploads\/2026\/05\/implant-tedavisi-nedir-3-390x241.jpg\" class=\"attachment-labout_390x241 size-labout_390x241 wp-post-image\" alt=\"What is Implant Treatment?\" \/><\/a><\/figure>\n                                                        <div class=\"lower-content\">\n                                                                <div class=\"post-date\"><h2>08<span>May<\/span><\/h2><\/div>\n                                                                <span class=\"category\"><a href=\"https:\/\/omerkutay.com\/en\/category\/aesthetic-dentistry\/\" rel=\"category tag\">Aesthetic Dentistry<\/a><\/span>                                <span class=\"author\">Author: Prof. Dr. \u00d6mer Kutay<\/span>\n                                <h3><a href=\"https:\/\/omerkutay.com\/en\/what-is-implant-treatment\/\">What is Implant Treatment?<\/a><\/h3>\n                                <p>Missing teeth affect both aesthetic appearance and chewing...<\/p>\n                            <\/div>\n                        <\/div>\n                    <\/div>\n                <\/div>\n                                <div class=\"col-lg-6 col-md-6 col-sm-12 news-block\">\n                    <div class=\"news-block-one\">\n                        <div class=\"inner-box\">\n                                                        <figure class=\"image-box\"><a href=\"https:\/\/omerkutay.com\/en\/what-is-porcelain-veneer\/\"><img decoding=\"async\" width=\"390\" height=\"241\" src=\"https:\/\/omerkutay.com\/wp-content\/uploads\/2025\/10\/porselen-kaplama-nedir-3-390x241.jpg\" class=\"attachment-labout_390x241 size-labout_390x241 wp-post-image\" alt=\"\" \/><\/a><\/figure>\n                                                        <div class=\"lower-content\">\n                                                                <div class=\"post-date\"><h2>03<span>Oct<\/span><\/h2><\/div>\n                                                                <span class=\"category\"><a href=\"https:\/\/omerkutay.com\/en\/category\/aesthetic-dentistry\/\" rel=\"category tag\">Aesthetic Dentistry<\/a><\/span>                                <span class=\"author\">Author: Prof. Dr. \u00d6mer Kutay<\/span>\n                                <h3><a href=\"https:\/\/omerkutay.com\/en\/what-is-porcelain-veneer\/\">What is porcelain veneer?<\/a><\/h3>\n                                <p>Porcelain is one of the frequently preferred applications in dental aesthetics.<\/p>\n                            <\/div>\n                        <\/div>\n                    <\/div>\n                <\/div>\n                                <div class=\"col-lg-6 col-md-6 col-sm-12 news-block\">\n                    <div class=\"news-block-one\">\n                        <div class=\"inner-box\">\n                                                        <figure class=\"image-box\"><a href=\"https:\/\/omerkutay.com\/en\/prof-dr-omer-kutays-first-health-program-on-ulke-tv\/\"><img loading=\"lazy\" decoding=\"async\" width=\"390\" height=\"241\" src=\"https:\/\/omerkutay.com\/wp-content\/uploads\/2025\/09\/once-saglik-prof-dr-omer-kutay-1-1-390x241.jpg\" class=\"attachment-labout_390x241 size-labout_390x241 wp-post-image\" alt=\"\" srcset=\"https:\/\/omerkutay.com\/wp-content\/uploads\/2025\/09\/once-saglik-prof-dr-omer-kutay-1-1-390x241.jpg 390w, https:\/\/omerkutay.com\/wp-content\/uploads\/2025\/09\/once-saglik-prof-dr-omer-kutay-1-1-18x10.jpg 18w\" sizes=\"(max-width: 390px) 100vw, 390px\" \/><\/a><\/figure>\n                                                        <div class=\"lower-content\">\n                                                                <div class=\"post-date\"><h2>24<span>Sep<\/span><\/h2><\/div>\n                                                                <span class=\"category\"><a href=\"https:\/\/omerkutay.com\/en\/category\/aesthetic-dentistry\/\" rel=\"category tag\">Aesthetic Dentistry<\/a><\/span>                                <span class=\"author\">Author: Prof. Dr. \u00d6mer Kutay<\/span>\n                                <h3><a href=\"https:\/\/omerkutay.com\/en\/prof-dr-omer-kutays-first-health-program-on-ulke-tv\/\">Prof. Dr. \u00d6mer Kutay on \u00dclke TV: Health First Program<\/a><\/h3>\n                                <p>Prof. Dr. \u00d6mer Kutay Health Program Prof. Dr.\u2026<\/p>\n                            <\/div>\n                        <\/div>\n                    <\/div>\n                <\/div>\n                                <div class=\"col-lg-6 col-md-6 col-sm-12 news-block\">\n                    <div class=\"news-block-one\">\n                        <div class=\"inner-box\">\n                                                        <figure class=\"image-box\"><a href=\"https:\/\/omerkutay.com\/en\/porcelain-veneer-prices\/\"><img loading=\"lazy\" decoding=\"async\" width=\"390\" height=\"241\" src=\"https:\/\/omerkutay.com\/wp-content\/uploads\/2025\/05\/porselen-kaplama-fiyatlari-390x241.jpg\" class=\"attachment-labout_390x241 size-labout_390x241 wp-post-image\" alt=\"Porcelain Veneer Prices\" \/><\/a><\/figure>\n                                                        <div class=\"lower-content\">\n                                                                <div class=\"post-date\"><h2>06<span>May<\/span><\/h2><\/div>\n                                                                <span class=\"category\"><a href=\"https:\/\/omerkutay.com\/en\/category\/aesthetic-dentistry\/\" rel=\"category tag\">Aesthetic Dentistry<\/a><\/span>                                <span class=\"author\">Author: Prof. Dr. \u00d6mer Kutay<\/span>\n                                <h3><a href=\"https:\/\/omerkutay.com\/en\/porcelain-veneer-prices\/\">Porcelain Veneer Prices<\/a><\/h3>\n                                <p>Procedures for improving the appearance of teeth, preferred materials and\u2026<\/p>\n                            <\/div>\n                        <\/div>\n                    <\/div>\n                <\/div>\n                                <div class=\"col-lg-6 col-md-6 col-sm-12 news-block\">\n                    <div class=\"news-block-one\">\n                        <div class=\"inner-box\">\n                                                        <figure class=\"image-box\"><a href=\"https:\/\/omerkutay.com\/en\/same-day-dental-implant\/\"><img loading=\"lazy\" decoding=\"async\" width=\"390\" height=\"241\" src=\"https:\/\/omerkutay.com\/wp-content\/uploads\/2025\/02\/ayni-gun-implant-1-390x241.jpg\" class=\"attachment-labout_390x241 size-labout_390x241 wp-post-image\" alt=\"Same day dental implants\" \/><\/a><\/figure>\n                                                        <div class=\"lower-content\">\n                                                                <div class=\"post-date\"><h2>25<span>Feb<\/span><\/h2><\/div>\n                                                                <span class=\"category\"><a href=\"https:\/\/omerkutay.com\/en\/category\/implant\/\" rel=\"category tag\">Implants<\/a><\/span>                                <span class=\"author\">Author: Prof. Dr. \u00d6mer Kutay<\/span>\n                                <h3><a href=\"https:\/\/omerkutay.com\/en\/same-day-dental-implant\/\">Same Day Dental Implant<\/a><\/h3>\n                                <p>Same day dental implant treatment is possible and every patient\u2026<\/p>\n                            <\/div>\n                        <\/div>\n                    <\/div>\n                <\/div>\n                                <div class=\"col-lg-6 col-md-6 col-sm-12 news-block\">\n                    <div class=\"news-block-one\">\n                        <div class=\"inner-box\">\n                                                        <figure class=\"image-box\"><a href=\"https:\/\/omerkutay.com\/en\/what-you-need-to-know-about-gum-disease\/\"><img loading=\"lazy\" decoding=\"async\" width=\"390\" height=\"241\" src=\"https:\/\/omerkutay.com\/wp-content\/uploads\/2025\/02\/dis-eti-hastaliklari-hakkinda-bilinmesi-gerekenler-390x241.jpg\" class=\"attachment-labout_390x241 size-labout_390x241 wp-post-image\" alt=\"What You Need to Know About Gum Diseases\" \/><\/a><\/figure>\n                                                        <div class=\"lower-content\">\n                                                                <div class=\"post-date\"><h2>20<span>Feb<\/span><\/h2><\/div>\n                                                                <span class=\"category\"><a href=\"https:\/\/omerkutay.com\/en\/category\/dental-diseases\/\" rel=\"category tag\">Dental Diseases<\/a><\/span>                                <span class=\"author\">Author: Prof. Dr. \u00d6mer Kutay<\/span>\n                                <h3><a href=\"https:\/\/omerkutay.com\/en\/what-you-need-to-know-about-gum-disease\/\">What You Need to Know About Gum Diseases<\/a><\/h3>\n                                <p>Gum disease can affect your oral health as well as your overall\u2026<\/p>\n                            <\/div>\n                        <\/div>\n                    <\/div>\n                <\/div>\n                                <div class=\"col-lg-6 col-md-6 col-sm-12 news-block\">\n                    <div class=\"news-block-one\">\n                        <div class=\"inner-box\">\n                                                        <figure class=\"image-box\"><a href=\"https:\/\/omerkutay.com\/en\/how-permanent-is-teeth-whitening\/\"><img loading=\"lazy\" decoding=\"async\" width=\"390\" height=\"241\" src=\"https:\/\/omerkutay.com\/wp-content\/uploads\/2025\/02\/dis-beyazlatma-kalici-mi-390x241.jpg\" class=\"attachment-labout_390x241 size-labout_390x241 wp-post-image\" alt=\"How Permanent is Teeth Whitening?\" \/><\/a><\/figure>\n                                                        <div class=\"lower-content\">\n                                                                <div class=\"post-date\"><h2>20<span>Feb<\/span><\/h2><\/div>\n                                                                <span class=\"category\"><a href=\"https:\/\/omerkutay.com\/en\/category\/aesthetic-dentistry\/\" rel=\"category tag\">Aesthetic Dentistry<\/a><\/span>                                <span class=\"author\">Author: Prof. Dr. \u00d6mer Kutay<\/span>\n                                <h3><a href=\"https:\/\/omerkutay.com\/en\/how-permanent-is-teeth-whitening\/\">How Permanent is Teeth Whitening?<\/a><\/h3>\n                                <p>Teeth whitening is a procedure used to remove discoloration from teeth\u2026<\/p>\n                            <\/div>\n                        <\/div>\n                    <\/div>\n                <\/div>\n                                <div class=\"col-lg-6 col-md-6 col-sm-12 news-block\">\n                    <div class=\"news-block-one\">\n                        <div class=\"inner-box\">\n                                                        <figure class=\"image-box\"><a href=\"https:\/\/omerkutay.com\/en\/what-are-the-types-of-prostheses-attached-to-implants\/\"><img loading=\"lazy\" decoding=\"async\" width=\"390\" height=\"241\" src=\"https:\/\/omerkutay.com\/wp-content\/uploads\/2025\/02\/implantlarin-uzerine-takilan-pro-390x241.jpg\" class=\"attachment-labout_390x241 size-labout_390x241 wp-post-image\" alt=\"What are the types of prostheses attached to implants?\" \/><\/a><\/figure>\n                                                        <div class=\"lower-content\">\n                                                                <div class=\"post-date\"><h2>20<span>Feb<\/span><\/h2><\/div>\n                                                                <span class=\"category\"><a href=\"https:\/\/omerkutay.com\/en\/category\/implant-videos\/\" rel=\"category tag\">Implant Videos<\/a><\/span>                                <span class=\"author\">Author: Prof. Dr. \u00d6mer Kutay<\/span>\n                                <h3><a href=\"https:\/\/omerkutay.com\/en\/what-are-the-types-of-prostheses-attached-to-implants\/\">What are the types of prosthetics that can be attached to implants?<\/a><\/h3>\n                                <p>What types of prosthetics are fitted on implants? On implants\u2026<\/p>\n                            <\/div>\n                        <\/div>\n                    <\/div>\n                <\/div>\n                                <div class=\"col-lg-6 col-md-6 col-sm-12 news-block\">\n                    <div class=\"news-block-one\">\n                        <div class=\"inner-box\">\n                                                        <figure class=\"image-box\"><a href=\"https:\/\/omerkutay.com\/en\/what-is-a-zirconia-metal-free-crown\/\"><img loading=\"lazy\" decoding=\"async\" width=\"390\" height=\"241\" src=\"https:\/\/omerkutay.com\/wp-content\/uploads\/2025\/02\/zirkon-metal-desteksiz-kuron-ned-390x241.jpg\" class=\"attachment-labout_390x241 size-labout_390x241 wp-post-image\" alt=\"What is a Zircon Metal-Free Crown?\" \/><\/a><\/figure>\n                                                        <div class=\"lower-content\">\n                                                                <div class=\"post-date\"><h2>20<span>Feb<\/span><\/h2><\/div>\n                                                                <span class=\"category\"><a href=\"https:\/\/omerkutay.com\/en\/category\/implant-videos\/\" rel=\"category tag\">Implant Videos<\/a><\/span>                                <span class=\"author\">Author: Prof. Dr. \u00d6mer Kutay<\/span>\n                                <h3><a href=\"https:\/\/omerkutay.com\/en\/what-is-a-zirconia-metal-free-crown\/\">What is a Zircon Metal-Free Crown?<\/a><\/h3>\n                                <p>What is a Zircon Metal-Free Crown? What are its Features? Zircon metal\u2026<\/p>\n                            <\/div>\n                        <\/div>\n                    <\/div>\n                <\/div>\n                            <\/div>\n                        <div class=\"pagination-wrapper pt_30\">\n                <div class=\"pagination clearfix\">\n                    <ul class=\"pagination\">\n\t<li><span aria-current=\"page\" class=\"page-numbers current\">1<\/span><\/li>\n\t<li><a class=\"page-numbers\" href=\"https:\/\/omerkutay.com\/wp-json\/wp\/v2\/pages\/57\/page\/2\/\">2<\/a><\/li>\n\t<li><a class=\"page-numbers\" href=\"https:\/\/omerkutay.com\/wp-json\/wp\/v2\/pages\/57\/page\/3\/\">3<\/a><\/li>\n\t<li><span class=\"page-numbers dots\">...<\/span><\/li>\n\t<li><a class=\"page-numbers\" href=\"https:\/\/omerkutay.com\/wp-json\/wp\/v2\/pages\/57\/page\/27\/\">27<\/a><\/li>\n\t<li><a class=\"next page-numbers\" href=\"https:\/\/omerkutay.com\/wp-json\/wp\/v2\/pages\/57\/page\/2\/\"><i class=\"icon-36\"><\/i><\/a><\/li>\n<\/ul>\n                <\/div>\n            <\/div>\n                    <\/div>\n    <\/section>\n    <!-- sidebar-page-container end -->\n    \n       \t\t\t<\/div>\n\t\t\t\t<\/div>\n\t\t\t\t<\/div>\n\t\t<div class=\"elementor-element elementor-element-e29bca1 e-con-full e-flex e-con e-child\" data-id=\"e29bca1\" data-element_type=\"container\">\n\t\t\t\t<div class=\"elementor-element elementor-element-30c8b5d elementor-widget elementor-widget-labout_sidebar\" data-id=\"30c8b5d\" data-element_type=\"widget\" data-widget_type=\"labout_sidebar.default\">\n\t\t\t\t<div class=\"elementor-widget-container\">\n\t\t\t    \r\n    <!-- sidebar-page-container -->\r\n    <div class=\"sidebar-side\">\r\n        <div class=\"blog-sidebar\">\r\n        \t<div id=\"nav_menu-5\" class=\"widget sidebar-widget mb_50 widget_nav_menu\"><div class=\"widget-title mb_17\"><h3> Treatments<\/h3><\/div><\/div><div id=\"text-3\" class=\"widget sidebar-widget mb_50 widget_text\"><div class=\"widget-title mb_17\"><h3> Get Detailed Information<\/h3><\/div>\t\t\t<div class=\"textwidget\"><p class=\"wpcf7-contact-form-not-found\"><strong>Error:<\/strong> Contact form not found.<\/p>\n<\/div>\n\t\t<\/div>    \t<\/div>\r\n    <\/div>\r\n\t           \r\n    \t\t<\/div>\n\t\t\t\t<\/div>\n\t\t\t\t<\/div>\n\t\t\t\t\t<\/div>\n\t\t\t\t<\/div>\n\t\t\t\t\t<\/div>\n\t\t\t\t<\/div>\n\t\t\t\t<\/div>","protected":false},"excerpt":{"rendered":"<p>September 24th Aesthetic Dentistry Prof. Dr. \u00d6mer Kutay on \u00dclke TV: First Health Program Prof. Dr. \u00d6mer Kutay Health Program Prof. Dr.\u2026 August 19th Implant Where is the Best Implant Made? The best place for implant treatment depends on the patient&#039;s needs,\u2026 May 6th Aesthetic Dentistry Porcelain Veneer Prices Procedures to improve the appearance of teeth, preferred material and\u2026 February 25th Same Day Implant [\u2026]<\/p>","protected":false},"author":1,"featured_media":0,"parent":0,"menu_order":0,"comment_status":"closed","ping_status":"closed","template":"tpl-default-elementor.php","meta":{"footnotes":""},"class_list":["post-57","page","type-page","status-publish","hentry"],"_links":{"self":[{"href":"https:\/\/omerkutay.com\/en\/wp-json\/wp\/v2\/pages\/57","targetHints":{"allow":["GET"]}}],"collection":[{"href":"https:\/\/omerkutay.com\/en\/wp-json\/wp\/v2\/pages"}],"about":[{"href":"https:\/\/omerkutay.com\/en\/wp-json\/wp\/v2\/types\/page"}],"author":[{"embeddable":true,"href":"https:\/\/omerkutay.com\/en\/wp-json\/wp\/v2\/users\/1"}],"replies":[{"embeddable":true,"href":"https:\/\/omerkutay.com\/en\/wp-json\/wp\/v2\/comments?post=57"}],"version-history":[{"count":0,"href":"https:\/\/omerkutay.com\/en\/wp-json\/wp\/v2\/pages\/57\/revisions"}],"wp:attachment":[{"href":"https:\/\/omerkutay.com\/en\/wp-json\/wp\/v2\/media?parent=57"}],"curies":[{"name":"wp","href":"https:\/\/api.w.org\/{rel}","templated":true}]}}