{"id":2292,"date":"2025-02-18T14:25:36","date_gmt":"2025-02-18T11:25:36","guid":{"rendered":"https:\/\/omerkutay.com\/?page_id=2292"},"modified":"2025-08-14T16:41:10","modified_gmt":"2025-08-14T13:41:10","slug":"traitement-au-laser","status":"publish","type":"page","link":"https:\/\/omerkutay.com\/fr\/traitement-au-laser\/","title":{"rendered":"Traitement au laser"},"content":{"rendered":"<div data-elementor-type=\"wp-page\" data-elementor-id=\"2292\" class=\"elementor elementor-2292\">\n\t\t\t\t<div class=\"elementor-element elementor-element-d6797aa e-con-full tedavikapsa e-flex e-con e-parent\" data-id=\"d6797aa\" data-element_type=\"container\">\n\t\t<div class=\"elementor-element elementor-element-2bb6504 e-con-full tedavisidebarkapsa e-flex e-con e-child\" data-id=\"2bb6504\" data-element_type=\"container\">\n\t\t\t\t<div class=\"elementor-element elementor-element-b92ff26 elementor-widget elementor-widget-sidebar\" data-id=\"b92ff26\" data-element_type=\"widget\" data-widget_type=\"sidebar.default\">\n\t\t\t\t<div class=\"elementor-widget-container\">\n\t\t\t<div id=\"nav_menu-3\" class=\"service-sidebar-widget sidebar-widget mb_30 widget_nav_menu\"><div class=\"widget-title mb_17\"><h3>Traitements<\/h3><\/div><\/div><div id=\"text-2\" class=\"service-sidebar-widget sidebar-widget mb_30 widget_text\"><div class=\"widget-title mb_17\"><h3>Obtenez des informations d\u00e9taill\u00e9es<\/h3><\/div>\t\t\t<div class=\"textwidget\"><p class=\"wpcf7-contact-form-not-found\"><strong>Erreur :<\/strong> Formulaire de contact non trouv\u00e9 !<\/p>\n<\/div>\n\t\t<\/div>\t\t<\/div>\n\t\t\t\t<\/div>\n\t\t\t\t<\/div>\n\t\t<div class=\"elementor-element elementor-element-98a712c e-con-full e-flex e-con e-child\" data-id=\"98a712c\" data-element_type=\"container\">\n\t\t\t\t<div class=\"elementor-element elementor-element-cf776e6 elementor-widget elementor-widget-text-editor\" data-id=\"cf776e6\" data-element_type=\"widget\" data-widget_type=\"text-editor.default\">\n\t\t\t\t<div class=\"elementor-widget-container\">\n\t\t\t<style>\/*! elementor - v3.21.0 - 26-05-2024 *\/\n.elementor-widget-text-editor.elementor-drop-cap-view-stacked .elementor-drop-cap{background-color:#69727d;color:#fff}.elementor-widget-text-editor.elementor-drop-cap-view-framed .elementor-drop-cap{color:#69727d;border:3px solid;background-color:transparent}.elementor-widget-text-editor:not(.elementor-drop-cap-view-default) .elementor-drop-cap{margin-top:8px}.elementor-widget-text-editor:not(.elementor-drop-cap-view-default) .elementor-drop-cap-letter{width:1em;height:1em}.elementor-widget-text-editor .elementor-drop-cap{float:left;text-align:center;line-height:1;font-size:50px}.elementor-widget-text-editor .elementor-drop-cap-letter{display:inline-block}<\/style>\t\t\t\t<div class=\"content-one mb_65\"><div class=\"text-box mb_35\"><p>Le laser a trouv\u00e9 un large domaine d\u2019utilisation dans le traitement des probl\u00e8mes buccaux en soutenant les m\u00e9thodes conventionnelles avec ses effets de r\u00e9duction des saignements, d\u2019acc\u00e9l\u00e9ration de la cicatrisation des plaies et d\u2019\u00e9limination de la douleur.<\/p><p>Lorsque le laser est utilis\u00e9 lors de l\u2019extraction dentaire, le saignement post-extraction est r\u00e9duit, la cicatrisation des plaies est acc\u00e9l\u00e9r\u00e9e et la douleur post-extraction est rapidement r\u00e9duite. Le m\u00eame effet s\u2019applique \u00e9galement aux extractions de dents incluses. L&#039;application du laser sera tr\u00e8s utile en particulier pour les personnes souffrant de maladies cardiaques, de diab\u00e8te, de goitre, d&#039;hypertension art\u00e9rielle, d&#039;\u00e9pilepsie, o\u00f9 des anesth\u00e9siques r\u00e9gionaux qui ne contiennent aucun agent r\u00e9duisant les saignements doivent \u00eatre utilis\u00e9s, car les saignements dureront un peu plus longtemps.<\/p><p><img fetchpriority=\"high\" decoding=\"async\" class=\"alignnone wp-image-2503 size-full\" src=\"https:\/\/omerkutay.com\/wp-content\/uploads\/2025\/02\/dis-lazer-tedavi-2.jpg\" alt=\"\" width=\"1200\" height=\"675\" srcset=\"https:\/\/omerkutay.com\/wp-content\/uploads\/2025\/02\/dis-lazer-tedavi-2.jpg 1200w, https:\/\/omerkutay.com\/wp-content\/uploads\/2025\/02\/dis-lazer-tedavi-2-300x169.jpg 300w, https:\/\/omerkutay.com\/wp-content\/uploads\/2025\/02\/dis-lazer-tedavi-2-1024x576.jpg 1024w, https:\/\/omerkutay.com\/wp-content\/uploads\/2025\/02\/dis-lazer-tedavi-2-768x432.jpg 768w\" sizes=\"(max-width: 1200px) 100vw, 1200px\" \/><\/p><p>En cas de saignement des gencives, de r\u00e9cession gingivale ou de maladie des gencives, si la m\u00e9thode conventionnelle est appuy\u00e9e par le laser, la gu\u00e9rison est plus rapide et les saignements disparaissent plus vite. Le laser est extr\u00eamement utile pour \u00e9liminer la douleur dans les dents devenues sensibles en raison de la r\u00e9cession gingivale. L\u2019application du laser sur la zone apr\u00e8s tout type de chirurgie dans la bouche acc\u00e9l\u00e8re la gu\u00e9rison des tissus et r\u00e9duit la douleur. Il emp\u00eache l&#039;entr\u00e9e de bact\u00e9ries en assurant une cicatrisation rapide de la zone cousue. Pendant que nous y sommes, nous devons corriger une id\u00e9e fausse courante : le faisceau utilis\u00e9 pour le remplissage lumineux n\u2019est pas un faisceau laser.<\/p><\/div><\/div>\t\t\t\t\t\t<\/div>\n\t\t\t\t<\/div>\n\t\t\t\t<div class=\"elementor-element elementor-element-6a5ecf2 elementor-widget elementor-widget-heading\" data-id=\"6a5ecf2\" data-element_type=\"widget\" data-widget_type=\"heading.default\">\n\t\t\t\t<div class=\"elementor-widget-container\">\n\t\t\t<style>\/*! elementor - v3.21.0 - 26-05-2024 *\/\n.elementor-heading-title{padding:0;margin:0;line-height:1}.elementor-widget-heading .elementor-heading-title[class*=elementor-size-]>a{color:inherit;font-size:inherit;line-height:inherit}.elementor-widget-heading .elementor-heading-title.elementor-size-small{font-size:15px}.elementor-widget-heading .elementor-heading-title.elementor-size-medium{font-size:19px}.elementor-widget-heading .elementor-heading-title.elementor-size-large{font-size:29px}.elementor-widget-heading .elementor-heading-title.elementor-size-xl{font-size:39px}.elementor-widget-heading .elementor-heading-title.elementor-size-xxl{font-size:59px}<\/style><div class=\"elementor-heading-title elementor-size-default\">Questions fr\u00e9quemment pos\u00e9es<\/div>\t\t<\/div>\n\t\t\t\t<\/div>\n\t\t\t\t<div class=\"elementor-element elementor-element-aeaad9d elementor-widget elementor-widget-labout_faqs\" data-id=\"aeaad9d\" data-element_type=\"widget\" data-widget_type=\"labout_faqs.default\">\n\t\t\t\t<div class=\"elementor-widget-container\">\n\t\t\t    \n    <!-- faq-section -->\n    <section class=\"faq-section pt_120 pb_120\">\n                <div class=\"auto-container\">\n                        <div class=\"inner-container\">\n                <ul class=\"accordion-box\">\n                                        <li class=\"accordion block\">\n                        <div class=\"acc-btn\"><h4><span> 1<\/span>La th\u00e9rapie au laser est-elle s\u00fbre ?<\/h4><\/div>\n                        <div class=\"acc-content\">\n                            <div class=\"content\">\n                                <p>Oui, c&#039;est tr\u00e8s s\u00fbr lorsqu&#039;il est utilis\u00e9 correctement.<\/p>\n                            <\/div>\n                        <\/div>\n                    <\/li>\n                                        <li class=\"accordion block\">\n                        <div class=\"acc-btn\"><h4><span> 2<\/span>Combien de temps dure la proc\u00e9dure au laser ?<\/h4><\/div>\n                        <div class=\"acc-content\">\n                            <div class=\"content\">\n                                <p>Le processus est g\u00e9n\u00e9ralement termin\u00e9 en 5 \u00e0 15 minutes.<\/p>\n                            <\/div>\n                        <\/div>\n                    <\/li>\n                                        <li class=\"accordion block active-block\">\n                        <div class=\"acc-btn active\"><h4><span> 3<\/span>Dans quels cas le traitement au laser est-il appliqu\u00e9 ?<\/h4><\/div>\n                        <div class=\"acc-content current\">\n                            <div class=\"content\">\n                                <p>Il peut \u00eatre utilis\u00e9 pour le remodelage des gencives, l&#039;am\u00e9lioration de la zone d&#039;extraction des dents, l&#039;acc\u00e9l\u00e9ration des appareils orthodontiques et le traitement des aphtes\/plaies.<\/p>\n                            <\/div>\n                        <\/div>\n                    <\/li>\n                                        <li class=\"accordion block\">\n                        <div class=\"acc-btn\"><h4><span> 4<\/span>Qu&#039;est-ce que le traitement au laser en orthodontie ?<\/h4><\/div>\n                        <div class=\"acc-content\">\n                            <div class=\"content\">\n                                <p>C&#039;est un produit utilis\u00e9 pour modeler les gencives, traiter la croissance des gencives et acc\u00e9l\u00e9rer le mouvement des dents\u2026<\/p>\n                            <\/div>\n                        <\/div>\n                    <\/li>\n                                    <\/ul>\n            <\/div>\n        <\/div>\n    <\/section>\n    <!-- faq-section end -->\n      \n\t\t\t<\/div>\n\t\t\t\t<\/div>\n\t\t\t\t<\/div>\n\t\t\t\t<\/div>\n\t\t\t\t<\/div>","protected":false},"excerpt":{"rendered":"<p>Lazer, a\u011f\u0131z sorunlar\u0131n\u0131n tedavisinde, kanamay\u0131 azalt\u0131c\u0131, yara iyile\u015fmesini h\u0131zland\u0131r\u0131c\u0131 ve a\u011fr\u0131lar\u0131 yok edici etkisiyle konvansiyonel y\u00f6ntemleri destekleyerek geni\u015f bir kullan\u0131m alan\u0131 bulmu\u015ftur. Di\u015f \u00e7ekimlerinde lazer kullan\u0131ld\u0131\u011f\u0131nda, \u00e7ekim sonras\u0131 kanama azalmakta, yara iyile\u015fmesi h\u0131zlanmakta, \u00e7ekim sonras\u0131 ya\u015fanan a\u011fr\u0131lar h\u0131zla azalmaktad\u0131r. Ayn\u0131 etki g\u00f6m\u00fcl\u00fc di\u015f \u00e7ekimlerinde de s\u00f6z konusudur. \u00d6zellikle kanamay\u0131 azalt\u0131c\u0131 madde i\u00e7ermeyen b\u00f6lgesel uyu\u015fturucular\u0131n kullan\u0131lmas\u0131n\u0131n [&hellip;]<\/p>","protected":false},"author":1,"featured_media":0,"parent":0,"menu_order":0,"comment_status":"closed","ping_status":"closed","template":"","meta":{"footnotes":""},"class_list":["post-2292","page","type-page","status-publish","hentry"],"_links":{"self":[{"href":"https:\/\/omerkutay.com\/fr\/wp-json\/wp\/v2\/pages\/2292","targetHints":{"allow":["GET"]}}],"collection":[{"href":"https:\/\/omerkutay.com\/fr\/wp-json\/wp\/v2\/pages"}],"about":[{"href":"https:\/\/omerkutay.com\/fr\/wp-json\/wp\/v2\/types\/page"}],"author":[{"embeddable":true,"href":"https:\/\/omerkutay.com\/fr\/wp-json\/wp\/v2\/users\/1"}],"replies":[{"embeddable":true,"href":"https:\/\/omerkutay.com\/fr\/wp-json\/wp\/v2\/comments?post=2292"}],"version-history":[{"count":0,"href":"https:\/\/omerkutay.com\/fr\/wp-json\/wp\/v2\/pages\/2292\/revisions"}],"wp:attachment":[{"href":"https:\/\/omerkutay.com\/fr\/wp-json\/wp\/v2\/media?parent=2292"}],"curies":[{"name":"wp","href":"https:\/\/api.w.org\/{rel}","templated":true}]}}