{"id":2582,"date":"2025-02-18T16:25:14","date_gmt":"2025-02-18T13:25:14","guid":{"rendered":"https:\/\/omerkutay.com\/?page_id=2582"},"modified":"2025-08-14T16:12:54","modified_gmt":"2025-08-14T13:12:54","slug":"dis-esthetique","status":"publish","type":"page","link":"https:\/\/omerkutay.com\/fr\/dis-esthetique\/","title":{"rendered":"Dents esth\u00e9tiques"},"content":{"rendered":"<div data-elementor-type=\"wp-page\" data-elementor-id=\"2582\" class=\"elementor elementor-2582\">\n\t\t\t\t<div class=\"elementor-element elementor-element-d6797aa e-con-full tedavikapsa e-flex e-con e-parent\" data-id=\"d6797aa\" data-element_type=\"container\">\n\t\t<div class=\"elementor-element elementor-element-2bb6504 e-con-full tedavisidebarkapsa e-flex e-con e-child\" data-id=\"2bb6504\" data-element_type=\"container\">\n\t\t\t\t<div class=\"elementor-element elementor-element-b92ff26 elementor-widget elementor-widget-sidebar\" data-id=\"b92ff26\" data-element_type=\"widget\" data-widget_type=\"sidebar.default\">\n\t\t\t\t<div class=\"elementor-widget-container\">\n\t\t\t<div id=\"nav_menu-3\" class=\"service-sidebar-widget sidebar-widget mb_30 widget_nav_menu\"><div class=\"widget-title mb_17\"><h3>Traitements<\/h3><\/div><\/div><div id=\"text-2\" class=\"service-sidebar-widget sidebar-widget mb_30 widget_text\"><div class=\"widget-title mb_17\"><h3>Obtenez des informations d\u00e9taill\u00e9es<\/h3><\/div>\t\t\t<div class=\"textwidget\"><p class=\"wpcf7-contact-form-not-found\"><strong>Erreur :<\/strong> Formulaire de contact non trouv\u00e9 !<\/p>\n<\/div>\n\t\t<\/div>\t\t<\/div>\n\t\t\t\t<\/div>\n\t\t\t\t<\/div>\n\t\t<div class=\"elementor-element elementor-element-98a712c e-con-full e-flex e-con e-child\" data-id=\"98a712c\" data-element_type=\"container\">\n\t\t\t\t<div class=\"elementor-element elementor-element-cf776e6 elementor-widget elementor-widget-text-editor\" data-id=\"cf776e6\" data-element_type=\"widget\" data-widget_type=\"text-editor.default\">\n\t\t\t\t<div class=\"elementor-widget-container\">\n\t\t\t<style>\/*! elementor - v3.21.0 - 26-05-2024 *\/\n.elementor-widget-text-editor.elementor-drop-cap-view-stacked .elementor-drop-cap{background-color:#69727d;color:#fff}.elementor-widget-text-editor.elementor-drop-cap-view-framed .elementor-drop-cap{color:#69727d;border:3px solid;background-color:transparent}.elementor-widget-text-editor:not(.elementor-drop-cap-view-default) .elementor-drop-cap{margin-top:8px}.elementor-widget-text-editor:not(.elementor-drop-cap-view-default) .elementor-drop-cap-letter{width:1em;height:1em}.elementor-widget-text-editor .elementor-drop-cap{float:left;text-align:center;line-height:1;font-size:50px}.elementor-widget-text-editor .elementor-drop-cap-letter{display:inline-block}<\/style>\t\t\t\t<div class=\"content-one mb_65\"><div class=\"text-box mb_35\"><p>L\u2019une des parties les plus visibles et les plus remarquables de notre vie sociale est sans aucun doute nos dents. C\u2019est pourquoi l\u2019int\u00e9r\u00eat et la pr\u00e9occupation pour les dents esth\u00e9tiques augmentent de jour en jour.<\/p><div class=\"col-lg-12 col-md-12 col-12\"><p>Avec le d\u00e9veloppement de la technologie, la dentisterie a fait de grands progr\u00e8s dans le domaine des dents esth\u00e9tiques. Les m\u00e9decins peuvent faire une grande diff\u00e9rence, m\u00eame avec de petites attentions. Ainsi, le nombre de personnes souhaitant avoir des dents esth\u00e9tiques a commenc\u00e9 \u00e0 augmenter rapidement.<\/p><p><img fetchpriority=\"high\" decoding=\"async\" class=\"alignnone wp-image-2589 size-full\" src=\"https:\/\/omerkutay.com\/wp-content\/uploads\/2025\/02\/estetik-dis-tedavisi-1.jpg\" alt=\"\" width=\"1530\" height=\"600\" srcset=\"https:\/\/omerkutay.com\/wp-content\/uploads\/2025\/02\/estetik-dis-tedavisi-1.jpg 1530w, https:\/\/omerkutay.com\/wp-content\/uploads\/2025\/02\/estetik-dis-tedavisi-1-300x118.jpg 300w, https:\/\/omerkutay.com\/wp-content\/uploads\/2025\/02\/estetik-dis-tedavisi-1-1024x402.jpg 1024w, https:\/\/omerkutay.com\/wp-content\/uploads\/2025\/02\/estetik-dis-tedavisi-1-768x301.jpg 768w\" sizes=\"(max-width: 1530px) 100vw, 1530px\" \/><\/p><h2>Vos dents ne sont pas votre destin !<\/h2><p>Vivre avec des dents disgracieuses qui rendent malheureux n\u2019est plus un destin, et les dents cass\u00e9es, manquantes, clairsem\u00e9es et jaunies qui restreignent la libert\u00e9 appartiennent d\u00e9sormais au pass\u00e9. Gr\u00e2ce aux dents esth\u00e9tiques, les gens peuvent facilement obtenir le look qu\u2019ils ont toujours souhait\u00e9. La dentisterie esth\u00e9tique, qui comprend de nombreuses applications telles que la conception du sourire, le remodelage des gencives, le blanchiment des dents et les implants dentaires, redonne aux gens la libert\u00e9 de sourire et de parler confortablement.<\/p><p>L\u2019une des raisons les plus importantes pour lesquelles les dents esth\u00e9tiques attirent autant d\u2019attention est qu\u2019elles offrent une apparence naturelle, loin de l\u2019artificialit\u00e9.<\/p><p>Les dents probl\u00e9matiques et inesth\u00e9tiques sont l\u2019un des facteurs les plus importants qui poussent les gens \u00e0 se limiter dans leur vie sociale. Essayer constamment de cacher ses dents et ressentir le besoin de se couvrir la bouche avec la main en riant affecte directement les relations sociales et a des effets n\u00e9gatifs sur la psychologie.<\/p><p>Toute personne qui n\u2019est pas \u00e0 l\u2019aise avec l\u2019apparence de ses dents peut facilement avoir des dents parfaites gr\u00e2ce au plan de traitement \u00e9tabli par le dentiste apr\u00e8s l\u2019examen. La question la plus importante ici est l\u2019harmonie entre la personne et le dentiste. Les \u00e9l\u00e9ments constitutifs de la dentisterie esth\u00e9tique sont une personne qui exprime clairement le type d\u2019image qu\u2019elle souhaite avoir et un m\u00e9decin qui comprend et guide correctement son patient. Gr\u00e2ce \u00e0 un plan de traitement personnalis\u00e9 pr\u00e9par\u00e9 avec diff\u00e9rentes applications et mat\u00e9riaux, une personne peut laisser derri\u00e8re elle les probl\u00e8mes qui la d\u00e9rangent et obtenir le look dont elle r\u00eave.<\/p><h3>Dents esth\u00e9tiques Le chemin vers la jeunesse passe par des dents esth\u00e9tiques !<\/h3><p>\u00c0 mesure que les gens vieillissent, leurs dents commencent \u00e0 s\u2019user, \u00e0 se desserrer autour de la m\u00e2choire et des rides commencent \u00e0 appara\u00eetre. Les dents peuvent devenir moins visibles qu\u2019avant et une r\u00e9cession gingivale peut survenir. C\u2019est l\u2019une des principales raisons pour lesquelles une personne para\u00eet plus \u00e2g\u00e9e qu\u2019elle ne l\u2019est.<\/p><p>La dentisterie esth\u00e9tique rev\u00eat une grande importance \u00e0 ce stade. Gr\u00e2ce aux dents que le dentiste concevra sp\u00e9cifiquement pour la personne et qui conviennent \u00e0 la bouche et \u00e0 la structure du visage, la personne peut instantan\u00e9ment acqu\u00e9rir une apparence beaucoup plus jeune.<\/p><h3>La pierre angulaire de la confiance en soi : les dents esth\u00e9tiques<\/h3><p>L\u2019une des choses les plus importantes qui conduisent les gens au succ\u00e8s dans la vie est la confiance en soi. Les personnes qui en sont conscientes veulent d\u2019abord se d\u00e9barrasser des choses dans leur vie qui les rendent malheureux et diminuent leur confiance en elles. \u00c9tant donn\u00e9 que le chemin vers le succ\u00e8s et le bonheur passe par la confiance en soi, commencer \u00e0 travailler avec un sourire sinc\u00e8re et impeccable sera l\u2019une des bonnes \u00e9tapes \u00e0 suivre.<\/p><p>C&#039;est l\u00e0 que les dents esth\u00e9tiques entrent en jeu et aident les gens \u00e0 se sentir beaucoup mieux en leur donnant la possibilit\u00e9 d&#039;obtenir le look qu&#039;ils souhaitent. Gr\u00e2ce aux m\u00e9thodes que le dentiste peut facilement appliquer, il \u00e9limine les probl\u00e8mes dentaires et redonne \u00e0 la personne son sourire perdu.<\/p><h3>Ne laissez pas votre beaut\u00e9 vous manquer !<\/h3><p>Le plus grand compl\u00e9ment de beaut\u00e9, ce sont nos dents. La dentisterie esth\u00e9tique offre un grand confort \u00e0 la personne ici et l\u2019aide \u00e0 atteindre la perfection.<\/p><p>Notre beaut\u00e9 est directement li\u00e9e \u00e0 la beaut\u00e9 de notre sourire. Nos dents, constamment en vue, attirent beaucoup plus l\u2019attention qu\u2019on pourrait le penser.<\/p><p>Si vous n\u2019avez pas de dents sym\u00e9triques qui sont en harmonie avec votre visage, vos l\u00e8vres et votre m\u00e2choire, alors vous n\u2019avez pas le nombre d\u2019or de la beaut\u00e9. La dentisterie esth\u00e9tique peut facilement aider les gens \u00e0 atteindre ce nombre d\u2019or gr\u00e2ce aux technologies qu\u2019elle a d\u00e9velopp\u00e9es. Dans ce nombre d&#039;or, qui est la cl\u00e9 d&#039;une belle apparence, il faut assurer l&#039;alignement, la forme et la couleur des dents ainsi que leur harmonie avec le visage et la m\u00e2choire.<\/p><p>Il ne faut pas oublier que le plus grand compl\u00e9ment de beaut\u00e9 est un beau sourire et des dents saines. Selon la sant\u00e9 bucco-dentaire de la personne, l\u2019intervention peut parfois \u00eatre r\u00e9alis\u00e9e en une seule s\u00e9ance \u00e0 la suite de traitements dentaires esth\u00e9tiques.<\/p><h3><img decoding=\"async\" class=\"alignleft wp-image-2603 size-medium\" src=\"https:\/\/omerkutay.com\/wp-content\/uploads\/2025\/02\/estetik-dis2-300x200.png\" alt=\"\" width=\"300\" height=\"200\" srcset=\"https:\/\/omerkutay.com\/wp-content\/uploads\/2025\/02\/estetik-dis2-300x200.png 300w, https:\/\/omerkutay.com\/wp-content\/uploads\/2025\/02\/estetik-dis2.png 600w\" sizes=\"(max-width: 300px) 100vw, 300px\" \/><\/h3><h3>L&#039;esth\u00e9tique signifie le naturel !<\/h3><p>L\u2019objectif principal de la dentisterie esth\u00e9tique est de garantir que la personne a des dents saines et d\u2019apparence naturelle. La planification du traitement est r\u00e9alis\u00e9e en s\u00e9lectionnant la forme de dent la plus appropri\u00e9e \u00e0 la structure du visage et de la m\u00e2choire de la personne, en gardant \u00e0 l&#039;esprit la sant\u00e9 bucco-dentaire, les souhaits et les attentes de la personne.<\/p><p>Le plus important ici est de donner \u00e0 la personne une apparence naturelle, loin de l\u2019artificialit\u00e9. Il ne suffit pas que la facette soit uniquement compatible et sym\u00e9trique avec les dents. Elle doit ressembler \u00e0 une dent naturelle en termes de propri\u00e9t\u00e9s de surface et de r\u00e9flexion de la lumi\u00e8re. \u00c0 ce stade, l\u2019esth\u00e9tique se transforme litt\u00e9ralement en art.<\/p><p>Les dents doivent attirer l\u2019attention par leur perfection, et non par leurs d\u00e9fauts. Un design cr\u00e9\u00e9 par de bonnes mains rend instantan\u00e9ment la personne plus jeune, plus rafra\u00eechie et plus attrayante, tout en l&#039;aidant \u00e0 se d\u00e9barrasser de ses pr\u00e9occupations esth\u00e9tiques.<\/p><p>Avec des dents d\u2019apparence naturelle et saines, la personne aura un sourire parfait.<\/p><h3>Dites adieu \u00e0 votre sourire qui a perdu son \u00e9clat !<\/h3><p>De nombreux facteurs tels que le th\u00e9, le caf\u00e9 et les boissons acides que nous consommons fr\u00e9quemment au cours de la journ\u00e9e peuvent provoquer le jaunissement et l\u2019usure des dents au fil du temps, ou des dents cari\u00e9es et manquantes peuvent d\u00e9former la forme de la bouche et de la m\u00e2choire d\u2019une personne. De telles raisons nuisent \u00e0 la confiance en soi de la personne et l\u2019am\u00e8nent in\u00e9vitablement \u00e0 adopter un comportement timide dans les environnements sociaux.<\/p><p>Il\/elle h\u00e9site \u00e0 parler ou veut se couvrir la bouche avec sa main lorsqu&#039;il\/elle rit. Se d\u00e9barrasser de cette situation, qui affecte la psychologie, la r\u00e9ussite et les relations sociales d&#039;une personne, est tr\u00e8s facile, gr\u00e2ce \u00e0 des pratiques qui ne sont pas tr\u00e8s difficiles et pour la plupart indolores, contrairement \u00e0 la croyance populaire.<\/p><p>La dentisterie esth\u00e9tique, qui a fait de grands progr\u00e8s dans la technologie d&#039;aujourd&#039;hui, apporte des solutions \u00e0 toutes sortes de probl\u00e8mes qui d\u00e9rangent les gens en leur permettant d&#039;avoir facilement les dents saines et belles dont ils r\u00eavent. De cette fa\u00e7on, il renouvelle la confiance en soi de la personne ainsi que ses dents, l&#039;aide \u00e0 faire la paix avec elle-m\u00eame et joue un r\u00f4le majeur dans la r\u00e9gulation de ses relations sociales. La dentisterie esth\u00e9tique, qui comprend de nombreuses applications diff\u00e9rentes, redonne \u00e0 la personne son \u00e9clat perdu.<\/p><h3>N&#039;ayez pas peur de rire !<\/h3><p>Les dents qui vous g\u00eanent lorsque vous vous regardez dans le miroir peuvent \u00eatre corrig\u00e9es beaucoup plus facilement que vous ne le pensez. Les personnes qui ne sont pas satisfaites de leurs dents h\u00e9sitent \u00e0 sourire en public. Cependant, le plus bel accessoire d\u2019une personne est un beau sourire. Une personne ne devrait pas se priver de cela et devrait absolument dire adieu \u00e0 l\u2019image qui la d\u00e9range en consultant un dentiste.<\/p><p>Gr\u00e2ce aux applications en d\u00e9veloppement, sourire librement, sans honte ni h\u00e9sitation n&#039;est plus un r\u00eave et am\u00e8ne la personne vers une toute nouvelle apparence. Le d\u00e9sir d\u2019\u00eatre heureux est le droit le plus naturel d\u2019une personne. En profitant de la technologie, une personne peut facilement atteindre le nombre d\u2019or dans ses dents et continuer sa vie beaucoup plus heureuse.<\/p><p>Il ne faut pas oublier qu\u2019un beau sourire est synonyme de bonheur.<\/p><\/div><\/div><\/div>\t\t\t\t\t\t<\/div>\n\t\t\t\t<\/div>\n\t\t\t\t<div class=\"elementor-element elementor-element-6a5ecf2 elementor-widget elementor-widget-heading\" data-id=\"6a5ecf2\" data-element_type=\"widget\" data-widget_type=\"heading.default\">\n\t\t\t\t<div class=\"elementor-widget-container\">\n\t\t\t<style>\/*! elementor - v3.21.0 - 26-05-2024 *\/\n.elementor-heading-title{padding:0;margin:0;line-height:1}.elementor-widget-heading .elementor-heading-title[class*=elementor-size-]>a{color:inherit;font-size:inherit;line-height:inherit}.elementor-widget-heading .elementor-heading-title.elementor-size-small{font-size:15px}.elementor-widget-heading .elementor-heading-title.elementor-size-medium{font-size:19px}.elementor-widget-heading .elementor-heading-title.elementor-size-large{font-size:29px}.elementor-widget-heading .elementor-heading-title.elementor-size-xl{font-size:39px}.elementor-widget-heading .elementor-heading-title.elementor-size-xxl{font-size:59px}<\/style><div class=\"elementor-heading-title elementor-size-default\">Questions fr\u00e9quemment pos\u00e9es<\/div>\t\t<\/div>\n\t\t\t\t<\/div>\n\t\t\t\t<div class=\"elementor-element elementor-element-aeaad9d elementor-widget elementor-widget-labout_faqs\" data-id=\"aeaad9d\" data-element_type=\"widget\" data-widget_type=\"labout_faqs.default\">\n\t\t\t\t<div class=\"elementor-widget-container\">\n\t\t\t    \n    <!-- faq-section -->\n    <section class=\"faq-section pt_120 pb_120\">\n                <div class=\"auto-container\">\n                        <div class=\"inner-container\">\n                <ul class=\"accordion-box\">\n                                        <li class=\"accordion block\">\n                        <div class=\"acc-btn\"><h4><span> 1<\/span>Quels sont les avantages d\u2019avoir des dents esth\u00e9tiques ?<\/h4><\/div>\n                        <div class=\"acc-content\">\n                            <div class=\"content\">\n                                <p>Il offre un sourire plus beau, une confiance en soi accrue et des proc\u00e9dures qui n&#039;endommagent pas les dents naturelles.<\/p>\n                            <\/div>\n                        <\/div>\n                    <\/li>\n                                        <li class=\"accordion block\">\n                        <div class=\"acc-btn\"><h4><span> 2<\/span>Le traitement dentaire esth\u00e9tique est-il douloureux ?<\/h4><\/div>\n                        <div class=\"acc-content\">\n                            <div class=\"content\">\n                                <p>La plupart des interventions sont r\u00e9alis\u00e9es sous anesth\u00e9sie locale et sont indolores.<\/p>\n                            <\/div>\n                        <\/div>\n                    <\/li>\n                                        <li class=\"accordion block active-block\">\n                        <div class=\"acc-btn active\"><h4><span> 3<\/span>Qui peut b\u00e9n\u00e9ficier d\u2019un traitement dentaire esth\u00e9tique ?<\/h4><\/div>\n                        <div class=\"acc-content current\">\n                            <div class=\"content\">\n                                <p>Il peut \u00eatre appliqu\u00e9 \u00e0 toute personne ayant une bonne sant\u00e9 dentaire et gingivale et ayant des pr\u00e9occupations esth\u00e9tiques.<\/p>\n                            <\/div>\n                        <\/div>\n                    <\/li>\n                                        <li class=\"accordion block\">\n                        <div class=\"acc-btn\"><h4><span> 4<\/span>Que sont les traitements dentaires esth\u00e9tiques ?<\/h4><\/div>\n                        <div class=\"acc-content\">\n                            <div class=\"content\">\n                                <p>Des proc\u00e9dures telles que les facettes en porcelaine, le blanchiment des dents, les facettes en zirconium, les facettes stratifi\u00e9es, le collage et l&#039;esth\u00e9tique des gencives\u2026<\/p>\n                            <\/div>\n                        <\/div>\n                    <\/li>\n                                    <\/ul>\n            <\/div>\n        <\/div>\n    <\/section>\n    <!-- faq-section end -->\n      \n\t\t\t<\/div>\n\t\t\t\t<\/div>\n\t\t\t\t<\/div>\n\t\t\t\t<\/div>\n\t\t\t\t<\/div>","protected":false},"excerpt":{"rendered":"<p>Sosyal ya\u015fant\u0131m\u0131zda en \u00e7ok dikkat \u00e7eken ve direkt olarak g\u00f6z \u00f6n\u00fcnde bulunan yerlerden biri de hi\u00e7 \u015f\u00fcphesiz di\u015flerimizdir. Bundan dolay\u0131d\u0131r ki her ge\u00e7en g\u00fcn estetik di\u015fe olan ilgi ve alaka artmaktad\u0131r. Geli\u015fen teknoloji ile birlikte di\u015f hekimli\u011fi, estetik di\u015f konusunda olduk\u00e7a ilerlemi\u015ftir. Hekimler k\u00fc\u00e7\u00fck dokunu\u015flarla dahi \u00e7ok b\u00fcy\u00fck farklar yaratabiliyorlar. Hal b\u00f6yle olunca da estetik [&hellip;]<\/p>","protected":false},"author":1,"featured_media":0,"parent":0,"menu_order":0,"comment_status":"closed","ping_status":"closed","template":"","meta":{"footnotes":""},"class_list":["post-2582","page","type-page","status-publish","hentry"],"_links":{"self":[{"href":"https:\/\/omerkutay.com\/fr\/wp-json\/wp\/v2\/pages\/2582","targetHints":{"allow":["GET"]}}],"collection":[{"href":"https:\/\/omerkutay.com\/fr\/wp-json\/wp\/v2\/pages"}],"about":[{"href":"https:\/\/omerkutay.com\/fr\/wp-json\/wp\/v2\/types\/page"}],"author":[{"embeddable":true,"href":"https:\/\/omerkutay.com\/fr\/wp-json\/wp\/v2\/users\/1"}],"replies":[{"embeddable":true,"href":"https:\/\/omerkutay.com\/fr\/wp-json\/wp\/v2\/comments?post=2582"}],"version-history":[{"count":0,"href":"https:\/\/omerkutay.com\/fr\/wp-json\/wp\/v2\/pages\/2582\/revisions"}],"wp:attachment":[{"href":"https:\/\/omerkutay.com\/fr\/wp-json\/wp\/v2\/media?parent=2582"}],"curies":[{"name":"wp","href":"https:\/\/api.w.org\/{rel}","templated":true}]}}