{"id":2661,"date":"2025-02-18T16:57:51","date_gmt":"2025-02-18T13:57:51","guid":{"rendered":"https:\/\/omerkutay.com\/?page_id=2661"},"modified":"2025-08-14T16:36:38","modified_gmt":"2025-08-14T13:36:38","slug":"traitement-du-canal-radiculaire","status":"publish","type":"page","link":"https:\/\/omerkutay.com\/fr\/traitement-du-canal-radiculaire\/","title":{"rendered":"Traitement du canal radiculaire"},"content":{"rendered":"<div data-elementor-type=\"wp-page\" data-elementor-id=\"2661\" class=\"elementor elementor-2661\">\n\t\t\t\t<div class=\"elementor-element elementor-element-d6797aa e-con-full tedavikapsa e-flex e-con e-parent\" data-id=\"d6797aa\" data-element_type=\"container\">\n\t\t<div class=\"elementor-element elementor-element-2bb6504 e-con-full tedavisidebarkapsa e-flex e-con e-child\" data-id=\"2bb6504\" data-element_type=\"container\">\n\t\t\t\t<div class=\"elementor-element elementor-element-b92ff26 elementor-widget elementor-widget-sidebar\" data-id=\"b92ff26\" data-element_type=\"widget\" data-widget_type=\"sidebar.default\">\n\t\t\t\t<div class=\"elementor-widget-container\">\n\t\t\t<div id=\"nav_menu-3\" class=\"service-sidebar-widget sidebar-widget mb_30 widget_nav_menu\"><div class=\"widget-title mb_17\"><h3>Traitements<\/h3><\/div><\/div><div id=\"text-2\" class=\"service-sidebar-widget sidebar-widget mb_30 widget_text\"><div class=\"widget-title mb_17\"><h3>Obtenez des informations d\u00e9taill\u00e9es<\/h3><\/div>\t\t\t<div class=\"textwidget\"><p class=\"wpcf7-contact-form-not-found\"><strong>Erreur :<\/strong> Formulaire de contact non trouv\u00e9 !<\/p>\n<\/div>\n\t\t<\/div>\t\t<\/div>\n\t\t\t\t<\/div>\n\t\t\t\t<\/div>\n\t\t<div class=\"elementor-element elementor-element-98a712c e-con-full e-flex e-con e-child\" data-id=\"98a712c\" data-element_type=\"container\">\n\t\t\t\t<div class=\"elementor-element elementor-element-cf776e6 elementor-widget elementor-widget-text-editor\" data-id=\"cf776e6\" data-element_type=\"widget\" data-widget_type=\"text-editor.default\">\n\t\t\t\t<div class=\"elementor-widget-container\">\n\t\t\t<style>\/*! elementor - v3.21.0 - 26-05-2024 *\/\n.elementor-widget-text-editor.elementor-drop-cap-view-stacked .elementor-drop-cap{background-color:#69727d;color:#fff}.elementor-widget-text-editor.elementor-drop-cap-view-framed .elementor-drop-cap{color:#69727d;border:3px solid;background-color:transparent}.elementor-widget-text-editor:not(.elementor-drop-cap-view-default) .elementor-drop-cap{margin-top:8px}.elementor-widget-text-editor:not(.elementor-drop-cap-view-default) .elementor-drop-cap-letter{width:1em;height:1em}.elementor-widget-text-editor .elementor-drop-cap{float:left;text-align:center;line-height:1;font-size:50px}.elementor-widget-text-editor .elementor-drop-cap-letter{display:inline-block}<\/style>\t\t\t\t<div class=\"content-one mb_65\"><div class=\"text-box mb_35\"><p>Lorsqu\u2019une de nos dents se carie, l\u2019une des m\u00e9thodes de protection les plus connues est le traitement de canal. Le traitement de canal radiculaire aide \u00e0 prot\u00e9ger les dents endommag\u00e9es. Lorsque la pulpe (la zone molle \u00e0 l\u2019int\u00e9rieur de la dent qui contient les nerfs, le sang et les vaisseaux lymphatiques) est endommag\u00e9e au point de ne plus pouvoir se r\u00e9parer, la pulpe meurt. Cela est d\u00fb \u00e0 des bact\u00e9ries pr\u00e9sentes dans des dents cass\u00e9es ou profond\u00e9ment cari\u00e9es.<\/p><p><img fetchpriority=\"high\" decoding=\"async\" class=\"alignnone wp-image-2667 size-full\" src=\"https:\/\/omerkutay.com\/wp-content\/uploads\/2025\/02\/kanal-tedavisi1.jpg\" alt=\"\" width=\"1106\" height=\"620\" srcset=\"https:\/\/omerkutay.com\/wp-content\/uploads\/2025\/02\/kanal-tedavisi1.jpg 1106w, https:\/\/omerkutay.com\/wp-content\/uploads\/2025\/02\/kanal-tedavisi1-300x168.jpg 300w, https:\/\/omerkutay.com\/wp-content\/uploads\/2025\/02\/kanal-tedavisi1-1024x574.jpg 1024w, https:\/\/omerkutay.com\/wp-content\/uploads\/2025\/02\/kanal-tedavisi1-768x431.jpg 768w\" sizes=\"(max-width: 1106px) 100vw, 1106px\" \/><\/p><p>Si la pulpe endommag\u00e9e ou malade n\u2019est pas retir\u00e9e, la dent et les tissus environnants sont expos\u00e9s \u00e0 l\u2019infection. En cons\u00e9quence, la dent est compl\u00e8tement perdue. L\u2019os de la m\u00e2choire entourant la dent devient \u00e9galement enflamm\u00e9 et \u00e9rod\u00e9. Un abc\u00e8s se forme dans cet espace, provoquant douleur et gonflement.<\/p><h2>Traitement du canal radiculaire<\/h2><p>Lors du traitement du canal radiculaire, une anesth\u00e9sie est appliqu\u00e9e sur la dent pour garantir un traitement indolore. Une fois la carie nettoy\u00e9e et le noyau de la dent atteint, le tissu malade est retir\u00e9. Les r\u00e9sidus nerveux et tissulaires sont \u00e9limin\u00e9s. Le canal dentaire est fa\u00e7onn\u00e9 jusqu&#039;\u00e0 la pointe de la racine. La gu\u00e9rison est acc\u00e9l\u00e9r\u00e9e par l\u2019application de certains m\u00e9dicaments. Entre ces s\u00e9ances, la dent est recouverte d\u2019obturations temporaires. Une fois l&#039;inflammation termin\u00e9e et le saignement de l&#039;extr\u00e9mit\u00e9 de la racine arr\u00eat\u00e9, le canal est rempli d&#039;un mat\u00e9riau de remplissage sp\u00e9cial jusqu&#039;\u00e0 l&#039;extr\u00e9mit\u00e9 de la racine. Dans certains cas, ces s\u00e9ances ne sont pas n\u00e9cessaires et il est possible de r\u00e9aliser le traitement de canal en une seule s\u00e9ance.<\/p><p>Si la dent ne r\u00e9appara\u00eet pas, elle peut \u00eatre utilis\u00e9e toute la vie si des pr\u00e9cautions sont prises pour \u00e9viter la carie. Les d\u00e9buts d\u2019une infection peuvent \u00eatre d\u00e9tect\u00e9s lors de vos contr\u00f4les dentaires r\u00e9guliers. De plus, la r\u00e9cidive des caries peut \u00eatre \u00e9vit\u00e9e gr\u00e2ce \u00e0 une tr\u00e8s bonne hygi\u00e8ne bucco-dentaire.<\/p><\/div><\/div>\t\t\t\t\t\t<\/div>\n\t\t\t\t<\/div>\n\t\t\t\t<div class=\"elementor-element elementor-element-6a5ecf2 elementor-widget elementor-widget-heading\" data-id=\"6a5ecf2\" data-element_type=\"widget\" data-widget_type=\"heading.default\">\n\t\t\t\t<div class=\"elementor-widget-container\">\n\t\t\t<style>\/*! elementor - v3.21.0 - 26-05-2024 *\/\n.elementor-heading-title{padding:0;margin:0;line-height:1}.elementor-widget-heading .elementor-heading-title[class*=elementor-size-]>a{color:inherit;font-size:inherit;line-height:inherit}.elementor-widget-heading .elementor-heading-title.elementor-size-small{font-size:15px}.elementor-widget-heading .elementor-heading-title.elementor-size-medium{font-size:19px}.elementor-widget-heading .elementor-heading-title.elementor-size-large{font-size:29px}.elementor-widget-heading .elementor-heading-title.elementor-size-xl{font-size:39px}.elementor-widget-heading .elementor-heading-title.elementor-size-xxl{font-size:59px}<\/style><div class=\"elementor-heading-title elementor-size-default\">Questions fr\u00e9quemment pos\u00e9es<\/div>\t\t<\/div>\n\t\t\t\t<\/div>\n\t\t\t\t<div class=\"elementor-element elementor-element-aeaad9d elementor-widget elementor-widget-labout_faqs\" data-id=\"aeaad9d\" data-element_type=\"widget\" data-widget_type=\"labout_faqs.default\">\n\t\t\t\t<div class=\"elementor-widget-container\">\n\t\t\t    \n    <!-- faq-section -->\n    <section class=\"faq-section pt_120 pb_120\">\n                <div class=\"auto-container\">\n                        <div class=\"inner-container\">\n                <ul class=\"accordion-box\">\n                                        <li class=\"accordion block\">\n                        <div class=\"acc-btn\"><h4><span> 1<\/span>Y aura-t-il une sensibilit\u00e9 dentaire apr\u00e8s un traitement de canal radiculaire ?<\/h4><\/div>\n                        <div class=\"acc-content\">\n                            <div class=\"content\">\n                                <p>Oui, il peut y avoir une sensibilit\u00e9 temporaire.<\/p>\n                            <\/div>\n                        <\/div>\n                    <\/li>\n                                        <li class=\"accordion block\">\n                        <div class=\"acc-btn\"><h4><span> 2<\/span>Y aura-t-il de la douleur apr\u00e8s un traitement de canal radiculaire ?<\/h4><\/div>\n                        <div class=\"acc-content\">\n                            <div class=\"content\">\n                                <p>Il peut y avoir une l\u00e9g\u00e8re douleur, mais elle dispara\u00eet g\u00e9n\u00e9ralement en quelques jours.<\/p>\n                            <\/div>\n                        <\/div>\n                    <\/li>\n                                        <li class=\"accordion block active-block\">\n                        <div class=\"acc-btn active\"><h4><span> 3<\/span>Combien de temps dure une dent ayant subi un traitement de canal radiculaire ?<\/h4><\/div>\n                        <div class=\"acc-content current\">\n                            <div class=\"content\">\n                                <p>Avec un entretien appropri\u00e9, il peut \u00eatre utilis\u00e9 toute une vie.<\/p>\n                            <\/div>\n                        <\/div>\n                    <\/li>\n                                        <li class=\"accordion block\">\n                        <div class=\"acc-btn\"><h4><span> 4<\/span>Le traitement de canal radiculaire est-il douloureux ?<\/h4><\/div>\n                        <div class=\"acc-content\">\n                            <div class=\"content\">\n                                <p>Comme elle est r\u00e9alis\u00e9e sous anesth\u00e9sie locale, aucune douleur n&#039;est ressentie pendant l&#039;intervention.<\/p>\n                            <\/div>\n                        <\/div>\n                    <\/li>\n                                        <li class=\"accordion block\">\n                        <div class=\"acc-btn\"><h4><span> 5<\/span>Pourquoi un traitement de canal radiculaire est-il effectu\u00e9 ?<\/h4><\/div>\n                        <div class=\"acc-content\">\n                            <div class=\"content\">\n                                <p>Elle est r\u00e9alis\u00e9e pour sauver une dent infect\u00e9e \u00e0 la suite d\u2019une carie, d\u2019une fracture ou d\u2019un traumatisme.<\/p>\n                            <\/div>\n                        <\/div>\n                    <\/li>\n                                        <li class=\"accordion block\">\n                        <div class=\"acc-btn\"><h4><span> 6<\/span>Qu\u2019est-ce qu\u2019un traitement de canal radiculaire ?<\/h4><\/div>\n                        <div class=\"acc-content\">\n                            <div class=\"content\">\n                                <p>Il s\u2019agit du processus de nettoyage et de remplissage du nerf infect\u00e9 ou endommag\u00e9 (pulpe) \u00e0 l\u2019int\u00e9rieur de la dent.<\/p>\n                            <\/div>\n                        <\/div>\n                    <\/li>\n                                    <\/ul>\n            <\/div>\n        <\/div>\n    <\/section>\n    <!-- faq-section end -->\n      \n\t\t\t<\/div>\n\t\t\t\t<\/div>\n\t\t\t\t<\/div>\n\t\t\t\t<\/div>\n\t\t\t\t<\/div>","protected":false},"excerpt":{"rendered":"<p>Lorsqu&#039;une dent se carie, le traitement de canal est l&#039;une des mesures pr\u00e9ventives les plus courantes. Ce traitement contribue \u00e0 prot\u00e9ger les dents ab\u00eem\u00e9es. Lorsque la pulpe (la zone molle \u00e0 l&#039;int\u00e9rieur de la dent contenant les nerfs, le sang et les vaisseaux lymphatiques) est endommag\u00e9e au-del\u00e0 de toute r\u00e9paration, elle meurt. Les bact\u00e9ries provoquent ces l\u00e9sions dans les dents fractur\u00e9es ou profond\u00e9ment cari\u00e9es. Si la pulpe endommag\u00e9e ou malade n&#039;est pas retir\u00e9e, la dent et les tissus environnants [\u2026]<\/p>","protected":false},"author":1,"featured_media":0,"parent":0,"menu_order":0,"comment_status":"closed","ping_status":"closed","template":"","meta":{"footnotes":""},"class_list":["post-2661","page","type-page","status-publish","hentry"],"_links":{"self":[{"href":"https:\/\/omerkutay.com\/fr\/wp-json\/wp\/v2\/pages\/2661","targetHints":{"allow":["GET"]}}],"collection":[{"href":"https:\/\/omerkutay.com\/fr\/wp-json\/wp\/v2\/pages"}],"about":[{"href":"https:\/\/omerkutay.com\/fr\/wp-json\/wp\/v2\/types\/page"}],"author":[{"embeddable":true,"href":"https:\/\/omerkutay.com\/fr\/wp-json\/wp\/v2\/users\/1"}],"replies":[{"embeddable":true,"href":"https:\/\/omerkutay.com\/fr\/wp-json\/wp\/v2\/comments?post=2661"}],"version-history":[{"count":0,"href":"https:\/\/omerkutay.com\/fr\/wp-json\/wp\/v2\/pages\/2661\/revisions"}],"wp:attachment":[{"href":"https:\/\/omerkutay.com\/fr\/wp-json\/wp\/v2\/media?parent=2661"}],"curies":[{"name":"wp","href":"https:\/\/api.w.org\/{rel}","templated":true}]}}