{"id":3288,"date":"2025-02-20T09:59:39","date_gmt":"2025-02-20T06:59:39","guid":{"rendered":"https:\/\/omerkutay.com\/?page_id=3288"},"modified":"2025-08-14T16:25:44","modified_gmt":"2025-08-14T13:25:44","slug":"prix-des-implants","status":"publish","type":"page","link":"https:\/\/omerkutay.com\/fr\/prix-des-implants\/","title":{"rendered":"Prix des implants"},"content":{"rendered":"<div data-elementor-type=\"wp-page\" data-elementor-id=\"3288\" class=\"elementor elementor-3288\">\n\t\t\t\t<div class=\"elementor-element elementor-element-d6797aa e-con-full tedavikapsa e-flex e-con e-parent\" data-id=\"d6797aa\" data-element_type=\"container\">\n\t\t<div class=\"elementor-element elementor-element-2bb6504 e-con-full tedavisidebarkapsa e-flex e-con e-child\" data-id=\"2bb6504\" data-element_type=\"container\">\n\t\t\t\t<div class=\"elementor-element elementor-element-b92ff26 elementor-widget elementor-widget-sidebar\" data-id=\"b92ff26\" data-element_type=\"widget\" data-widget_type=\"sidebar.default\">\n\t\t\t\t<div class=\"elementor-widget-container\">\n\t\t\t<div id=\"nav_menu-3\" class=\"service-sidebar-widget sidebar-widget mb_30 widget_nav_menu\"><div class=\"widget-title mb_17\"><h3>Traitements<\/h3><\/div><\/div><div id=\"text-2\" class=\"service-sidebar-widget sidebar-widget mb_30 widget_text\"><div class=\"widget-title mb_17\"><h3>Obtenez des informations d\u00e9taill\u00e9es<\/h3><\/div>\t\t\t<div class=\"textwidget\"><p class=\"wpcf7-contact-form-not-found\"><strong>Erreur :<\/strong> Formulaire de contact non trouv\u00e9 !<\/p>\n<\/div>\n\t\t<\/div>\t\t<\/div>\n\t\t\t\t<\/div>\n\t\t\t\t<\/div>\n\t\t<div class=\"elementor-element elementor-element-98a712c e-con-full e-flex e-con e-child\" data-id=\"98a712c\" data-element_type=\"container\">\n\t\t\t\t<div class=\"elementor-element elementor-element-cf776e6 elementor-widget elementor-widget-text-editor\" data-id=\"cf776e6\" data-element_type=\"widget\" data-widget_type=\"text-editor.default\">\n\t\t\t\t<div class=\"elementor-widget-container\">\n\t\t\t<style>\/*! elementor - v3.21.0 - 26-05-2024 *\/\n.elementor-widget-text-editor.elementor-drop-cap-view-stacked .elementor-drop-cap{background-color:#69727d;color:#fff}.elementor-widget-text-editor.elementor-drop-cap-view-framed .elementor-drop-cap{color:#69727d;border:3px solid;background-color:transparent}.elementor-widget-text-editor:not(.elementor-drop-cap-view-default) .elementor-drop-cap{margin-top:8px}.elementor-widget-text-editor:not(.elementor-drop-cap-view-default) .elementor-drop-cap-letter{width:1em;height:1em}.elementor-widget-text-editor .elementor-drop-cap{float:left;text-align:center;line-height:1;font-size:50px}.elementor-widget-text-editor .elementor-drop-cap-letter{display:inline-block}<\/style>\t\t\t\t<div class=\"content-one mb_65\"><div class=\"text-box mb_35\"><p><img fetchpriority=\"high\" decoding=\"async\" class=\"size-full wp-image-3922 alignright\" src=\"https:\/\/omerkutay.com\/wp-content\/uploads\/2025\/02\/implant-fiyatlari1.jpg\" alt=\"\" width=\"300\" height=\"244\" \/>Bien que les prix des implants soient les mots les plus recherch\u00e9s par les patients atteints d\u2019\u00e9dentement et de maladie des gencives, ils ne devraient pas figurer en t\u00eate de liste en termes d\u2019importance.<\/p><p>L&#039;essentiel dans ce traitement est le processus du traitement, la qualit\u00e9 des produits \u00e0 utiliser dans le traitement et l&#039;exp\u00e9rience du dentiste qui effectuera le traitement. Ceux qui souhaitent recourir \u00e0 un traitement implantaire doivent d\u2019abord disposer d\u2019informations suffisantes et pr\u00e9cises sur le traitement.<\/p><p>Une personne qui comprend correctement le traitement et ses \u00e9tapes peut \u00e9valuer l\u2019analyse des prix du traitement avec plus de pr\u00e9cision. Cependant, une personne qui se concentre sur les prix sans comprendre le processus de traitement ne sera pas en mesure de faire une \u00e9valuation correcte du prix, car le prix du traitement est d\u00e9termin\u00e9 par le processus de traitement et peut varier d\u2019une personne \u00e0 l\u2019autre.<\/p><h2>Facteurs d\u00e9terminant le prix des implants<\/h2><ol><li><b>L&#039;exp\u00e9rience du dentiste<\/b><br \/>L\u2019exp\u00e9rience et les connaissances du dentiste qui effectuera le traitement implantaire d\u00e9terminent la qualit\u00e9 de votre traitement. Un bon traitement signifie se d\u00e9barrasser de votre plainte tr\u00e8s rapidement et ne pas vous plaindre de la m\u00eame situation \u00e0 l\u2019avenir. En \u00e9change d\u2019une telle approche, les honoraires factur\u00e9s par votre dentiste peuvent \u00eatre plus \u00e9lev\u00e9s. Cela devrait \u00eatre consid\u00e9r\u00e9 comme un bon investissement.<\/li><li><b>Ad\u00e9quation de l&#039;os de la m\u00e2choire<\/b><br \/>Les personnes qui ne re\u00e7oivent pas de traitement implantaire pendant une longue p\u00e9riode apr\u00e8s avoir perdu une dent subissent malheureusement une perte osseuse dans cette zone. Lorsqu\u2019il y a perte osseuse, une augmentation osseuse est r\u00e9alis\u00e9e avant la pose de l\u2019implant n\u00e9cessaire. Il s\u2019agit d\u2019un processus simple mais co\u00fbteux. Cela signifie \u00e9galement un temps d\u2019attente suppl\u00e9mentaire pour le patient. Les traitements implantaires r\u00e9alis\u00e9s imm\u00e9diatement apr\u00e8s la perte d&#039;une dent offrent donc des avantages en termes de temps et de co\u00fbt pour le patient.<\/li><li><b>La marque de l&#039;implant \u00e0 utiliser<\/b><br \/>Il existe plus de 550 marques d\u2019implants dans le monde. Ceux qui ont re\u00e7u l\u2019approbation des institutions autoris\u00e9es fusionnent avec succ\u00e8s avec l\u2019os et le traitement est r\u00e9ussi. Il n\u2019y a pas de diff\u00e9rences majeures entre les marques en termes de technologie ou de mat\u00e9riaux. Ce qui est important, c\u2019est le soutien et la continuit\u00e9 apport\u00e9s par la marque. Par exemple, il est tr\u00e8s important que les pi\u00e8ces d\u2019implant utilis\u00e9es dans le traitement des patients soient livr\u00e9es au m\u00e9decin rapidement lorsque cela est n\u00e9cessaire.<\/li><\/ol><h3>Informations d\u00e9taill\u00e9es sur les prix des implants<\/h3><p><img decoding=\"async\" class=\"wp-image-3921 alignleft\" src=\"https:\/\/omerkutay.com\/wp-content\/uploads\/2025\/02\/implant-fiyatlari2-300x169.jpg\" alt=\"\" width=\"365\" height=\"205\" srcset=\"https:\/\/omerkutay.com\/wp-content\/uploads\/2025\/02\/implant-fiyatlari2-300x169.jpg 300w, https:\/\/omerkutay.com\/wp-content\/uploads\/2025\/02\/implant-fiyatlari2-1024x576.jpg 1024w, https:\/\/omerkutay.com\/wp-content\/uploads\/2025\/02\/implant-fiyatlari2-768x432.jpg 768w, https:\/\/omerkutay.com\/wp-content\/uploads\/2025\/02\/implant-fiyatlari2.jpg 1280w\" sizes=\"(max-width: 365px) 100vw, 365px\" \/><\/p><p>Le dentiste souligne que la raison pour laquelle le traitement est cher aujourd&#039;hui n&#039;est pas l&#039;implant lui-m\u00eame, mais plut\u00f4t la n\u00e9gligence et le retard du patient.<\/p><p>Car si le traitement implantaire est retard\u00e9, le co\u00fbt du traitement double. Par cons\u00e9quent, la premi\u00e8re chose que les patients doivent faire est de ne pas n\u00e9gliger le traitement implantaire.<\/p><p>C&#039;est \u00e9galement une information importante \u00e0 retenir\u00a0; Il est essentiel de faire un contr\u00f4le dentaire tous les six mois. Gr\u00e2ce \u00e0 ces contr\u00f4les, la plupart des maladies peuvent \u00eatre r\u00e9solues gr\u00e2ce \u00e0 un diagnostic et un traitement pr\u00e9coces \u00e0 des co\u00fbts bien moindres.<\/p><p><a href=\"https:\/\/www.youtube.com\/watch?v=a6o5yZvtH6E\" target=\"_blank\" rel=\"noopener\">Cha\u00eene YouTube du Prof. Dr. Omer Kutay<\/a><\/p><h3>Le traitement par implant dentaire est-il co\u00fbteux ?<\/h3><p>L\u2019aspect le plus co\u00fbteux du traitement par implants dentaires aujourd\u2019hui n\u2019est certainement pas le prix. La chose la plus co\u00fbteuse est le retard et la n\u00e9gligence. Si le traitement est retard\u00e9, le co\u00fbt total du traitement par implant dentaire augmente.<\/p><p>Il n\u2019est peut-\u00eatre pas exact de dire si ce traitement est co\u00fbteux ou non. Car, comme nous l\u2019avons mentionn\u00e9 plus haut, ce type de traitement peut varier d\u2019un patient \u00e0 l\u2019autre. Notre conseil est de consulter un dentiste et de se faire examiner avant de faire une recherche de prix, puis de commencer une recherche de prix apr\u00e8s cet examen.<\/p><p>Prenez rendez-vous pour un examen gratuit\u00a0<a href=\"https:\/\/omerkutay.com\/fr\/communication\/\">tu peux l&#039;obtenir.<\/a><\/p><h4>Prix des implants 2022<\/h4><p>Les prix des traitements par implants dentaires doivent \u00eatre calcul\u00e9s de la m\u00eame mani\u00e8re que l&#039;ann\u00e9e pr\u00e9c\u00e9dente en 2022. Les prix des implants, qui sont affect\u00e9s par les taux de change, continuent d&#039;augmenter l\u00e9g\u00e8rement par rapport \u00e0 l&#039;ann\u00e9e pr\u00e9c\u00e9dente.<\/p><p>Le prix est la premi\u00e8re chose qui vient \u00e0 l\u2019esprit lorsqu\u2019on parle d\u2019implants. Les prix des implants sont l\u2019un des mots les plus recherch\u00e9s par les patients ayant besoin d\u2019implants. Bien que nous disions qu&#039;il est n\u00e9cessaire de rechercher d&#039;abord l&#039;implant et le dentiste qui r\u00e9alisera l&#039;implant, et non le prix, il est devenu naturel pour les gens de s&#039;interroger sur le co\u00fbt du traitement en raison de la situation \u00e9conomique dans laquelle nous nous trouvons.<\/p><div class=\"col-lg-12 col-md-12 col-12\"><p>Bien qu&#039;il soit plus important que les prix et moins pris en compte, l&#039;un des \u00e9l\u00e9ments les plus importants \u00e0 prendre en compte dans le traitement implantaire est le dentiste qui r\u00e9alisera l&#039;implant. Parce que les connaissances et les comp\u00e9tences du dentiste effectuant l\u2019application d\u00e9terminent la qualit\u00e9 de l\u2019implant. Si possible, un implant dentaire doit \u00eatre fabriqu\u00e9 une seule fois et utilis\u00e9 toute la vie. Il s\u2019agit d\u2019une option appropri\u00e9e, m\u00eame si elle ne convient pas \u00e0 tous les patients.<\/p><\/div><\/div><\/div>\t\t\t\t\t\t<\/div>\n\t\t\t\t<\/div>\n\t\t\t\t<div class=\"elementor-element elementor-element-6a5ecf2 elementor-widget elementor-widget-heading\" data-id=\"6a5ecf2\" data-element_type=\"widget\" data-widget_type=\"heading.default\">\n\t\t\t\t<div class=\"elementor-widget-container\">\n\t\t\t<style>\/*! elementor - v3.21.0 - 26-05-2024 *\/\n.elementor-heading-title{padding:0;margin:0;line-height:1}.elementor-widget-heading .elementor-heading-title[class*=elementor-size-]>a{color:inherit;font-size:inherit;line-height:inherit}.elementor-widget-heading .elementor-heading-title.elementor-size-small{font-size:15px}.elementor-widget-heading .elementor-heading-title.elementor-size-medium{font-size:19px}.elementor-widget-heading .elementor-heading-title.elementor-size-large{font-size:29px}.elementor-widget-heading .elementor-heading-title.elementor-size-xl{font-size:39px}.elementor-widget-heading .elementor-heading-title.elementor-size-xxl{font-size:59px}<\/style><div class=\"elementor-heading-title elementor-size-default\">Questions fr\u00e9quemment pos\u00e9es<\/div>\t\t<\/div>\n\t\t\t\t<\/div>\n\t\t\t\t<div class=\"elementor-element elementor-element-aeaad9d elementor-widget elementor-widget-labout_faqs\" data-id=\"aeaad9d\" data-element_type=\"widget\" data-widget_type=\"labout_faqs.default\">\n\t\t\t\t<div class=\"elementor-widget-container\">\n\t\t\t    \n    <!-- faq-section -->\n    <section class=\"faq-section pt_120 pb_120\">\n                <div class=\"auto-container\">\n                        <div class=\"inner-container\">\n                <ul class=\"accordion-box\">\n                                        <li class=\"accordion block\">\n                        <div class=\"acc-btn\"><h4><span> 1<\/span>Le traitement par implant est-il douloureux ?<\/h4><\/div>\n                        <div class=\"acc-content\">\n                            <div class=\"content\">\n                                <p>Comme elle est r\u00e9alis\u00e9e sous anesth\u00e9sie locale, aucune douleur n&#039;est ressentie pendant l&#039;intervention ; Il peut y avoir un l\u00e9ger inconfort par la suite.<\/p>\n                            <\/div>\n                        <\/div>\n                    <\/li>\n                                        <li class=\"accordion block\">\n                        <div class=\"acc-btn\"><h4><span> 2<\/span>Combien de temps dure un implant ?<\/h4><\/div>\n                        <div class=\"acc-content\">\n                            <div class=\"content\">\n                                <p>Il peut \u00eatre utilis\u00e9 toute la vie avec de bons soins bucco-dentaires et des contr\u00f4les r\u00e9guliers.<\/p>\n                            <\/div>\n                        <\/div>\n                    <\/li>\n                                        <li class=\"accordion block active-block\">\n                        <div class=\"acc-btn active\"><h4><span> 3<\/span>Combien co\u00fbtent les implants ?<\/h4><\/div>\n                        <div class=\"acc-content current\">\n                            <div class=\"content\">\n                                <p>Les prix varient en fonction de la marque, de la qualit\u00e9 et du plan de traitement de l&#039;implant utilis\u00e9 ; Pour une information claire, les dents\u2026<\/p>\n                            <\/div>\n                        <\/div>\n                    <\/li>\n                                        <li class=\"accordion block\">\n                        <div class=\"acc-btn\"><h4><span> 4<\/span>Qu&#039;est-ce qu&#039;un implant ?<\/h4><\/div>\n                        <div class=\"acc-content\">\n                            <div class=\"content\">\n                                <p>Il s\u2019agit de racines dentaires artificielles plac\u00e9es dans l\u2019os de la m\u00e2choire pour assurer la fonction et l\u2019esth\u00e9tique des dents manquantes.<\/p>\n                            <\/div>\n                        <\/div>\n                    <\/li>\n                                    <\/ul>\n            <\/div>\n        <\/div>\n    <\/section>\n    <!-- faq-section end -->\n      \n\t\t\t<\/div>\n\t\t\t\t<\/div>\n\t\t\t\t<\/div>\n\t\t\t\t<\/div>\n\t\t\t\t<\/div>","protected":false},"excerpt":{"rendered":"<p>\u0130mplant fiyatlar\u0131 di\u015fsizlik problemi ve di\u015f eti hastal\u0131\u011f\u0131 olan hastalar\u0131n en \u00e7ok arad\u0131klar\u0131 kelime olmas\u0131na ra\u011fmen \u00f6nem a\u00e7\u0131s\u0131ndan birinci s\u0131rada yer almamal\u0131d\u0131r. Bu tedavide esas olan tedavinin yap\u0131lma s\u00fcreci, tedavide kullan\u0131lacak \u00fcr\u00fcnlerin kalitesi ve tedaviyi yapacak olan di\u015f hekiminin tecr\u00fcbesi olmal\u0131d\u0131r.\u0130mplant tedavisi olmak isteyenlerin \u00f6ncelikli olarak tedavi hakk\u0131nda yeterli ve do\u011fru bilgiye sahip olmalar\u0131 gereklidir. [&hellip;]<\/p>","protected":false},"author":1,"featured_media":0,"parent":0,"menu_order":0,"comment_status":"closed","ping_status":"closed","template":"","meta":{"footnotes":""},"class_list":["post-3288","page","type-page","status-publish","hentry"],"_links":{"self":[{"href":"https:\/\/omerkutay.com\/fr\/wp-json\/wp\/v2\/pages\/3288","targetHints":{"allow":["GET"]}}],"collection":[{"href":"https:\/\/omerkutay.com\/fr\/wp-json\/wp\/v2\/pages"}],"about":[{"href":"https:\/\/omerkutay.com\/fr\/wp-json\/wp\/v2\/types\/page"}],"author":[{"embeddable":true,"href":"https:\/\/omerkutay.com\/fr\/wp-json\/wp\/v2\/users\/1"}],"replies":[{"embeddable":true,"href":"https:\/\/omerkutay.com\/fr\/wp-json\/wp\/v2\/comments?post=3288"}],"version-history":[{"count":0,"href":"https:\/\/omerkutay.com\/fr\/wp-json\/wp\/v2\/pages\/3288\/revisions"}],"wp:attachment":[{"href":"https:\/\/omerkutay.com\/fr\/wp-json\/wp\/v2\/media?parent=3288"}],"curies":[{"name":"wp","href":"https:\/\/api.w.org\/{rel}","templated":true}]}}