{"id":3303,"date":"2025-02-20T10:03:32","date_gmt":"2025-02-20T07:03:32","guid":{"rendered":"https:\/\/omerkutay.com\/?page_id=3303"},"modified":"2025-08-14T16:28:15","modified_gmt":"2025-08-14T13:28:15","slug":"comment-se-deroule-la-pose-dun-implant","status":"publish","type":"page","link":"https:\/\/omerkutay.com\/fr\/comment-se-deroule-la-pose-dun-implant\/","title":{"rendered":"Comment obtenir un implant"},"content":{"rendered":"<div data-elementor-type=\"wp-page\" data-elementor-id=\"3303\" class=\"elementor elementor-3303\">\n\t\t\t\t<div class=\"elementor-element elementor-element-d6797aa e-con-full tedavikapsa e-flex e-con e-parent\" data-id=\"d6797aa\" data-element_type=\"container\">\n\t\t<div class=\"elementor-element elementor-element-2bb6504 e-con-full tedavisidebarkapsa e-flex e-con e-child\" data-id=\"2bb6504\" data-element_type=\"container\">\n\t\t\t\t<div class=\"elementor-element elementor-element-b92ff26 elementor-widget elementor-widget-sidebar\" data-id=\"b92ff26\" data-element_type=\"widget\" data-widget_type=\"sidebar.default\">\n\t\t\t\t<div class=\"elementor-widget-container\">\n\t\t\t<div id=\"nav_menu-3\" class=\"service-sidebar-widget sidebar-widget mb_30 widget_nav_menu\"><div class=\"widget-title mb_17\"><h3>Traitements<\/h3><\/div><\/div><div id=\"text-2\" class=\"service-sidebar-widget sidebar-widget mb_30 widget_text\"><div class=\"widget-title mb_17\"><h3>Obtenez des informations d\u00e9taill\u00e9es<\/h3><\/div>\t\t\t<div class=\"textwidget\"><p class=\"wpcf7-contact-form-not-found\"><strong>Erreur :<\/strong> Formulaire de contact non trouv\u00e9 !<\/p>\n<\/div>\n\t\t<\/div>\t\t<\/div>\n\t\t\t\t<\/div>\n\t\t\t\t<\/div>\n\t\t<div class=\"elementor-element elementor-element-98a712c e-con-full e-flex e-con e-child\" data-id=\"98a712c\" data-element_type=\"container\">\n\t\t\t\t<div class=\"elementor-element elementor-element-cf776e6 elementor-widget elementor-widget-text-editor\" data-id=\"cf776e6\" data-element_type=\"widget\" data-widget_type=\"text-editor.default\">\n\t\t\t\t<div class=\"elementor-widget-container\">\n\t\t\t<style>\/*! elementor - v3.21.0 - 26-05-2024 *\/\n.elementor-widget-text-editor.elementor-drop-cap-view-stacked .elementor-drop-cap{background-color:#69727d;color:#fff}.elementor-widget-text-editor.elementor-drop-cap-view-framed .elementor-drop-cap{color:#69727d;border:3px solid;background-color:transparent}.elementor-widget-text-editor:not(.elementor-drop-cap-view-default) .elementor-drop-cap{margin-top:8px}.elementor-widget-text-editor:not(.elementor-drop-cap-view-default) .elementor-drop-cap-letter{width:1em;height:1em}.elementor-widget-text-editor .elementor-drop-cap{float:left;text-align:center;line-height:1;font-size:50px}.elementor-widget-text-editor .elementor-drop-cap-letter{display:inline-block}<\/style>\t\t\t\t<div class=\"content-one mb_65\"><div class=\"text-box mb_35\"><p><img fetchpriority=\"high\" decoding=\"async\" class=\"size-medium wp-image-3990 alignright\" src=\"https:\/\/omerkutay.com\/wp-content\/uploads\/2025\/02\/implant-nasil-yapilir1-300x244.jpg\" alt=\"\" width=\"300\" height=\"244\" srcset=\"https:\/\/omerkutay.com\/wp-content\/uploads\/2025\/02\/implant-nasil-yapilir1-300x244.jpg 300w, https:\/\/omerkutay.com\/wp-content\/uploads\/2025\/02\/implant-nasil-yapilir1.jpg 768w\" sizes=\"(max-width: 300px) 100vw, 300px\" \/><\/p><p>Comment se d\u00e9roule l&#039;implantation ? Les personnes qui ont des probl\u00e8mes avec leurs dents mais qui ne pr\u00e9f\u00e8rent pas les solutions traditionnelles telles que les proth\u00e8ses dentaires et ne peuvent pas se d\u00e9cider se demandent comment se d\u00e9roule la proc\u00e9dure d&#039;implant. Tout d\u2019abord, le patient doit savoir que le traitement implantaire est un type de traitement dans lequel des m\u00e9thodes qui varient d\u2019une personne \u00e0 l\u2019autre sont utilis\u00e9es.<\/p><p>La structure osseuse et faciale du patient, la densit\u00e9 et la quantit\u00e9 osseuses ainsi que la sant\u00e9 bucco-dentaire d\u00e9terminent le type d&#039;implant et la m\u00e9thode d&#039;application. Un plan de traitement personnalis\u00e9 est suivi pour chaque patient.<\/p><p>Un implant est un mat\u00e9riau en titane plac\u00e9 dans l\u2019os de la m\u00e2choire et ayant la forme d\u2019une vis qui correspond \u00e0 l\u2019anatomie de la racine. Il est con\u00e7u pour agir comme une racine dentaire. Une couronne en forme de dent est plac\u00e9e sur cet implant en forme de vis comme proth\u00e8se. Cette couronne est g\u00e9n\u00e9ralement fabriqu\u00e9e en zircone ou en porcelaine support\u00e9e par du m\u00e9tal.<\/p><h2>Comment se d\u00e9roule la pose d&#039;un implant dentaire ?<\/h2><p>Bien que les implants dentaires semblent g\u00e9n\u00e9ralement \u00eatre une proc\u00e9dure effrayante pour nos patients, les patients ne ressentent aucune douleur entre des mains exp\u00e9riment\u00e9es. Les applications d\u2019implants sont r\u00e9alis\u00e9es selon 4 techniques diff\u00e9rentes, et votre m\u00e9decin choisit la technique qui vous convient le mieux.<\/p><p><b>M\u00e9thode 1 :<\/b>\u00a0La dent est extraite lors de la m\u00eame s\u00e9ance o\u00f9 l\u2019implant sera plac\u00e9, et l\u2019implant est imm\u00e9diatement plac\u00e9 dans la racine de la dent. C\u2019est la m\u00e9thode la plus confortable et la plus pratique pour le patient et le m\u00e9decin. Pas de points de suture, pas d\u2019incisions, aucune intervention chirurgicale requise. C&#039;est presque indolore, le patient peut retourner \u00e0 sa vie sociale sans m\u00eame utiliser d&#039;analg\u00e9siques, et si la dent extraite se trouve dans une zone esth\u00e9tique, une dent temporaire est imm\u00e9diatement plac\u00e9e dessus.<\/p><p><b>M\u00e9thode 2 :<\/b>\u00a0Dans cette m\u00e9thode technique ferm\u00e9e, que nous appelons Flapness, il n&#039;y a pas d&#039;incision, pas de lambeau et naturellement pas de suture. La zone o\u00f9 l&#039;implant sera fabriqu\u00e9 est ouverte avec un outil appel\u00e9 poin\u00e7on, seulement une rainure suffisamment grande pour accueillir l&#039;implant, et l&#039;implant est plac\u00e9 \u00e0 partir de cette zone. De cette fa\u00e7on, nous \u00e9vitons les complications qui peuvent survenir pendant l\u2019intervention chirurgicale, telles que les points de suture, les saignements et la douleur.<\/p><p><b>M\u00e9thode 3 :<\/b>\u00a0L&#039;application de mini-implants est une m\u00e9thode que nous appliquons sp\u00e9cialement pour les dents du fond. Il existe certaines zones anatomiques dans la m\u00e2choire sup\u00e9rieure ou inf\u00e9rieure. La zone des sinus dans la m\u00e2choire sup\u00e9rieure, le canal mandibulaire dans la m\u00e2choire inf\u00e9rieure et la zone o\u00f9 passe le nerf lingual. Lorsque la dent est extraite dans ces zones, l&#039;os commence \u00e0 fondre et la hauteur osseuse diminue et il est n\u00e9cessaire d&#039;ajouter de l&#039;os avec des m\u00e9thodes chirurgicales avanc\u00e9es. Afin de ne pas recourir \u00e0 cette m\u00e9thode chirurgicale avanc\u00e9e, nous pouvons utiliser des mini implants.<\/p><p><b>M\u00e9thode 4 :<\/b>\u00a0M\u00e9thode chirurgicale classique, dans cette m\u00e9thode, une incision appropri\u00e9e est pratiqu\u00e9e dans la bouche du patient dans la zone o\u00f9 l&#039;implant sera plac\u00e9, l&#039;os est clairement vu et l&#039;implant y est plac\u00e9 et sutur\u00e9. Les points de suture sont retir\u00e9s apr\u00e8s 1 semaine. Dans cette m\u00e9thode, si la densit\u00e9 osseuse est faible lors de la pose de l&#039;implant, une op\u00e9ration d&#039;ajout osseux appel\u00e9e greffe osseuse est \u00e9galement appliqu\u00e9e en m\u00eame temps que l&#039;implant.<\/p><h3>Comment fixer une proth\u00e8se sur un implant ?<\/h3><div class=\"col-lg-12 col-md-12 col-12\"><p>\u0130mplant\u0131n \u00fczerine protez nas\u0131l tak\u0131l\u0131r? \u0130mplant di\u015f k\u00f6k\u00fc yerine ge\u00e7ti\u011fi ve kemikle kayna\u015fmas\u0131 gerekti\u011fi i\u00e7in bu s\u00fcrede \u00fczerine hemen kal\u0131c\u0131 takma di\u015fi tak\u0131lmaz. Tercih edilen y\u00f6nteme ve ki\u015finin ya\u015f\u0131na g\u00f6re genellikle 3 ile 6 ay boyunca implant\u0131n kemi\u011fe iyice kayna\u015fmas\u0131 beklenir. Kal\u0131c\u0131 protez (takma di\u015f olarak bilinen k\u0131s\u0131m) ancak bu s\u00fcreden sonra tak\u0131l\u0131r. \u0130mplantlarda ba\u015far\u0131 oran\u0131 ilk be\u015f sene i\u00e7in %90 ile 95 aras\u0131ndad\u0131r. Daha sonra bu oran kademeli olarak azal\u0131r.<\/p><h4>Regardez comment les implants sont fabriqu\u00e9s<\/h4><p><img decoding=\"async\" class=\"wp-image-3989 alignleft\" src=\"https:\/\/omerkutay.com\/wp-content\/uploads\/2025\/02\/implant-nasil-yapilir2-300x169.jpg\" alt=\"\" width=\"441\" height=\"248\" srcset=\"https:\/\/omerkutay.com\/wp-content\/uploads\/2025\/02\/implant-nasil-yapilir2-300x169.jpg 300w, https:\/\/omerkutay.com\/wp-content\/uploads\/2025\/02\/implant-nasil-yapilir2.jpg 540w\" sizes=\"(max-width: 441px) 100vw, 441px\" \/><\/p><p>Le professeur Dr. \u00d6mer Kutay fournit des services de traitement aux patients ayant subi des implants \u00e0 Istanbul depuis 1992. \u00d6mer Kutay, dentiste sp\u00e9cialis\u00e9 dans les implants et les proth\u00e8ses, a notamment d\u00e9clar\u00e9 :<a href=\"https:\/\/omerkutay.com\/fr\/implants-en-une-journee\/\">Implants en une journ\u00e9e<\/a>\u00ab Avec son traitement, il offre \u00e0 ses patients la possibilit\u00e9 de rentrer chez eux avec de nouvelles dents le jour m\u00eame de leur arriv\u00e9e \u00e0 la clinique.<\/p><p>Les patients qui ont n\u00e9glig\u00e9 de recevoir un traitement \u00e0 temps et qui ont des dents branlantes, branlantes et inesth\u00e9tiques b\u00e9n\u00e9ficient le plus de ce traitement. Apr\u00e8s le traitement, ces patients se d\u00e9barrassent non seulement des caries et des bact\u00e9ries dans leur bouche, mais ont \u00e9galement une grande confiance en eux gr\u00e2ce \u00e0 leur nouveau sourire attrayant.<\/p><p>D\u2019autres patients pouvant b\u00e9n\u00e9ficier d\u2019un traitement sont ceux qui ont des difficult\u00e9s \u00e0 utiliser des proth\u00e8ses dentaires, ceux qui souffrent d\u2019ost\u00e9oporose en raison de maladies dentaires, ceux qui ont des dents g\u00e9n\u00e9tiquement manquantes et ceux qui ont perdu des dents apr\u00e8s un accident. Cliquez pour regarder.<\/p><h2>Comment un implant dentaire est-il appliqu\u00e9 ?<\/h2><p>Comment est pos\u00e9 un implant dentaire ? Le sp\u00e9cialiste en implantologie et en proth\u00e8se dentaire, le professeur Dr. \u00d6mer Kutay, r\u00e9pond aux questions fr\u00e9quemment pos\u00e9es. Un dentiste \u00e0 succ\u00e8s explique comment appliquer un implant.<\/p><p>Les implants dentaires peuvent \u00eatre appliqu\u00e9s \u00e0 l\u2019aide d\u2019une proc\u00e9dure chirurgicale tr\u00e8s simple. Que la dent soit extraite imm\u00e9diatement ou pour remplacer une dent pr\u00e9c\u00e9demment extraite, l&#039;implant dentaire est plac\u00e9 dans l&#039;os de la m\u00e2choire avec une proc\u00e9dure simple similaire \u00e0 une extraction dentaire.<\/p><p><b><i>Application de l&#039;implant<\/i><\/b><\/p><p>Disons que nous avons une dent extraite et que nous allons placer un implant \u00e0 sa place. D\u00e8s que la dent est extraite, l\u2019implant peut \u00eatre facilement plac\u00e9 dans l\u2019espace dentaire extrait. Parce que le logement o\u00f9 sera plac\u00e9 l&#039;implant est pr\u00eat. Peu importe qu\u2019il s\u2019agisse d\u2019une dent de devant ou d\u2019une dent de derri\u00e8re. Si l&#039;alv\u00e9ole de la dent extraite est lisse, il est possible d&#039;y placer l&#039;implant et c&#039;est une proc\u00e9dure tr\u00e8s simple.<\/p><p>Disons que l&#039;implant doit \u00eatre plac\u00e9 \u00e0 la place d&#039;une dent pr\u00e9c\u00e9demment extraite, alors une fente pour l&#039;implant doit \u00eatre ouverte dans cette zone. Il existe un ensemble d\u2019implants pr\u00eats \u00e0 l\u2019emploi pour cela. Tout d\u2019abord, l\u2019alv\u00e9ole est pr\u00e9par\u00e9e du plus fin au plus \u00e9pais \u00e0 l\u2019aide de tr\u00e8s petites fraises qui percent l\u2019os. et l&#039;implant est plac\u00e9. \u00c0 ce stade, la gencive peut \u00eatre coup\u00e9e et retir\u00e9e. Cela peut \u00e9galement \u00eatre r\u00e9alis\u00e9 en exposant et en visualisant enti\u00e8rement l\u2019os. Ou, dans ce que nous appelons une op\u00e9ration ferm\u00e9e, un petit trou est ouvert et l&#039;implant est plac\u00e9 \u00e0 travers ce trou, et cela peut \u00eatre fait sans points de suture. Par cons\u00e9quent, nous pouvons dire que l\u2019application de l\u2019implant est un processus simple.<\/p><h4>Y a-t-il de la douleur lors de l\u2019application de l\u2019implant ?<\/h4><p>Y a-t-il de la douleur lors de l\u2019application de l\u2019implant ? L\u2019une des questions les plus fr\u00e9quemment pos\u00e9es au sujet du traitement par implant est de savoir s\u2019il y aura de la douleur pendant l\u2019op\u00e9ration. L\u2019un des sujets les plus recherch\u00e9s sur Internet concernant les implants est de savoir s\u2019il y a une douleur pendant l\u2019op\u00e9ration. Professeur \u00d6mer Kutay, sp\u00e9cialiste des implants et des proth\u00e8ses, ressent-on une douleur lors de la pose de l&#039;implant ? r\u00e9pond \u00e0 la question :<br \/><br \/>La pose de l&#039;implant est indolore. La r\u00e9ponse la plus fr\u00e9quente des patients est\u00a0: \u00ab\u00a0Vous allez percer un trou dans mon os, et qui sait \u00e0 quel point \u00e7a va faire mal\u00a0?\u00a0\u00bb Il n&#039;y a rien de tel. La quantit\u00e9 de tissu nerveux dans l&#039;os \u00e9tant bien moindre que dans les gencives molles, l&#039;os n&#039;est pas un tissu tr\u00e8s douloureux. C&#039;est un tissu moins vital et moins nerveux. Par cons\u00e9quent, l&#039;ouverture d&#039;une alv\u00e9ole osseuse n&#039;est absolument pas douloureuse. Nous savons que les patients ne ressentent aucune douleur, m\u00eame le jour m\u00eame de la pose de l&#039;implant, qui est r\u00e9alis\u00e9e avec soin.<br \/><br \/>Nous savons que lorsqu&#039;il y a une inflammation dans cette zone et que celle-ci est nettoy\u00e9e ou que des op\u00e9rations plus importantes sont effectu\u00e9es, la douleur est un peu plus forte. Une \u00e9chelle peut \u00eatre donn\u00e9e ici. Disons que la douleur maximale est de 10, et la douleur apr\u00e8s l&#039;implant sera au maximum de 6 sur 10. Nous commen\u00e7ons g\u00e9n\u00e9ralement \u00e0 administrer au patient un antibiotique et un analg\u00e9sique la veille du traitement implantaire. Cette application m\u00e9dicamenteuse, commenc\u00e9e un jour \u00e0 l&#039;avance, est d\u00e9j\u00e0 dans la circulation sanguine lors de la pose de l&#039;implant. Ainsi, la douleur ressentie apr\u00e8s l\u2019implant a \u00e9t\u00e9 r\u00e9duite \u00e0 2 sur 10, et parfois il peut n\u2019y avoir aucune douleur du tout.<\/p><\/div><\/div><\/div>\t\t\t\t\t\t<\/div>\n\t\t\t\t<\/div>\n\t\t\t\t<div class=\"elementor-element elementor-element-6a5ecf2 elementor-widget elementor-widget-heading\" data-id=\"6a5ecf2\" data-element_type=\"widget\" data-widget_type=\"heading.default\">\n\t\t\t\t<div class=\"elementor-widget-container\">\n\t\t\t<style>\/*! elementor - v3.21.0 - 26-05-2024 *\/\n.elementor-heading-title{padding:0;margin:0;line-height:1}.elementor-widget-heading .elementor-heading-title[class*=elementor-size-]>a{color:inherit;font-size:inherit;line-height:inherit}.elementor-widget-heading .elementor-heading-title.elementor-size-small{font-size:15px}.elementor-widget-heading .elementor-heading-title.elementor-size-medium{font-size:19px}.elementor-widget-heading .elementor-heading-title.elementor-size-large{font-size:29px}.elementor-widget-heading .elementor-heading-title.elementor-size-xl{font-size:39px}.elementor-widget-heading .elementor-heading-title.elementor-size-xxl{font-size:59px}<\/style><div class=\"elementor-heading-title elementor-size-default\">Questions fr\u00e9quemment pos\u00e9es<\/div>\t\t<\/div>\n\t\t\t\t<\/div>\n\t\t\t\t<div class=\"elementor-element elementor-element-aeaad9d elementor-widget elementor-widget-labout_faqs\" data-id=\"aeaad9d\" data-element_type=\"widget\" data-widget_type=\"labout_faqs.default\">\n\t\t\t\t<div class=\"elementor-widget-container\">\n\t\t\t    \n    <!-- faq-section -->\n    <section class=\"faq-section pt_120 pb_120\">\n                <div class=\"auto-container\">\n                        <div class=\"inner-container\">\n                <ul class=\"accordion-box\">\n                                        <li class=\"accordion block\">\n                        <div class=\"acc-btn\"><h4><span> 1<\/span>Quand puis-je manger apr\u00e8s l\u2019implant ?<\/h4><\/div>\n                        <div class=\"acc-content\">\n                            <div class=\"content\">\n                                <p>Vous ne devez pas manger pendant les 2 premi\u00e8res heures, puis consommer des aliments mous.<\/p>\n                            <\/div>\n                        <\/div>\n                    <\/li>\n                                        <li class=\"accordion block\">\n                        <div class=\"acc-btn\"><h4><span> 2<\/span>Combien de s\u00e9ances sont n\u00e9cessaires pour une implantation ?<\/h4><\/div>\n                        <div class=\"acc-content\">\n                            <div class=\"content\">\n                                <p>En g\u00e9n\u00e9ral, 2 \u00e0 3 s\u00e9ances suffisent (pose, contr\u00f4le, ajustement de la proth\u00e8se).<\/p>\n                            <\/div>\n                        <\/div>\n                    <\/li>\n                                        <li class=\"accordion block active-block\">\n                        <div class=\"acc-btn active\"><h4><span> 3<\/span>La pose d\u2019implants est-elle douloureuse ?<\/h4><\/div>\n                        <div class=\"acc-content current\">\n                            <div class=\"content\">\n                                <p>Non, l\u2019intervention est r\u00e9alis\u00e9e sous anesth\u00e9sie locale et il peut y avoir une l\u00e9g\u00e8re douleur par la suite.<\/p>\n                            <\/div>\n                        <\/div>\n                    <\/li>\n                                        <li class=\"accordion block\">\n                        <div class=\"acc-btn\"><h4><span> 4<\/span>Combien de temps dure le processus de traitement implantaire ?<\/h4><\/div>\n                        <div class=\"acc-content\">\n                            <div class=\"content\">\n                                <p>L\u2019intervention chirurgicale dure de 20 \u00e0 60 minutes et le processus de r\u00e9cup\u00e9ration dure de 3 \u00e0 6 mois.<\/p>\n                            <\/div>\n                        <\/div>\n                    <\/li>\n                                        <li class=\"accordion block\">\n                        <div class=\"acc-btn\"><h4><span> 5<\/span>Comment sont fabriqu\u00e9s les implants ?<\/h4><\/div>\n                        <div class=\"acc-content\">\n                            <div class=\"content\">\n                                <p>Une vis en titane est plac\u00e9e dans l&#039;os de la m\u00e2choire et, apr\u00e8s gu\u00e9rison, une proth\u00e8se dentaire est fix\u00e9e.<\/p>\n                            <\/div>\n                        <\/div>\n                    <\/li>\n                                    <\/ul>\n            <\/div>\n        <\/div>\n    <\/section>\n    <!-- faq-section end -->\n      \n\t\t\t<\/div>\n\t\t\t\t<\/div>\n\t\t\t\t<\/div>\n\t\t\t\t<\/div>\n\t\t\t\t<\/div>","protected":false},"excerpt":{"rendered":"<p>\u0130mplant Nas\u0131l Yap\u0131l\u0131r? Di\u015flerinde problem ya\u015fayan ancak takma di\u015f gibi geleneksel \u00e7\u00f6z\u00fcmleri tercih etmeyen, bir t\u00fcrl\u00fc karar da veremeyen ki\u015filer, implant i\u015fleminin nas\u0131l yap\u0131ld\u0131\u011f\u0131n\u0131 merak etmektedir. Hasta \u00f6ncelikle implant tedavisinin ki\u015fiden ki\u015fiye g\u00f6re de\u011fi\u015fen y\u00f6ntemlerin kullan\u0131ld\u0131\u011f\u0131 bir tedavi \u015fekli oldu\u011funu bilmesi gerekir. Hastan\u0131n kemik ve y\u00fcz yap\u0131s\u0131, kemik yo\u011funlu\u011fu ve miktar\u0131, a\u011f\u0131z sa\u011fl\u0131\u011f\u0131 implant t\u00fcr\u00fc [&hellip;]<\/p>","protected":false},"author":1,"featured_media":0,"parent":0,"menu_order":0,"comment_status":"closed","ping_status":"closed","template":"","meta":{"footnotes":""},"class_list":["post-3303","page","type-page","status-publish","hentry"],"_links":{"self":[{"href":"https:\/\/omerkutay.com\/fr\/wp-json\/wp\/v2\/pages\/3303","targetHints":{"allow":["GET"]}}],"collection":[{"href":"https:\/\/omerkutay.com\/fr\/wp-json\/wp\/v2\/pages"}],"about":[{"href":"https:\/\/omerkutay.com\/fr\/wp-json\/wp\/v2\/types\/page"}],"author":[{"embeddable":true,"href":"https:\/\/omerkutay.com\/fr\/wp-json\/wp\/v2\/users\/1"}],"replies":[{"embeddable":true,"href":"https:\/\/omerkutay.com\/fr\/wp-json\/wp\/v2\/comments?post=3303"}],"version-history":[{"count":0,"href":"https:\/\/omerkutay.com\/fr\/wp-json\/wp\/v2\/pages\/3303\/revisions"}],"wp:attachment":[{"href":"https:\/\/omerkutay.com\/fr\/wp-json\/wp\/v2\/media?parent=3303"}],"curies":[{"name":"wp","href":"https:\/\/api.w.org\/{rel}","templated":true}]}}