{"id":3308,"date":"2025-02-20T10:04:31","date_gmt":"2025-02-20T07:04:31","guid":{"rendered":"https:\/\/omerkutay.com\/?page_id=3308"},"modified":"2025-08-14T16:23:45","modified_gmt":"2025-08-14T13:23:45","slug":"pont-avec-deux-implants","status":"publish","type":"page","link":"https:\/\/omerkutay.com\/fr\/pont-avec-deux-implants\/","title":{"rendered":"Pont avec deux implants"},"content":{"rendered":"<div data-elementor-type=\"wp-page\" data-elementor-id=\"3308\" class=\"elementor elementor-3308\">\n\t\t\t\t<div class=\"elementor-element elementor-element-d6797aa e-con-full tedavikapsa e-flex e-con e-parent\" data-id=\"d6797aa\" data-element_type=\"container\">\n\t\t<div class=\"elementor-element elementor-element-2bb6504 e-con-full tedavisidebarkapsa e-flex e-con e-child\" data-id=\"2bb6504\" data-element_type=\"container\">\n\t\t\t\t<div class=\"elementor-element elementor-element-b92ff26 elementor-widget elementor-widget-sidebar\" data-id=\"b92ff26\" data-element_type=\"widget\" data-widget_type=\"sidebar.default\">\n\t\t\t\t<div class=\"elementor-widget-container\">\n\t\t\t<div id=\"nav_menu-3\" class=\"service-sidebar-widget sidebar-widget mb_30 widget_nav_menu\"><div class=\"widget-title mb_17\"><h3>Traitements<\/h3><\/div><\/div><div id=\"text-2\" class=\"service-sidebar-widget sidebar-widget mb_30 widget_text\"><div class=\"widget-title mb_17\"><h3>Obtenez des informations d\u00e9taill\u00e9es<\/h3><\/div>\t\t\t<div class=\"textwidget\"><p class=\"wpcf7-contact-form-not-found\"><strong>Erreur :<\/strong> Formulaire de contact non trouv\u00e9 !<\/p>\n<\/div>\n\t\t<\/div>\t\t<\/div>\n\t\t\t\t<\/div>\n\t\t\t\t<\/div>\n\t\t<div class=\"elementor-element elementor-element-98a712c e-con-full e-flex e-con e-child\" data-id=\"98a712c\" data-element_type=\"container\">\n\t\t\t\t<div class=\"elementor-element elementor-element-cf776e6 elementor-widget elementor-widget-text-editor\" data-id=\"cf776e6\" data-element_type=\"widget\" data-widget_type=\"text-editor.default\">\n\t\t\t\t<div class=\"elementor-widget-container\">\n\t\t\t<style>\/*! elementor - v3.21.0 - 26-05-2024 *\/\n.elementor-widget-text-editor.elementor-drop-cap-view-stacked .elementor-drop-cap{background-color:#69727d;color:#fff}.elementor-widget-text-editor.elementor-drop-cap-view-framed .elementor-drop-cap{color:#69727d;border:3px solid;background-color:transparent}.elementor-widget-text-editor:not(.elementor-drop-cap-view-default) .elementor-drop-cap{margin-top:8px}.elementor-widget-text-editor:not(.elementor-drop-cap-view-default) .elementor-drop-cap-letter{width:1em;height:1em}.elementor-widget-text-editor .elementor-drop-cap{float:left;text-align:center;line-height:1;font-size:50px}.elementor-widget-text-editor .elementor-drop-cap-letter{display:inline-block}<\/style>\t\t\t\t<div class=\"content-one mb_65\"><div class=\"text-box mb_35\"><p><img fetchpriority=\"high\" decoding=\"async\" class=\"size-medium wp-image-3995 alignright\" src=\"https:\/\/omerkutay.com\/wp-content\/uploads\/2025\/02\/iki-implantla-kopru-300x244.jpg\" alt=\"\" width=\"300\" height=\"244\" srcset=\"https:\/\/omerkutay.com\/wp-content\/uploads\/2025\/02\/iki-implantla-kopru-300x244.jpg 300w, https:\/\/omerkutay.com\/wp-content\/uploads\/2025\/02\/iki-implantla-kopru.jpg 768w\" sizes=\"(max-width: 300px) 100vw, 300px\" \/><\/p><p>Les ponts support\u00e9s par implants sont similaires aux ponts traditionnels, mais ils sont soutenus par des implants au lieu de dents naturelles.<br \/><br \/>Habituellement, deux implants plac\u00e9s dans l&#039;os de la m\u00e2choire pour remplacer les dents manquantes sont reli\u00e9s entre eux par une proth\u00e8se de pont.<br \/><br \/>Les ponts sur implants, privil\u00e9gi\u00e9s lorsqu\u2019il manque plus d\u2019une dent, offrent \u00e9galement l\u2019avantage de r\u00e9duire la pression sur l\u2019implant.<br \/><br \/>En particulier chez les patients ayant des habitudes de grincement et de serrement des dents, les ponts support\u00e9s par implant augmentent les chances de succ\u00e8s de l&#039;implant en garantissant que la force de morsure est r\u00e9partie sur l&#039;ensemble du pont.<\/p><h1>Pont entre deux implants<\/h1><p>Dans les cas o\u00f9 plus d&#039;une dent est manquante, des ponts ou des proth\u00e8ses amovibles \u00e9taient utilis\u00e9s dans les m\u00e9thodes traditionnelles, mais aujourd&#039;hui, avec le d\u00e9veloppement du traitement implantaire, le traitement implantaire est d\u00e9sormais appliqu\u00e9 \u00e0 la place de ces m\u00e9thodes traditionnelles. Le traitement implantaire pr\u00e9sente de nombreux avantages, mais un implant n\u2019est pas appliqu\u00e9 pour remplacer chaque perte de dents.<br \/><br \/>Des recherches ont montr\u00e9 que les implants sont plus stables que les dents naturelles et qu\u2019un implant peut supporter le poids de plus d\u2019une dent naturelle. Ainsi, au lieu de trois ou quatre dents manquantes, deux implants peuvent \u00eatre appliqu\u00e9s, puis ces implants peuvent \u00eatre reli\u00e9s \u00e0 un pont pour remplacer les dents manquantes \u00e0 la fois fonctionnellement et esth\u00e9tiquement.<br \/><br \/>Dans les protocoles de traitement centr\u00e9s sur le patient, le nombre minimum d\u2019implants dentaires et le nombre maximum de dents que ces implants porteront sont calcul\u00e9s pour compl\u00e9ter les dents manquantes et le plan de traitement le plus appropri\u00e9 est cr\u00e9\u00e9 pour le patient. En minimisant le nombre d\u2019implants, le co\u00fbt du traitement est consid\u00e9rablement r\u00e9duit au b\u00e9n\u00e9fice de nos patients. Ainsi, le temps d\u2019attente et le co\u00fbt sont r\u00e9duits et le plan de traitement le plus appropri\u00e9 est cr\u00e9\u00e9.<br \/><br \/>\u00c0 long terme, les implants sont esth\u00e9tiques, fonctionnels et confortables. Un pont fixe ou une proth\u00e8se amovible peut endommager les gencives ou les os. De plus, les proth\u00e8ses dentaires amovibles peuvent bouger dans la bouche et r\u00e9duire la capacit\u00e9 de mastication.<\/p><\/div><\/div>\t\t\t\t\t\t<\/div>\n\t\t\t\t<\/div>\n\t\t\t\t<div class=\"elementor-element elementor-element-6a5ecf2 elementor-widget elementor-widget-heading\" data-id=\"6a5ecf2\" data-element_type=\"widget\" data-widget_type=\"heading.default\">\n\t\t\t\t<div class=\"elementor-widget-container\">\n\t\t\t<style>\/*! elementor - v3.21.0 - 26-05-2024 *\/\n.elementor-heading-title{padding:0;margin:0;line-height:1}.elementor-widget-heading .elementor-heading-title[class*=elementor-size-]>a{color:inherit;font-size:inherit;line-height:inherit}.elementor-widget-heading .elementor-heading-title.elementor-size-small{font-size:15px}.elementor-widget-heading .elementor-heading-title.elementor-size-medium{font-size:19px}.elementor-widget-heading .elementor-heading-title.elementor-size-large{font-size:29px}.elementor-widget-heading .elementor-heading-title.elementor-size-xl{font-size:39px}.elementor-widget-heading .elementor-heading-title.elementor-size-xxl{font-size:59px}<\/style><div class=\"elementor-heading-title elementor-size-default\">Questions fr\u00e9quemment pos\u00e9es<\/div>\t\t<\/div>\n\t\t\t\t<\/div>\n\t\t\t\t<div class=\"elementor-element elementor-element-aeaad9d elementor-widget elementor-widget-labout_faqs\" data-id=\"aeaad9d\" data-element_type=\"widget\" data-widget_type=\"labout_faqs.default\">\n\t\t\t\t<div class=\"elementor-widget-container\">\n\t\t\t    \n    <!-- faq-section -->\n    <section class=\"faq-section pt_120 pb_120\">\n                <div class=\"auto-container\">\n                        <div class=\"inner-container\">\n                <ul class=\"accordion-box\">\n                                        <li class=\"accordion block\">\n                        <div class=\"acc-btn\"><h4><span> 1<\/span>Un pont avec deux implants est-il permanent ?<\/h4><\/div>\n                        <div class=\"acc-content\">\n                            <div class=\"content\">\n                                <p>Oui, il peut \u00eatre utilis\u00e9 toute une vie avec un bon entretien.<\/p>\n                            <\/div>\n                        <\/div>\n                    <\/li>\n                                        <li class=\"accordion block\">\n                        <div class=\"acc-btn\"><h4><span> 2<\/span>Quels sont les avantages d\u2019un bridge avec deux implants ?<\/h4><\/div>\n                        <div class=\"acc-content\">\n                            <div class=\"content\">\n                                <p>Il remplace les dents manquantes avec moins d\u2019implants et est \u00e9conomique et durable.<\/p>\n                            <\/div>\n                        <\/div>\n                    <\/li>\n                                        <li class=\"accordion block active-block\">\n                        <div class=\"acc-btn active\"><h4><span> 3<\/span>Combien de temps dure un traitement de bridge avec deux implants ?<\/h4><\/div>\n                        <div class=\"acc-content current\">\n                            <div class=\"content\">\n                                <p>Il faut 2 \u00e0 6 mois pour que l\u2019implant fusionne avec l\u2019os, la dur\u00e9e totale peut prendre plusieurs mois.<\/p>\n                            <\/div>\n                        <\/div>\n                    <\/li>\n                                        <li class=\"accordion block\">\n                        <div class=\"acc-btn\"><h4><span> 4<\/span>Un bridge avec deux implants est-il douloureux ?<\/h4><\/div>\n                        <div class=\"acc-content\">\n                            <div class=\"content\">\n                                <p>Elle est r\u00e9alis\u00e9e sous anesth\u00e9sie locale, aucune douleur n&#039;est ressentie pendant l&#039;intervention.<\/p>\n                            <\/div>\n                        <\/div>\n                    <\/li>\n                                        <li class=\"accordion block\">\n                        <div class=\"acc-btn\"><h4><span> 5<\/span>Dans quels cas un bridge est-il r\u00e9alis\u00e9 avec deux implants ?<\/h4><\/div>\n                        <div class=\"acc-content\">\n                            <div class=\"content\">\n                                <p>Elle est appliqu\u00e9e si plusieurs dents adjacentes manquent et qu&#039;une solution plus \u00e9conomique est souhait\u00e9e au lieu d&#039;un implant complet.<\/p>\n                            <\/div>\n                        <\/div>\n                    <\/li>\n                                        <li class=\"accordion block\">\n                        <div class=\"acc-btn\"><h4><span> 6<\/span>Comment r\u00e9aliser un bridge avec deux implants ?<\/h4><\/div>\n                        <div class=\"acc-content\">\n                            <div class=\"content\">\n                                <p>Deux implants sont plac\u00e9s et une proth\u00e8se de pont couvrant plus d&#039;une dent y est fix\u00e9e.<\/p>\n                            <\/div>\n                        <\/div>\n                    <\/li>\n                                        <li class=\"accordion block\">\n                        <div class=\"acc-btn\"><h4><span> 7<\/span>Qu&#039;est-ce qu&#039;un pont avec deux implants ?<\/h4><\/div>\n                        <div class=\"acc-content\">\n                            <div class=\"content\">\n                                <p>Il s\u2019agit du processus consistant \u00e0 placer des dents sous forme de pont sur deux implants pour compl\u00e9ter les dents manquantes.<\/p>\n                            <\/div>\n                        <\/div>\n                    <\/li>\n                                    <\/ul>\n            <\/div>\n        <\/div>\n    <\/section>\n    <!-- faq-section end -->\n      \n\t\t\t<\/div>\n\t\t\t\t<\/div>\n\t\t\t\t<\/div>\n\t\t\t\t<\/div>\n\t\t\t\t<\/div>","protected":false},"excerpt":{"rendered":"<p>\u0130mplantlarla desteklenen k\u00f6pr\u00fcler geleneksel k\u00f6pr\u00fclere benzemektedir fakat do\u011fal di\u015fler yerine implantlar taraf\u0131ndan desteklenmektedirler. Genellikle eksik di\u015flerin yerine \u00e7ene kemi\u011fine yerle\u015ftirilen iki implant, k\u00f6pr\u00fc protezi ile birbirine ba\u011flan\u0131r. Birden fazla di\u015f eksikli\u011fi oldu\u011funda tercih edilen implant destekli k\u00f6pr\u00fcler ayr\u0131ca implant \u00fcst\u00fcne gelen bas\u0131nc\u0131 azaltmak i\u00e7in de avantaj sa\u011flar. \u00d6zellikle di\u015f s\u0131kma ve g\u0131c\u0131rdatma al\u0131\u015fkanl\u0131\u011f\u0131 olan hastalarda [&hellip;]<\/p>","protected":false},"author":1,"featured_media":0,"parent":0,"menu_order":0,"comment_status":"closed","ping_status":"closed","template":"","meta":{"footnotes":""},"class_list":["post-3308","page","type-page","status-publish","hentry"],"_links":{"self":[{"href":"https:\/\/omerkutay.com\/fr\/wp-json\/wp\/v2\/pages\/3308","targetHints":{"allow":["GET"]}}],"collection":[{"href":"https:\/\/omerkutay.com\/fr\/wp-json\/wp\/v2\/pages"}],"about":[{"href":"https:\/\/omerkutay.com\/fr\/wp-json\/wp\/v2\/types\/page"}],"author":[{"embeddable":true,"href":"https:\/\/omerkutay.com\/fr\/wp-json\/wp\/v2\/users\/1"}],"replies":[{"embeddable":true,"href":"https:\/\/omerkutay.com\/fr\/wp-json\/wp\/v2\/comments?post=3308"}],"version-history":[{"count":0,"href":"https:\/\/omerkutay.com\/fr\/wp-json\/wp\/v2\/pages\/3308\/revisions"}],"wp:attachment":[{"href":"https:\/\/omerkutay.com\/fr\/wp-json\/wp\/v2\/media?parent=3308"}],"curies":[{"name":"wp","href":"https:\/\/api.w.org\/{rel}","templated":true}]}}