{"id":3318,"date":"2025-02-20T10:07:03","date_gmt":"2025-02-20T07:07:03","guid":{"rendered":"https:\/\/omerkutay.com\/?page_id=3318"},"modified":"2025-08-14T16:48:57","modified_gmt":"2025-08-14T13:48:57","slug":"prothese-implantaire-buccale-complete","status":"publish","type":"page","link":"https:\/\/omerkutay.com\/fr\/prothese-implantaire-buccale-complete\/","title":{"rendered":"Proth\u00e8se implantaire buccale compl\u00e8te"},"content":{"rendered":"<div data-elementor-type=\"wp-page\" data-elementor-id=\"3318\" class=\"elementor elementor-3318\">\n\t\t\t\t<div class=\"elementor-element elementor-element-d6797aa e-con-full tedavikapsa e-flex e-con e-parent\" data-id=\"d6797aa\" data-element_type=\"container\">\n\t\t<div class=\"elementor-element elementor-element-2bb6504 e-con-full tedavisidebarkapsa e-flex e-con e-child\" data-id=\"2bb6504\" data-element_type=\"container\">\n\t\t\t\t<div class=\"elementor-element elementor-element-b92ff26 elementor-widget elementor-widget-sidebar\" data-id=\"b92ff26\" data-element_type=\"widget\" data-widget_type=\"sidebar.default\">\n\t\t\t\t<div class=\"elementor-widget-container\">\n\t\t\t<div id=\"nav_menu-3\" class=\"service-sidebar-widget sidebar-widget mb_30 widget_nav_menu\"><div class=\"widget-title mb_17\"><h3>Traitements<\/h3><\/div><\/div><div id=\"text-2\" class=\"service-sidebar-widget sidebar-widget mb_30 widget_text\"><div class=\"widget-title mb_17\"><h3>Obtenez des informations d\u00e9taill\u00e9es<\/h3><\/div>\t\t\t<div class=\"textwidget\"><p class=\"wpcf7-contact-form-not-found\"><strong>Erreur :<\/strong> Formulaire de contact non trouv\u00e9 !<\/p>\n<\/div>\n\t\t<\/div>\t\t<\/div>\n\t\t\t\t<\/div>\n\t\t\t\t<\/div>\n\t\t<div class=\"elementor-element elementor-element-98a712c e-con-full e-flex e-con e-child\" data-id=\"98a712c\" data-element_type=\"container\">\n\t\t\t\t<div class=\"elementor-element elementor-element-cf776e6 elementor-widget elementor-widget-text-editor\" data-id=\"cf776e6\" data-element_type=\"widget\" data-widget_type=\"text-editor.default\">\n\t\t\t\t<div class=\"elementor-widget-container\">\n\t\t\t<style>\/*! elementor - v3.21.0 - 26-05-2024 *\/\n.elementor-widget-text-editor.elementor-drop-cap-view-stacked .elementor-drop-cap{background-color:#69727d;color:#fff}.elementor-widget-text-editor.elementor-drop-cap-view-framed .elementor-drop-cap{color:#69727d;border:3px solid;background-color:transparent}.elementor-widget-text-editor:not(.elementor-drop-cap-view-default) .elementor-drop-cap{margin-top:8px}.elementor-widget-text-editor:not(.elementor-drop-cap-view-default) .elementor-drop-cap-letter{width:1em;height:1em}.elementor-widget-text-editor .elementor-drop-cap{float:left;text-align:center;line-height:1;font-size:50px}.elementor-widget-text-editor .elementor-drop-cap-letter{display:inline-block}<\/style>\t\t\t\t<div class=\"content-one mb_65\"><div class=\"text-box mb_35\"><p><img fetchpriority=\"high\" decoding=\"async\" class=\"wp-image-4005 alignright\" src=\"https:\/\/omerkutay.com\/wp-content\/uploads\/2025\/02\/tumagiz-implant-202x300.jpg\" alt=\"\" width=\"344\" height=\"511\" srcset=\"https:\/\/omerkutay.com\/wp-content\/uploads\/2025\/02\/tumagiz-implant-202x300.jpg 202w, https:\/\/omerkutay.com\/wp-content\/uploads\/2025\/02\/tumagiz-implant.jpg 280w\" sizes=\"(max-width: 344px) 100vw, 344px\" \/><\/p><p>Chez les patients ayant perdu toutes leurs dents, il convient d\u2019avoir recours \u00e0 deux types de proth\u00e8ses implantaires buccales compl\u00e8tes.<\/p><ol><li>Proth\u00e8ses amovibles sur implants.<\/li><li>Proth\u00e8ses fixes support\u00e9es par des implants.<\/li><\/ol><p>Alors que les proth\u00e8ses dentaires amovibles peuvent \u00eatre retir\u00e9es et remplac\u00e9es \u00e0 tout moment, les proth\u00e8ses dentaires fixes sont plac\u00e9es de mani\u00e8re \u00e0 ne jamais sortir de votre bouche.<br \/><br \/>Les deux solutions sont sup\u00e9rieures \u00e0 l\u2019ancien type de proth\u00e8se, commun\u00e9ment appel\u00e9e proth\u00e8se palatine, et \u00e9liminent les plaintes telles que la mauvaise mastication et la douleur, et pr\u00e9viennent \u00e9galement l\u2019ost\u00e9oporose.<br \/><br \/>Par d\u00e9cision du Conseil d&#039;administration central du TDB, les photographies des patients avant et apr\u00e8s le traitement ne sont pas incluses. Les images trouv\u00e9es ici sont tir\u00e9es de publications acad\u00e9miques enseign\u00e9es \u00e0 l&#039;universit\u00e9.<\/p><p>Lorsque des proth\u00e8ses dentaires compl\u00e8tes sont plac\u00e9es sur des implants, cela se produit g\u00e9n\u00e9ralement de deux mani\u00e8res. D&#039;abord; Il y a six \u00e0 huit implants dans la bouche. Un implant buccal complet est coll\u00e9 et fix\u00e9 sur ces implants comme il est fix\u00e9 sur les dents, et le patient l&#039;utilise sans le retirer.<\/p><p>Dernier; Il est \u00e0 nouveau distribu\u00e9 dans toute la bouche et plac\u00e9 sur les implants avec un syst\u00e8me mobile, nous l&#039;appelons un syst\u00e8me click-in. Le patient peut ins\u00e9rer et retirer ces proth\u00e8ses quand il le souhaite. De cette mani\u00e8re, il est \u00e9galement possible d\u2019utiliser des proth\u00e8ses qui compensent les parties fondues des os de la m\u00e2choire.<\/p><h3>Proth\u00e8ses amovibles sur implants<\/h3><hr \/><p>Les proth\u00e8ses dentaires amovibles support\u00e9es par des implants sont des proth\u00e8ses dentaires amovibles qui sont soutenues par au moins deux implants ou plus. Ceux-ci sont \u00e9galement divis\u00e9s en deux. Dans le premier cas, les implants sont reli\u00e9s entre eux \u00e0 l&#039;aide d&#039;une barre et la proth\u00e8se s&#039;ins\u00e8re dans cette barre.<br \/><br \/>Dans le second cas, les implants sont fix\u00e9s s\u00e9par\u00e9ment aux dispositifs de r\u00e9tention \u00e0 l\u2019int\u00e9rieur de la proth\u00e8se. Ces deux types de proth\u00e8ses offrent un meilleur soutien que les proth\u00e8ses amovibles traditionnelles sans implant et sont stables lors de la mastication.<br \/><br \/>Ces proth\u00e8ses sont g\u00e9n\u00e9ralement appliqu\u00e9es aux patients pr\u00e9sentant une perte osseuse excessive. Remplacer l\u2019os perdu par de l\u2019acrylique, plus l\u00e9ger que la porcelaine, est plus s\u00fbr tant sur le plan esth\u00e9tique que sur le plan de la charge exerc\u00e9e sur les implants. De plus, comme cette proth\u00e8se peut \u00eatre mise en place et retir\u00e9e, elle est plus facile \u00e0 nettoyer et l&#039;hygi\u00e8ne bucco-dentaire est meilleure.<\/p><h4>Proth\u00e8ses fixes sur implants<\/h4><hr \/><p>Pour les proth\u00e8ses fixes support\u00e9es par implants, au moins quatre implants sont n\u00e9cessaires. Ces proth\u00e8ses sont g\u00e9n\u00e9ralement divis\u00e9es en deux.<br \/><br \/>Tout d\u2019abord, les proth\u00e8ses fixes r\u00e9alis\u00e9es sur quatre implants, que l\u2019on appelle \u00ab tout sur quatre \u00bb, offrent une facilit\u00e9 de mastication par rapport aux proth\u00e8ses amovibles, mais il est plus difficile de maintenir une hygi\u00e8ne bucco-dentaire. Dans ce protocole de traitement, le patient ne subit pas de greffe osseuse, mais des implants sont plac\u00e9s dans les zones o\u00f9 l&#039;os est bon et le patient commence \u00e0 utiliser ses proth\u00e8ses apr\u00e8s la fusion des implants avec l&#039;os. Le plus gros inconv\u00e9nient est que, comme le nombre d\u2019implants est faible, si un implant est perdu \u00e0 l\u2019avenir, le patient ne peut plus utiliser la proth\u00e8se et la proth\u00e8se doit \u00eatre renouvel\u00e9e apr\u00e8s la r\u00e9fection de l\u2019implant.<br \/><br \/>Un autre type de proth\u00e8se fixe est la proth\u00e8se de pont sur implant, qui est r\u00e9alis\u00e9e sur six ou huit implants. Dans ce type de proth\u00e8se, le patient quitte la clinique avec des dents temporaires le jour de la pose des implants, puisque le nombre d&#039;implants est \u00e9lev\u00e9, et continue sa vie sociale. Apr\u00e8s la fusion des implants avec l&#039;os, des dents esth\u00e9tiques fixes sont r\u00e9alis\u00e9es et le patient continue sa vie avec ces dents, qui ne sont pas diff\u00e9rentes de ses dents naturelles. Le seul inconv\u00e9nient de ce type de proth\u00e8se est que si le support osseux n\u2019est pas suffisant, le co\u00fbt et le temps d\u2019attente peuvent \u00eatre longs car une greffe osseuse sera appliqu\u00e9e. Cependant, comme le patient aura des dents temporaires pendant la p\u00e9riode d\u2019attente, il ne ressentira pas d\u2019\u00e9dentation. Le plus grand avantage est que m\u00eame si un implant est perdu \u00e0 l\u2019avenir, cet implant peut \u00eatre retir\u00e9 et le patient peut continuer sa vie sans changer de proth\u00e8se. Il n\u2019y a donc aucun co\u00fbt suppl\u00e9mentaire ni perte de temps.<\/p><\/div><\/div>\t\t\t\t\t\t<\/div>\n\t\t\t\t<\/div>\n\t\t\t\t<div class=\"elementor-element elementor-element-6a5ecf2 elementor-widget elementor-widget-heading\" data-id=\"6a5ecf2\" data-element_type=\"widget\" data-widget_type=\"heading.default\">\n\t\t\t\t<div class=\"elementor-widget-container\">\n\t\t\t<style>\/*! elementor - v3.21.0 - 26-05-2024 *\/\n.elementor-heading-title{padding:0;margin:0;line-height:1}.elementor-widget-heading .elementor-heading-title[class*=elementor-size-]>a{color:inherit;font-size:inherit;line-height:inherit}.elementor-widget-heading .elementor-heading-title.elementor-size-small{font-size:15px}.elementor-widget-heading .elementor-heading-title.elementor-size-medium{font-size:19px}.elementor-widget-heading .elementor-heading-title.elementor-size-large{font-size:29px}.elementor-widget-heading .elementor-heading-title.elementor-size-xl{font-size:39px}.elementor-widget-heading .elementor-heading-title.elementor-size-xxl{font-size:59px}<\/style><div class=\"elementor-heading-title elementor-size-default\">Questions fr\u00e9quemment pos\u00e9es<\/div>\t\t<\/div>\n\t\t\t\t<\/div>\n\t\t\t\t<div class=\"elementor-element elementor-element-aeaad9d elementor-widget elementor-widget-labout_faqs\" data-id=\"aeaad9d\" data-element_type=\"widget\" data-widget_type=\"labout_faqs.default\">\n\t\t\t\t<div class=\"elementor-widget-container\">\n\t\t\t    \n    <!-- faq-section -->\n    <section class=\"faq-section pt_120 pb_120\">\n                <div class=\"auto-container\">\n                        <div class=\"inner-container\">\n                <ul class=\"accordion-box\">\n                                        <li class=\"accordion block\">\n                        <div class=\"acc-btn\"><h4><span> 1<\/span>Combien \u00e7a co\u00fbte?<\/h4><\/div>\n                        <div class=\"acc-content\">\n                            <div class=\"content\">\n                                <p>Cela d\u00e9pend du mat\u00e9riau utilis\u00e9 et du nombre d\u2019implants. Les prix varient, consultez votre dentiste pour obtenir les meilleures informations\u2026<\/p>\n                            <\/div>\n                        <\/div>\n                    <\/li>\n                                        <li class=\"accordion block\">\n                        <div class=\"acc-btn\"><h4><span> 2<\/span>Quels sont les avantages d\u2019une proth\u00e8se implantaire buccale compl\u00e8te ?<\/h4><\/div>\n                        <div class=\"acc-content\">\n                            <div class=\"content\">\n                                <p>Il offre une sensation dentaire stable et naturelle, un confort de mastication et de parole et une solution durable.<\/p>\n                            <\/div>\n                        <\/div>\n                    <\/li>\n                                        <li class=\"accordion block active-block\">\n                        <div class=\"acc-btn active\"><h4><span> 3<\/span>Est-ce que \u00e7a fait mal d\u2019avoir un implant ?<\/h4><\/div>\n                        <div class=\"acc-content current\">\n                            <div class=\"content\">\n                                <p>Aucune douleur n&#039;est ressentie sous anesth\u00e9sie locale. Il peut y avoir une l\u00e9g\u00e8re douleur par la suite.<\/p>\n                            <\/div>\n                        <\/div>\n                    <\/li>\n                                        <li class=\"accordion block\">\n                        <div class=\"acc-btn\"><h4><span> 4<\/span>Les proth\u00e8ses dentaires sur implants sont-elles permanentes ?<\/h4><\/div>\n                        <div class=\"acc-content\">\n                            <div class=\"content\">\n                                <p>Oui, s\u2019il est bien entretenu, il peut durer toute une vie. Cependant, les proth\u00e8ses dentaires sup\u00e9rieures peuvent \u00eatre remplac\u00e9es au fil du temps.<\/p>\n                            <\/div>\n                        <\/div>\n                    <\/li>\n                                        <li class=\"accordion block\">\n                        <div class=\"acc-btn\"><h4><span> 5<\/span>Combien de temps dure le processus d\u2019implantation ?<\/h4><\/div>\n                        <div class=\"acc-content\">\n                            <div class=\"content\">\n                                <p>L&#039;intervention chirurgicale dure g\u00e9n\u00e9ralement 1 \u00e0 2 heures. Il peut falloir de 3 \u00e0 6 mois pour que les implants fusionnent avec l\u2019os.<\/p>\n                            <\/div>\n                        <\/div>\n                    <\/li>\n                                        <li class=\"accordion block\">\n                        <div class=\"acc-btn\"><h4><span> 6<\/span>Qu&#039;est-ce qu&#039;une proth\u00e8se implantaire buccale compl\u00e8te ?<\/h4><\/div>\n                        <div class=\"acc-content\">\n                            <div class=\"content\">\n                                <p>Il s&#039;agit de proth\u00e8ses dentaires compl\u00e8tes r\u00e9alis\u00e9es sur implants plac\u00e9s au niveau de la m\u00e2choire sup\u00e9rieure et\/ou inf\u00e9rieure.<\/p>\n                            <\/div>\n                        <\/div>\n                    <\/li>\n                                    <\/ul>\n            <\/div>\n        <\/div>\n    <\/section>\n    <!-- faq-section end -->\n      \n\t\t\t<\/div>\n\t\t\t\t<\/div>\n\t\t\t\t<\/div>\n\t\t\t\t<\/div>\n\t\t\t\t<\/div>","protected":false},"excerpt":{"rendered":"<p>T\u00fcm di\u015flerini kaybetmi\u015f hastalarda t\u00fcm a\u011f\u0131z implant protezler iki \u00e7e\u015fit olmal\u0131d\u0131r. \u0130mplant destekli tak\u0131p \u00e7\u0131kar\u0131labilen protezler. \u0130mplant \u00fcst\u00fc sabit protezler. Hareketli protezler istenildi\u011fi zaman \u00e7\u0131kar\u0131l\u0131p tak\u0131labilir iken sabit protezler a\u011fz\u0131n\u0131zdan hi\u00e7 \u00e7\u0131kmayacak \u015fekilde yerle\u015ftirilirler. Her iki \u00e7\u00f6z\u00fcm de eski tip, halk aras\u0131nda damak diye an\u0131lan protez tipine g\u00f6re daha \u00fcst\u00fcn olup iyi \u00e7i\u011fneyememe ve a\u011fr\u0131 [&hellip;]<\/p>","protected":false},"author":1,"featured_media":0,"parent":0,"menu_order":0,"comment_status":"closed","ping_status":"closed","template":"","meta":{"footnotes":""},"class_list":["post-3318","page","type-page","status-publish","hentry"],"_links":{"self":[{"href":"https:\/\/omerkutay.com\/fr\/wp-json\/wp\/v2\/pages\/3318","targetHints":{"allow":["GET"]}}],"collection":[{"href":"https:\/\/omerkutay.com\/fr\/wp-json\/wp\/v2\/pages"}],"about":[{"href":"https:\/\/omerkutay.com\/fr\/wp-json\/wp\/v2\/types\/page"}],"author":[{"embeddable":true,"href":"https:\/\/omerkutay.com\/fr\/wp-json\/wp\/v2\/users\/1"}],"replies":[{"embeddable":true,"href":"https:\/\/omerkutay.com\/fr\/wp-json\/wp\/v2\/comments?post=3318"}],"version-history":[{"count":0,"href":"https:\/\/omerkutay.com\/fr\/wp-json\/wp\/v2\/pages\/3318\/revisions"}],"wp:attachment":[{"href":"https:\/\/omerkutay.com\/fr\/wp-json\/wp\/v2\/media?parent=3318"}],"curies":[{"name":"wp","href":"https:\/\/api.w.org\/{rel}","templated":true}]}}