{"id":3328,"date":"2025-02-20T10:08:59","date_gmt":"2025-02-20T07:08:59","guid":{"rendered":"https:\/\/omerkutay.com\/?page_id=3328"},"modified":"2025-08-14T15:59:19","modified_gmt":"2025-08-14T12:59:19","slug":"recuperation-plus-rapide-prf","status":"publish","type":"page","link":"https:\/\/omerkutay.com\/fr\/recuperation-plus-rapide-prf\/","title":{"rendered":"R\u00e9cup\u00e9ration plus rapide (PRF)"},"content":{"rendered":"<div data-elementor-type=\"wp-page\" data-elementor-id=\"3328\" class=\"elementor elementor-3328\">\n\t\t\t\t<div class=\"elementor-element elementor-element-d6797aa e-con-full tedavikapsa e-flex e-con e-parent\" data-id=\"d6797aa\" data-element_type=\"container\">\n\t\t<div class=\"elementor-element elementor-element-2bb6504 e-con-full tedavisidebarkapsa e-flex e-con e-child\" data-id=\"2bb6504\" data-element_type=\"container\">\n\t\t\t\t<div class=\"elementor-element elementor-element-b92ff26 elementor-widget elementor-widget-sidebar\" data-id=\"b92ff26\" data-element_type=\"widget\" data-widget_type=\"sidebar.default\">\n\t\t\t\t<div class=\"elementor-widget-container\">\n\t\t\t<div id=\"nav_menu-3\" class=\"service-sidebar-widget sidebar-widget mb_30 widget_nav_menu\"><div class=\"widget-title mb_17\"><h3>Traitements<\/h3><\/div><\/div><div id=\"text-2\" class=\"service-sidebar-widget sidebar-widget mb_30 widget_text\"><div class=\"widget-title mb_17\"><h3>Obtenez des informations d\u00e9taill\u00e9es<\/h3><\/div>\t\t\t<div class=\"textwidget\"><p class=\"wpcf7-contact-form-not-found\"><strong>Erreur :<\/strong> Formulaire de contact non trouv\u00e9 !<\/p>\n<\/div>\n\t\t<\/div>\t\t<\/div>\n\t\t\t\t<\/div>\n\t\t\t\t<\/div>\n\t\t<div class=\"elementor-element elementor-element-98a712c e-con-full e-flex e-con e-child\" data-id=\"98a712c\" data-element_type=\"container\">\n\t\t\t\t<div class=\"elementor-element elementor-element-cf776e6 elementor-widget elementor-widget-text-editor\" data-id=\"cf776e6\" data-element_type=\"widget\" data-widget_type=\"text-editor.default\">\n\t\t\t\t<div class=\"elementor-widget-container\">\n\t\t\t<style>\/*! elementor - v3.21.0 - 26-05-2024 *\/\n.elementor-widget-text-editor.elementor-drop-cap-view-stacked .elementor-drop-cap{background-color:#69727d;color:#fff}.elementor-widget-text-editor.elementor-drop-cap-view-framed .elementor-drop-cap{color:#69727d;border:3px solid;background-color:transparent}.elementor-widget-text-editor:not(.elementor-drop-cap-view-default) .elementor-drop-cap{margin-top:8px}.elementor-widget-text-editor:not(.elementor-drop-cap-view-default) .elementor-drop-cap-letter{width:1em;height:1em}.elementor-widget-text-editor .elementor-drop-cap{float:left;text-align:center;line-height:1;font-size:50px}.elementor-widget-text-editor .elementor-drop-cap-letter{display:inline-block}<\/style>\t\t\t\t<div class=\"content-one mb_65\"><div class=\"text-box mb_35\"><p>Les cellules souches forment tous les organes et tissus de notre corps. Les cellules souches, qui peuvent se diviser et se renouveler en nombre illimit\u00e9 et se transformer en organes et tissus, sont utilis\u00e9es dans le traitement de maladies telles que le cancer, la maladie d&#039;Alzheimer, le diab\u00e8te, les rhumatismes, les maladies cardiaques et les maladies osseuses. Notre sang agit \u00e9galement comme une cellule souche, et les cellules qui y circulent contribuent \u00e0 la croissance et \u00e0 la gu\u00e9rison.<br \/><br \/>Les cellules de base du sang sont les globules rouges, les globules blancs et les cellules de coagulation. Les plaquettes, qui sont des cellules de coagulation, arr\u00eatent les saignements qui surviennent \u00e0 la suite d\u2019une blessure et forment une couche protectrice qui emp\u00eache tout saignement suppl\u00e9mentaire. Cette couche protectrice aide \u00e9galement la plaie \u00e0 cicatriser. Cette caract\u00e9ristique et cette puissance de la cellule de coagulation ont \u00e9t\u00e9 utilis\u00e9es dans de nombreux domaines m\u00e9dicaux.<br \/><br \/>La fibrine riche en plasma (PRF) obtenue \u00e0 partir de notre sang est utilis\u00e9e dans le lifting des sinus et la r\u00e9paration des troubles osseux li\u00e9s aux traitements implantaires en chirurgie dentaire. Le PRP contient de nombreuses substances qui acc\u00e9l\u00e8rent la gu\u00e9rison.<br \/><br \/>Hormones de croissance tissulaire riches en fibrine (PRF)<br \/><br \/>\u00ab La r\u00e9paration et la croissance des gencives et des os sont d\u00e9sormais plus faciles gr\u00e2ce au PRF produit \u00e0 partir du sang en 10 minutes \u00bb<\/p><p><img fetchpriority=\"high\" decoding=\"async\" class=\"wp-image-4014 aligncenter\" src=\"https:\/\/omerkutay.com\/wp-content\/uploads\/2025\/02\/daha-cabuk-iyilesme-prf-implant1-300x166.jpg\" alt=\"\" width=\"780\" height=\"432\" srcset=\"https:\/\/omerkutay.com\/wp-content\/uploads\/2025\/02\/daha-cabuk-iyilesme-prf-implant1-300x166.jpg 300w, https:\/\/omerkutay.com\/wp-content\/uploads\/2025\/02\/daha-cabuk-iyilesme-prf-implant1.jpg 767w\" sizes=\"(max-width: 780px) 100vw, 780px\" \/><\/p><p><strong>1-<\/strong>\u00a0Du sang est pr\u00e9lev\u00e9 sur le patient pour cr\u00e9er du mat\u00e9riau PRF<br \/><br \/><strong>2-<\/strong>\u00a0Le sang est transform\u00e9 en concentr\u00e9 plaquettaire par une centrifugeuse m\u00e9dicale sp\u00e9ciale<br \/><br \/><strong>3,4-<\/strong>\u00a0\u00c0 partir de cette concentration plaquettaire, des globules blancs et des membranes riches en agents dilatateurs des vaisseaux sanguins sont produits.<br \/><br \/><strong>5-<\/strong>\u00a0Ces membranes sont ensuite plac\u00e9es sur la zone du patient qui a besoin de cicatrisation.<br \/><br \/><strong>6,7<\/strong>\u00a0\u2013 Ces pi\u00e8ces, enti\u00e8rement constitu\u00e9es de mat\u00e9riaux corporels du patient, acc\u00e9l\u00e8rent la cicatrisation des plaies, la croissance osseuse et facilitent la mise en place de greffes (os artificiels).<br \/><br \/><b>Les caract\u00e9ristiques les plus distinctives du PRF :<\/b><\/p><ol><li><p>Acc\u00e9l\u00e9rer la cicatrisation des tissus<\/p><\/li><li><p>Acc\u00e9l\u00e8re l&#039;arr\u00eat du saignement<\/p><\/li><li><p>Non toxique<\/p><\/li><li><p>Comme il est obtenu \u00e0 partir du propre sang du patient, le syst\u00e8me immunitaire ne r\u00e9agit pas.<\/p><\/li><\/ol><p>Le PRF est obtenu \u00e0 partir du propre sang du patient et est donc un gu\u00e9risseur naturel. Le PRF est obtenu \u00e0 l&#039;aide d&#039;un dispositif de centrifugation sp\u00e9cial en clinique et est appliqu\u00e9 imm\u00e9diatement. Ainsi, les temps de r\u00e9cup\u00e9ration apr\u00e8s toute intervention chirurgicale intra-orale sont raccourcis et les patients retrouvent leur sant\u00e9 plus rapidement.<\/p><\/div><\/div>\t\t\t\t\t\t<\/div>\n\t\t\t\t<\/div>\n\t\t\t\t<div class=\"elementor-element elementor-element-6a5ecf2 elementor-widget elementor-widget-heading\" data-id=\"6a5ecf2\" data-element_type=\"widget\" data-widget_type=\"heading.default\">\n\t\t\t\t<div class=\"elementor-widget-container\">\n\t\t\t<style>\/*! elementor - v3.21.0 - 26-05-2024 *\/\n.elementor-heading-title{padding:0;margin:0;line-height:1}.elementor-widget-heading .elementor-heading-title[class*=elementor-size-]>a{color:inherit;font-size:inherit;line-height:inherit}.elementor-widget-heading .elementor-heading-title.elementor-size-small{font-size:15px}.elementor-widget-heading .elementor-heading-title.elementor-size-medium{font-size:19px}.elementor-widget-heading .elementor-heading-title.elementor-size-large{font-size:29px}.elementor-widget-heading .elementor-heading-title.elementor-size-xl{font-size:39px}.elementor-widget-heading .elementor-heading-title.elementor-size-xxl{font-size:59px}<\/style><div class=\"elementor-heading-title elementor-size-default\">Questions fr\u00e9quemment pos\u00e9es<\/div>\t\t<\/div>\n\t\t\t\t<\/div>\n\t\t\t\t<div class=\"elementor-element elementor-element-aeaad9d elementor-widget elementor-widget-labout_faqs\" data-id=\"aeaad9d\" data-element_type=\"widget\" data-widget_type=\"labout_faqs.default\">\n\t\t\t\t<div class=\"elementor-widget-container\">\n\t\t\t    \n    <!-- faq-section -->\n    <section class=\"faq-section pt_120 pb_120\">\n                <div class=\"auto-container\">\n                        <div class=\"inner-container\">\n                <ul class=\"accordion-box\">\n                                        <li class=\"accordion block\">\n                        <div class=\"acc-btn\"><h4><span> 1<\/span>La proc\u00e9dure PRF est-elle douloureuse ?<\/h4><\/div>\n                        <div class=\"acc-content\">\n                            <div class=\"content\">\n                                <p>Non, seul le processus de pr\u00e9l\u00e8vement sanguin est ressenti, mais la proc\u00e9dure est indolore.<\/p>\n                            <\/div>\n                        <\/div>\n                    <\/li>\n                                        <li class=\"accordion block\">\n                        <div class=\"acc-btn\"><h4><span> 2<\/span>Comment se d\u00e9roule le processus PRF ?<\/h4><\/div>\n                        <div class=\"acc-content\">\n                            <div class=\"content\">\n                                <p>Le sang est pr\u00e9lev\u00e9 sur le patient, centrifug\u00e9 et le caillot de fibrine obtenu est plac\u00e9 dans la zone de traitement.<\/p>\n                            <\/div>\n                        <\/div>\n                    <\/li>\n                                        <li class=\"accordion block active-block\">\n                        <div class=\"acc-btn active\"><h4><span> 3<\/span>Dans quels traitements dentaires le PRF est-il utilis\u00e9 ?<\/h4><\/div>\n                        <div class=\"acc-content current\">\n                            <div class=\"content\">\n                                <p>Il est utilis\u00e9 pour acc\u00e9l\u00e9rer la gu\u00e9rison des implants, des extractions dentaires, des greffes osseuses et des traitements des gencives.<\/p>\n                            <\/div>\n                        <\/div>\n                    <\/li>\n                                        <li class=\"accordion block\">\n                        <div class=\"acc-btn\"><h4><span> 4<\/span>Qu&#039;est-ce que le PRF ?<\/h4><\/div>\n                        <div class=\"acc-content\">\n                            <div class=\"content\">\n                                <p>Il s\u2019agit d\u2019une m\u00e9thode de traitement naturelle obtenue \u00e0 partir du propre sang de la personne et qui acc\u00e9l\u00e8re la gu\u00e9rison.<\/p>\n                            <\/div>\n                        <\/div>\n                    <\/li>\n                                    <\/ul>\n            <\/div>\n        <\/div>\n    <\/section>\n    <!-- faq-section end -->\n      \n\t\t\t<\/div>\n\t\t\t\t<\/div>\n\t\t\t\t<\/div>\n\t\t\t\t<\/div>\n\t\t\t\t<\/div>","protected":false},"excerpt":{"rendered":"<p>K\u00f6k h\u00fccreler v\u00fccudumuzdaki t\u00fcm organlar\u0131 ve dokular\u0131 olu\u015ftururlar. S\u0131n\u0131rs\u0131z say\u0131da b\u00f6l\u00fcnerek ve kendilerini yenileyerek organ ve dokulara d\u00f6n\u00fc\u015febilen k\u00f6k h\u00fccreler bu \u00f6zellikleriyle kanser, alzheimer, diyabet, romatizma, kalp hastal\u0131klar\u0131, kemik hastal\u0131klar\u0131 gibi hastal\u0131klar\u0131n tedavisinde kullan\u0131lmaktad\u0131r. Kan\u0131m\u0131z da k\u00f6k h\u00fccresi g\u00f6revi g\u00f6r\u00fcr ve i\u00e7inde dola\u015fan h\u00fccreler b\u00fcy\u00fcme ve iyile\u015fmeye yard\u0131mc\u0131 olurlar. Kan\u0131n temel h\u00fccreleri alyuvar, akyuvar ve [&hellip;]<\/p>","protected":false},"author":1,"featured_media":0,"parent":0,"menu_order":0,"comment_status":"closed","ping_status":"closed","template":"","meta":{"footnotes":""},"class_list":["post-3328","page","type-page","status-publish","hentry"],"_links":{"self":[{"href":"https:\/\/omerkutay.com\/fr\/wp-json\/wp\/v2\/pages\/3328","targetHints":{"allow":["GET"]}}],"collection":[{"href":"https:\/\/omerkutay.com\/fr\/wp-json\/wp\/v2\/pages"}],"about":[{"href":"https:\/\/omerkutay.com\/fr\/wp-json\/wp\/v2\/types\/page"}],"author":[{"embeddable":true,"href":"https:\/\/omerkutay.com\/fr\/wp-json\/wp\/v2\/users\/1"}],"replies":[{"embeddable":true,"href":"https:\/\/omerkutay.com\/fr\/wp-json\/wp\/v2\/comments?post=3328"}],"version-history":[{"count":0,"href":"https:\/\/omerkutay.com\/fr\/wp-json\/wp\/v2\/pages\/3328\/revisions"}],"wp:attachment":[{"href":"https:\/\/omerkutay.com\/fr\/wp-json\/wp\/v2\/media?parent=3328"}],"curies":[{"name":"wp","href":"https:\/\/api.w.org\/{rel}","templated":true}]}}