{"id":3335,"date":"2025-02-20T10:11:25","date_gmt":"2025-02-20T07:11:25","guid":{"rendered":"https:\/\/omerkutay.com\/?page_id=3335"},"modified":"2025-08-14T15:43:31","modified_gmt":"2025-08-14T12:43:31","slug":"conception-de-sourire","status":"publish","type":"page","link":"https:\/\/omerkutay.com\/fr\/conception-de-sourire\/","title":{"rendered":"Conception de sourire"},"content":{"rendered":"<div data-elementor-type=\"wp-page\" data-elementor-id=\"3335\" class=\"elementor elementor-3335\">\n\t\t\t\t<div class=\"elementor-element elementor-element-d6797aa e-con-full tedavikapsa e-flex e-con e-parent\" data-id=\"d6797aa\" data-element_type=\"container\">\n\t\t<div class=\"elementor-element elementor-element-2bb6504 e-con-full tedavisidebarkapsa e-flex e-con e-child\" data-id=\"2bb6504\" data-element_type=\"container\">\n\t\t\t\t<div class=\"elementor-element elementor-element-b92ff26 elementor-widget elementor-widget-sidebar\" data-id=\"b92ff26\" data-element_type=\"widget\" data-widget_type=\"sidebar.default\">\n\t\t\t\t<div class=\"elementor-widget-container\">\n\t\t\t<div id=\"nav_menu-3\" class=\"service-sidebar-widget sidebar-widget mb_30 widget_nav_menu\"><div class=\"widget-title mb_17\"><h3>Traitements<\/h3><\/div><\/div><div id=\"text-2\" class=\"service-sidebar-widget sidebar-widget mb_30 widget_text\"><div class=\"widget-title mb_17\"><h3>Obtenez des informations d\u00e9taill\u00e9es<\/h3><\/div>\t\t\t<div class=\"textwidget\"><p class=\"wpcf7-contact-form-not-found\"><strong>Erreur :<\/strong> Formulaire de contact non trouv\u00e9 !<\/p>\n<\/div>\n\t\t<\/div>\t\t<\/div>\n\t\t\t\t<\/div>\n\t\t\t\t<\/div>\n\t\t<div class=\"elementor-element elementor-element-98a712c e-con-full e-flex e-con e-child\" data-id=\"98a712c\" data-element_type=\"container\">\n\t\t\t\t<div class=\"elementor-element elementor-element-cf776e6 elementor-widget elementor-widget-text-editor\" data-id=\"cf776e6\" data-element_type=\"widget\" data-widget_type=\"text-editor.default\">\n\t\t\t\t<div class=\"elementor-widget-container\">\n\t\t\t<style>\/*! elementor - v3.21.0 - 26-05-2024 *\/\n.elementor-widget-text-editor.elementor-drop-cap-view-stacked .elementor-drop-cap{background-color:#69727d;color:#fff}.elementor-widget-text-editor.elementor-drop-cap-view-framed .elementor-drop-cap{color:#69727d;border:3px solid;background-color:transparent}.elementor-widget-text-editor:not(.elementor-drop-cap-view-default) .elementor-drop-cap{margin-top:8px}.elementor-widget-text-editor:not(.elementor-drop-cap-view-default) .elementor-drop-cap-letter{width:1em;height:1em}.elementor-widget-text-editor .elementor-drop-cap{float:left;text-align:center;line-height:1;font-size:50px}.elementor-widget-text-editor .elementor-drop-cap-letter{display:inline-block}<\/style>\t\t\t\t<div class=\"content-one mb_65\"><div class=\"text-box mb_35\"><p>Conception de sourire; Il s&#039;agit d&#039;\u00e9tudes r\u00e9alis\u00e9es pour concevoir le sourire id\u00e9al pour vous en combinant la dentisterie et l&#039;art pour r\u00e9pondre \u00e0 vos besoins esth\u00e9tiques et fonctionnels pour un sourire naturel, sain et attrayant.<\/p><div class=\"col-lg-12 col-md-12 col-12\"><p>Gr\u00e2ce aux nouveaux mat\u00e9riaux techniques utilis\u00e9s avec le d\u00e9veloppement de la dentisterie moderne, de nombreuses attentes esth\u00e9tiques des patients sont satisfaites. Aujourd\u2019hui, gr\u00e2ce \u00e0 cette m\u00e9thode de traitement propos\u00e9e par la dentisterie esth\u00e9tique, d\u2019innombrables patients peuvent facilement obtenir de plus belles dents.<\/p><p>Apr\u00e8s l\u2019application du design du sourire, les patients auront une structure dentaire adapt\u00e9e \u00e0 leur sym\u00e9trie faciale. Bien entendu, le patient peut \u00e9galement d\u00e9terminer la nouvelle structure dentaire lors de l&#039;application.<\/p><p>Il a \u00e9galement \u00e9t\u00e9 observ\u00e9 que les patients qui manquaient de confiance en eux en raison de la mauvaise apparence de leur bouche ont retrouv\u00e9 confiance en eux apr\u00e8s ce traitement. On observe que le nombre de patients qui sont plus en paix avec leur nouvelle apparence apr\u00e8s le traitement est assez \u00e9lev\u00e9.<\/p><p><img fetchpriority=\"high\" decoding=\"async\" class=\"size-medium wp-image-3805 alignright\" src=\"https:\/\/omerkutay.com\/wp-content\/uploads\/2025\/02\/gulus-tasarimi1-300x287.jpg\" alt=\"Conception de sourire\" width=\"300\" height=\"287\" srcset=\"https:\/\/omerkutay.com\/wp-content\/uploads\/2025\/02\/gulus-tasarimi1-300x287.jpg 300w, https:\/\/omerkutay.com\/wp-content\/uploads\/2025\/02\/gulus-tasarimi1.jpg 305w\" sizes=\"(max-width: 300px) 100vw, 300px\" \/><\/p><h2>Avoir une belle apparence n\u2019est plus un r\u00eave !<\/h2><p>Quand il s\u2019agit de beaut\u00e9, l\u2019une des premi\u00e8res choses qui viennent \u00e0 l\u2019esprit est un beau sourire. La forme et la structure des dents ainsi que leur harmonie avec le visage affectent directement la vie sociale des gens. La conception du sourire est l\u2019un des principaux avantages que la dentisterie esth\u00e9tique offre aux gens. Selon les statistiques, les personnes ayant un sourire parfait r\u00e9ussissent mieux et ont plus confiance en elles dans tous les domaines de la vie, en particulier dans la vie professionnelle.<\/p><p>La conception du sourire, qui est la m\u00e9thode la plus fr\u00e9quemment utilis\u00e9e par les personnes ayant des structures dentaires probl\u00e9matiques, est une m\u00e9thode qui peut \u00eatre facilement appliqu\u00e9e en se r\u00e9unissant \u00e0 un point commun avec le m\u00e9decin en fonction des attentes et des souhaits de la personne.<\/p><p>La chose la plus importante \u00e0 prendre en compte dans la conception du sourire est que les dents soient compatibles avec les expressions faciales et la structure de la m\u00e2choire du patient. Un design de sourire con\u00e7u et r\u00e9alis\u00e9 par des mains expertes permet \u00e0 la personne d&#039;avoir une apparence sensiblement meilleure. L\u2019important est de d\u00e9cider de la m\u00e9thode de traitement adapt\u00e9e au patient. \u00c0 ce stade, il est tr\u00e8s important que le patient communique clairement ses souhaits et ses attentes \u00e0 son m\u00e9decin.<\/p><p>L\u2019objectif principal de la conception du sourire est de garantir que le patient ait un sourire qui le rendra heureux et qui soit proportionn\u00e9 \u00e0 sa bouche et \u00e0 sa structure squelettique.<\/p><p>Un bon design de sourire en harmonie avec le visage et respectant le nombre d&#039;or n\u00e9cessite des applications diff\u00e9rentes pour chaque patient. Selon les besoins de la personne, la proc\u00e9dure est r\u00e9alis\u00e9e en prenant en compte de nombreux \u00e9l\u00e9ments tels que la longueur des dents, le niveau des gencives, la couleur des dents et la distance entre les dents et les l\u00e8vres. Une fois les proc\u00e9dures effectu\u00e9es, les gens obtiennent le magnifique sourire dont ils r\u00eavent.<\/p><p>L\u2019objectif principal de la conception du sourire est de garantir que le patient ait un sourire qui le rendra heureux et qui soit proportionn\u00e9 \u00e0 sa bouche et \u00e0 sa structure squelettique.<\/p><p>Un bon design de sourire en harmonie avec le visage et respectant le nombre d&#039;or n\u00e9cessite des applications diff\u00e9rentes pour chaque patient. Selon les besoins de la personne, la proc\u00e9dure est r\u00e9alis\u00e9e en prenant en compte de nombreux \u00e9l\u00e9ments tels que la longueur des dents, le niveau des gencives, la couleur des dents et la distance entre les dents et les l\u00e8vres. Une fois les proc\u00e9dures effectu\u00e9es, les gens obtiennent le magnifique sourire dont ils r\u00eavent.<\/p><h3>Quelle est la dur\u00e9e du traitement ?<\/h3><p><img decoding=\"async\" class=\"size-medium wp-image-3804 alignright\" src=\"https:\/\/omerkutay.com\/wp-content\/uploads\/2025\/02\/gulus-tasarimi2-300x244.jpg\" alt=\"Conception de sourire\" width=\"300\" height=\"244\" srcset=\"https:\/\/omerkutay.com\/wp-content\/uploads\/2025\/02\/gulus-tasarimi2-300x244.jpg 300w, https:\/\/omerkutay.com\/wp-content\/uploads\/2025\/02\/gulus-tasarimi2.jpg 768w\" sizes=\"(max-width: 300px) 100vw, 300px\" \/><\/p><p>Dans les conditions actuelles, alors que les gens essaient de suivre le rythme de la vie \u00e0 un rythme effr\u00e9n\u00e9, l&#039;une des questions qui les int\u00e9ressent le plus en mati\u00e8re de conception du sourire est la dur\u00e9e du traitement. La dur\u00e9e du traitement pr\u00e9vue sp\u00e9cifiquement pour chaque individu peut varier. Selon la structure de votre bouche et de vos dents, le traitement peut parfois \u00eatre r\u00e9alis\u00e9 en une seule s\u00e9ance, mais selon la situation, vous devrez peut-\u00eatre effectuer plusieurs s\u00e9ances de traitement.<\/p><div class=\"col-lg-12 col-md-12 col-12\"><p>Avant de passer \u00e0 la phase de conception, le m\u00e9decin examine le patient et d\u00e9termine les probl\u00e8mes existants. Une fois l\u2019alignement des dents et la sant\u00e9 bucco-dentaire assur\u00e9s, la conception est r\u00e9alis\u00e9e en fonction de l\u2019individu. En d\u2019autres termes, la dur\u00e9e du traitement d\u00e9pend enti\u00e8rement de la sant\u00e9 bucco-dentaire de la personne.<\/p><\/div><div class=\"col-lg-8 col-md-8 col-12\">\u00a0<\/div><h4>Vous pouvez avoir un look parfait avec Smile Design<\/h4><p>Il ne doit pas y avoir de zones sombres dans la bouche. Lorsque nous sourions, nos dents du fond doivent \u00eatre visibles dans une certaine mesure. Si cela n&#039;est pas vu, des zones sombres se formeront aux commissures des l\u00e8vres qui g\u00e2cheront l&#039;esth\u00e9tique. Pour les dents de devant, la longueur de la couronne (la partie visible dans la bouche) des dents doit \u00eatre plus grande que la largeur, et le nombre d&#039;or doit \u00eatre respect\u00e9 entre elles. La couleur des dents est peut-\u00eatre le d\u00e9tail le plus important dans la conception du sourire. Nos dents ne sont jamais d\u2019une seule couleur. Il est essentiel de r\u00e9aliser plus d&#039;une couleur et des ombres transparentes.<\/p><p>Smile Design est un type de traitement g\u00e9n\u00e9ralement appliqu\u00e9 par les personnes qui ne sont pas satisfaites de l&#039;apparence de leurs dents afin de para\u00eetre plus belles visuellement. Le traitement Smile Design n\u2019est pas seulement une proc\u00e9dure appliqu\u00e9e aux dents. Bien que les plaintes concernent souvent l\u2019apparence des dents, les gencives sont \u00e9galement un facteur qui affecte grandement l\u2019apparence visuelle du sourire.<\/p><p>Les gencives r\u00e9tract\u00e9es, les gencives tach\u00e9es et fonc\u00e9es, et m\u00eame les gencives trop visibles lors du sourire (sourire gingival) font partie des probl\u00e8mes dont se plaignent les patients. En dentisterie esth\u00e9tique, lorsque le visage humain est consid\u00e9r\u00e9 dans son ensemble, le traitement est appliqu\u00e9 en fonction de la fa\u00e7on dont l&#039;apparence des dents et des gencives modifie le visage.<\/p><h4>Il y a des r\u00e8gles pour un sourire parfait !<\/h4><p>Bien que la chose la plus importante dans la conception du sourire soit les souhaits de la personne, il existe des r\u00e8gles pour un sourire parfait. Tout d\u2019abord, le niveau des gencives doit \u00eatre compatible avec le niveau des l\u00e8vres et l\u2019alignement des dents doit \u00eatre correct. Il ne suffit pas que les dents soient simplement sym\u00e9triques. Les dents doivent \u00e9galement \u00eatre en accord avec le nombre d\u2019or de la bouche, de la structure de la m\u00e2choire et de la forme du visage. C&#039;est l\u00e0 que les avis et recommandations du dentiste prennent toute leur importance. En m\u00eame temps, cela ne devrait pas affecter les expressions faciales de la personne.<\/p><p>Capturer le nombre d&#039;or dans la conception du sourire est tr\u00e8s important pour que la personne ait les dents dont elle r\u00eave et qu&#039;elle veut voir dans le miroir. De plus, de nombreuses caract\u00e9ristiques telles que l\u2019\u00e2ge, le sexe, le caract\u00e8re et le statut social du patient sont des questions qui doivent \u00eatre prises en consid\u00e9ration par le m\u00e9decin avant de passer \u00e0 la phase de conception.<\/p><h3>Quels sont les avantages qu\u2019il apporte \u00e0 la personne ?<\/h3><p><img decoding=\"async\" class=\"wp-image-3803 alignright\" src=\"https:\/\/omerkutay.com\/wp-content\/uploads\/2025\/02\/gulus-tasarimi3-300x244.jpg\" alt=\"Conception de sourire\" width=\"289\" height=\"235\" srcset=\"https:\/\/omerkutay.com\/wp-content\/uploads\/2025\/02\/gulus-tasarimi3-300x244.jpg 300w, https:\/\/omerkutay.com\/wp-content\/uploads\/2025\/02\/gulus-tasarimi3.jpg 768w\" sizes=\"(max-width: 289px) 100vw, 289px\" \/><\/p><p>L\u2019avantage le plus important que la conception du sourire apportera \u00e0 une personne sera sans aucun doute d\u2019augmenter sa confiance en soi. En plus de cela, les dents et les gencives paraissent plus saines, la personne obtient un sourire \u00e9clatant et impeccable et a des dents adapt\u00e9es \u00e0 son type de visage.<\/p><p>Il peut \u00eatre appliqu\u00e9 en fonction de ses propres attentes sans cr\u00e9er de probl\u00e8mes. Le but ici est d\u2019\u00e9liminer le probl\u00e8me esth\u00e9tique qui d\u00e9range la personne et d\u2019\u00e9liminer la phobie sociale qu\u2019il cr\u00e9e chez la personne. Les personnes qui ont eu recours \u00e0 une conception de sourire n&#039;h\u00e9sitent pas \u00e0 sourire sans aucun souci esth\u00e9tique, contrairement \u00e0 avant, et elles ont \u00e9galement tous les probl\u00e8mes dans leur bouche trait\u00e9s pendant le processus de conception du sourire. En cons\u00e9quence, ils ont \u00e0 la fois des dents saines et un sourire parfait.<\/p><p><i>Rajeunissez avec le design du sourire<\/i><\/p><p>\u00c0 mesure que les gens vieillissent, leurs traits du visage changent. Des rides et un affaissement commencent \u00e0 appara\u00eetre dans la zone de la bouche. Apr\u00e8s ce d\u00e9chaussement, les dents peuvent devenir moins visibles, ce qui donne \u00e0 la personne une apparence plus \u00e2g\u00e9e qu\u2019elle ne l\u2019est. La r\u00e9cession gingivale et les dents manquantes peuvent provoquer des situations qui affectent directement votre sourire et votre confiance en vous.<\/p><div class=\"col-lg-12 col-md-12 col-12\"><p>Dans ce cas, l\u2019une des choses les plus importantes \u00e0 faire est sans aucun doute l\u2019application de la conception du sourire. Avec cette application, les dents manquantes sont compl\u00e9t\u00e9es, les probl\u00e8mes de gencives sont \u00e9limin\u00e9s et une apparence plus jeune est facilement obtenue avec un design adapt\u00e9 \u00e0 la personne.<\/p><h4>Comment se d\u00e9roule le traitement ?<\/h4><p>Les facettes en porcelaine stratifi\u00e9e sont de fines feuillets de porcelaine qui sont pr\u00e9par\u00e9s en laboratoire en retirant un minimum de tissu au niveau de l&#039;\u00e9mail uniquement sur les surfaces avant des dents et sont coll\u00e9s aux dents lors de la deuxi\u00e8me s\u00e9ance. Leur capacit\u00e9 d\u2019adh\u00e9sion sur l\u2019\u00e9mail est tr\u00e8s \u00e9lev\u00e9e et ce sont donc des restaurations durables. Il est toutefois recommand\u00e9 d&#039;\u00e9viter le mouvement de d\u00e9chirure, notamment des aliments durs. La proc\u00e9dure de placage stratifi\u00e9 se d\u00e9roule selon les \u00e9tapes suivantes :<\/p><p>Lors de votre premier rendez-vous, un design adapt\u00e9 \u00e0 vos besoins est d\u00e9termin\u00e9 sur vos dents en 3D avec une \u00e9tude de maquette. Cette \u00e9tude est tr\u00e8s importante pour cr\u00e9er un mod\u00e8le d\u00e9cisif pour le m\u00e9decin, le patient et le technicien de laboratoire. Lors du deuxi\u00e8me rendez-vous, le travail en cire pr\u00e9par\u00e9 au laboratoire est r\u00e9p\u00e9t\u00e9 sur les dents et les ajustements n\u00e9cessaires sont effectu\u00e9s. Sous anesth\u00e9sie locale, la quantit\u00e9 d&#039;\u00e9mail dentaire n\u00e9cessaire \u00e0 la pr\u00e9paration du placage est retir\u00e9e et la pr\u00e9paration de la dent est termin\u00e9e. Ensuite, des mesures sont prises et des facettes temporaires sont coll\u00e9es temporairement sur les dents.<\/p><h5>Choses \u00e0 savoir<\/h5><p>Aujourd\u2019hui, avec le d\u00e9veloppement de la dentisterie et de la dentisterie esth\u00e9tique, il est d\u00e9sormais beaucoup plus facile et sans effort d\u2019obtenir le beau sourire dont les patients se plaignent le plus. Quand on parle de beau sourire, ce qui nous vient \u00e0 l\u2019esprit, c\u2019est l\u2019harmonie des dents et des gencives, le nombre d\u2019or entre les dents, l\u2019alignement et la couleur des dents, et l\u2019harmonie avec les l\u00e8vres.<\/p><div class=\"col-lg-12 col-md-12 col-12\"><p>Le design du sourire est appliqu\u00e9 aux patients de tous \u00e2ges dans la clinique du professeur Dr. \u00d6mer Kutay \u00e0 Ni\u015fanta\u015f\u0131. Les patients ont des dents beaucoup plus saines, plus belles et plus propres gr\u00e2ce \u00e0 ces applications. Le premier rendez-vous en conception du sourire est un rendez-vous d&#039;\u00e9change avec les patients. Lors du premier rendez-vous, les attentes du patient sont \u00e9cout\u00e9es et les radiographies des m\u00e2choires et des dents sont examin\u00e9es. Avant de commencer le traitement, des photographies et des mod\u00e8les sont pris, le probl\u00e8me du patient est d\u00e9termin\u00e9, la mani\u00e8re dont il peut \u00eatre r\u00e9solu et les options de traitement sont discut\u00e9es, et une d\u00e9cision est prise sur ce qui peut \u00eatre fait.<\/p><h5>Laissez vos dents briller comme une \u00e9toile !<\/h5><p><img loading=\"lazy\" decoding=\"async\" class=\"wp-image-3802 alignleft\" src=\"https:\/\/omerkutay.com\/wp-content\/uploads\/2025\/02\/gulus-tasarimi4-300x155.jpg\" alt=\"Conception de sourire\" width=\"504\" height=\"260\" srcset=\"https:\/\/omerkutay.com\/wp-content\/uploads\/2025\/02\/gulus-tasarimi4-300x155.jpg 300w, https:\/\/omerkutay.com\/wp-content\/uploads\/2025\/02\/gulus-tasarimi4.jpg 512w\" sizes=\"(max-width: 504px) 100vw, 504px\" \/><\/p><p>Aujourd\u2019hui, tirer parti de la technologie pour \u00e9liminer les pr\u00e9occupations esth\u00e9tiques, para\u00eetre plus jeune ou se sentir mieux dans sa peau commence \u00e0 susciter un grand int\u00e9r\u00eat dans le monde entier. Bien que la perception de la beaut\u00e9 varie selon la personne, la culture et les diff\u00e9rences sociales, tout le monde s&#039;accorde \u00e0 dire que la chose la plus importante qui compl\u00e8te la beaut\u00e9 est un bon sourire et des dents proportionn\u00e9es.<\/p><p>C\u2019est pour cette raison que les gens ont commenc\u00e9 \u00e0 manifester un plus grand int\u00e9r\u00eat pour avoir des dents lisses, sans fissures et sans taches. Le fait que les personnes timides \u00e0 propos de leur sourire soient insatisfaites d\u2019elles-m\u00eames est d\u00e9sormais hors de question. Dans les conditions actuelles, toute personne d\u00e9sirant avoir un sourire parfait peut b\u00e9n\u00e9ficier des opportunit\u00e9s offertes par la dentisterie.<\/p><h5>N&#039;h\u00e9sitez pas \u00e0 rire !<\/h5><p>Le fait que les gens h\u00e9sitent \u00e0 rire et ressentent le besoin de se couvrir la bouche avec la main en riant est une indication que la personne se soucie de sa beaut\u00e9 et manque de confiance en elle. La m\u00e9thode la plus courante utilis\u00e9e par les personnes qui se plaignent de telles situations est la conception du sourire. Il n\u2019y a probablement rien qui permette \u00e0 une personne de se sentir mieux et plus belle qu\u2019un sourire \u00e9clatant et impeccable lorsqu\u2019elle se regarde dans le miroir. C&#039;est pourquoi le nombre de patients qui frappent \u00e0 la porte de leur m\u00e9decin pour une conception du sourire augmente de jour en jour.<\/p><p>Les patients n\u2019h\u00e9sitent souvent pas \u00e0 recourir \u00e0 cette proc\u00e9dure, pr\u00e9voyant les avantages que la conception du sourire leur apportera. Le design du sourire rend non seulement la personne plus belle en lui donnant confiance en elle, mais r\u00e9gule \u00e9galement ses relations sociales en la rendant heureuse lorsqu&#039;elle se regarde dans le miroir.<\/p><p>Il est d\u00e9sormais tr\u00e8s facile de rire librement !<\/p><p>Pouvoir rire librement, sans honte, sans h\u00e9sitation, sans se couvrir la bouche avec la main, et ne pas se priver de ce magnifique sourire est enti\u00e8rement entre vos mains... Avec la technologie d&#039;aujourd&#039;hui, obtenir les dents dont vous r\u00eavez est devenu plus facile que vous ne le pensez. Il vous suffit de concevoir votre sourire en rencontrant un dentiste de confiance, qui comprendra vos souhaits et vos attentes. Votre m\u00e9decin prendra vos id\u00e9es et adaptera la forme du sourire qui vous conviendra le mieux \u00e0 la structure de votre bouche, en veillant \u00e0 ce que vous brilliez avec votre sourire.<\/p><p>Bonjour \u00e0 de toutes nouvelles dents !<\/p><div class=\"col-lg-12 col-md-12 col-12\"><p>Cela peut s\u2019appliquer \u00e0 tout le monde, homme ou femme. Si vous ne souhaitez plus perdre de temps avec vos dents disgracieuses, vous pouvez contacter votre m\u00e9decin sans plus attendre pour un sourire qui vous soulagera de vos soucis esth\u00e9tiques et vous permettra de sourire en toute libert\u00e9.<\/p><\/div><\/div><\/div><\/div><\/div><\/div>\t\t\t\t\t\t<\/div>\n\t\t\t\t<\/div>\n\t\t\t\t<div class=\"elementor-element elementor-element-6a5ecf2 elementor-widget elementor-widget-heading\" data-id=\"6a5ecf2\" data-element_type=\"widget\" data-widget_type=\"heading.default\">\n\t\t\t\t<div class=\"elementor-widget-container\">\n\t\t\t<style>\/*! elementor - v3.21.0 - 26-05-2024 *\/\n.elementor-heading-title{padding:0;margin:0;line-height:1}.elementor-widget-heading .elementor-heading-title[class*=elementor-size-]>a{color:inherit;font-size:inherit;line-height:inherit}.elementor-widget-heading .elementor-heading-title.elementor-size-small{font-size:15px}.elementor-widget-heading .elementor-heading-title.elementor-size-medium{font-size:19px}.elementor-widget-heading .elementor-heading-title.elementor-size-large{font-size:29px}.elementor-widget-heading .elementor-heading-title.elementor-size-xl{font-size:39px}.elementor-widget-heading .elementor-heading-title.elementor-size-xxl{font-size:59px}<\/style><div class=\"elementor-heading-title elementor-size-default\">Questions fr\u00e9quemment pos\u00e9es<\/div>\t\t<\/div>\n\t\t\t\t<\/div>\n\t\t\t\t<div class=\"elementor-element elementor-element-aeaad9d elementor-widget elementor-widget-labout_faqs\" data-id=\"aeaad9d\" data-element_type=\"widget\" data-widget_type=\"labout_faqs.default\">\n\t\t\t\t<div class=\"elementor-widget-container\">\n\t\t\t    \n    <!-- faq-section -->\n    <section class=\"faq-section pt_120 pb_120\">\n                <div class=\"auto-container\">\n                        <div class=\"inner-container\">\n                <ul class=\"accordion-box\">\n                                        <li class=\"accordion block\">\n                        <div class=\"acc-btn\"><h4><span> 1<\/span>Le design du sourire est-il permanent ?<\/h4><\/div>\n                        <div class=\"acc-content\">\n                            <div class=\"content\">\n                                <p>Oui, mais un bon entretien et des contr\u00f4les r\u00e9guliers sont n\u00e9cessaires.<\/p>\n                            <\/div>\n                        <\/div>\n                    <\/li>\n                                        <li class=\"accordion block\">\n                        <div class=\"acc-btn\"><h4><span> 2<\/span>La conception du sourire est-elle une proc\u00e9dure douloureuse ?<\/h4><\/div>\n                        <div class=\"acc-content\">\n                            <div class=\"content\">\n                                <p>La plupart des interventions sont r\u00e9alis\u00e9es sous anesth\u00e9sie locale et la douleur est minime.<\/p>\n                            <\/div>\n                        <\/div>\n                    <\/li>\n                                        <li class=\"accordion block active-block\">\n                        <div class=\"acc-btn active\"><h4><span> 3<\/span>Quels processus implique la conception du sourire ?<\/h4><\/div>\n                        <div class=\"acc-content current\">\n                            <div class=\"content\">\n                                <p>Cela peut inclure des proc\u00e9dures telles que le blanchiment des dents, les facettes en porcelaine, l\u2019esth\u00e9tique des gencives, l\u2019orthodontie et les implants.<\/p>\n                            <\/div>\n                        <\/div>\n                    <\/li>\n                                        <li class=\"accordion block\">\n                        <div class=\"acc-btn\"><h4><span> 4<\/span>Qui peut b\u00e9n\u00e9ficier du Smile Design ?<\/h4><\/div>\n                        <div class=\"acc-content\">\n                            <div class=\"content\">\n                                <p>Il peut \u00eatre appliqu\u00e9 \u00e0 toute personne ayant des pr\u00e9occupations esth\u00e9tiques concernant ses dents et ayant une structure dento-gingivale saine.<\/p>\n                            <\/div>\n                        <\/div>\n                    <\/li>\n                                        <li class=\"accordion block\">\n                        <div class=\"acc-btn\"><h4><span> 5<\/span>Qu&#039;est-ce que le design du sourire ?<\/h4><\/div>\n                        <div class=\"acc-content\">\n                            <div class=\"content\">\n                                <p>C&#039;est un traitement personnalis\u00e9 qui am\u00e9liore l&#039;harmonie esth\u00e9tique des dents, des gencives et des l\u00e8vres.<\/p>\n                            <\/div>\n                        <\/div>\n                    <\/li>\n                                    <\/ul>\n            <\/div>\n        <\/div>\n    <\/section>\n    <!-- faq-section end -->\n      \n\t\t\t<\/div>\n\t\t\t\t<\/div>\n\t\t\t\t<\/div>\n\t\t\t\t<\/div>\n\t\t\t\t<\/div>","protected":false},"excerpt":{"rendered":"<p>Le Smile Design est un proc\u00e9d\u00e9 alliant dentisterie et art pour cr\u00e9er le sourire id\u00e9al, r\u00e9pondant \u00e0 vos besoins esth\u00e9tiques et fonctionnels, pour un sourire naturel, sain et attrayant. Gr\u00e2ce aux progr\u00e8s de la dentisterie moderne et \u00e0 l&#039;utilisation de nouveaux mat\u00e9riaux, les patients r\u00e9pondent d\u00e9sormais \u00e0 bon nombre de leurs attentes esth\u00e9tiques. Aujourd&#039;hui, de nombreux patients b\u00e9n\u00e9ficient de meilleurs r\u00e9sultats gr\u00e2ce \u00e0 cette m\u00e9thode de traitement propos\u00e9e par la dentisterie esth\u00e9tique. [\u2026]<\/p>","protected":false},"author":1,"featured_media":0,"parent":0,"menu_order":0,"comment_status":"closed","ping_status":"closed","template":"","meta":{"footnotes":""},"class_list":["post-3335","page","type-page","status-publish","hentry"],"_links":{"self":[{"href":"https:\/\/omerkutay.com\/fr\/wp-json\/wp\/v2\/pages\/3335","targetHints":{"allow":["GET"]}}],"collection":[{"href":"https:\/\/omerkutay.com\/fr\/wp-json\/wp\/v2\/pages"}],"about":[{"href":"https:\/\/omerkutay.com\/fr\/wp-json\/wp\/v2\/types\/page"}],"author":[{"embeddable":true,"href":"https:\/\/omerkutay.com\/fr\/wp-json\/wp\/v2\/users\/1"}],"replies":[{"embeddable":true,"href":"https:\/\/omerkutay.com\/fr\/wp-json\/wp\/v2\/comments?post=3335"}],"version-history":[{"count":0,"href":"https:\/\/omerkutay.com\/fr\/wp-json\/wp\/v2\/pages\/3335\/revisions"}],"wp:attachment":[{"href":"https:\/\/omerkutay.com\/fr\/wp-json\/wp\/v2\/media?parent=3335"}],"curies":[{"name":"wp","href":"https:\/\/api.w.org\/{rel}","templated":true}]}}