{"id":3340,"date":"2025-02-20T10:12:16","date_gmt":"2025-02-20T07:12:16","guid":{"rendered":"https:\/\/omerkutay.com\/?page_id=3340"},"modified":"2025-08-14T16:44:23","modified_gmt":"2025-08-14T13:44:23","slug":"revetement-en-porcelaine-et-zircon","status":"publish","type":"page","link":"https:\/\/omerkutay.com\/fr\/revetement-en-porcelaine-et-zircon\/","title":{"rendered":"Rev\u00eatement en porcelaine"},"content":{"rendered":"<div data-elementor-type=\"wp-page\" data-elementor-id=\"3340\" class=\"elementor elementor-3340\">\n\t\t\t\t<div class=\"elementor-element elementor-element-d6797aa e-con-full tedavikapsa e-flex e-con e-parent\" data-id=\"d6797aa\" data-element_type=\"container\">\n\t\t<div class=\"elementor-element elementor-element-2bb6504 e-con-full tedavisidebarkapsa e-flex e-con e-child\" data-id=\"2bb6504\" data-element_type=\"container\">\n\t\t\t\t<div class=\"elementor-element elementor-element-b92ff26 elementor-widget elementor-widget-sidebar\" data-id=\"b92ff26\" data-element_type=\"widget\" data-widget_type=\"sidebar.default\">\n\t\t\t\t<div class=\"elementor-widget-container\">\n\t\t\t<div id=\"nav_menu-3\" class=\"service-sidebar-widget sidebar-widget mb_30 widget_nav_menu\"><div class=\"widget-title mb_17\"><h3>Traitements<\/h3><\/div><\/div><div id=\"text-2\" class=\"service-sidebar-widget sidebar-widget mb_30 widget_text\"><div class=\"widget-title mb_17\"><h3>Obtenez des informations d\u00e9taill\u00e9es<\/h3><\/div>\t\t\t<div class=\"textwidget\"><p class=\"wpcf7-contact-form-not-found\"><strong>Erreur :<\/strong> Formulaire de contact non trouv\u00e9 !<\/p>\n<\/div>\n\t\t<\/div>\t\t<\/div>\n\t\t\t\t<\/div>\n\t\t\t\t<\/div>\n\t\t<div class=\"elementor-element elementor-element-98a712c e-con-full e-flex e-con e-child\" data-id=\"98a712c\" data-element_type=\"container\">\n\t\t\t\t<div class=\"elementor-element elementor-element-cf776e6 elementor-widget elementor-widget-text-editor\" data-id=\"cf776e6\" data-element_type=\"widget\" data-widget_type=\"text-editor.default\">\n\t\t\t\t<div class=\"elementor-widget-container\">\n\t\t\t<style>\/*! elementor - v3.21.0 - 26-05-2024 *\/\n.elementor-widget-text-editor.elementor-drop-cap-view-stacked .elementor-drop-cap{background-color:#69727d;color:#fff}.elementor-widget-text-editor.elementor-drop-cap-view-framed .elementor-drop-cap{color:#69727d;border:3px solid;background-color:transparent}.elementor-widget-text-editor:not(.elementor-drop-cap-view-default) .elementor-drop-cap{margin-top:8px}.elementor-widget-text-editor:not(.elementor-drop-cap-view-default) .elementor-drop-cap-letter{width:1em;height:1em}.elementor-widget-text-editor .elementor-drop-cap{float:left;text-align:center;line-height:1;font-size:50px}.elementor-widget-text-editor .elementor-drop-cap-letter{display:inline-block}<\/style>\t\t\t\t<div class=\"content-one mb_65\"><div class=\"text-box mb_35\"><p>Le rev\u00eatement en porcelaine et zircone est le rev\u00eatement complet d&#039;une dent avec un mat\u00e9riau esth\u00e9tique, g\u00e9n\u00e9ralement en porcelaine. Afin d\u2019appliquer une facette, une coupe de 1 mm doit \u00eatre r\u00e9alis\u00e9e autour de la dent pour r\u00e9duire sa taille. Son but est d\u2019embellir, de renforcer et de prot\u00e9ger les dents.<\/p><div class=\"col-lg-12 col-md-12 col-12\"><p><b>La couronne peut \u00eatre r\u00e9alis\u00e9e dans les cas suivants :<\/b><\/p><ol><li>Pour restaurer une obturation importante dans les cas o\u00f9 le support dentaire est insuffisant<\/li><li>Pour \u00e9viter que les dents fragiles ne se cassent<\/li><li>En tant que superstructure pour un implant dentaire<\/li><li>Pour couvrir les dents cass\u00e9es, d\u00e9form\u00e9es ou d\u00e9color\u00e9es<\/li><\/ol><h2>Quel mat\u00e9riau est le plus adapt\u00e9 aux facettes en porcelaine et en zircon ?<\/h2><p>Votre dentiste \u00e9valuera l\u2019\u00e9tat de vos dents et prendra une d\u00e9cision \u00e0 ce sujet pour vous. Les mat\u00e9riaux les plus appr\u00e9ci\u00e9s aujourd\u2019hui sont les facettes enti\u00e8rement en porcelaine ou les facettes en porcelaine \u00e0 support m\u00e9tallique. La diff\u00e9rence entre eux est que les facettes enti\u00e8rement en porcelaine sont plus esth\u00e9tiques.<\/p><h3>Combien de temps faut-il pour fabriquer des facettes en porcelaine et en zircone ?<\/h3><p>Le processus de placage est r\u00e9alis\u00e9 en moyenne en 3 rendez-vous. Si cela doit \u00eatre fait rapidement, cela peut \u00eatre r\u00e9alis\u00e9 en 2 rendez-vous. Il devrait y avoir 2 \u00e0 3 jours entre les rendez-vous. Votre dentiste pr\u00e9parera votre dent selon les besoins, nettoiera les zones cari\u00e9es et prendra des empreintes pour cr\u00e9er un mod\u00e8le complet de la dent. Une fois votre rev\u00eatement r\u00e9alis\u00e9 selon le mod\u00e8le obtenu, il est mis en place.<\/p><div class=\"col-lg-12 col-md-12 col-12\"><p>Une fois que vous et votre dentiste \u00eates satisfaits de son apparence et de sa position, le placage est coll\u00e9 de fa\u00e7on permanente.<\/p><h3>Entretien des facettes en porcelaine et en zircon<\/h3><p><strong>Comment entretenir les rev\u00eatements ?<\/strong><\/p><p><img fetchpriority=\"high\" decoding=\"async\" class=\"size-medium wp-image-3896 alignright\" src=\"https:\/\/omerkutay.com\/wp-content\/uploads\/2025\/04\/porselen-ve-zirkon-kaplama-5.jpg\" alt=\"Rev\u00eatement en porcelaine et zircon\" width=\"297\" height=\"300\" \/><\/p><p>Vous devez vous brosser les dents deux fois par jour et utiliser du fil dentaire une fois par jour. Pour \u00e9viter de fissurer ou d&#039;endommager les rev\u00eatements, il est n\u00e9cessaire d&#039;\u00e9viter les aliments et les objets durs (comme les aliments \u00e0 coque cassante). Comme dans tous les cas, des visites de routine chez votre dentiste prolongeront la dur\u00e9e de vie des couronnes.<\/p><p><strong>\u00c0 quoi ressemble un rev\u00eatement termin\u00e9 ?<\/strong><\/p><p>L\u2019objectif principal est que le placage ressemble autant que possible aux dents naturelles. Pour y parvenir, une couronne est fabriqu\u00e9e qui correspond \u00e0 la couleur, \u00e0 la forme, \u00e0 la mastication et \u00e0 la taille de vos dents naturelles et artificielles.<\/p><p><strong>Pourquoi un pont est-il n\u00e9cessaire ?<\/strong><\/p><p>Ils sont essentiels pour votre apparence, votre sant\u00e9 dentaire et le fonctionnement de vos dents et de votre m\u00e2choire. Un pont aide \u00e0 maintenir la forme naturelle de votre visage et soutient les l\u00e8vres et les joues. La perte d\u2019une molaire peut donner \u00e0 votre visage une apparence plus vieille et plus us\u00e9e qu\u2019elle ne l\u2019est en r\u00e9alit\u00e9. Plus important encore, ne pas r\u00e9parer les dents manquantes nuira \u00e0 la sant\u00e9 bucco-dentaire. Chaque dent est con\u00e7ue pour compl\u00e9ter l\u2019autre. Lorsqu\u2019une dent est perdue, les autres dents se d\u00e9placent ou s\u2019inclinent au fil du temps vers l\u2019espace cr\u00e9\u00e9 par la dent manquante. La dent de la m\u00e2choire oppos\u00e9e pousse \u00e9galement dans l\u2019espace. Ces mouvements dentaires inhabituels provoquent un stress \u00e0 la fois sur la dent et sur la gencive. En plus de tout cela, des dommages se produisent au niveau des gencives et des tissus osseux. Parce que les contacts dentaires normaux et naturels sont perturb\u00e9s et que le nettoyage physiologique est donc emp\u00each\u00e9, les dents deviennent sujettes \u00e0 la carie.<\/p><h4>Qu&#039;est-ce qu&#039;une proth\u00e8se de pont ?<\/h4><p><strong>Qu&#039;est-ce qu&#039;une proth\u00e8se de pont exactement ?<\/strong><\/p><p>Il s&#039;agit d&#039;une m\u00e9thode de traitement bas\u00e9e sur le principe de la coupe et du recouvrement des dents voisines pour combler les espaces qui se produisent en cas de perte multiple de dents. Les ponts sont coll\u00e9s sur des dents naturelles coup\u00e9es.<\/p><p><strong>Comment devrions-nous prot\u00e9ger le pont ?<\/strong><\/p><p>Il est tr\u00e8s important de maintenir des dents saines dans notre bouche. Nous devons nous brosser les dents au moins deux fois par jour et les nettoyer avec des brossettes interdentaires. Les nettoyants aident \u00e0 \u00e9liminer la couche collante de bact\u00e9ries que nous appelons plaque.<\/p><div class=\"col-lg-12 col-md-12 col-12\"><p>Ils entra\u00eenent la formation de plaque dentaire, de maladies des gencives et de caries dentaires. Si la dent ou l\u2019os qui la maintient est endommag\u00e9 de quelque fa\u00e7on que ce soit, le pont dentaire peut perdre son support. Il est particuli\u00e8rement n\u00e9cessaire de nettoyer soigneusement la zone autour du pont, en dessous et les zones de connexion avec les dents naturelles. Le fil dentaire et les brosses sp\u00e9ciales nous aideront \u00e0 atteindre ces zones. Le plus important est de consulter r\u00e9guli\u00e8rement votre dentiste. N&#039;oubliez pas que le r\u00f4le du dentiste dans la planification et l&#039;installation du pont est le facteur le plus important qui d\u00e9termine la dur\u00e9e de vie du pont.<\/p><\/div><\/div><\/div><\/div><\/div>\t\t\t\t\t\t<\/div>\n\t\t\t\t<\/div>\n\t\t\t\t<div class=\"elementor-element elementor-element-6a5ecf2 elementor-widget elementor-widget-heading\" data-id=\"6a5ecf2\" data-element_type=\"widget\" data-widget_type=\"heading.default\">\n\t\t\t\t<div class=\"elementor-widget-container\">\n\t\t\t<style>\/*! elementor - v3.21.0 - 26-05-2024 *\/\n.elementor-heading-title{padding:0;margin:0;line-height:1}.elementor-widget-heading .elementor-heading-title[class*=elementor-size-]>a{color:inherit;font-size:inherit;line-height:inherit}.elementor-widget-heading .elementor-heading-title.elementor-size-small{font-size:15px}.elementor-widget-heading .elementor-heading-title.elementor-size-medium{font-size:19px}.elementor-widget-heading .elementor-heading-title.elementor-size-large{font-size:29px}.elementor-widget-heading .elementor-heading-title.elementor-size-xl{font-size:39px}.elementor-widget-heading .elementor-heading-title.elementor-size-xxl{font-size:59px}<\/style><div class=\"elementor-heading-title elementor-size-default\">Questions fr\u00e9quemment pos\u00e9es<\/div>\t\t<\/div>\n\t\t\t\t<\/div>\n\t\t\t\t<div class=\"elementor-element elementor-element-aeaad9d elementor-widget elementor-widget-labout_faqs\" data-id=\"aeaad9d\" data-element_type=\"widget\" data-widget_type=\"labout_faqs.default\">\n\t\t\t\t<div class=\"elementor-widget-container\">\n\t\t\t    \n    <!-- faq-section -->\n    <section class=\"faq-section pt_120 pb_120\">\n                <div class=\"auto-container\">\n                        <div class=\"inner-container\">\n                <ul class=\"accordion-box\">\n                                        <li class=\"accordion block\">\n                        <div class=\"acc-btn\"><h4><span> 1<\/span>Les facettes changent-elles de couleur avec le temps ?<\/h4><\/div>\n                        <div class=\"acc-content\">\n                            <div class=\"content\">\n                                <p>La porcelaine ne change pas de couleur, mais les dents environnantes peuvent se tacher.<\/p>\n                            <\/div>\n                        <\/div>\n                    <\/li>\n                                        <li class=\"accordion block\">\n                        <div class=\"acc-btn\"><h4><span> 2<\/span>Est-ce une proc\u00e9dure douloureuse ?<\/h4><\/div>\n                        <div class=\"acc-content\">\n                            <div class=\"content\">\n                                <p>Avec l\u2019anesth\u00e9sie locale, aucune douleur n\u2019est ressentie, mais il peut y avoir une sensibilit\u00e9.<\/p>\n                            <\/div>\n                        <\/div>\n                    <\/li>\n                                        <li class=\"accordion block active-block\">\n                        <div class=\"acc-btn active\"><h4><span> 3<\/span>Combien de jours faut-il pour fabriquer des facettes en porcelaine ?<\/h4><\/div>\n                        <div class=\"acc-content current\">\n                            <div class=\"content\">\n                                <p>Elle est g\u00e9n\u00e9ralement r\u00e9alis\u00e9e en 2 \u00e0 3 s\u00e9ances (dans un d\u00e9lai de 1 \u00e0 2 semaines).<\/p>\n                            <\/div>\n                        <\/div>\n                    <\/li>\n                                        <li class=\"accordion block\">\n                        <div class=\"acc-btn\"><h4><span> 4<\/span>\u00c0 quoi sert le placage en porcelaine ?<\/h4><\/div>\n                        <div class=\"acc-content\">\n                            <div class=\"content\">\n                                <p>Il est utilis\u00e9 pour r\u00e9parer les dents cass\u00e9es, cari\u00e9es, d\u00e9color\u00e9es ou d\u00e9form\u00e9es.<\/p>\n                            <\/div>\n                        <\/div>\n                    <\/li>\n                                        <li class=\"accordion block\">\n                        <div class=\"acc-btn\"><h4><span> 5<\/span>Qu&#039;est-ce qu&#039;un placage en porcelaine ?<\/h4><\/div>\n                        <div class=\"acc-content\">\n                            <div class=\"content\">\n                                <p>Il s\u2019agit d\u2019une fine couche de porcelaine appliqu\u00e9e sur la dent pour augmenter son esth\u00e9tique et sa fonction.<\/p>\n                            <\/div>\n                        <\/div>\n                    <\/li>\n                                    <\/ul>\n            <\/div>\n        <\/div>\n    <\/section>\n    <!-- faq-section end -->\n      \n\t\t\t<\/div>\n\t\t\t\t<\/div>\n\t\t\t\t<\/div>\n\t\t\t\t<\/div>\n\t\t\t\t<\/div>","protected":false},"excerpt":{"rendered":"<p>Les facettes en porcelaine et zircone recouvrent enti\u00e8rement une dent d&#039;un mat\u00e9riau esth\u00e9tique, g\u00e9n\u00e9ralement en porcelaine. Pour la pose d&#039;une facette, une incision de 1 mm doit \u00eatre pratiqu\u00e9e autour de la dent. Son but est d&#039;embellir, de renforcer et de prot\u00e9ger la dent. Une couronne peut \u00eatre utilis\u00e9e dans les situations suivantes\u00a0: pour restaurer une obturation importante lorsque le support dentaire est insuffisant\u00a0; pour pr\u00e9venir la fracture de dents fragiles\u00a0; pour [\u2026]<\/p>","protected":false},"author":1,"featured_media":0,"parent":0,"menu_order":0,"comment_status":"closed","ping_status":"closed","template":"","meta":{"footnotes":""},"class_list":["post-3340","page","type-page","status-publish","hentry"],"_links":{"self":[{"href":"https:\/\/omerkutay.com\/fr\/wp-json\/wp\/v2\/pages\/3340","targetHints":{"allow":["GET"]}}],"collection":[{"href":"https:\/\/omerkutay.com\/fr\/wp-json\/wp\/v2\/pages"}],"about":[{"href":"https:\/\/omerkutay.com\/fr\/wp-json\/wp\/v2\/types\/page"}],"author":[{"embeddable":true,"href":"https:\/\/omerkutay.com\/fr\/wp-json\/wp\/v2\/users\/1"}],"replies":[{"embeddable":true,"href":"https:\/\/omerkutay.com\/fr\/wp-json\/wp\/v2\/comments?post=3340"}],"version-history":[{"count":0,"href":"https:\/\/omerkutay.com\/fr\/wp-json\/wp\/v2\/pages\/3340\/revisions"}],"wp:attachment":[{"href":"https:\/\/omerkutay.com\/fr\/wp-json\/wp\/v2\/media?parent=3340"}],"curies":[{"name":"wp","href":"https:\/\/api.w.org\/{rel}","templated":true}]}}