{"id":3345,"date":"2025-02-20T10:13:40","date_gmt":"2025-02-20T07:13:40","guid":{"rendered":"https:\/\/omerkutay.com\/?page_id=3345"},"modified":"2025-08-14T16:39:27","modified_gmt":"2025-08-14T13:39:27","slug":"stratifie","status":"publish","type":"page","link":"https:\/\/omerkutay.com\/fr\/stratifie\/","title":{"rendered":"Rev\u00eatement stratifi\u00e9"},"content":{"rendered":"<div data-elementor-type=\"wp-page\" data-elementor-id=\"3345\" class=\"elementor elementor-3345\">\n\t\t\t\t<div class=\"elementor-element elementor-element-d6797aa e-con-full tedavikapsa e-flex e-con e-parent\" data-id=\"d6797aa\" data-element_type=\"container\">\n\t\t<div class=\"elementor-element elementor-element-2bb6504 e-con-full tedavisidebarkapsa e-flex e-con e-child\" data-id=\"2bb6504\" data-element_type=\"container\">\n\t\t\t\t<div class=\"elementor-element elementor-element-b92ff26 elementor-widget elementor-widget-sidebar\" data-id=\"b92ff26\" data-element_type=\"widget\" data-widget_type=\"sidebar.default\">\n\t\t\t\t<div class=\"elementor-widget-container\">\n\t\t\t<div id=\"nav_menu-3\" class=\"service-sidebar-widget sidebar-widget mb_30 widget_nav_menu\"><div class=\"widget-title mb_17\"><h3>Traitements<\/h3><\/div><\/div><div id=\"text-2\" class=\"service-sidebar-widget sidebar-widget mb_30 widget_text\"><div class=\"widget-title mb_17\"><h3>Obtenez des informations d\u00e9taill\u00e9es<\/h3><\/div>\t\t\t<div class=\"textwidget\"><p class=\"wpcf7-contact-form-not-found\"><strong>Erreur :<\/strong> Formulaire de contact non trouv\u00e9 !<\/p>\n<\/div>\n\t\t<\/div>\t\t<\/div>\n\t\t\t\t<\/div>\n\t\t\t\t<\/div>\n\t\t<div class=\"elementor-element elementor-element-98a712c e-con-full e-flex e-con e-child\" data-id=\"98a712c\" data-element_type=\"container\">\n\t\t\t\t<div class=\"elementor-element elementor-element-cf776e6 elementor-widget elementor-widget-text-editor\" data-id=\"cf776e6\" data-element_type=\"widget\" data-widget_type=\"text-editor.default\">\n\t\t\t\t<div class=\"elementor-widget-container\">\n\t\t\t<style>\/*! elementor - v3.21.0 - 26-05-2024 *\/\n.elementor-widget-text-editor.elementor-drop-cap-view-stacked .elementor-drop-cap{background-color:#69727d;color:#fff}.elementor-widget-text-editor.elementor-drop-cap-view-framed .elementor-drop-cap{color:#69727d;border:3px solid;background-color:transparent}.elementor-widget-text-editor:not(.elementor-drop-cap-view-default) .elementor-drop-cap{margin-top:8px}.elementor-widget-text-editor:not(.elementor-drop-cap-view-default) .elementor-drop-cap-letter{width:1em;height:1em}.elementor-widget-text-editor .elementor-drop-cap{float:left;text-align:center;line-height:1;font-size:50px}.elementor-widget-text-editor .elementor-drop-cap-letter{display:inline-block}<\/style>\t\t\t\t<div class=\"content-one mb_65\"><div class=\"text-box mb_35\"><p><img fetchpriority=\"high\" decoding=\"async\" class=\"wp-image-3901 alignright\" src=\"https:\/\/omerkutay.com\/wp-content\/uploads\/2025\/02\/lamineyt1-300x244.jpg\" alt=\"Rev\u00eatement stratifi\u00e9\" width=\"370\" height=\"301\" srcset=\"https:\/\/omerkutay.com\/wp-content\/uploads\/2025\/02\/lamineyt1-300x244.jpg 300w, https:\/\/omerkutay.com\/wp-content\/uploads\/2025\/02\/lamineyt1.jpg 768w\" sizes=\"(max-width: 370px) 100vw, 370px\" \/>Si les dents sont d\u00e9color\u00e9es et particuli\u00e8rement d\u00e9form\u00e9es, les facettes stratifi\u00e9es sont une excellente solution esth\u00e9tique. Les facettes stratifi\u00e9es sont un type de traitement r\u00e9alis\u00e9 en collant une fine couche de porcelaine sur les surfaces avant des dents de devant pr\u00e9sentant des probl\u00e8mes esth\u00e9tiques.<\/p><div class=\"col-lg-12 col-md-12 col-12\"><p>Dans la plupart des cas, ils suffisent \u00e0 donner une beaut\u00e9 et une fonction naturelles aux dents gr\u00e2ce \u00e0 leur structure solide et \u00e0 leur couleur immuable. Vous pouvez sourire en toute confiance gr\u00e2ce aux facettes stratifi\u00e9es. Ces rev\u00eatements en porcelaine sont des structures fines et dures.<\/p><p>Ils sont r\u00e9sistants \u00e0 la casse. Ils sont pr\u00e9par\u00e9s et plac\u00e9s sur une dent existante avec un ajustement et une pr\u00e9cision parfaits. La surface avant de la dent et la surface int\u00e9rieure de la facette sont coll\u00e9es avec une r\u00e9sine permanente et sp\u00e9ciale (un interm\u00e9diaire adh\u00e9sif). Une fois le processus termin\u00e9, une fusion parfaite est obtenue.<\/p><h2>Dans quels cas pose-t-on un sol stratifi\u00e9 ?<\/h2><p>Les facettes stratifi\u00e9es peuvent \u00eatre appliqu\u00e9es pour \u00e9liminer la d\u00e9coloration des dents et corriger les formes irr\u00e9guli\u00e8res. Les principaux domaines d\u2019application peuvent \u00eatre r\u00e9sum\u00e9s comme suit :<\/p><ol><li>En cas de d\u00e9coloration, des antibiotiques avanc\u00e9s, du fluor, etc., ne donnent pas de r\u00e9sultats avec des m\u00e9thodes telles que le blanchiment des dents. troubles h\u00e9r\u00e9ditaires de la structure et de la couleur des taches<\/li><li>Pour fermer les espaces entre les dents (fermeture du diast\u00e8me)<\/li><li>Dans la restauration des dents cass\u00e9es ou us\u00e9es<\/li><li>Correction d&#039;anciens plombages dont la couleur et la structure se sont d\u00e9t\u00e9rior\u00e9es<\/li><li>Cela peut \u00eatre une alternative cosm\u00e9tique presque parfaite pour corriger les dents tordues et tordues.<\/li><\/ol><h3>Qui peut b\u00e9n\u00e9ficier du traitement du stratifi\u00e9 ?<\/h3><div class=\"col-lg-12 col-md-12 col-12\"><p>Presque tout le monde. Les personnes de tous \u00e2ges qui se plaignent des raisons ci-dessus peuvent b\u00e9n\u00e9ficier d\u2019un traitement contre la boiterie. Non recommand\u00e9 aux personnes souffrant d\u2019une maladie des gencives avanc\u00e9e.<\/p><h5><span style=\"color: #202020; font-family: 'Fira Sans', sans-serif; font-size: 1.25rem; font-weight: 600;\"><img decoding=\"async\" class=\"wp-image-3900 alignright\" src=\"https:\/\/omerkutay.com\/wp-content\/uploads\/2025\/02\/lamineyt2-300x244.jpg\" alt=\"Rev\u00eatement stratifi\u00e9\" width=\"353\" height=\"287\" srcset=\"https:\/\/omerkutay.com\/wp-content\/uploads\/2025\/02\/lamineyt2-300x244.jpg 300w, https:\/\/omerkutay.com\/wp-content\/uploads\/2025\/02\/lamineyt2.jpg 768w\" sizes=\"(max-width: 353px) 100vw, 353px\" \/>Avantages du traitement du stratifi\u00e9<\/span><\/h5><p>Il est possible de redonner \u00e0 vos dents une beaut\u00e9 naturelle gr\u00e2ce \u00e0 cette m\u00e9thode dans les cas o\u00f9 vous ne pouvez pas sourire en toute confiance en raison de caries, d\u2019usure, de fracture ou d\u2019anomalies structurelles.<\/p><p>Alors qu\u2019auparavant les obturations et les facettes compl\u00e8tes \u00e9taient les seules solutions dans de telles situations d\u00e9favorables, il existe aujourd\u2019hui de nouvelles alternatives comme le traitement stratifi\u00e9.<\/p><ol><li>Une apparence saine et naturelle est obtenue gr\u00e2ce \u00e0 une intervention mineure.<\/li><li>Il suffit de cr\u00e9er un trou dans votre dent de la taille de votre ongle (ce qui n\u2019est pas toujours n\u00e9cessaire).<\/li><li>Cela prend moins de temps que d\u2019autres processus alternatifs.<\/li><li>Ils sont fabriqu\u00e9s \u00e0 partir de mat\u00e9riaux solides, r\u00e9sistants aux couleurs et durables.<\/li><\/ol><\/div><\/div><\/div><\/div>\t\t\t\t\t\t<\/div>\n\t\t\t\t<\/div>\n\t\t\t\t<div class=\"elementor-element elementor-element-6a5ecf2 elementor-widget elementor-widget-heading\" data-id=\"6a5ecf2\" data-element_type=\"widget\" data-widget_type=\"heading.default\">\n\t\t\t\t<div class=\"elementor-widget-container\">\n\t\t\t<style>\/*! elementor - v3.21.0 - 26-05-2024 *\/\n.elementor-heading-title{padding:0;margin:0;line-height:1}.elementor-widget-heading .elementor-heading-title[class*=elementor-size-]>a{color:inherit;font-size:inherit;line-height:inherit}.elementor-widget-heading .elementor-heading-title.elementor-size-small{font-size:15px}.elementor-widget-heading .elementor-heading-title.elementor-size-medium{font-size:19px}.elementor-widget-heading .elementor-heading-title.elementor-size-large{font-size:29px}.elementor-widget-heading .elementor-heading-title.elementor-size-xl{font-size:39px}.elementor-widget-heading .elementor-heading-title.elementor-size-xxl{font-size:59px}<\/style><div class=\"elementor-heading-title elementor-size-default\">Questions fr\u00e9quemment pos\u00e9es<\/div>\t\t<\/div>\n\t\t\t\t<\/div>\n\t\t\t\t<div class=\"elementor-element elementor-element-aeaad9d elementor-widget elementor-widget-labout_faqs\" data-id=\"aeaad9d\" data-element_type=\"widget\" data-widget_type=\"labout_faqs.default\">\n\t\t\t\t<div class=\"elementor-widget-container\">\n\t\t\t    \n    <!-- faq-section -->\n    <section class=\"faq-section pt_120 pb_120\">\n                <div class=\"auto-container\">\n                        <div class=\"inner-container\">\n                <ul class=\"accordion-box\">\n                                        <li class=\"accordion block\">\n                        <div class=\"acc-btn\"><h4><span> 1<\/span>Le sol stratifi\u00e9 est-il durable ?<\/h4><\/div>\n                        <div class=\"acc-content\">\n                            <div class=\"content\">\n                                <p>Oui, s&#039;il est bien entretenu, il peut durer 10 \u00e0 15 ans.<\/p>\n                            <\/div>\n                        <\/div>\n                    <\/li>\n                                        <li class=\"accordion block\">\n                        <div class=\"acc-btn\"><h4><span> 2<\/span>Le rev\u00eatement stratifi\u00e9 est-il une proc\u00e9dure douloureuse ?<\/h4><\/div>\n                        <div class=\"acc-content\">\n                            <div class=\"content\">\n                                <p>Non, c&#039;est g\u00e9n\u00e9ralement indolore car l&#039;abrasion est minimale.<\/p>\n                            <\/div>\n                        <\/div>\n                    <\/li>\n                                        <li class=\"accordion block active-block\">\n                        <div class=\"acc-btn active\"><h4><span> 3<\/span>Le placage stratifi\u00e9 rend-il les dents plus petites ?<\/h4><\/div>\n                        <div class=\"acc-content current\">\n                            <div class=\"content\">\n                                <p>Non, seule la surface avant de la dent est l\u00e9g\u00e8rement abras\u00e9e.<\/p>\n                            <\/div>\n                        <\/div>\n                    <\/li>\n                                        <li class=\"accordion block\">\n                        <div class=\"acc-btn\"><h4><span> 4<\/span>\u00c0 qui convient le sol stratifi\u00e9 ?<\/h4><\/div>\n                        <div class=\"acc-content\">\n                            <div class=\"content\">\n                                <p>Il convient \u00e0 ceux qui souhaitent corriger des dents d\u00e9color\u00e9es, cass\u00e9es, s\u00e9par\u00e9es ou d\u00e9form\u00e9es.<\/p>\n                            <\/div>\n                        <\/div>\n                    <\/li>\n                                        <li class=\"accordion block\">\n                        <div class=\"acc-btn\"><h4><span> 5<\/span>Qu&#039;est-ce qu&#039;un rev\u00eatement stratifi\u00e9 ?<\/h4><\/div>\n                        <div class=\"acc-content\">\n                            <div class=\"content\">\n                                <p>Il s\u2019agit de fines couches de porcelaine coll\u00e9es sur la surface avant des dents.<\/p>\n                            <\/div>\n                        <\/div>\n                    <\/li>\n                                    <\/ul>\n            <\/div>\n        <\/div>\n    <\/section>\n    <!-- faq-section end -->\n      \n\t\t\t<\/div>\n\t\t\t\t<\/div>\n\t\t\t\t<\/div>\n\t\t\t\t<\/div>\n\t\t\t\t<\/div>","protected":false},"excerpt":{"rendered":"<p>Si vos dents sont d\u00e9color\u00e9es ou, surtout, d\u00e9form\u00e9es, les facettes stratifi\u00e9es constituent une excellente solution esth\u00e9tique. Elles permettent de traiter les dents ant\u00e9rieures pr\u00e9sentant des d\u00e9fauts esth\u00e9tiques en collant une fine couche de porcelaine sur leur face ant\u00e9rieure. Dans la plupart des cas, leur structure robuste et leur couleur uniforme suffisent \u00e0 restaurer la beaut\u00e9 et la fonction naturelles de vos dents. Avec les facettes stratifi\u00e9es, vous pouvez \u00eatre s\u00fbr de [\u2026]<\/p>","protected":false},"author":1,"featured_media":0,"parent":0,"menu_order":0,"comment_status":"closed","ping_status":"closed","template":"","meta":{"footnotes":""},"class_list":["post-3345","page","type-page","status-publish","hentry"],"_links":{"self":[{"href":"https:\/\/omerkutay.com\/fr\/wp-json\/wp\/v2\/pages\/3345","targetHints":{"allow":["GET"]}}],"collection":[{"href":"https:\/\/omerkutay.com\/fr\/wp-json\/wp\/v2\/pages"}],"about":[{"href":"https:\/\/omerkutay.com\/fr\/wp-json\/wp\/v2\/types\/page"}],"author":[{"embeddable":true,"href":"https:\/\/omerkutay.com\/fr\/wp-json\/wp\/v2\/users\/1"}],"replies":[{"embeddable":true,"href":"https:\/\/omerkutay.com\/fr\/wp-json\/wp\/v2\/comments?post=3345"}],"version-history":[{"count":0,"href":"https:\/\/omerkutay.com\/fr\/wp-json\/wp\/v2\/pages\/3345\/revisions"}],"wp:attachment":[{"href":"https:\/\/omerkutay.com\/fr\/wp-json\/wp\/v2\/media?parent=3345"}],"curies":[{"name":"wp","href":"https:\/\/api.w.org\/{rel}","templated":true}]}}