{"id":3375,"date":"2025-02-20T10:55:11","date_gmt":"2025-02-20T07:55:11","guid":{"rendered":"https:\/\/omerkutay.com\/?page_id=3375"},"modified":"2025-08-16T11:59:55","modified_gmt":"2025-08-16T08:59:55","slug":"femme-de-20-ans","status":"publish","type":"page","link":"https:\/\/omerkutay.com\/fr\/femme-de-20-ans\/","title":{"rendered":"Femme de 20 ans"},"content":{"rendered":"<div data-elementor-type=\"wp-page\" data-elementor-id=\"3375\" class=\"elementor elementor-3375\">\n\t\t\t\t<div class=\"elementor-element elementor-element-d6797aa e-con-full tedavikapsa e-flex e-con e-parent\" data-id=\"d6797aa\" data-element_type=\"container\">\n\t\t<div class=\"elementor-element elementor-element-2bb6504 e-con-full tedavisidebarkapsa e-flex e-con e-child\" data-id=\"2bb6504\" data-element_type=\"container\">\n\t\t\t\t<div class=\"elementor-element elementor-element-b92ff26 elementor-widget elementor-widget-sidebar\" data-id=\"b92ff26\" data-element_type=\"widget\" data-widget_type=\"sidebar.default\">\n\t\t\t\t<div class=\"elementor-widget-container\">\n\t\t\t<div id=\"nav_menu-3\" class=\"service-sidebar-widget sidebar-widget mb_30 widget_nav_menu\"><div class=\"widget-title mb_17\"><h3>Traitements<\/h3><\/div><\/div><div id=\"text-2\" class=\"service-sidebar-widget sidebar-widget mb_30 widget_text\"><div class=\"widget-title mb_17\"><h3>Obtenez des informations d\u00e9taill\u00e9es<\/h3><\/div>\t\t\t<div class=\"textwidget\"><p class=\"wpcf7-contact-form-not-found\"><strong>Erreur :<\/strong> Formulaire de contact non trouv\u00e9 !<\/p>\n<\/div>\n\t\t<\/div>\t\t<\/div>\n\t\t\t\t<\/div>\n\t\t\t\t<\/div>\n\t\t<div class=\"elementor-element elementor-element-98a712c e-con-full e-flex e-con e-child\" data-id=\"98a712c\" data-element_type=\"container\">\n\t\t\t\t<div class=\"elementor-element elementor-element-cf776e6 elementor-widget elementor-widget-text-editor\" data-id=\"cf776e6\" data-element_type=\"widget\" data-widget_type=\"text-editor.default\">\n\t\t\t\t<div class=\"elementor-widget-container\">\n\t\t\t<style>\/*! elementor - v3.21.0 - 26-05-2024 *\/\n.elementor-widget-text-editor.elementor-drop-cap-view-stacked .elementor-drop-cap{background-color:#69727d;color:#fff}.elementor-widget-text-editor.elementor-drop-cap-view-framed .elementor-drop-cap{color:#69727d;border:3px solid;background-color:transparent}.elementor-widget-text-editor:not(.elementor-drop-cap-view-default) .elementor-drop-cap{margin-top:8px}.elementor-widget-text-editor:not(.elementor-drop-cap-view-default) .elementor-drop-cap-letter{width:1em;height:1em}.elementor-widget-text-editor .elementor-drop-cap{float:left;text-align:center;line-height:1;font-size:50px}.elementor-widget-text-editor .elementor-drop-cap-letter{display:inline-block}<\/style>\t\t\t\t<div class=\"content-one mb_65\"><div class=\"text-box mb_35\"><p><img fetchpriority=\"high\" decoding=\"async\" class=\"wp-image-3964 alignright\" src=\"https:\/\/omerkutay.com\/wp-content\/uploads\/2025\/02\/20-yas-disi-300x244.jpg\" alt=\"\" width=\"375\" height=\"305\" srcset=\"https:\/\/omerkutay.com\/wp-content\/uploads\/2025\/02\/20-yas-disi-300x244.jpg 300w, https:\/\/omerkutay.com\/wp-content\/uploads\/2025\/02\/20-yas-disi.jpg 768w\" sizes=\"(max-width: 375px) 100vw, 375px\" \/><\/p><p>Les dents de sagesse commencent \u00e0 appara\u00eetre lorsque nous avons 17 ans. Son d\u00e9veloppement s\u2019ach\u00e8ve lorsque nous atteignons la vingtaine.<\/p><p>Lorsque ces dents, qui sont pour la plupart incrust\u00e9es dans nos tissus mous, provoquent des probl\u00e8mes tels que des gonflements et une mauvaise haleine, les patients tentent malheureusement de surmonter cette situation avec des antibiotiques et retardent la consultation d&#039;un m\u00e9decin.<\/p><p><b>Un traitement tardif des dents de sagesse peut provoquer des tumeurs<\/b><\/p><p>Essayer de traiter la douleur des dents de sagesse, \u00e9galement appel\u00e9es dents de sagesse, avec des antibiotiques et des analg\u00e9siques et aller chez le dentiste tard peut \u00e9galement provoquer des tumeurs dans ces zones. Lorsque des dents dans cette situation sont extraites, cela peut entra\u00eener une perte osseuse dans la m\u00e2choire et parfois m\u00eame la perte des dents environnantes. Compte tenu de ces types de probl\u00e8mes, les dents de sagesse peuvent \u00eatre extraites apr\u00e8s l\u2019\u00e2ge de 18 ans sur d\u00e9cision du m\u00e9decin et du patient.<\/p><h2>Un autre probl\u00e8me avec les dents de sagesse est celui des dents tordues.<\/h2><p>Un autre probl\u00e8me est que ces dents peuvent \u00e9craser d\u2019autres dents lors de leur apparition, ce qui peut \u00e9galement provoquer un encombrement.<\/p><div class=\"container\"><div class=\"row\"><div class=\"col-lg-12 col-md-12 col-12\"><p>Si, apr\u00e8s un examen clinique et radiographique des patients pr\u00e9sentant de telles plaintes qui s&#039;adressent au m\u00e9decin, il est d\u00e9cid\u00e9 que les dents de sagesse ne sortiront pas normalement, ces dents sont retir\u00e9es par intervention chirurgicale.<\/p><\/div><\/div><\/div><\/div><\/div>\t\t\t\t\t\t<\/div>\n\t\t\t\t<\/div>\n\t\t\t\t<div class=\"elementor-element elementor-element-6a5ecf2 elementor-widget elementor-widget-heading\" data-id=\"6a5ecf2\" data-element_type=\"widget\" data-widget_type=\"heading.default\">\n\t\t\t\t<div class=\"elementor-widget-container\">\n\t\t\t<style>\/*! elementor - v3.21.0 - 26-05-2024 *\/\n.elementor-heading-title{padding:0;margin:0;line-height:1}.elementor-widget-heading .elementor-heading-title[class*=elementor-size-]>a{color:inherit;font-size:inherit;line-height:inherit}.elementor-widget-heading .elementor-heading-title.elementor-size-small{font-size:15px}.elementor-widget-heading .elementor-heading-title.elementor-size-medium{font-size:19px}.elementor-widget-heading .elementor-heading-title.elementor-size-large{font-size:29px}.elementor-widget-heading .elementor-heading-title.elementor-size-xl{font-size:39px}.elementor-widget-heading .elementor-heading-title.elementor-size-xxl{font-size:59px}<\/style><div class=\"elementor-heading-title elementor-size-default\">Questions fr\u00e9quemment pos\u00e9es<\/div>\t\t<\/div>\n\t\t\t\t<\/div>\n\t\t\t\t<div class=\"elementor-element elementor-element-aeaad9d elementor-widget elementor-widget-labout_faqs\" data-id=\"aeaad9d\" data-element_type=\"widget\" data-widget_type=\"labout_faqs.default\">\n\t\t\t\t<div class=\"elementor-widget-container\">\n\t\t\t    \n    <!-- faq-section -->\n    <section class=\"faq-section pt_120 pb_120\">\n                <div class=\"auto-container\">\n                        <div class=\"inner-container\">\n                <ul class=\"accordion-box\">\n                                        <li class=\"accordion block\">\n                        <div class=\"acc-btn\"><h4><span> 1<\/span>L\u2019extraction des dents de sagesse est-elle douloureuse ?<\/h4><\/div>\n                        <div class=\"acc-content\">\n                            <div class=\"content\">\n                                <p>Comme elle est r\u00e9alis\u00e9e sous anesth\u00e9sie locale, aucune douleur n&#039;est ressentie pendant l&#039;intervention.<\/p>\n                            <\/div>\n                        <\/div>\n                    <\/li>\n                                        <li class=\"accordion block\">\n                        <div class=\"acc-btn\"><h4><span> 2<\/span>L\u2019extraction des dents de sagesse est-elle difficile ?<\/h4><\/div>\n                        <div class=\"acc-content\">\n                            <div class=\"content\">\n                                <p>Selon l\u2019emplacement de la dent, une extraction simple ou chirurgicale peut \u00eatre n\u00e9cessaire.<\/p>\n                            <\/div>\n                        <\/div>\n                    <\/li>\n                                        <li class=\"accordion block active-block\">\n                        <div class=\"acc-btn active\"><h4><span> 3<\/span>Faut-il extraire les dents de sagesse ?<\/h4><\/div>\n                        <div class=\"acc-content current\">\n                            <div class=\"content\">\n                                <p>Si cela provoque de la douleur, une inflammation, une d\u00e9formation ou des ecchymoses, il est recommand\u00e9 de le retirer.<\/p>\n                            <\/div>\n                        <\/div>\n                    <\/li>\n                                        <li class=\"accordion block\">\n                        <div class=\"acc-btn\"><h4><span> 4<\/span>Pourquoi les dents de sagesse provoquent-elles de la douleur ?<\/h4><\/div>\n                        <div class=\"acc-content\">\n                            <div class=\"content\">\n                                <p>Lorsqu&#039;elle reste impact\u00e9e ou partiellement impact\u00e9e, elle peut provoquer une gingivite et une pression.<\/p>\n                            <\/div>\n                        <\/div>\n                    <\/li>\n                                        <li class=\"accordion block\">\n                        <div class=\"acc-btn\"><h4><span> 5<\/span>Les dents de sagesse apparaissent-elles chez tout le monde ?<\/h4><\/div>\n                        <div class=\"acc-content\">\n                            <div class=\"content\">\n                                <p>Non, cela peut ne pas appara\u00eetre du tout chez certaines personnes.<\/p>\n                            <\/div>\n                        <\/div>\n                    <\/li>\n                                        <li class=\"accordion block\">\n                        <div class=\"acc-btn\"><h4><span> 6<\/span>A quel \u00e2ge apparaissent les dents de sagesse ?<\/h4><\/div>\n                        <div class=\"acc-content\">\n                            <div class=\"content\">\n                                <p>Elle survient g\u00e9n\u00e9ralement entre 17 et 25 ans.<\/p>\n                            <\/div>\n                        <\/div>\n                    <\/li>\n                                        <li class=\"accordion block\">\n                        <div class=\"acc-btn\"><h4><span> 7<\/span>Qu&#039;est-ce qu&#039;une dent de sagesse ?<\/h4><\/div>\n                        <div class=\"acc-content\">\n                            <div class=\"content\">\n                                <p>Les derni\u00e8res dents \u00e0 appara\u00eetre dans la bouche sont les troisi\u00e8mes molaires.<\/p>\n                            <\/div>\n                        <\/div>\n                    <\/li>\n                                    <\/ul>\n            <\/div>\n        <\/div>\n    <\/section>\n    <!-- faq-section end -->\n      \n\t\t\t<\/div>\n\t\t\t\t<\/div>\n\t\t\t\t<\/div>\n\t\t\t\t<\/div>\n\t\t\t\t<\/div>","protected":false},"excerpt":{"rendered":"<p>Les dents de sagesse apparaissent \u00e0 partir de 17 ans. Elles sont pleinement d\u00e9velopp\u00e9es vers la vingtaine. Souvent incrust\u00e9es dans les tissus mous, ces dents provoquent des probl\u00e8mes tels que gonflements et mauvaise haleine. Malheureusement, les patients tentent de traiter ces probl\u00e8mes avec des antibiotiques et retardent leur consultation m\u00e9dicale. Un traitement tardif des dents de sagesse peut entra\u00eener des tumeurs. Les dents de sagesse, aussi appel\u00e9es dents de sagesse, [\u2026]<\/p>","protected":false},"author":1,"featured_media":0,"parent":0,"menu_order":0,"comment_status":"closed","ping_status":"closed","template":"","meta":{"footnotes":""},"class_list":["post-3375","page","type-page","status-publish","hentry"],"_links":{"self":[{"href":"https:\/\/omerkutay.com\/fr\/wp-json\/wp\/v2\/pages\/3375","targetHints":{"allow":["GET"]}}],"collection":[{"href":"https:\/\/omerkutay.com\/fr\/wp-json\/wp\/v2\/pages"}],"about":[{"href":"https:\/\/omerkutay.com\/fr\/wp-json\/wp\/v2\/types\/page"}],"author":[{"embeddable":true,"href":"https:\/\/omerkutay.com\/fr\/wp-json\/wp\/v2\/users\/1"}],"replies":[{"embeddable":true,"href":"https:\/\/omerkutay.com\/fr\/wp-json\/wp\/v2\/comments?post=3375"}],"version-history":[{"count":0,"href":"https:\/\/omerkutay.com\/fr\/wp-json\/wp\/v2\/pages\/3375\/revisions"}],"wp:attachment":[{"href":"https:\/\/omerkutay.com\/fr\/wp-json\/wp\/v2\/media?parent=3375"}],"curies":[{"name":"wp","href":"https:\/\/api.w.org\/{rel}","templated":true}]}}