{"id":3381,"date":"2025-02-20T10:33:24","date_gmt":"2025-02-20T07:33:24","guid":{"rendered":"https:\/\/omerkutay.com\/?page_id=3381"},"modified":"2025-08-14T16:01:34","modified_gmt":"2025-08-14T13:01:34","slug":"maladies-des-gencives-2","status":"publish","type":"page","link":"https:\/\/omerkutay.com\/fr\/maladies-des-gencives-2\/","title":{"rendered":"Maladies des gencives"},"content":{"rendered":"<div data-elementor-type=\"wp-page\" data-elementor-id=\"3381\" class=\"elementor elementor-3381\">\n\t\t\t\t<div class=\"elementor-element elementor-element-d6797aa e-con-full tedavikapsa e-flex e-con e-parent\" data-id=\"d6797aa\" data-element_type=\"container\">\n\t\t<div class=\"elementor-element elementor-element-2bb6504 e-con-full tedavisidebarkapsa e-flex e-con e-child\" data-id=\"2bb6504\" data-element_type=\"container\">\n\t\t\t\t<div class=\"elementor-element elementor-element-b92ff26 elementor-widget elementor-widget-sidebar\" data-id=\"b92ff26\" data-element_type=\"widget\" data-widget_type=\"sidebar.default\">\n\t\t\t\t<div class=\"elementor-widget-container\">\n\t\t\t<div id=\"nav_menu-3\" class=\"service-sidebar-widget sidebar-widget mb_30 widget_nav_menu\"><div class=\"widget-title mb_17\"><h3>Traitements<\/h3><\/div><\/div><div id=\"text-2\" class=\"service-sidebar-widget sidebar-widget mb_30 widget_text\"><div class=\"widget-title mb_17\"><h3>Obtenez des informations d\u00e9taill\u00e9es<\/h3><\/div>\t\t\t<div class=\"textwidget\"><p class=\"wpcf7-contact-form-not-found\"><strong>Erreur :<\/strong> Formulaire de contact non trouv\u00e9 !<\/p>\n<\/div>\n\t\t<\/div>\t\t<\/div>\n\t\t\t\t<\/div>\n\t\t\t\t<\/div>\n\t\t<div class=\"elementor-element elementor-element-98a712c e-con-full e-flex e-con e-child\" data-id=\"98a712c\" data-element_type=\"container\">\n\t\t\t\t<div class=\"elementor-element elementor-element-cf776e6 elementor-widget elementor-widget-text-editor\" data-id=\"cf776e6\" data-element_type=\"widget\" data-widget_type=\"text-editor.default\">\n\t\t\t\t<div class=\"elementor-widget-container\">\n\t\t\t<style>\/*! elementor - v3.21.0 - 26-05-2024 *\/\n.elementor-widget-text-editor.elementor-drop-cap-view-stacked .elementor-drop-cap{background-color:#69727d;color:#fff}.elementor-widget-text-editor.elementor-drop-cap-view-framed .elementor-drop-cap{color:#69727d;border:3px solid;background-color:transparent}.elementor-widget-text-editor:not(.elementor-drop-cap-view-default) .elementor-drop-cap{margin-top:8px}.elementor-widget-text-editor:not(.elementor-drop-cap-view-default) .elementor-drop-cap-letter{width:1em;height:1em}.elementor-widget-text-editor .elementor-drop-cap{float:left;text-align:center;line-height:1;font-size:50px}.elementor-widget-text-editor .elementor-drop-cap-letter{display:inline-block}<\/style>\t\t\t\t<div class=\"content-one mb_65\"><div class=\"text-box mb_35\"><p><img fetchpriority=\"high\" decoding=\"async\" class=\"wp-image-3934 alignright\" src=\"https:\/\/omerkutay.com\/wp-content\/uploads\/2025\/02\/diseti-hastaliklari1-300x200.jpg\" alt=\"Maladies des gencives\" width=\"332\" height=\"221\" srcset=\"https:\/\/omerkutay.com\/wp-content\/uploads\/2025\/02\/diseti-hastaliklari1-300x200.jpg 300w, https:\/\/omerkutay.com\/wp-content\/uploads\/2025\/02\/diseti-hastaliklari1-1024x683.jpg 1024w, https:\/\/omerkutay.com\/wp-content\/uploads\/2025\/02\/diseti-hastaliklari1-768x512.jpg 768w, https:\/\/omerkutay.com\/wp-content\/uploads\/2025\/02\/diseti-hastaliklari1.jpg 1340w\" sizes=\"(max-width: 332px) 100vw, 332px\" \/><\/p><p>Periodontal hastal\u0131klar di\u015feti ve di\u015fleri \u00e7evreleyen dokular\u0131 etkileyen iltihabi hastal\u0131klard\u0131r. Eri\u015fkinlerde di\u015f kay\u0131plar\u0131n\u0131n %70\u2019inin nedeni di\u015feti hastal\u0131\u011f\u0131d\u0131r. Erken d\u00f6nemde te\u015fhis edildiklerinde di\u015feti hastal\u0131klar\u0131 kolay ve ba\u015far\u0131l\u0131 bir \u015fekilde tedavi edilebilirler.<\/p><p>Pr\u00e9vention ou traitement des maladies des gencives ; Il offre \u00e9galement d\u2019autres avantages tels que la pr\u00e9servation des dents naturelles, une mastication plus confortable et une meilleure digestion. Le premier sympt\u00f4me est un saignement au niveau des marges des gencives (observ\u00e9 lors du brossage des dents) et un changement de couleur des gencives du rose au rouge. Ce stade est le stade pr\u00e9coce de la maladie. Il se peut que cela ne provoque pas beaucoup de sympt\u00f4mes ou d\u2019inconfort au d\u00e9but. Si elle n\u2019est pas trait\u00e9e, la maladie progresse et provoque la perte de l\u2019os alv\u00e9olaire qui soutient les dents, et il est peu probable que cette condition soit r\u00e9versible.<\/p><p>Au stade avanc\u00e9, une \u00ab poche parodontale \u00bb se forme entre la dent et la gencive. La pr\u00e9sence d\u2019une poche parodontale facilite la localisation de l\u2019infection et la progression de la maladie. \u00c0 mesure que la maladie progresse, les dents commencent \u00e0 se d\u00e9chausser en raison de l\u2019ost\u00e9oporose, parfois des abc\u00e8s se forment et les dents doivent finalement \u00eatre extraites.<\/p><h2>Traitement des maladies des gencives<\/h2><p>Le traitement des maladies parodontales pr\u00e9coces consiste \u00e0 \u00e9liminer la plaque et le tartre des dents et \u00e0 assurer une surface radiculaire lisse. Ce processus \u00e9limine les bact\u00e9ries et les irritants qui provoquent une inflammation des gencives. Ce traitement suffit g\u00e9n\u00e9ralement \u00e0 r\u00e9adapter la gencive \u00e0 la dent ou \u00e0 r\u00e9tr\u00e9cir la gencive et \u00e0 \u00e9liminer la poche. Dans la majorit\u00e9 des cas de maladie parodontale pr\u00e9coce, des soins bucco-dentaires quotidiens efficaces suivis d\u2019un d\u00e9tartrage, d\u2019une \u00e9limination de la plaque dentaire et de la garantie d\u2019une surface radiculaire lisse sont suffisants pour un traitement r\u00e9ussi. Les cas plus avanc\u00e9s peuvent n\u00e9cessiter un traitement chirurgical.<\/p><div class=\"col-lg-12 col-md-12 col-12\"><p>Apr\u00e8s un traitement parodontal, les patients doivent \u00eatre examin\u00e9s r\u00e9guli\u00e8rement par un dentiste \u00e0 des intervalles de 6 mois \u00e0 1 an. Apr\u00e8s un traitement des gencives, la mise en \u0153uvre efficace des proc\u00e9dures quotidiennes de soins bucco-dentaires par la personne est le facteur le plus important pour le succ\u00e8s du traitement.<\/p><\/div><\/div><\/div>\t\t\t\t\t\t<\/div>\n\t\t\t\t<\/div>\n\t\t\t\t<div class=\"elementor-element elementor-element-6a5ecf2 elementor-widget elementor-widget-heading\" data-id=\"6a5ecf2\" data-element_type=\"widget\" data-widget_type=\"heading.default\">\n\t\t\t\t<div class=\"elementor-widget-container\">\n\t\t\t<style>\/*! elementor - v3.21.0 - 26-05-2024 *\/\n.elementor-heading-title{padding:0;margin:0;line-height:1}.elementor-widget-heading .elementor-heading-title[class*=elementor-size-]>a{color:inherit;font-size:inherit;line-height:inherit}.elementor-widget-heading .elementor-heading-title.elementor-size-small{font-size:15px}.elementor-widget-heading .elementor-heading-title.elementor-size-medium{font-size:19px}.elementor-widget-heading .elementor-heading-title.elementor-size-large{font-size:29px}.elementor-widget-heading .elementor-heading-title.elementor-size-xl{font-size:39px}.elementor-widget-heading .elementor-heading-title.elementor-size-xxl{font-size:59px}<\/style><div class=\"elementor-heading-title elementor-size-default\">Questions fr\u00e9quemment pos\u00e9es<\/div>\t\t<\/div>\n\t\t\t\t<\/div>\n\t\t\t\t<div class=\"elementor-element elementor-element-aeaad9d elementor-widget elementor-widget-labout_faqs\" data-id=\"aeaad9d\" data-element_type=\"widget\" data-widget_type=\"labout_faqs.default\">\n\t\t\t\t<div class=\"elementor-widget-container\">\n\t\t\t    \n    <!-- faq-section -->\n    <section class=\"faq-section pt_120 pb_120\">\n                <div class=\"auto-container\">\n                        <div class=\"inner-container\">\n                <ul class=\"accordion-box\">\n                                        <li class=\"accordion block\">\n                        <div class=\"acc-btn\"><h4><span> 1<\/span>Quelles sont les causes des saignements des gencives ?<\/h4><\/div>\n                        <div class=\"acc-content\">\n                            <div class=\"content\">\n                                <p>Elle est g\u00e9n\u00e9ralement caus\u00e9e par une inflammation des gencives (gingivite) ou par une accumulation de tartre.<\/p>\n                            <\/div>\n                        <\/div>\n                    <\/li>\n                                        <li class=\"accordion block\">\n                        <div class=\"acc-btn\"><h4><span> 2<\/span>Que se passe-t-il si la maladie des gencives n\u2019est pas trait\u00e9e ?<\/h4><\/div>\n                        <div class=\"acc-content\">\n                            <div class=\"content\">\n                                <p>Cela peut entra\u00eener la perte des dents et de l\u2019os de la m\u00e2choire.<\/p>\n                            <\/div>\n                        <\/div>\n                    <\/li>\n                                        <li class=\"accordion block active-block\">\n                        <div class=\"acc-btn active\"><h4><span> 3<\/span>Quelles sont les causes des maladies des gencives\u00a0?<\/h4><\/div>\n                        <div class=\"acc-content current\">\n                            <div class=\"content\">\n                                <p>Une mauvaise hygi\u00e8ne bucco-dentaire, l\u2019accumulation de plaque, le tabagisme, les facteurs g\u00e9n\u00e9tiques et les maladies comme le diab\u00e8te.<\/p>\n                            <\/div>\n                        <\/div>\n                    <\/li>\n                                        <li class=\"accordion block\">\n                        <div class=\"acc-btn\"><h4><span> 4<\/span>Quels sont les sympt\u00f4mes d\u2019une maladie des gencives ?<\/h4><\/div>\n                        <div class=\"acc-content\">\n                            <div class=\"content\">\n                                <p>Saignement, rougeur, gonflement, r\u00e9traction, mauvaise haleine et sensibilit\u00e9.<\/p>\n                            <\/div>\n                        <\/div>\n                    <\/li>\n                                        <li class=\"accordion block\">\n                        <div class=\"acc-btn\"><h4><span> 5<\/span>Qu\u2019est-ce qu\u2019une maladie des gencives ?<\/h4><\/div>\n                        <div class=\"acc-content\">\n                            <div class=\"content\">\n                                <p>Il s\u2019agit de troubles qui surviennent \u00e0 la suite d\u2019une inflammation ou d\u2019une infection des gencives.<\/p>\n                            <\/div>\n                        <\/div>\n                    <\/li>\n                                    <\/ul>\n            <\/div>\n        <\/div>\n    <\/section>\n    <!-- faq-section end -->\n      \n\t\t\t<\/div>\n\t\t\t\t<\/div>\n\t\t\t\t<\/div>\n\t\t\t\t<\/div>\n\t\t\t\t<\/div>","protected":false},"excerpt":{"rendered":"<p>Periodontal hastal\u0131klar di\u015feti ve di\u015fleri \u00e7evreleyen dokular\u0131 etkileyen iltihabi hastal\u0131klard\u0131r. Eri\u015fkinlerde di\u015f kay\u0131plar\u0131n\u0131n %70\u2019inin nedeni di\u015feti hastal\u0131\u011f\u0131d\u0131r. Erken d\u00f6nemde te\u015fhis edildiklerinde di\u015feti hastal\u0131klar\u0131 kolay ve ba\u015far\u0131l\u0131 bir \u015fekilde tedavi edilebilirler. Di\u015feti hastal\u0131klar\u0131n\u0131n \u00f6nlenmesi veya tedavisi; do\u011fal di\u015flerin korunmas\u0131, daha rahat \u00e7i\u011fnemenin ve daha iyi bir sindirimin sa\u011flanmas\u0131 gibi di\u011fer faydalar\u0131 da beraberinde getirir. \u0130lk belirti [&hellip;]<\/p>","protected":false},"author":1,"featured_media":0,"parent":0,"menu_order":0,"comment_status":"closed","ping_status":"closed","template":"","meta":{"footnotes":""},"class_list":["post-3381","page","type-page","status-publish","hentry"],"_links":{"self":[{"href":"https:\/\/omerkutay.com\/fr\/wp-json\/wp\/v2\/pages\/3381","targetHints":{"allow":["GET"]}}],"collection":[{"href":"https:\/\/omerkutay.com\/fr\/wp-json\/wp\/v2\/pages"}],"about":[{"href":"https:\/\/omerkutay.com\/fr\/wp-json\/wp\/v2\/types\/page"}],"author":[{"embeddable":true,"href":"https:\/\/omerkutay.com\/fr\/wp-json\/wp\/v2\/users\/1"}],"replies":[{"embeddable":true,"href":"https:\/\/omerkutay.com\/fr\/wp-json\/wp\/v2\/comments?post=3381"}],"version-history":[{"count":0,"href":"https:\/\/omerkutay.com\/fr\/wp-json\/wp\/v2\/pages\/3381\/revisions"}],"wp:attachment":[{"href":"https:\/\/omerkutay.com\/fr\/wp-json\/wp\/v2\/media?parent=3381"}],"curies":[{"name":"wp","href":"https:\/\/api.w.org\/{rel}","templated":true}]}}