{"id":57,"date":"2024-05-23T08:10:45","date_gmt":"2024-05-23T08:10:45","guid":{"rendered":"https:\/\/wp1.themevibrant.com\/newwp\/labout\/?page_id=57"},"modified":"2025-09-24T17:02:34","modified_gmt":"2025-09-24T14:02:34","slug":"blog","status":"publish","type":"page","link":"https:\/\/omerkutay.com\/fr\/blog\/","title":{"rendered":"Blog"},"content":{"rendered":"<div data-elementor-type=\"wp-page\" data-elementor-id=\"57\" class=\"elementor elementor-57\">\n\t\t\t\t<div class=\"elementor-element elementor-element-12966c0 e-flex e-con-boxed e-con e-parent\" data-id=\"12966c0\" data-element_type=\"container\">\n\t\t\t\t\t<div class=\"e-con-inner\">\n\t\t<div class=\"elementor-element elementor-element-5c2d632 e-flex e-con-boxed e-con e-child\" data-id=\"5c2d632\" data-element_type=\"container\">\n\t\t\t\t\t<div class=\"e-con-inner\">\n\t\t<div class=\"elementor-element elementor-element-d5c9071 e-con-full e-flex e-con e-child\" data-id=\"d5c9071\" data-element_type=\"container\">\n\t\t\t\t<div class=\"elementor-element elementor-element-3cdc696 elementor-widget elementor-widget-labout_blog_grid\" data-id=\"3cdc696\" data-element_type=\"widget\" data-widget_type=\"labout_blog_grid.default\">\n\t\t\t\t<div class=\"elementor-widget-container\">\n\t\t\t    \n        \n    <!-- sidebar-page-container -->\n    <section class=\"sidebar-page-container p_relative\">\n        <div class=\"blog-grid-content\">\n            <div class=\"row clearfix\">\n                                <div class=\"col-lg-6 col-md-6 col-sm-12 news-block\">\n                    <div class=\"news-block-one\">\n                        <div class=\"inner-box\">\n                                                        <figure class=\"image-box\"><a href=\"https:\/\/omerkutay.com\/fr\/quest-ce-quun-traitement-de-canal-radiculaire\/\"><img fetchpriority=\"high\" decoding=\"async\" width=\"390\" height=\"241\" src=\"https:\/\/omerkutay.com\/wp-content\/uploads\/2026\/05\/kanal-tedavisi-nedir-3-390x241.jpg\" class=\"attachment-labout_390x241 size-labout_390x241 wp-post-image\" alt=\"Qu&#039;est-ce qu&#039;un traitement de canal ?\" \/><\/a><\/figure>\n                                                        <div class=\"lower-content\">\n                                                                <div class=\"post-date\"><h2>08<span>Mai<\/span><\/h2><\/div>\n                                                                <span class=\"category\"><a href=\"https:\/\/omerkutay.com\/fr\/categorie\/dentisterie-esthetique\/\" rel=\"category tag\">Dentisterie esth\u00e9tique<\/a><\/span>                                <span class=\"author\">Auteur : Prof. Dr. \u00d6mer Kutay<\/span>\n                                <h3><a href=\"https:\/\/omerkutay.com\/fr\/quest-ce-quun-traitement-de-canal-radiculaire\/\">Qu&#039;est-ce qu&#039;un traitement de canal ?<\/a><\/h3>\n                                <p>Les caries profondes et les infections dentaires peuvent provoquer des douleurs au fil du temps...<\/p>\n                            <\/div>\n                        <\/div>\n                    <\/div>\n                <\/div>\n                                <div class=\"col-lg-6 col-md-6 col-sm-12 news-block\">\n                    <div class=\"news-block-one\">\n                        <div class=\"inner-box\">\n                                                        <figure class=\"image-box\"><a href=\"https:\/\/omerkutay.com\/fr\/quest-ce-quun-traitement-implantaire\/\"><img decoding=\"async\" width=\"390\" height=\"241\" src=\"https:\/\/omerkutay.com\/wp-content\/uploads\/2026\/05\/implant-tedavisi-nedir-3-390x241.jpg\" class=\"attachment-labout_390x241 size-labout_390x241 wp-post-image\" alt=\"Qu\u2019est-ce qu\u2019un traitement par implants\u00a0?\" \/><\/a><\/figure>\n                                                        <div class=\"lower-content\">\n                                                                <div class=\"post-date\"><h2>08<span>Mai<\/span><\/h2><\/div>\n                                                                <span class=\"category\"><a href=\"https:\/\/omerkutay.com\/fr\/categorie\/dentisterie-esthetique\/\" rel=\"category tag\">Dentisterie esth\u00e9tique<\/a><\/span>                                <span class=\"author\">Auteur : Prof. Dr. \u00d6mer Kutay<\/span>\n                                <h3><a href=\"https:\/\/omerkutay.com\/fr\/quest-ce-quun-traitement-implantaire\/\">Qu\u2019est-ce qu\u2019un traitement par implants\u00a0?<\/a><\/h3>\n                                <p>L&#039;absence de dents affecte \u00e0 la fois l&#039;esth\u00e9tique et la mastication...<\/p>\n                            <\/div>\n                        <\/div>\n                    <\/div>\n                <\/div>\n                                <div class=\"col-lg-6 col-md-6 col-sm-12 news-block\">\n                    <div class=\"news-block-one\">\n                        <div class=\"inner-box\">\n                                                        <figure class=\"image-box\"><a href=\"https:\/\/omerkutay.com\/fr\/quest-ce-quun-placage-en-porcelaine\/\"><img decoding=\"async\" width=\"390\" height=\"241\" src=\"https:\/\/omerkutay.com\/wp-content\/uploads\/2025\/10\/porselen-kaplama-nedir-3-390x241.jpg\" class=\"attachment-labout_390x241 size-labout_390x241 wp-post-image\" alt=\"\" \/><\/a><\/figure>\n                                                        <div class=\"lower-content\">\n                                                                <div class=\"post-date\"><h2>03<span>Octobre<\/span><\/h2><\/div>\n                                                                <span class=\"category\"><a href=\"https:\/\/omerkutay.com\/fr\/categorie\/dentisterie-esthetique\/\" rel=\"category tag\">Dentisterie esth\u00e9tique<\/a><\/span>                                <span class=\"author\">Auteur : Prof. Dr. \u00d6mer Kutay<\/span>\n                                <h3><a href=\"https:\/\/omerkutay.com\/fr\/quest-ce-quun-placage-en-porcelaine\/\">Qu&#039;est-ce qu&#039;un placage en porcelaine ?<\/a><\/h3>\n                                <p>La porcelaine est l&#039;une des applications les plus fr\u00e9quemment privil\u00e9gi\u00e9es en esth\u00e9tique dentaire.<\/p>\n                            <\/div>\n                        <\/div>\n                    <\/div>\n                <\/div>\n                                <div class=\"col-lg-6 col-md-6 col-sm-12 news-block\">\n                    <div class=\"news-block-one\">\n                        <div class=\"inner-box\">\n                                                        <figure class=\"image-box\"><a href=\"https:\/\/omerkutay.com\/fr\/premiere-emission-de-sante-du-professeur-omer-kutay-sur-ulke-tv\/\"><img loading=\"lazy\" decoding=\"async\" width=\"390\" height=\"241\" src=\"https:\/\/omerkutay.com\/wp-content\/uploads\/2025\/09\/once-saglik-prof-dr-omer-kutay-1-1-390x241.jpg\" class=\"attachment-labout_390x241 size-labout_390x241 wp-post-image\" alt=\"\" srcset=\"https:\/\/omerkutay.com\/wp-content\/uploads\/2025\/09\/once-saglik-prof-dr-omer-kutay-1-1-390x241.jpg 390w, https:\/\/omerkutay.com\/wp-content\/uploads\/2025\/09\/once-saglik-prof-dr-omer-kutay-1-1-18x10.jpg 18w\" sizes=\"(max-width: 390px) 100vw, 390px\" \/><\/a><\/figure>\n                                                        <div class=\"lower-content\">\n                                                                <div class=\"post-date\"><h2>24<span>Sep<\/span><\/h2><\/div>\n                                                                <span class=\"category\"><a href=\"https:\/\/omerkutay.com\/fr\/categorie\/dentisterie-esthetique\/\" rel=\"category tag\">Dentisterie esth\u00e9tique<\/a><\/span>                                <span class=\"author\">Auteur : Prof. Dr. \u00d6mer Kutay<\/span>\n                                <h3><a href=\"https:\/\/omerkutay.com\/fr\/premiere-emission-de-sante-du-professeur-omer-kutay-sur-ulke-tv\/\">Prof. Dr. \u00d6mer Kutay sur \u00dclke TV : Programme Health First<\/a><\/h3>\n                                <p>Prof. Dr. \u00d6mer Kutay Programme de sant\u00e9 Prof. Dr.\u2026<\/p>\n                            <\/div>\n                        <\/div>\n                    <\/div>\n                <\/div>\n                                <div class=\"col-lg-6 col-md-6 col-sm-12 news-block\">\n                    <div class=\"news-block-one\">\n                        <div class=\"inner-box\">\n                                                        <figure class=\"image-box\"><a href=\"https:\/\/omerkutay.com\/fr\/prix-des-facettes-en-porcelaine\/\"><img loading=\"lazy\" decoding=\"async\" width=\"390\" height=\"241\" src=\"https:\/\/omerkutay.com\/wp-content\/uploads\/2025\/05\/porselen-kaplama-fiyatlari-390x241.jpg\" class=\"attachment-labout_390x241 size-labout_390x241 wp-post-image\" alt=\"Prix des facettes en porcelaine\" \/><\/a><\/figure>\n                                                        <div class=\"lower-content\">\n                                                                <div class=\"post-date\"><h2>06<span>Mai<\/span><\/h2><\/div>\n                                                                <span class=\"category\"><a href=\"https:\/\/omerkutay.com\/fr\/categorie\/dentisterie-esthetique\/\" rel=\"category tag\">Dentisterie esth\u00e9tique<\/a><\/span>                                <span class=\"author\">Auteur : Prof. Dr. \u00d6mer Kutay<\/span>\n                                <h3><a href=\"https:\/\/omerkutay.com\/fr\/prix-des-facettes-en-porcelaine\/\">Prix des facettes en porcelaine<\/a><\/h3>\n                                <p>Proc\u00e9dures pour am\u00e9liorer l\u2019apparence des dents, mat\u00e9riaux pr\u00e9f\u00e9r\u00e9s et\u2026<\/p>\n                            <\/div>\n                        <\/div>\n                    <\/div>\n                <\/div>\n                                <div class=\"col-lg-6 col-md-6 col-sm-12 news-block\">\n                    <div class=\"news-block-one\">\n                        <div class=\"inner-box\">\n                                                        <figure class=\"image-box\"><a href=\"https:\/\/omerkutay.com\/fr\/implant-dentaire-le-jour-meme\/\"><img loading=\"lazy\" decoding=\"async\" width=\"390\" height=\"241\" src=\"https:\/\/omerkutay.com\/wp-content\/uploads\/2025\/02\/ayni-gun-implant-1-390x241.jpg\" class=\"attachment-labout_390x241 size-labout_390x241 wp-post-image\" alt=\"Implants dentaires le jour m\u00eame\" \/><\/a><\/figure>\n                                                        <div class=\"lower-content\">\n                                                                <div class=\"post-date\"><h2>25<span>F\u00e9v<\/span><\/h2><\/div>\n                                                                <span class=\"category\"><a href=\"https:\/\/omerkutay.com\/fr\/categorie\/implant\/\" rel=\"category tag\">Implants<\/a><\/span>                                <span class=\"author\">Auteur : Prof. Dr. \u00d6mer Kutay<\/span>\n                                <h3><a href=\"https:\/\/omerkutay.com\/fr\/implant-dentaire-le-jour-meme\/\">Implant dentaire le jour m\u00eame<\/a><\/h3>\n                                <p>Un traitement par implant dentaire le jour m\u00eame est possible et chaque patient\u2026<\/p>\n                            <\/div>\n                        <\/div>\n                    <\/div>\n                <\/div>\n                                <div class=\"col-lg-6 col-md-6 col-sm-12 news-block\">\n                    <div class=\"news-block-one\">\n                        <div class=\"inner-box\">\n                                                        <figure class=\"image-box\"><a href=\"https:\/\/omerkutay.com\/fr\/ce-que-vous-devez-savoir-sur-les-maladies-des-gencives\/\"><img loading=\"lazy\" decoding=\"async\" width=\"390\" height=\"241\" src=\"https:\/\/omerkutay.com\/wp-content\/uploads\/2025\/02\/dis-eti-hastaliklari-hakkinda-bilinmesi-gerekenler-390x241.jpg\" class=\"attachment-labout_390x241 size-labout_390x241 wp-post-image\" alt=\"Ce que vous devez savoir sur les maladies des gencives\" \/><\/a><\/figure>\n                                                        <div class=\"lower-content\">\n                                                                <div class=\"post-date\"><h2>20<span>F\u00e9v<\/span><\/h2><\/div>\n                                                                <span class=\"category\"><a href=\"https:\/\/omerkutay.com\/fr\/categorie\/maladies-dentaires\/\" rel=\"category tag\">Maladies dentaires<\/a><\/span>                                <span class=\"author\">Auteur : Prof. Dr. \u00d6mer Kutay<\/span>\n                                <h3><a href=\"https:\/\/omerkutay.com\/fr\/ce-que-vous-devez-savoir-sur-les-maladies-des-gencives\/\">Ce que vous devez savoir sur les maladies des gencives<\/a><\/h3>\n                                <p>Les maladies des gencives peuvent affecter votre sant\u00e9 bucco-dentaire ainsi que votre sant\u00e9 g\u00e9n\u00e9rale\u2026<\/p>\n                            <\/div>\n                        <\/div>\n                    <\/div>\n                <\/div>\n                                <div class=\"col-lg-6 col-md-6 col-sm-12 news-block\">\n                    <div class=\"news-block-one\">\n                        <div class=\"inner-box\">\n                                                        <figure class=\"image-box\"><a href=\"https:\/\/omerkutay.com\/fr\/le-blanchiment-des-dents-est-il-permanent\/\"><img loading=\"lazy\" decoding=\"async\" width=\"390\" height=\"241\" src=\"https:\/\/omerkutay.com\/wp-content\/uploads\/2025\/02\/dis-beyazlatma-kalici-mi-390x241.jpg\" class=\"attachment-labout_390x241 size-labout_390x241 wp-post-image\" alt=\"Le blanchiment des dents est-il permanent\u00a0?\" \/><\/a><\/figure>\n                                                        <div class=\"lower-content\">\n                                                                <div class=\"post-date\"><h2>20<span>F\u00e9v<\/span><\/h2><\/div>\n                                                                <span class=\"category\"><a href=\"https:\/\/omerkutay.com\/fr\/categorie\/dentisterie-esthetique\/\" rel=\"category tag\">Dentisterie esth\u00e9tique<\/a><\/span>                                <span class=\"author\">Auteur : Prof. Dr. \u00d6mer Kutay<\/span>\n                                <h3><a href=\"https:\/\/omerkutay.com\/fr\/le-blanchiment-des-dents-est-il-permanent\/\">Le blanchiment des dents est-il permanent\u00a0?<\/a><\/h3>\n                                <p>Le blanchiment des dents est une proc\u00e9dure utilis\u00e9e pour \u00e9liminer la d\u00e9coloration des dents\u2026<\/p>\n                            <\/div>\n                        <\/div>\n                    <\/div>\n                <\/div>\n                                <div class=\"col-lg-6 col-md-6 col-sm-12 news-block\">\n                    <div class=\"news-block-one\">\n                        <div class=\"inner-box\">\n                                                        <figure class=\"image-box\"><a href=\"https:\/\/omerkutay.com\/fr\/quels-sont-les-types-de-protheses-fixees-sur-implants\/\"><img loading=\"lazy\" decoding=\"async\" width=\"390\" height=\"241\" src=\"https:\/\/omerkutay.com\/wp-content\/uploads\/2025\/02\/implantlarin-uzerine-takilan-pro-390x241.jpg\" class=\"attachment-labout_390x241 size-labout_390x241 wp-post-image\" alt=\"Quels sont les types de proth\u00e8ses fix\u00e9es sur implants ?\" \/><\/a><\/figure>\n                                                        <div class=\"lower-content\">\n                                                                <div class=\"post-date\"><h2>20<span>F\u00e9v<\/span><\/h2><\/div>\n                                                                <span class=\"category\"><a href=\"https:\/\/omerkutay.com\/fr\/categorie\/videos-dimplants\/\" rel=\"category tag\">Vid\u00e9os sur les implants<\/a><\/span>                                <span class=\"author\">Auteur : Prof. Dr. \u00d6mer Kutay<\/span>\n                                <h3><a href=\"https:\/\/omerkutay.com\/fr\/quels-sont-les-types-de-protheses-fixees-sur-implants\/\">Quels sont les types de proth\u00e8ses qui peuvent \u00eatre fix\u00e9es sur des implants ?<\/a><\/h3>\n                                <p>Quels types de proth\u00e8ses sont pos\u00e9es sur implants\u00a0? Sur implants\u2026<\/p>\n                            <\/div>\n                        <\/div>\n                    <\/div>\n                <\/div>\n                                <div class=\"col-lg-6 col-md-6 col-sm-12 news-block\">\n                    <div class=\"news-block-one\">\n                        <div class=\"inner-box\">\n                                                        <figure class=\"image-box\"><a href=\"https:\/\/omerkutay.com\/fr\/quest-ce-quune-couronne-sans-metal-en-zircone\/\"><img loading=\"lazy\" decoding=\"async\" width=\"390\" height=\"241\" src=\"https:\/\/omerkutay.com\/wp-content\/uploads\/2025\/02\/zirkon-metal-desteksiz-kuron-ned-390x241.jpg\" class=\"attachment-labout_390x241 size-labout_390x241 wp-post-image\" alt=\"Qu&#039;est-ce qu&#039;une couronne sans m\u00e9tal en zircone ?\" \/><\/a><\/figure>\n                                                        <div class=\"lower-content\">\n                                                                <div class=\"post-date\"><h2>20<span>F\u00e9v<\/span><\/h2><\/div>\n                                                                <span class=\"category\"><a href=\"https:\/\/omerkutay.com\/fr\/categorie\/videos-dimplants\/\" rel=\"category tag\">Vid\u00e9os sur les implants<\/a><\/span>                                <span class=\"author\">Auteur : Prof. Dr. \u00d6mer Kutay<\/span>\n                                <h3><a href=\"https:\/\/omerkutay.com\/fr\/quest-ce-quune-couronne-sans-metal-en-zircone\/\">Qu&#039;est-ce qu&#039;une couronne sans m\u00e9tal en zircone ?<\/a><\/h3>\n                                <p>Qu&#039;est-ce qu&#039;une couronne sans zircone\u00a0? Quelles sont ses caract\u00e9ristiques\u00a0? Le zircon\u2026<\/p>\n                            <\/div>\n                        <\/div>\n                    <\/div>\n                <\/div>\n                            <\/div>\n                        <div class=\"pagination-wrapper pt_30\">\n                <div class=\"pagination clearfix\">\n                    <ul class=\"pagination\">\n\t<li><span aria-current=\"page\" class=\"page-numbers current\">1<\/span><\/li>\n\t<li><a class=\"page-numbers\" href=\"https:\/\/omerkutay.com\/wp-json\/wp\/v2\/pages\/57\/page\/2\/\">2<\/a><\/li>\n\t<li><a class=\"page-numbers\" href=\"https:\/\/omerkutay.com\/wp-json\/wp\/v2\/pages\/57\/page\/3\/\">3<\/a><\/li>\n\t<li><span class=\"page-numbers dots\">\u2026<\/span><\/li>\n\t<li><a class=\"page-numbers\" href=\"https:\/\/omerkutay.com\/wp-json\/wp\/v2\/pages\/57\/page\/27\/\">27<\/a><\/li>\n\t<li><a class=\"next page-numbers\" href=\"https:\/\/omerkutay.com\/wp-json\/wp\/v2\/pages\/57\/page\/2\/\"><i class=\"icon-36\"><\/i><\/a><\/li>\n<\/ul>\n                <\/div>\n            <\/div>\n                    <\/div>\n    <\/section>\n    <!-- sidebar-page-container end -->\n    \n       \t\t\t<\/div>\n\t\t\t\t<\/div>\n\t\t\t\t<\/div>\n\t\t<div class=\"elementor-element elementor-element-e29bca1 e-con-full e-flex e-con e-child\" data-id=\"e29bca1\" data-element_type=\"container\">\n\t\t\t\t<div class=\"elementor-element elementor-element-30c8b5d elementor-widget elementor-widget-labout_sidebar\" data-id=\"30c8b5d\" data-element_type=\"widget\" data-widget_type=\"labout_sidebar.default\">\n\t\t\t\t<div class=\"elementor-widget-container\">\n\t\t\t    \r\n    <!-- sidebar-page-container -->\r\n    <div class=\"sidebar-side\">\r\n        <div class=\"blog-sidebar\">\r\n        \t<div id=\"nav_menu-5\" class=\"widget sidebar-widget mb_50 widget_nav_menu\"><div class=\"widget-title mb_17\"><h3> Traitements<\/h3><\/div><\/div><div id=\"text-3\" class=\"widget sidebar-widget mb_50 widget_text\"><div class=\"widget-title mb_17\"><h3> Obtenez des informations d\u00e9taill\u00e9es<\/h3><\/div>\t\t\t<div class=\"textwidget\"><p class=\"wpcf7-contact-form-not-found\"><strong>Erreur :<\/strong> Formulaire de contact non trouv\u00e9 !<\/p>\n<\/div>\n\t\t<\/div>    \t<\/div>\r\n    <\/div>\r\n\t           \r\n    \t\t<\/div>\n\t\t\t\t<\/div>\n\t\t\t\t<\/div>\n\t\t\t\t\t<\/div>\n\t\t\t\t<\/div>\n\t\t\t\t\t<\/div>\n\t\t\t\t<\/div>\n\t\t\t\t<\/div>","protected":false},"excerpt":{"rendered":"<p>24Eyl Estetik Di\u015f Hekimli\u011fi Prof. Dr. \u00d6mer Kutay \u00dclke TV\u2019de: \u00d6nce Sa\u011fl\u0131k Program\u0131 Prof. Dr. \u00d6mer Kutay Sa\u011fl\u0131k Program\u0131 Prof. Dr.&hellip; 19A\u011fu \u0130mplant En \u0130yi \u0130mplant Nerede Yap\u0131l\u0131r? \u0130mplant tedavisi i\u00e7in en iyi yer, hastan\u0131n ihtiya\u00e7lar\u0131na,&hellip; 06May Estetik Di\u015f Hekimli\u011fi Porselen Kaplama Fiyatlar\u0131 Di\u015f g\u00f6r\u00fcn\u00fcm\u00fcn\u00fc iyile\u015ftirme i\u015flemleri, tercih edilen materyal ve&hellip; 25\u015eub \u0130mplant Ayn\u0131 G\u00fcn [&hellip;]<\/p>","protected":false},"author":1,"featured_media":0,"parent":0,"menu_order":0,"comment_status":"closed","ping_status":"closed","template":"tpl-default-elementor.php","meta":{"footnotes":""},"class_list":["post-57","page","type-page","status-publish","hentry"],"_links":{"self":[{"href":"https:\/\/omerkutay.com\/fr\/wp-json\/wp\/v2\/pages\/57","targetHints":{"allow":["GET"]}}],"collection":[{"href":"https:\/\/omerkutay.com\/fr\/wp-json\/wp\/v2\/pages"}],"about":[{"href":"https:\/\/omerkutay.com\/fr\/wp-json\/wp\/v2\/types\/page"}],"author":[{"embeddable":true,"href":"https:\/\/omerkutay.com\/fr\/wp-json\/wp\/v2\/users\/1"}],"replies":[{"embeddable":true,"href":"https:\/\/omerkutay.com\/fr\/wp-json\/wp\/v2\/comments?post=57"}],"version-history":[{"count":0,"href":"https:\/\/omerkutay.com\/fr\/wp-json\/wp\/v2\/pages\/57\/revisions"}],"wp:attachment":[{"href":"https:\/\/omerkutay.com\/fr\/wp-json\/wp\/v2\/media?parent=57"}],"curies":[{"name":"wp","href":"https:\/\/api.w.org\/{rel}","templated":true}]}}